{"id":312254,"date":"2026-01-09T17:39:08","date_gmt":"2026-01-09T15:39:08","guid":{"rendered":"https:\/\/staging.cloudtalk.io\/cagri-merkezi-araclari\/cagri-kuyrugu-nedir-nasil-calisir-ve-en-iyi-uygulamalar\/"},"modified":"2026-01-09T17:42:37","modified_gmt":"2026-01-09T15:42:37","slug":"cagri-kuyrugu-nedir-nasil-calisir-ve-en-iyi-uygulamalar","status":"publish","type":"page","link":"https:\/\/test-staging.cloudtalk.io\/tr\/cagri-merkezi-araclari\/cagri-kuyrugu-nedir-nasil-calisir-ve-en-iyi-uygulamalar\/","title":{"rendered":"\u00c7a\u011fr\u0131 Kuyru\u011fu: Nedir, Nas\u0131l \u00c7al\u0131\u015f\u0131r ve En \u0130yi Uygulamalar"},"content":{"rendered":"","protected":false},"excerpt":{"rendered":"","protected":false},"author":142,"featured_media":209388,"parent":209755,"menu_order":0,"comment_status":"closed","ping_status":"closed","template":"page-templates\/ct-evo-no-top-padding.php","meta":{"_acf_changed":false,"inline_featured_image":false,"footnotes":""},"ct-post-type":[],"class_list":["post-312254","page","type-page","status-publish","has-post-thumbnail","hentry"],"acf":[],"_links":{"self":[{"href":"https:\/\/test-staging.cloudtalk.io\/tr\/wp-json\/wp\/v2\/pages\/312254","targetHints":{"allow":["GET"]}}],"collection":[{"href":"https:\/\/test-staging.cloudtalk.io\/tr\/wp-json\/wp\/v2\/pages"}],"about":[{"href":"https:\/\/test-staging.cloudtalk.io\/tr\/wp-json\/wp\/v2\/types\/page"}],"author":[{"embeddable":true,"href":"https:\/\/test-staging.cloudtalk.io\/tr\/wp-json\/wp\/v2\/users\/142"}],"replies":[{"embeddable":true,"href":"https:\/\/test-staging.cloudtalk.io\/tr\/wp-json\/wp\/v2\/comments?post=312254"}],"version-history":[{"count":0,"href":"https:\/\/test-staging.cloudtalk.io\/tr\/wp-json\/wp\/v2\/pages\/312254\/revisions"}],"up":[{"embeddable":true,"href":"https:\/\/test-staging.cloudtalk.io\/tr\/wp-json\/wp\/v2\/pages\/209755"}],"wp:featuredmedia":[{"embeddable":true,"href":"https:\/\/test-staging.cloudtalk.io\/tr\/wp-json\/wp\/v2\/media\/209388"}],"wp:attachment":[{"href":"https:\/\/test-staging.cloudtalk.io\/tr\/wp-json\/wp\/v2\/media?parent=312254"}],"wp:term":[{"taxonomy":"ct-post-type","embeddable":true,"href":"https:\/\/test-staging.cloudtalk.io\/tr\/wp-json\/wp\/v2\/ct-post-type?post=312254"}],"curies":[{"name":"wp","href":"https:\/\/api.w.org\/{rel}","templated":true}]}}