{"id":298357,"date":"2025-06-11T11:15:36","date_gmt":"2025-06-11T09:15:36","guid":{"rendered":"https:\/\/staging.cloudtalk.io\/isletme-buyumesi-icin-en-iyi-shopify-entegrasyonu\/"},"modified":"2025-06-11T11:15:36","modified_gmt":"2025-06-11T09:15:36","slug":"isletme-buyumesi-icin-en-iyi-shopify-entegrasyonu","status":"publish","type":"page","link":"https:\/\/test-staging.cloudtalk.io\/tr\/shopify\/","title":{"rendered":"\u0130\u015fletme B\u00fcy\u00fcmesi i\u00e7in En \u0130yi Shopify Entegrasyonu"},"content":{"rendered":"","protected":false},"excerpt":{"rendered":"","protected":false},"author":131,"featured_media":0,"parent":0,"menu_order":0,"comment_status":"closed","ping_status":"closed","template":"page-templates\/ct-evo-integration-new.php","meta":{"_acf_changed":false,"inline_featured_image":false,"footnotes":""},"ct-post-type":[],"class_list":["post-298357","page","type-page","status-publish","hentry"],"acf":[],"_links":{"self":[{"href":"https:\/\/test-staging.cloudtalk.io\/tr\/wp-json\/wp\/v2\/pages\/298357","targetHints":{"allow":["GET"]}}],"collection":[{"href":"https:\/\/test-staging.cloudtalk.io\/tr\/wp-json\/wp\/v2\/pages"}],"about":[{"href":"https:\/\/test-staging.cloudtalk.io\/tr\/wp-json\/wp\/v2\/types\/page"}],"author":[{"embeddable":true,"href":"https:\/\/test-staging.cloudtalk.io\/tr\/wp-json\/wp\/v2\/users\/131"}],"replies":[{"embeddable":true,"href":"https:\/\/test-staging.cloudtalk.io\/tr\/wp-json\/wp\/v2\/comments?post=298357"}],"version-history":[{"count":0,"href":"https:\/\/test-staging.cloudtalk.io\/tr\/wp-json\/wp\/v2\/pages\/298357\/revisions"}],"wp:attachment":[{"href":"https:\/\/test-staging.cloudtalk.io\/tr\/wp-json\/wp\/v2\/media?parent=298357"}],"wp:term":[{"taxonomy":"ct-post-type","embeddable":true,"href":"https:\/\/test-staging.cloudtalk.io\/tr\/wp-json\/wp\/v2\/ct-post-type?post=298357"}],"curies":[{"name":"wp","href":"https:\/\/api.w.org\/{rel}","templated":true}]}}