{"id":229415,"date":"2024-07-22T13:45:39","date_gmt":"2024-07-22T11:45:39","guid":{"rendered":"https:\/\/staging.cloudtalk.io\/ozel-plan\/"},"modified":"2025-04-29T16:19:18","modified_gmt":"2025-04-29T14:19:18","slug":"ozel-plan","status":"publish","type":"page","link":"https:\/\/test-staging.cloudtalk.io\/tr\/ozel-plan\/","title":{"rendered":"\u00d6zel Plan"},"content":{"rendered":"\n<div class=\"wp-block-group demo-dark\"><div class=\"wp-block-group__inner-container is-layout-constrained wp-block-group-is-layout-constrained\">\n<div class=\"wp-block-group container-fluid\"><div class=\"wp-block-group__inner-container is-layout-constrained wp-block-group-is-layout-constrained\">\n<figure class=\"wp-block-image size-full demo-dark-logo\"><img loading=\"lazy\" decoding=\"async\" width=\"1043\" height=\"124\" src=\"https:\/\/test-staging.cloudtalk.io\/wp-content\/uploads\/2023\/04\/cloudtalk-logo-blue.svg\" alt=\"\" class=\"wp-image-165066\"\/><\/figure>\n\n\n\n<div class=\"wp-block-columns demo-dark-cols is-layout-flex wp-container-core-columns-is-layout-9d6595d7 wp-block-columns-is-layout-flex\">\n<div class=\"wp-block-column demo-dark-left is-layout-flow wp-block-column-is-layout-flow\">\n<p class=\"caption\">\u00d6ZEL PLAN<\/p>\n\n\n\n<h1 class=\"wp-block-heading\">\u00d6zel bir plan talep edin<\/h1>\n\n\n\n<p>\u0130\u015fletmeniz i\u00e7in \u00f6zel olarak haz\u0131rlanm\u0131\u015f bir plan hakk\u0131nda fiyat teklifi almak i\u00e7in bizimle ileti\u015fime ge\u00e7in. \u00d6zel plan\u0131n\u0131z t\u00fcm Uzman plan \u00f6zelliklerine ek olarak \u015funlar\u0131 i\u00e7erir: <\/p>\n\n\n\n<ul class=\"wp-block-list demo-dark-list tick-default-primary\">\n<li>\u00d6zel i\u015fe al\u0131m<\/li>\n\n\n\n<li>S\u0131n\u0131rs\u0131z giden aramalar (Sabit \u00fccretler)<\/li>\n\n\n\n<li>Kurumsal d\u00fczeyde g\u00fcvenlik<\/li>\n\n\n\n<li>Geli\u015ftirici deste\u011fi<\/li>\n\n\n\n<li>\u00d6zel raporlama<\/li>\n\n\n\n<li>SLA<\/li>\n<\/ul>\n<\/div>\n\n\n\n<div class=\"wp-block-column demo-dark-right is-layout-flow wp-block-column-is-layout-flow\">\n<div class=\"wp-block-group demo-form\"><div class=\"wp-block-group__inner-container is-layout-constrained wp-block-group-is-layout-constrained\">\n<script charset=\"utf-8\" type=\"text\/javascript\" src=\"\/\/js.hsforms.net\/forms\/v2.js\">\n<\/script>\n\n<script data-hubspot-rendered=\"true\">\n              hbspt.forms.create({\n                region: \"na1\",\n                portalId: \"6195055\",\n                formId: \"a8275494-52a1-4688-b677-68546835a26e\",\n                onFormSubmit: function(form) {\n                  window.dataLayer = window.dataLayer || [];\n                  window.dataLayer.push({\n                    'event': 'customplanFormSubmitted', 'email': form.find(\"[name=email]\").val()\n                  });\n                  window.uetq = window.uetq || [];\n                  window.uetq.push('event', 'demo', {});\n                }\n              });\n<\/script>\n\n\n\n<div class=\"wp-block-columns is-layout-flex wp-container-core-columns-is-layout-9d6595d7 wp-block-columns-is-layout-flex\">\n<div class=\"wp-block-column is-layout-flow wp-block-column-is-layout-flow\">\n<p>CloudTalk kullanan \u015firketler<\/p>\n<\/div>\n\n\n\n<div class=\"wp-block-column is-layout-flow wp-block-column-is-layout-flow\">\n<div class=\"wp-block-group ds2-slider basic-carousel four-item\"><div class=\"wp-block-group__inner-container is-layout-constrained wp-block-group-is-layout-constrained\">\n<div class=\"wp-block-group container-extended\"><div class=\"wp-block-group__inner-container is-layout-constrained wp-block-group-is-layout-constrained\">\n<div class=\"wp-block-group stage\"><div class=\"wp-block-group__inner-container is-layout-constrained wp-block-group-is-layout-constrained\">\n<div class=\"wp-block-group slide\"><div class=\"wp-block-group__inner-container is-layout-constrained wp-block-group-is-layout-constrained\">\n<figure class=\"wp-block-image size-full\"><img loading=\"lazy\" decoding=\"async\" width=\"98\" height=\"40\" src=\"https:\/\/test-staging.cloudtalk.io\/wp-content\/uploads\/2024\/07\/Revolut.svg\" alt=\"\" class=\"wp-image-229165\"\/><\/figure>\n<\/div><\/div>\n\n\n\n<div class=\"wp-block-group slide\"><div class=\"wp-block-group__inner-container is-layout-constrained wp-block-group-is-layout-constrained\">\n<figure class=\"wp-block-image size-full\"><img loading=\"lazy\" decoding=\"async\" width=\"110\" height=\"40\" src=\"https:\/\/test-staging.cloudtalk.io\/wp-content\/uploads\/2024\/08\/DHL.svg\" alt=\"\" class=\"wp-image-232759\"\/><\/figure>\n<\/div><\/div>\n\n\n\n<div class=\"wp-block-group slide\"><div class=\"wp-block-group__inner-container is-layout-constrained wp-block-group-is-layout-constrained\">\n<figure class=\"wp-block-image size-full\"><img loading=\"lazy\" decoding=\"async\" width=\"92\" height=\"40\" src=\"https:\/\/test-staging.cloudtalk.io\/wp-content\/uploads\/2024\/07\/Rakuten.svg\" alt=\"\" class=\"wp-image-229146\"\/><\/figure>\n<\/div><\/div>\n\n\n\n<div class=\"wp-block-group slide\"><div class=\"wp-block-group__inner-container is-layout-constrained wp-block-group-is-layout-constrained\">\n<figure class=\"wp-block-image size-full\"><img loading=\"lazy\" decoding=\"async\" width=\"92\" height=\"40\" src=\"https:\/\/test-staging.cloudtalk.io\/wp-content\/uploads\/2025\/01\/Glovo.svg\" alt=\"\" class=\"wp-image-288304\"\/><\/figure>\n<\/div><\/div>\n\n\n\n<div class=\"wp-block-group slide\"><div class=\"wp-block-group__inner-container is-layout-constrained wp-block-group-is-layout-constrained\">\n<figure class=\"wp-block-image size-full\"><img loading=\"lazy\" decoding=\"async\" width=\"86\" height=\"40\" src=\"https:\/\/test-staging.cloudtalk.io\/wp-content\/uploads\/2024\/07\/Pipedrive.svg\" alt=\"\" class=\"wp-image-229089\"\/><\/figure>\n<\/div><\/div>\n\n\n\n<div class=\"wp-block-group slide\"><div class=\"wp-block-group__inner-container is-layout-constrained wp-block-group-is-layout-constrained\">\n<figure class=\"wp-block-image size-full\"><img loading=\"lazy\" decoding=\"async\" width=\"92\" height=\"40\" src=\"https:\/\/test-staging.cloudtalk.io\/wp-content\/uploads\/2024\/12\/Uber-logo.svg\" alt=\"\" class=\"wp-image-283333\"\/><\/figure>\n<\/div><\/div>\n\n\n\n<div class=\"wp-block-group slide\"><div class=\"wp-block-group__inner-container is-layout-constrained wp-block-group-is-layout-constrained\">\n<figure class=\"wp-block-image size-full\"><img loading=\"lazy\" decoding=\"async\" width=\"320\" height=\"160\" src=\"https:\/\/test-staging.cloudtalk.io\/wp-content\/uploads\/2022\/11\/deel_logo_320x160.png\" alt=\"\" class=\"wp-image-157909\" srcset=\"https:\/\/test-staging.cloudtalk.io\/wp-content\/uploads\/2022\/11\/deel_logo_320x160.png 320w, https:\/\/test-staging.cloudtalk.io\/wp-content\/uploads\/2022\/11\/deel_logo_320x160-300x150.png 300w, https:\/\/test-staging.cloudtalk.io\/wp-content\/uploads\/2022\/11\/deel_logo_320x160-200x100.png 200w, https:\/\/test-staging.cloudtalk.io\/wp-content\/uploads\/2022\/11\/deel_logo_320x160-160x80.png 160w, https:\/\/test-staging.cloudtalk.io\/wp-content\/uploads\/2022\/11\/deel_logo_320x160-270x135.png 270w, https:\/\/test-staging.cloudtalk.io\/wp-content\/uploads\/2022\/11\/deel_logo_320x160-64x32.png 64w\" sizes=\"auto, (max-width: 320px) 100vw, 320px\" \/><\/figure>\n<\/div><\/div>\n\n\n\n<div class=\"wp-block-group slide\"><div class=\"wp-block-group__inner-container is-layout-constrained wp-block-group-is-layout-constrained\">\n<figure class=\"wp-block-image size-full\"><img loading=\"lazy\" decoding=\"async\" width=\"103\" height=\"40\" src=\"https:\/\/test-staging.cloudtalk.io\/wp-content\/uploads\/2024\/07\/Hostinger.svg\" alt=\"\" class=\"wp-image-228994\"\/><\/figure>\n<\/div><\/div>\n\n\n\n<div class=\"wp-block-group slide\"><div class=\"wp-block-group__inner-container is-layout-constrained wp-block-group-is-layout-constrained\">\n<figure class=\"wp-block-image size-full\"><img loading=\"lazy\" decoding=\"async\" width=\"160\" height=\"80\" src=\"https:\/\/test-staging.cloudtalk.io\/wp-content\/uploads\/2024\/07\/Mercedes.png\" alt=\"\" class=\"wp-image-229013\" srcset=\"https:\/\/test-staging.cloudtalk.io\/wp-content\/uploads\/2024\/07\/Mercedes.png 160w, https:\/\/test-staging.cloudtalk.io\/wp-content\/uploads\/2024\/07\/Mercedes-88x44.png 88w\" sizes=\"auto, (max-width: 160px) 100vw, 160px\" \/><\/figure>\n<\/div><\/div>\n\n\n\n<div class=\"wp-block-group slide\"><div class=\"wp-block-group__inner-container is-layout-constrained wp-block-group-is-layout-constrained\">\n<figure class=\"wp-block-image size-full\"><img loading=\"lazy\" decoding=\"async\" width=\"117\" height=\"40\" src=\"https:\/\/test-staging.cloudtalk.io\/wp-content\/uploads\/2024\/07\/CoachHub.svg\" alt=\"\" class=\"wp-image-228804\"\/><\/figure>\n<\/div><\/div>\n\n\n\n<div class=\"wp-block-group slide\"><div class=\"wp-block-group__inner-container is-layout-constrained wp-block-group-is-layout-constrained\">\n<figure class=\"wp-block-image size-full\"><img loading=\"lazy\" decoding=\"async\" width=\"180\" height=\"80\" src=\"https:\/\/test-staging.cloudtalk.io\/wp-content\/uploads\/2024\/07\/Tech.png\" alt=\"\" class=\"wp-image-229184\" srcset=\"https:\/\/test-staging.cloudtalk.io\/wp-content\/uploads\/2024\/07\/Tech.png 180w, https:\/\/test-staging.cloudtalk.io\/wp-content\/uploads\/2024\/07\/Tech-88x39.png 88w\" sizes=\"auto, (max-width: 180px) 100vw, 180px\" \/><\/figure>\n<\/div><\/div>\n\n\n\n<div class=\"wp-block-group slide\"><div class=\"wp-block-group__inner-container is-layout-constrained wp-block-group-is-layout-constrained\">\n<figure class=\"wp-block-image size-full\"><img loading=\"lazy\" decoding=\"async\" width=\"234\" height=\"80\" src=\"https:\/\/test-staging.cloudtalk.io\/wp-content\/uploads\/2024\/12\/logo-greenpeace.png\" alt=\"\" class=\"wp-image-281247\" srcset=\"https:\/\/test-staging.cloudtalk.io\/wp-content\/uploads\/2024\/12\/logo-greenpeace.png 234w, https:\/\/test-staging.cloudtalk.io\/wp-content\/uploads\/2024\/12\/logo-greenpeace-200x68.png 200w, https:\/\/test-staging.cloudtalk.io\/wp-content\/uploads\/2024\/12\/logo-greenpeace-88x30.png 88w\" sizes=\"auto, (max-width: 234px) 100vw, 234px\" \/><\/figure>\n<\/div><\/div>\n\n\n\n<div class=\"wp-block-group slide\"><div class=\"wp-block-group__inner-container is-layout-constrained wp-block-group-is-layout-constrained\">\n<figure class=\"wp-block-image size-full\"><img loading=\"lazy\" decoding=\"async\" width=\"150\" height=\"80\" src=\"https:\/\/test-staging.cloudtalk.io\/wp-content\/uploads\/2024\/07\/Fujitsu.png\" alt=\"\" class=\"wp-image-228918\" srcset=\"https:\/\/test-staging.cloudtalk.io\/wp-content\/uploads\/2024\/07\/Fujitsu.png 150w, https:\/\/test-staging.cloudtalk.io\/wp-content\/uploads\/2024\/07\/Fujitsu-88x47.png 88w\" sizes=\"auto, (max-width: 150px) 100vw, 150px\" \/><\/figure>\n<\/div><\/div>\n<\/div><\/div>\n<\/div><\/div>\n<\/div><\/div>\n<\/div>\n<\/div>\n<\/div><\/div>\n<\/div>\n<\/div>\n<\/div><\/div>\n<\/div><\/div>\n","protected":false},"excerpt":{"rendered":"<p>\u00d6ZEL PLAN \u00d6zel bir plan talep edin \u0130\u015fletmeniz i\u00e7in \u00f6zel olarak haz\u0131rlanm\u0131\u015f bir plan hakk\u0131nda fiyat teklifi almak i\u00e7in bizimle ileti\u015fime ge\u00e7in. \u00d6zel plan\u0131n\u0131z t\u00fcm Uzman plan \u00f6zelliklerine ek olarak \u015funlar\u0131 i\u00e7erir: CloudTalk kullanan \u015firketler<\/p>\n","protected":false},"author":39,"featured_media":0,"parent":0,"menu_order":0,"comment_status":"closed","ping_status":"closed","template":"page-templates\/ct-evo-demo.php","meta":{"_acf_changed":false,"inline_featured_image":false,"footnotes":""},"ct-post-type":[],"class_list":["post-229415","page","type-page","status-publish","hentry"],"acf":[],"_links":{"self":[{"href":"https:\/\/test-staging.cloudtalk.io\/tr\/wp-json\/wp\/v2\/pages\/229415","targetHints":{"allow":["GET"]}}],"collection":[{"href":"https:\/\/test-staging.cloudtalk.io\/tr\/wp-json\/wp\/v2\/pages"}],"about":[{"href":"https:\/\/test-staging.cloudtalk.io\/tr\/wp-json\/wp\/v2\/types\/page"}],"author":[{"embeddable":true,"href":"https:\/\/test-staging.cloudtalk.io\/tr\/wp-json\/wp\/v2\/users\/39"}],"replies":[{"embeddable":true,"href":"https:\/\/test-staging.cloudtalk.io\/tr\/wp-json\/wp\/v2\/comments?post=229415"}],"version-history":[{"count":0,"href":"https:\/\/test-staging.cloudtalk.io\/tr\/wp-json\/wp\/v2\/pages\/229415\/revisions"}],"wp:attachment":[{"href":"https:\/\/test-staging.cloudtalk.io\/tr\/wp-json\/wp\/v2\/media?parent=229415"}],"wp:term":[{"taxonomy":"ct-post-type","embeddable":true,"href":"https:\/\/test-staging.cloudtalk.io\/tr\/wp-json\/wp\/v2\/ct-post-type?post=229415"}],"curies":[{"name":"wp","href":"https:\/\/api.w.org\/{rel}","templated":true}]}}