{"id":298360,"date":"2025-06-11T11:16:03","date_gmt":"2025-06-11T09:16:03","guid":{"rendered":"https:\/\/staging.cloudtalk.io\/det-basta-shopify-integration-for-foretagstillvaxt\/"},"modified":"2025-06-11T11:17:12","modified_gmt":"2025-06-11T09:17:12","slug":"det-basta-shopify-integration-for-foretagstillvaxt","status":"publish","type":"page","link":"https:\/\/test-staging.cloudtalk.io\/sv\/shopify\/","title":{"rendered":"Det b\u00e4sta Shopify Integration f\u00f6r f\u00f6retagstillv\u00e4xt"},"content":{"rendered":"","protected":false},"excerpt":{"rendered":"","protected":false},"author":131,"featured_media":0,"parent":0,"menu_order":0,"comment_status":"closed","ping_status":"closed","template":"page-templates\/ct-evo-integration-new.php","meta":{"_acf_changed":false,"inline_featured_image":false,"footnotes":""},"ct-post-type":[],"class_list":["post-298360","page","type-page","status-publish","hentry"],"acf":[],"_links":{"self":[{"href":"https:\/\/test-staging.cloudtalk.io\/sv\/wp-json\/wp\/v2\/pages\/298360","targetHints":{"allow":["GET"]}}],"collection":[{"href":"https:\/\/test-staging.cloudtalk.io\/sv\/wp-json\/wp\/v2\/pages"}],"about":[{"href":"https:\/\/test-staging.cloudtalk.io\/sv\/wp-json\/wp\/v2\/types\/page"}],"author":[{"embeddable":true,"href":"https:\/\/test-staging.cloudtalk.io\/sv\/wp-json\/wp\/v2\/users\/131"}],"replies":[{"embeddable":true,"href":"https:\/\/test-staging.cloudtalk.io\/sv\/wp-json\/wp\/v2\/comments?post=298360"}],"version-history":[{"count":0,"href":"https:\/\/test-staging.cloudtalk.io\/sv\/wp-json\/wp\/v2\/pages\/298360\/revisions"}],"wp:attachment":[{"href":"https:\/\/test-staging.cloudtalk.io\/sv\/wp-json\/wp\/v2\/media?parent=298360"}],"wp:term":[{"taxonomy":"ct-post-type","embeddable":true,"href":"https:\/\/test-staging.cloudtalk.io\/sv\/wp-json\/wp\/v2\/ct-post-type?post=298360"}],"curies":[{"name":"wp","href":"https:\/\/api.w.org\/{rel}","templated":true}]}}