{"id":131699,"date":"2021-12-14T17:26:54","date_gmt":"2021-12-14T15:26:54","guid":{"rendered":"https:\/\/staging.cloudtalk.io\/appar-for-kontaktcenter\/nedladdning-av-kontaktcenter\/"},"modified":"2024-08-07T09:24:08","modified_gmt":"2024-08-07T07:24:08","slug":"download-app","status":"publish","type":"page","link":"https:\/\/test-staging.cloudtalk.io\/sv\/nedladdning-av-kontaktcenter\/","title":{"rendered":"Nedladdning av Kontaktcenter"},"content":{"rendered":"\n<div class=\"wp-block-group apps-top-section-group\"><div class=\"wp-block-group__inner-container is-layout-constrained wp-block-group-is-layout-constrained\">\n<div class=\"wp-block-group container-fluid\"><div class=\"wp-block-group__inner-container is-layout-constrained wp-block-group-is-layout-constrained\">\n<div class=\"wp-block-columns is-layout-flex wp-container-core-columns-is-layout-9d6595d7 wp-block-columns-is-layout-flex\">\n<div class=\"wp-block-column is-vertically-aligned-center is-layout-flow wp-block-column-is-layout-flow\">\n<p class=\"caption\">Ladda ner APP idag<\/p>\n\n\n\n<h1 class=\"wp-block-heading\">Appar f\u00f6r kontaktcenter<\/h1>\n\n\n\n<p>V\u00e4lj hur du vill anv\u00e4nda CloudTalk kontaktcenter.\nCloudTalk tillhandah\u00e5ller alla appar ni kan t\u00e4nkas beh\u00f6va, s\u00e5 att ni\/er kan v\u00e4lja vad som fungerar b\u00e4st f\u00f6r er verksamhet. <\/p>\n<\/div>\n\n\n\n<div class=\"wp-block-column is-layout-flow wp-block-column-is-layout-flow\">\n<div class=\"wp-block-group apps-group\"><div class=\"wp-block-group__inner-container is-layout-constrained wp-block-group-is-layout-constrained\">\n<p>V\u00e4lj app<\/p>\n\n\n\n<div class=\"wp-block-ct-evo-hyperlink-group\"><a class=\"wp-block-hyperlink\"      href=\"#cloudtalk-desktop-phone\">\n<div class=\"wp-block-columns is-layout-flex wp-container-core-columns-is-layout-9d6595d7 wp-block-columns-is-layout-flex\">\n<div class=\"wp-block-column is-layout-flow wp-block-column-is-layout-flow\">\n<figure class=\"wp-block-image size-large\"><img loading=\"lazy\" decoding=\"async\" width=\"40\" height=\"40\" src=\"https:\/\/test-staging.cloudtalk.io\/wp-content\/uploads\/2024\/03\/icon-desktop-phone-dp-letters.svg\" alt=\"\" class=\"wp-image-204834\"\/><\/figure>\n<\/div>\n\n\n\n<div class=\"wp-block-column is-layout-flow wp-block-column-is-layout-flow\">\n<p>CloudTalk<br\/>Skrivbordstelefon<\/p>\n<\/div>\n<\/div>\n<\/a><\/div>\n\n\n\n<div class=\"wp-block-ct-evo-hyperlink-group\"><a class=\"wp-block-hyperlink\"      href=\"#cloudtalk-dashboard\">\n<div class=\"wp-block-columns is-layout-flex wp-container-core-columns-is-layout-9d6595d7 wp-block-columns-is-layout-flex\">\n<div class=\"wp-block-column is-layout-flow wp-block-column-is-layout-flow\">\n<figure class=\"wp-block-image size-large\"><img loading=\"lazy\" decoding=\"async\" width=\"40\" height=\"40\" src=\"https:\/\/test-staging.cloudtalk.io\/wp-content\/uploads\/2024\/03\/icon-dashboard-db-letters.svg\" alt=\"\" class=\"wp-image-204847\"\/><\/figure>\n<\/div>\n\n\n\n<div class=\"wp-block-column is-layout-flow wp-block-column-is-layout-flow\">\n<p>CloudTalk<br\/>Kontrollpanel<\/p>\n<\/div>\n<\/div>\n<\/a><\/div>\n\n\n\n<div class=\"wp-block-ct-evo-hyperlink-group\"><a class=\"wp-block-hyperlink\"      href=\"#cloudtalk-mobile-app\">\n<div class=\"wp-block-columns is-layout-flex wp-container-core-columns-is-layout-9d6595d7 wp-block-columns-is-layout-flex\">\n<div class=\"wp-block-column is-layout-flow wp-block-column-is-layout-flow\">\n<figure class=\"wp-block-image size-large\"><img loading=\"lazy\" decoding=\"async\" width=\"40\" height=\"40\" src=\"https:\/\/test-staging.cloudtalk.io\/wp-content\/uploads\/2024\/03\/icon-mobile-app-ma-letters.svg\" alt=\"\" class=\"wp-image-204860\"\/><\/figure>\n<\/div>\n\n\n\n<div class=\"wp-block-column is-layout-flow wp-block-column-is-layout-flow\">\n<p>CloudTalk<br\/>Mobilapp<\/p>\n<\/div>\n<\/div>\n<\/a><\/div>\n<\/div><\/div>\n<\/div>\n<\/div>\n<\/div><\/div>\n<\/div><\/div>\n\n<div class=\"wp-block-group container-fluid apps-image-text\"><div class=\"wp-block-group__inner-container is-layout-constrained wp-block-group-is-layout-constrained\">\n<div class=\"wp-block-columns apps-image-text-single is-layout-flex wp-container-core-columns-is-layout-9d6595d7 wp-block-columns-is-layout-flex\" id=\"cloudtalk-desktop-phone\">\n<div class=\"wp-block-column is-layout-flow wp-block-column-is-layout-flow\">\n<figure class=\"wp-block-image size-large\"><img loading=\"lazy\" decoding=\"async\" width=\"1024\" height=\"671\" src=\"https:\/\/test-staging.cloudtalk.io\/wp-content\/uploads\/2024\/03\/illustration-cloudtalk-pohne-desktop-man-work-1024x671.png\" alt=\"\" class=\"wp-image-204912\" srcset=\"https:\/\/test-staging.cloudtalk.io\/wp-content\/uploads\/2024\/03\/illustration-cloudtalk-pohne-desktop-man-work-1024x671.png 1024w, https:\/\/test-staging.cloudtalk.io\/wp-content\/uploads\/2024\/03\/illustration-cloudtalk-pohne-desktop-man-work-300x197.png 300w, https:\/\/test-staging.cloudtalk.io\/wp-content\/uploads\/2024\/03\/illustration-cloudtalk-pohne-desktop-man-work-768x503.png 768w, https:\/\/test-staging.cloudtalk.io\/wp-content\/uploads\/2024\/03\/illustration-cloudtalk-pohne-desktop-man-work-1132x742.png 1132w, https:\/\/test-staging.cloudtalk.io\/wp-content\/uploads\/2024\/03\/illustration-cloudtalk-pohne-desktop-man-work-653x428.png 653w, https:\/\/test-staging.cloudtalk.io\/wp-content\/uploads\/2024\/03\/illustration-cloudtalk-pohne-desktop-man-work-424x278.png 424w, https:\/\/test-staging.cloudtalk.io\/wp-content\/uploads\/2024\/03\/illustration-cloudtalk-pohne-desktop-man-work-172x113.png 172w, https:\/\/test-staging.cloudtalk.io\/wp-content\/uploads\/2024\/03\/illustration-cloudtalk-pohne-desktop-man-work-88x58.png 88w, https:\/\/test-staging.cloudtalk.io\/wp-content\/uploads\/2024\/03\/illustration-cloudtalk-pohne-desktop-man-work.png 1294w\" sizes=\"auto, (max-width: 1024px) 100vw, 1024px\" \/><\/figure>\n<\/div>\n\n\n\n<div class=\"wp-block-column is-layout-flow wp-block-column-is-layout-flow\">\n<h2 class=\"wp-block-heading get-cloudtalk-phone-app\">Skaffa CloudTalk Phone<br\/>app till din <strong>Windows<\/strong><\/h2>\n\n\n\n<p>Ring och ta emot samtal med hj\u00e4lp av v\u00e5r fantastiska skrivbordsapp.\nCloudTalk apps f\u00f6renklar hur ni\/er interagerar med era kunder s\u00e5 att ni kan fokusera p\u00e5 er verksamhet.\nG\u00f6r ditt kontaktcenter mer effektivt och produktivt.  <\/p>\n\n\n\n<p>Ladda ner den kostnadsfria CloudTalk-appen och f\u00f6renkla din kontaktcenter-upplevelse.<\/p>\n\n\n\n<div class=\"wp-block-group download-phone-app\"><div class=\"wp-block-group__inner-container is-layout-constrained wp-block-group-is-layout-constrained\">\n<div class=\"wp-block-buttons is-layout-flex wp-block-buttons-is-layout-flex\">\n<div class=\"wp-block-button download-app-button btn-regular\"><a class=\"wp-block-button__link has-white-color has-orange-background-color has-text-color has-background wp-element-button\"      href=\"https:\/\/test-staging.cloudtalk.io\/download\/win\/\" style=\"border-radius:3px\">Ladda ner<\/a><\/div>\n<\/div>\n\n\n\n<p class=\"has-text-align-left tip\">Letar du efter <a      href=\"https:\/\/test-staging.cloudtalk.io\/download\/win\/\"><strong>f\u00f6nster<\/strong><\/a>, <a      href=\"https:\/\/test-staging.cloudtalk.io\/download\/mac\/\"><strong>Mac<\/strong><\/a>, <a      href=\"https:\/\/test-staging.cloudtalk.io\/download\/linux\/\"><strong>Linux<\/strong><\/a> eller <a href=\"https:\/\/phone.cloudtalk.io\/\" target=\"_blank\" rel=\"noreferrer noopener\"><strong>webb<\/strong><\/a> appar?<\/p>\n<\/div><\/div>\n<\/div>\n<\/div>\n\n\n\n<div class=\"wp-block-columns apps-image-text-single is-layout-flex wp-container-core-columns-is-layout-9d6595d7 wp-block-columns-is-layout-flex\" id=\"cloudtalk-dashboard\">\n<div class=\"wp-block-column is-layout-flow wp-block-column-is-layout-flow\">\n<h2 class=\"wp-block-heading\">CloudTalk Instrumentpanel<\/h2>\n\n\n\n<p>Konfigurera ditt kontaktcenter s\u00f6ml\u00f6st fr\u00e5n webbl\u00e4saren p\u00e5 bara 5 minuter.\nIntegrera det enkelt med verktyg ni\/er redan anv\u00e4nder.\nHantera alla nummer, agenter, samtalsdirigeringar och andra intelligenta funktioner p\u00e5 ett och samma st\u00e4lle.\nLeverera exceptionell kundtj\u00e4nst till dina kunder.   <\/p>\n\n\n\n<div class=\"wp-block-buttons is-layout-flex wp-block-buttons-is-layout-flex\">\n<div class=\"wp-block-button btn-regular\"><a class=\"wp-block-button__link wp-element-button\" href=\"https:\/\/test-staging.cloudtalk.io\/sv\/cloudtalk-14-dagars-gratis-provperiod\/\">Testa gratis<\/a><\/div>\n\n\n\n<div class=\"wp-block-button is-style-ghost btn-regular\"><a class=\"wp-block-button__link wp-element-button\" href=\"https:\/\/test-staging.cloudtalk.io\/sv\/kontaktcenter-verktyg\/\">Mer om funktioner<\/a><\/div>\n<\/div>\n<\/div>\n\n\n\n<div class=\"wp-block-column is-layout-flow wp-block-column-is-layout-flow\">\n<figure class=\"wp-block-image size-large\"><img loading=\"lazy\" decoding=\"async\" width=\"1024\" height=\"671\" src=\"https:\/\/test-staging.cloudtalk.io\/wp-content\/uploads\/2024\/03\/illustartion-cloudtalk-dashboard-woman-work-1024x671.png\" alt=\"\" class=\"wp-image-204925\" srcset=\"https:\/\/test-staging.cloudtalk.io\/wp-content\/uploads\/2024\/03\/illustartion-cloudtalk-dashboard-woman-work-1024x671.png 1024w, https:\/\/test-staging.cloudtalk.io\/wp-content\/uploads\/2024\/03\/illustartion-cloudtalk-dashboard-woman-work-300x197.png 300w, https:\/\/test-staging.cloudtalk.io\/wp-content\/uploads\/2024\/03\/illustartion-cloudtalk-dashboard-woman-work-768x503.png 768w, https:\/\/test-staging.cloudtalk.io\/wp-content\/uploads\/2024\/03\/illustartion-cloudtalk-dashboard-woman-work-1132x742.png 1132w, https:\/\/test-staging.cloudtalk.io\/wp-content\/uploads\/2024\/03\/illustartion-cloudtalk-dashboard-woman-work-653x428.png 653w, https:\/\/test-staging.cloudtalk.io\/wp-content\/uploads\/2024\/03\/illustartion-cloudtalk-dashboard-woman-work-424x278.png 424w, https:\/\/test-staging.cloudtalk.io\/wp-content\/uploads\/2024\/03\/illustartion-cloudtalk-dashboard-woman-work-172x113.png 172w, https:\/\/test-staging.cloudtalk.io\/wp-content\/uploads\/2024\/03\/illustartion-cloudtalk-dashboard-woman-work-88x58.png 88w, https:\/\/test-staging.cloudtalk.io\/wp-content\/uploads\/2024\/03\/illustartion-cloudtalk-dashboard-woman-work.png 1294w\" sizes=\"auto, (max-width: 1024px) 100vw, 1024px\" \/><\/figure>\n<\/div>\n<\/div>\n\n\n\n<div class=\"wp-block-columns apps-image-text-single is-layout-flex wp-container-core-columns-is-layout-9d6595d7 wp-block-columns-is-layout-flex\" id=\"cloudtalk-mobile-app\">\n<div class=\"wp-block-column is-layout-flow wp-block-column-is-layout-flow\">\n<figure class=\"wp-block-image size-large\"><img loading=\"lazy\" decoding=\"async\" width=\"1024\" height=\"671\" src=\"https:\/\/test-staging.cloudtalk.io\/wp-content\/uploads\/2024\/03\/illustration-cloudtalk-go-mobile-app-man-work-1024x671.png\" alt=\"\" class=\"wp-image-204873\" srcset=\"https:\/\/test-staging.cloudtalk.io\/wp-content\/uploads\/2024\/03\/illustration-cloudtalk-go-mobile-app-man-work-1024x671.png 1024w, https:\/\/test-staging.cloudtalk.io\/wp-content\/uploads\/2024\/03\/illustration-cloudtalk-go-mobile-app-man-work-300x197.png 300w, https:\/\/test-staging.cloudtalk.io\/wp-content\/uploads\/2024\/03\/illustration-cloudtalk-go-mobile-app-man-work-768x503.png 768w, https:\/\/test-staging.cloudtalk.io\/wp-content\/uploads\/2024\/03\/illustration-cloudtalk-go-mobile-app-man-work-1132x742.png 1132w, https:\/\/test-staging.cloudtalk.io\/wp-content\/uploads\/2024\/03\/illustration-cloudtalk-go-mobile-app-man-work-653x428.png 653w, https:\/\/test-staging.cloudtalk.io\/wp-content\/uploads\/2024\/03\/illustration-cloudtalk-go-mobile-app-man-work-424x278.png 424w, https:\/\/test-staging.cloudtalk.io\/wp-content\/uploads\/2024\/03\/illustration-cloudtalk-go-mobile-app-man-work-172x113.png 172w, https:\/\/test-staging.cloudtalk.io\/wp-content\/uploads\/2024\/03\/illustration-cloudtalk-go-mobile-app-man-work-88x58.png 88w, https:\/\/test-staging.cloudtalk.io\/wp-content\/uploads\/2024\/03\/illustration-cloudtalk-go-mobile-app-man-work.png 1294w\" sizes=\"auto, (max-width: 1024px) 100vw, 1024px\" \/><\/figure>\n<\/div>\n\n\n\n<div class=\"wp-block-column is-layout-flow wp-block-column-is-layout-flow\">\n<h2 class=\"wp-block-heading\">CloudTalk Go<br\/>mobilapp<\/h2>\n\n\n\n<p>H\u00e5ll kontakten med dina kunder n\u00e4r du \u00e4r p\u00e5 spr\u00e5ng.\nCloudTalk Go l\u00e5ter er\/er ha ett f\u00f6rstklassigt internationellt callcenter i fickan.\nHantera samtal och f\u00e5 aff\u00e4rer gjorda var som helst, n\u00e4r som helst.\nB\u00e5de iOS- och Android-appar finns tillg\u00e4ngliga f\u00f6r nedladdning nedan.   <\/p>\n\n\n\n<div class=\"wp-block-columns download-buttons is-layout-flex wp-container-core-columns-is-layout-9d6595d7 wp-block-columns-is-layout-flex\">\n<div class=\"wp-block-column is-layout-flow wp-block-column-is-layout-flow\">\n<figure class=\"wp-block-image size-full is-resized\"><a href=\"https:\/\/apps.apple.com\/sk\/app\/cloudtalk-go-business-phone\/id1459369621\" target=\"_blank\" rel=\"noopener\"><img loading=\"lazy\" decoding=\"async\" width=\"299\" height=\"88\" src=\"https:\/\/test-staging.cloudtalk.io\/wp-content\/uploads\/2024\/03\/button-cta-app-store-appstore-download.png\" alt=\"\" class=\"wp-image-204899\" style=\"width:185px;height:auto\" srcset=\"https:\/\/test-staging.cloudtalk.io\/wp-content\/uploads\/2024\/03\/button-cta-app-store-appstore-download.png 299w, https:\/\/test-staging.cloudtalk.io\/wp-content\/uploads\/2024\/03\/button-cta-app-store-appstore-download-200x59.png 200w, https:\/\/test-staging.cloudtalk.io\/wp-content\/uploads\/2024\/03\/button-cta-app-store-appstore-download-88x26.png 88w\" sizes=\"auto, (max-width: 299px) 100vw, 299px\" \/><\/a><\/figure>\n<\/div>\n\n\n\n<div class=\"wp-block-column is-layout-flow wp-block-column-is-layout-flow\">\n<figure class=\"wp-block-image size-full\"><a href=\"https:\/\/play.google.com\/store\/download-app\/details?id=io.cloudtalk.go\" target=\"_blank\" rel=\"noopener\"><img loading=\"lazy\" decoding=\"async\" width=\"299\" height=\"88\" src=\"https:\/\/test-staging.cloudtalk.io\/wp-content\/uploads\/2024\/03\/button-cta-google-play-get-it.png\" alt=\"\" class=\"wp-image-204886\" srcset=\"https:\/\/test-staging.cloudtalk.io\/wp-content\/uploads\/2024\/03\/button-cta-google-play-get-it.png 299w, https:\/\/test-staging.cloudtalk.io\/wp-content\/uploads\/2024\/03\/button-cta-google-play-get-it-200x59.png 200w, https:\/\/test-staging.cloudtalk.io\/wp-content\/uploads\/2024\/03\/button-cta-google-play-get-it-88x26.png 88w\" sizes=\"auto, (max-width: 299px) 100vw, 299px\" \/><\/a><\/figure>\n<\/div>\n<\/div>\n<\/div>\n<\/div>\n<\/div><\/div>\n\n<div class=\"wp-block-cover cloudtalk-cta\"><span aria-hidden=\"true\" class=\"wp-block-cover__background has-background-dim-0 has-background-dim\"><\/span><img loading=\"lazy\" decoding=\"async\" width=\"1768\" height=\"444\" class=\"wp-block-cover__image-background wp-image-180291\" alt=\"\" src=\"https:\/\/test-staging.cloudtalk.io\/wp-content\/uploads\/2023\/08\/cs-cta-background.svg\" data-object-fit=\"cover\"\/><div class=\"wp-block-cover__inner-container is-layout-flow wp-block-cover-is-layout-flow\">\n<h2 class=\"wp-block-heading has-text-align-center has-white-color has-text-color\">CloudTalk \u00e4r en datadriven l\u00f6sning f\u00f6r exceptionell kundupplevelse och intelligens \u00e4r en viktig del av den.<\/h2>\n\n\n\n<p class=\"has-text-align-center has-white-color has-text-color\">Boka en demo idag och ta reda p\u00e5 det sj\u00e4lv.<\/p>\n\n\n\n<div class=\"wp-block-buttons is-content-justification-center is-layout-flex wp-container-core-buttons-is-layout-16018d1d wp-block-buttons-is-layout-flex\">\n<div class=\"wp-block-button btn-regular\"><a class=\"wp-block-button__link wp-element-button\" href=\"https:\/\/test-staging.cloudtalk.io\/sv\/boka-en-demo\/\">Boka en demo<\/a><\/div>\n<\/div>\n<\/div><\/div>\n","protected":false},"excerpt":{"rendered":"<p>Ladda ner APP idag Appar f\u00f6r kontaktcenter V\u00e4lj hur du vill anv\u00e4nda CloudTalk kontaktcenter. CloudTalk tillhandah\u00e5ller alla appar ni kan t\u00e4nkas beh\u00f6va, s\u00e5 att ni\/er kan v\u00e4lja vad som fungerar b\u00e4st f\u00f6r er verksamhet. V\u00e4lj app Skaffa CloudTalk Phoneapp till din Windows Ring och ta emot samtal med hj\u00e4lp av v\u00e5r fantastiska skrivbordsapp. CloudTalk apps [&hellip;]<\/p>\n","protected":false},"author":37,"featured_media":0,"parent":0,"menu_order":0,"comment_status":"closed","ping_status":"closed","template":"page-templates\/ct-evo-apps.php","meta":{"_acf_changed":false,"inline_featured_image":false,"footnotes":""},"ct-post-type":[],"class_list":["post-131699","page","type-page","status-publish","hentry"],"acf":[],"_links":{"self":[{"href":"https:\/\/test-staging.cloudtalk.io\/sv\/wp-json\/wp\/v2\/pages\/131699","targetHints":{"allow":["GET"]}}],"collection":[{"href":"https:\/\/test-staging.cloudtalk.io\/sv\/wp-json\/wp\/v2\/pages"}],"about":[{"href":"https:\/\/test-staging.cloudtalk.io\/sv\/wp-json\/wp\/v2\/types\/page"}],"author":[{"embeddable":true,"href":"https:\/\/test-staging.cloudtalk.io\/sv\/wp-json\/wp\/v2\/users\/37"}],"replies":[{"embeddable":true,"href":"https:\/\/test-staging.cloudtalk.io\/sv\/wp-json\/wp\/v2\/comments?post=131699"}],"version-history":[{"count":0,"href":"https:\/\/test-staging.cloudtalk.io\/sv\/wp-json\/wp\/v2\/pages\/131699\/revisions"}],"wp:attachment":[{"href":"https:\/\/test-staging.cloudtalk.io\/sv\/wp-json\/wp\/v2\/media?parent=131699"}],"wp:term":[{"taxonomy":"ct-post-type","embeddable":true,"href":"https:\/\/test-staging.cloudtalk.io\/sv\/wp-json\/wp\/v2\/ct-post-type?post=131699"}],"curies":[{"name":"wp","href":"https:\/\/api.w.org\/{rel}","templated":true}]}}