{"id":131643,"date":"2021-12-13T18:03:38","date_gmt":"2021-12-13T16:03:38","guid":{"rendered":"https:\/\/staging.cloudtalk.io\/kontakta-oss\/"},"modified":"2025-09-26T19:15:00","modified_gmt":"2025-09-26T17:15:00","slug":"contact","status":"publish","type":"page","link":"https:\/\/test-staging.cloudtalk.io\/sv\/kontakta-oss\/","title":{"rendered":"Kontakta Oss"},"content":{"rendered":"\n<div class=\"wp-block-group contact-top-section-group\"><div class=\"wp-block-group__inner-container is-layout-constrained wp-block-group-is-layout-constrained\">\n<div class=\"wp-block-group container-fluid\"><div class=\"wp-block-group__inner-container is-layout-constrained wp-block-group-is-layout-constrained\">\n<div class=\"wp-block-columns is-layout-flex wp-container-core-columns-is-layout-9d6595d7 wp-block-columns-is-layout-flex\">\n<div class=\"wp-block-column is-vertically-aligned-center is-layout-flow wp-block-column-is-layout-flow\">\n<p class=\"caption\">Kontakta Oss<\/p>\n\n\n\n<h1 class=\"wp-block-heading\">Alla kontakter<br\/>p\u00e5 en och samma plats<\/h1>\n\n\n\n<p>H\u00f6r av dig och fr\u00e5ga oss vad som helst. Skillnaden mellan bokf\u00f6ring och redovisning, kan ni\/er starta ett f\u00f6retag fr\u00e5n Madagaskar, vilken aff\u00e4rslitteratur f\u00f6redrar v\u00e5r VD &#8211; vi svarar p\u00e5 allt. <\/p>\n<\/div>\n\n\n\n<div class=\"wp-block-column is-layout-flow wp-block-column-is-layout-flow\">\n<div class=\"wp-block-group contact-form-group\"><div class=\"wp-block-group__inner-container is-layout-constrained wp-block-group-is-layout-constrained\">\n<p>Skicka ett meddelande till oss<\/p>\n\n\n\n<!--[if lte IE 8]>\n<script charset=\"utf-8\" type=\"text\/javascript\" src=\"\/\/js.hsforms.net\/forms\/v2-legacy.js\"><\/script>\n<![endif]-->\n<script charset=\"utf-8\" type=\"text\/javascript\" src=\"\/\/js.hsforms.net\/forms\/v2.js\"><\/script>\n<script>\n  hbspt.forms.create({\n\tregion: \"na1\",\n\tportalId: \"6195055\",\n\tformId: \"1916e758-245f-409a-a0bf-64525e178972\",\n        onFormSubmit: function (form)\n                {\n window.dataLayer = window.dataLayer || [];\n                  dataLayer.push({'event': 'contactSubmit', 'email': form.find(\"[name=email]\").val()});\n                }\n});\n<\/script>\n<\/div><\/div>\n<\/div>\n<\/div>\n<\/div><\/div>\n<\/div><\/div>\n\n<div class=\"wp-block-group contact-offices\"><div class=\"wp-block-group__inner-container is-layout-constrained wp-block-group-is-layout-constrained\">\n<div class=\"wp-block-group container-fluid\"><div class=\"wp-block-group__inner-container is-layout-constrained wp-block-group-is-layout-constrained\">\n<div class=\"wp-block-columns is-layout-flex wp-container-core-columns-is-layout-9d6595d7 wp-block-columns-is-layout-flex\">\n<div class=\"wp-block-column is-layout-flow wp-block-column-is-layout-flow\">\n<figure class=\"wp-block-image size-large\"><img loading=\"lazy\" decoding=\"async\" width=\"1024\" height=\"512\" src=\"https:\/\/test-staging.cloudtalk.io\/wp-content\/uploads\/2024\/06\/globe-offices-and-representatives-contact-1024x512.png\" alt=\"\" class=\"wp-image-217493\" srcset=\"https:\/\/test-staging.cloudtalk.io\/wp-content\/uploads\/2024\/06\/globe-offices-and-representatives-contact-1024x512.png 1024w, https:\/\/test-staging.cloudtalk.io\/wp-content\/uploads\/2024\/06\/globe-offices-and-representatives-contact-300x150.png 300w, https:\/\/test-staging.cloudtalk.io\/wp-content\/uploads\/2024\/06\/globe-offices-and-representatives-contact-768x384.png 768w, https:\/\/test-staging.cloudtalk.io\/wp-content\/uploads\/2024\/06\/globe-offices-and-representatives-contact-1536x768.png 1536w, https:\/\/test-staging.cloudtalk.io\/wp-content\/uploads\/2024\/06\/globe-offices-and-representatives-contact-1320x660.png 1320w, https:\/\/test-staging.cloudtalk.io\/wp-content\/uploads\/2024\/06\/globe-offices-and-representatives-contact-760x380.png 760w, https:\/\/test-staging.cloudtalk.io\/wp-content\/uploads\/2024\/06\/globe-offices-and-representatives-contact-424x212.png 424w, https:\/\/test-staging.cloudtalk.io\/wp-content\/uploads\/2024\/06\/globe-offices-and-representatives-contact-200x100.png 200w, https:\/\/test-staging.cloudtalk.io\/wp-content\/uploads\/2024\/06\/globe-offices-and-representatives-contact-88x44.png 88w, https:\/\/test-staging.cloudtalk.io\/wp-content\/uploads\/2024\/06\/globe-offices-and-representatives-contact.png 1740w\" sizes=\"auto, (max-width: 1024px) 100vw, 1024px\" \/><\/figure>\n<\/div>\n\n\n\n<div class=\"wp-block-column is-layout-flow wp-block-column-is-layout-flow\">\n<h2 class=\"wp-block-heading\">Kontor<br\/>&amp; Representanter<\/h2>\n\n\n\n<div class=\"wp-block-columns is-layout-flex wp-container-core-columns-is-layout-9d6595d7 wp-block-columns-is-layout-flex\">\n<div class=\"wp-block-column is-layout-flow wp-block-column-is-layout-flow\">\n<ul class=\"wp-block-list offices-list-first\">\n<li><span>Toronto, Kanada<\/span>\n<div class=\"wp-block-group ct-tooltip\"><div class=\"wp-block-group__inner-container is-layout-constrained wp-block-group-is-layout-constrained\">\n<p><strong>Kanada<\/strong><br\/><em>26 Wellington St E Suite 900,<\/em><br\/><em>Toronto, ON M5E 1S2,<\/em><br\/><em>Kanada<\/em><br\/><a href=\"tel:\/\/+16477244714\" target=\"_blank\" rel=\"noreferrer noopener\">+1 647 724 4714<\/a><\/p>\n<\/div><\/div>\n<\/li>\n\n\n\n<li><span>New York, USA<\/span>\n<div class=\"wp-block-group ct-tooltip\"><div class=\"wp-block-group__inner-container is-layout-constrained wp-block-group-is-layout-constrained\">\n<p><strong>F\u00f6renta staterna<\/strong><br\/>CloudTalk.io Inc,<br\/>150 West<br\/>25th Street, RM 403<br\/>10001, New York City,<br\/>New York, F\u00f6renta staterna<br\/><a href=\"tel:\/\/+18884871675\" target=\"_blank\" rel=\"noreferrer noopener\">+1 888-487-1675<\/a><\/p>\n<\/div><\/div>\n<\/li>\n\n\n\n<li><span>London, Storbritannien<\/span>\n<div class=\"wp-block-group ct-tooltip\"><div class=\"wp-block-group__inner-container is-layout-constrained wp-block-group-is-layout-constrained\">\n<p><strong>Storbritannien<\/strong><br\/>5 Merchant Sq, <br\/>London W2 1AY, <br\/>Storbritannien<br\/><a href=\"tel:\/\/+442038680167\" target=\"_blank\" rel=\"noreferrer noopener\">+44 20 3868 0167<\/a><\/p>\n<\/div><\/div>\n<\/li>\n\n\n\n<li><span>Mexico City, Mexiko<\/span>\n<div class=\"wp-block-group ct-tooltip\"><div class=\"wp-block-group__inner-container is-layout-constrained wp-block-group-is-layout-constrained\">\n<p><strong>Mexiko<\/strong><br\/>Anillo Perif. 3720, <br\/>Jardines del Pedregal, \u00c1lvaro Obreg\u00f3n,<br\/>01900 Ciudad de M\u00e9xico, CDMX,<br\/>Mexico <br\/><a href=\"tel:\/\/+525541703698\" target=\"_blank\" rel=\"noreferrer noopener\">+52 55 4170 3698<\/a><\/p>\n<\/div><\/div>\n<\/li>\n\n\n\n<li><span>M\u00fcnchen, Tyskland<\/span>\n<div class=\"wp-block-group ct-tooltip\"><div class=\"wp-block-group__inner-container is-layout-constrained wp-block-group-is-layout-constrained\">\n<p><strong>Tyskland<\/strong><br\/>Neuturmstra\u00dfe 5, <br\/>80331 M\u00fcnchen, <br\/>Tyskland<br\/><a href=\"tel:\/\/+4932221099159\" target=\"_blank\" rel=\"noreferrer noopener\">+49 32 221099159<\/a><\/p>\n<\/div><\/div>\n<\/li>\n<\/ul>\n<\/div>\n\n\n\n<div class=\"wp-block-column is-layout-flow wp-block-column-is-layout-flow\">\n<ul class=\"wp-block-list offices-list-second\">\n<li><span>Barcelona, Spanien<\/span>\n<div class=\"wp-block-group ct-tooltip\"><div class=\"wp-block-group__inner-container is-layout-constrained wp-block-group-is-layout-constrained\">\n<p><strong>Spanien<\/strong><br\/>Pg. de Gr\u00e0cia, 17, L&#8217;Eixample, <br\/>08007 Barcelona, <br\/>Spanien <br\/><a href=\"tel:\/\/+34911987928\" target=\"_blank\" rel=\"noreferrer noopener\">+34 911 98 79 28<\/a><\/p>\n<\/div><\/div>\n<\/li>\n\n\n\n<li><span>Lissabon, Portugal<\/span>\n<div class=\"wp-block-group ct-tooltip\"><div class=\"wp-block-group__inner-container is-layout-constrained wp-block-group-is-layout-constrained\">\n<p><strong>Portugal<\/strong><br\/>R. Alexandre Herculano 50,<br\/>1250-011 Lisboa, <br\/>Portugal<br\/> +55<a href=\"tel:\/\/+551146802723\" target=\"_blank\" rel=\"noreferrer noopener\"> 11 4680-2723<\/a><\/p>\n<\/div><\/div>\n<\/li>\n\n\n\n<li><span>Prag, Tjeckien<\/span>\n<div class=\"wp-block-group ct-tooltip\"><div class=\"wp-block-group__inner-container is-layout-constrained wp-block-group-is-layout-constrained\">\n<p><strong>Pragkontor<\/strong><br\/>V\u00e1clavsk\u00e9 n\u00e1m. 47<br\/>110 00 Prag<br\/>Tjeckien <br\/><a href=\"tel:\/\/+442038680167\" target=\"_blank\" rel=\"noreferrer noopener\">+44 20 3868 0167<\/a><\/p>\n<\/div><\/div>\n<\/li>\n\n\n\n<li><span>Bratislava, Slovakien<\/span>\n<div class=\"wp-block-group ct-tooltip\"><div class=\"wp-block-group__inner-container is-layout-constrained wp-block-group-is-layout-constrained\">\n<p><strong>Kontoret i Bratislava<\/strong><br\/>Bottova 7939\/2A<br\/>811 09 Bratislava,<br\/>Slovakien<br\/><a href=\"tel:\/\/+442038680167\" target=\"_blank\" rel=\"noreferrer noopener\">+44 20 3868 0167<\/a><\/p>\n<\/div><\/div>\n<\/li>\n<\/ul>\n<\/div>\n<\/div>\n<\/div>\n<\/div>\n<\/div><\/div>\n<\/div><\/div>\n\n<div class=\"wp-block-group our-addresses-group\"><div class=\"wp-block-group__inner-container is-layout-constrained wp-block-group-is-layout-constrained\">\n<div class=\"wp-block-group container-fluid\"><div class=\"wp-block-group__inner-container is-layout-constrained wp-block-group-is-layout-constrained\">\n<h2 class=\"wp-block-heading has-text-align-center\">V\u00e5ra adresser<\/h2>\n\n\n\n<div class=\"wp-block-group ct-portfolio\"><div class=\"wp-block-group__inner-container is-layout-constrained wp-block-group-is-layout-constrained\">\n<div class=\"wp-block-group ct-portfolio-gallery\"><div class=\"wp-block-group__inner-container is-layout-constrained wp-block-group-is-layout-constrained\">\n<div class=\"wp-block-group ct-portfolio-item helpdesk\"><div class=\"wp-block-group__inner-container is-layout-constrained wp-block-group-is-layout-constrained\">\n<h6 class=\"wp-block-heading\">Huvudkontor Kanada<\/h6>\n\n\n\n<p>26 Wellington<br\/>St E Suite 900, <br\/>Toronto, ON M5E 1S2, <br\/>Kanada<\/p>\n<\/div><\/div>\n\n\n\n<div class=\"wp-block-group ct-portfolio-item ecommerce\"><div class=\"wp-block-group__inner-container is-layout-constrained wp-block-group-is-layout-constrained\">\n<h6 class=\"wp-block-heading\">Nordamerika PO<\/h6>\n\n\n\n<p>CloudTalk.io Inc,<br\/>150 West<br\/>25th Street, RM 403<br\/>10001, New York City,<br\/>New York, United States<\/p>\n<\/div><\/div>\n\n\n\n<div class=\"wp-block-group ct-portfolio-item crm\"><div class=\"wp-block-group__inner-container is-layout-constrained wp-block-group-is-layout-constrained\">\n<h6 class=\"wp-block-heading\">Slovakien, EU (fakturering)<\/h6>\n\n\n\n<p>Tallerova 4,<br\/>811 02<br\/>Bratislava,<br\/>Slovakien<\/p>\n<\/div><\/div>\n\n\n\n<div class=\"wp-block-group ct-portfolio-item crm\"><div class=\"wp-block-group__inner-container is-layout-constrained wp-block-group-is-layout-constrained\">\n<h6 class=\"wp-block-heading\">Tjeckien, EU<\/h6>\n\n\n\n<p>N\u00e1m\u011bst\u00ed Republiky 7,<br\/>110 00 Prag,<br\/>Tjeckien<\/p>\n<\/div><\/div>\n\n\n\n\n\n\n\n\n<\/div><\/div>\n<\/div><\/div>\n<\/div><\/div>\n<\/div><\/div>\n\n<div class=\"wp-block-group help-group\"><div class=\"wp-block-group__inner-container is-layout-constrained wp-block-group-is-layout-constrained\">\n<div class=\"wp-block-group container-fluid\"><div class=\"wp-block-group__inner-container is-layout-constrained wp-block-group-is-layout-constrained\">\n<div class=\"wp-block-columns is-layout-flex wp-container-core-columns-is-layout-9d6595d7 wp-block-columns-is-layout-flex\">\n<div class=\"wp-block-column is-vertically-aligned-center is-layout-flow wp-block-column-is-layout-flow\">\n<h2 class=\"wp-block-heading\">Vi \u00e4r h\u00e4r f\u00f6r att hj\u00e4lpa dig<\/h2>\n\n\n\n<p>Oavsett om du redan \u00e4r CloudTalk-kund eller \u00e4r p\u00e5 v\u00e4g att bli det, finns vi h\u00e4r f\u00f6r dig. V\u00e4lj r\u00e4tt avdelning och l\u00e5t oss veta vad du har p\u00e5 hj\u00e4rtat.<\/p>\n<\/div>\n\n\n\n<div class=\"wp-block-column is-layout-flow wp-block-column-is-layout-flow\">\n<div class=\"wp-block-group email-group\"><div class=\"wp-block-group__inner-container is-layout-constrained wp-block-group-is-layout-constrained\">\n<div class=\"wp-block-ct-evo-hyperlink-group\"><a class=\"wp-block-hyperlink\" href=\"mailto:sales@cloudtalk.io\">\n<h6 class=\"wp-block-heading\">F\u00f6rs\u00e4ljning<\/h6>\n\n\n\n<p>Letar du efter en l\u00f6sning? L\u00e5t oss boka in ett 15-minuterssamtal f\u00f6r att diskutera vad CloudTalk kan g\u00f6ra f\u00f6r dig.<\/p>\n<\/a><\/div>\n\n\n\n<div class=\"wp-block-buttons is-layout-flex wp-block-buttons-is-layout-flex\">\n<div class=\"wp-block-button btn-small btn-ghost\"><a class=\"wp-block-button__link wp-element-button\" href=\"mailto:sales@cloudtalk.io\">Kontakta f\u00f6rs\u00e4ljning \u2192<\/a><\/div>\n<\/div>\n<\/div><\/div>\n\n\n\n<div class=\"wp-block-group email-group\"><div class=\"wp-block-group__inner-container is-layout-constrained wp-block-group-is-layout-constrained\">\n<div class=\"wp-block-ct-evo-hyperlink-group\"><a class=\"wp-block-hyperlink\" href=\"mailto:support@cloudtalk.io\">\n<h6 class=\"wp-block-heading\">Kundtj\u00e4nst<\/h6>\n\n\n\n<p>Har du det jobbigt? Kontakta v\u00e5r kundtj\u00e4nst s\u00e5 tar de hand om ert problem \u00e5t er\/er.<\/p>\n<\/a><\/div>\n\n\n\n<div class=\"wp-block-buttons is-layout-flex wp-block-buttons-is-layout-flex\">\n<div class=\"wp-block-button btn-small btn-ghost\"><a class=\"wp-block-button__link wp-element-button\" href=\"mailto:support@cloudtalk.io\">Kontakta kundtj\u00e4nst \u2192<\/a><\/div>\n<\/div>\n<\/div><\/div>\n<\/div>\n<\/div>\n<\/div><\/div>\n<\/div><\/div>\n\n<div class=\"wp-block-cover contact-cta\"><img decoding=\"async\" class=\"wp-block-cover__image-background wp-image-170641\" alt=\"\" src=\"https:\/\/test-staging.cloudtalk.io\/wp-content\/uploads\/2023\/08\/cs-cta-background.svg\" data-object-fit=\"cover\"\/><span aria-hidden=\"true\" class=\"wp-block-cover__background has-background-dim-0 has-background-dim\"><\/span><div class=\"wp-block-cover__inner-container is-layout-flow wp-block-cover-is-layout-flow\">\n<h2 class=\"wp-block-heading has-text-align-center has-white-color has-text-color\">CloudTalk \u00e4r en datadriven l\u00f6sning f\u00f6r exceptionell kundupplevelse och intelligens \u00e4r en viktig del av den.<\/h2>\n\n\n\n<p class=\"has-text-align-center has-white-color has-text-color\">Boka en demo idag och ta reda p\u00e5 det sj\u00e4lv.<\/p>\n\n\n\n<div class=\"wp-block-buttons is-content-justification-center is-layout-flex wp-container-core-buttons-is-layout-16018d1d wp-block-buttons-is-layout-flex\">\n<div class=\"wp-block-button btn-regular\"><a class=\"wp-block-button__link wp-element-button\" href=\"https:\/\/test-staging.cloudtalk.io\/sv\/boka-en-demo\/\">Boka en demo<\/a><\/div>\n<\/div>\n<\/div><\/div>\n","protected":false},"excerpt":{"rendered":"<p>Kontakta Oss Alla kontakterp\u00e5 en och samma plats H\u00f6r av dig och fr\u00e5ga oss vad som helst. Skillnaden mellan bokf\u00f6ring och redovisning, kan ni\/er starta ett f\u00f6retag fr\u00e5n Madagaskar, vilken aff\u00e4rslitteratur f\u00f6redrar v\u00e5r VD &#8211; vi svarar p\u00e5 allt. Skicka ett meddelande till oss Kontor&amp; Representanter V\u00e5ra adresser Huvudkontor Kanada 26 WellingtonSt E Suite 900, [&hellip;]<\/p>\n","protected":false},"author":37,"featured_media":0,"parent":0,"menu_order":0,"comment_status":"closed","ping_status":"closed","template":"page-templates\/ct-evo-contact_page.php","meta":{"_acf_changed":false,"inline_featured_image":false,"footnotes":""},"ct-post-type":[],"class_list":["post-131643","page","type-page","status-publish","hentry"],"acf":[],"_links":{"self":[{"href":"https:\/\/test-staging.cloudtalk.io\/sv\/wp-json\/wp\/v2\/pages\/131643","targetHints":{"allow":["GET"]}}],"collection":[{"href":"https:\/\/test-staging.cloudtalk.io\/sv\/wp-json\/wp\/v2\/pages"}],"about":[{"href":"https:\/\/test-staging.cloudtalk.io\/sv\/wp-json\/wp\/v2\/types\/page"}],"author":[{"embeddable":true,"href":"https:\/\/test-staging.cloudtalk.io\/sv\/wp-json\/wp\/v2\/users\/37"}],"replies":[{"embeddable":true,"href":"https:\/\/test-staging.cloudtalk.io\/sv\/wp-json\/wp\/v2\/comments?post=131643"}],"version-history":[{"count":0,"href":"https:\/\/test-staging.cloudtalk.io\/sv\/wp-json\/wp\/v2\/pages\/131643\/revisions"}],"wp:attachment":[{"href":"https:\/\/test-staging.cloudtalk.io\/sv\/wp-json\/wp\/v2\/media?parent=131643"}],"wp:term":[{"taxonomy":"ct-post-type","embeddable":true,"href":"https:\/\/test-staging.cloudtalk.io\/sv\/wp-json\/wp\/v2\/ct-post-type?post=131643"}],"curies":[{"name":"wp","href":"https:\/\/api.w.org\/{rel}","templated":true}]}}