{"id":128893,"date":"2022-06-15T22:09:33","date_gmt":"2022-06-15T20:09:33","guid":{"rendered":"https:\/\/staging.cloudtalk.io\/lokalt-telefonnummer-i-boston-ma-riktnummer-716\/"},"modified":"2025-11-20T20:55:34","modified_gmt":"2025-11-20T18:55:34","slug":"lokalt-telefonnummer-i-boston-ma-riktnummer-716","status":"publish","type":"page","link":"https:\/\/test-staging.cloudtalk.io\/sv\/lokalt-telefonnummer-i-boston-ma-riktnummer-716\/","title":{"rendered":"Boston, MA Lokalt telefonnumret | riktnummer 617"},"content":{"rendered":"<div class=\"wp-block-cloudtalk-form-reviews-hero wp-block-cloudtalk-form-reviews-hero\"><div class=\"form-reviews-hero-block\"><div class=\"form-reviews-hero-block__hero\"><div class=\"form-reviews-hero-block__hero-content\"><div class=\"form-reviews-hero-block__reviews\"><div class=\"form-reviews-hero-block__review\"><img decoding=\"async\" src=\"\/wp-content\/uploads\/2025\/02\/G2_Logo.svg\" alt=\"\" class=\"form-reviews-hero-block__review-icon\" \/><div class=\"form-reviews-hero-block__stars\"><img decoding=\"async\" src=\"\/wp-content\/uploads\/2025\/02\/star-icon-full.svg\" alt=\"\" class=\"form-reviews-hero-block__star\" \/><img decoding=\"async\" src=\"\/wp-content\/uploads\/2025\/02\/star-icon-full.svg\" alt=\"\" class=\"form-reviews-hero-block__star\" \/><img decoding=\"async\" src=\"\/wp-content\/uploads\/2025\/02\/star-icon-full.svg\" alt=\"\" class=\"form-reviews-hero-block__star\" \/><img decoding=\"async\" src=\"\/wp-content\/uploads\/2025\/02\/star-icon-full.svg\" alt=\"\" class=\"form-reviews-hero-block__star\" \/><img decoding=\"async\" src=\"\/wp-content\/uploads\/2025\/02\/start-icon-half.svg\" alt=\"\" class=\"form-reviews-hero-block__star\" \/><\/div><span class=\"form-reviews-hero-block__review-number\">1,480  + Recensioner<\/span><\/div><div class=\"form-reviews-hero-block__review\"><img decoding=\"async\" src=\"\/wp-content\/uploads\/2025\/02\/Capterra_Logo.svg\" alt=\"\" class=\"form-reviews-hero-block__review-icon\" \/><div class=\"form-reviews-hero-block__stars\"><img decoding=\"async\" src=\"\/wp-content\/uploads\/2025\/02\/star-icon-full.svg\" alt=\"\" class=\"form-reviews-hero-block__star\" \/><img decoding=\"async\" src=\"\/wp-content\/uploads\/2025\/02\/star-icon-full.svg\" alt=\"\" class=\"form-reviews-hero-block__star\" \/><img decoding=\"async\" src=\"\/wp-content\/uploads\/2025\/02\/star-icon-full.svg\" alt=\"\" class=\"form-reviews-hero-block__star\" \/><img decoding=\"async\" src=\"\/wp-content\/uploads\/2025\/02\/star-icon-full.svg\" alt=\"\" class=\"form-reviews-hero-block__star\" \/><img decoding=\"async\" src=\"\/wp-content\/uploads\/2025\/02\/start-icon-half.svg\" alt=\"\" class=\"form-reviews-hero-block__star\" \/><\/div><span class=\"form-reviews-hero-block__review-number\">260  + Recensioner<\/span><\/div><div class=\"form-reviews-hero-block__review form-reviews-hero-block__review--mobile\">1,660  + Recensioner<\/div><\/div><h1 class=\"form-reviews-hero-block__heading\">Boston, MA Lokalt telefonnumret | riktnummer 617<\/h1><div class=\"form-reviews-hero-block__list-wrapper\"><div class=\"wp-block-cloudtalk-list wp-block-cloudtalk-list--lg wp-block-cloudtalk-list--numbered wp-block-cloudtalk-list\"><div class=\"list-block list-block--lg list-block--numbered\"><ol class=\"list-block__list\">        <li class=\"list-block__item\">\n                            <span class=\"list-block__number\">01<\/span>\n                        <div class=\"list-block__content\">\n                                                    <div class=\"list-block__content-sub\">\n                        G\u00f6r din l\u00f6sning f\u00f6r kundtj\u00e4nst mer effektiv f\u00f6r inkommande internationella samtal.                    <\/div>\n                            <\/div>\n        <\/li>\n        <li class=\"list-block__item\">\n                            <span class=\"list-block__number\">02<\/span>\n                        <div class=\"list-block__content\">\n                                                    <div class=\"list-block__content-sub\">\n                        F\u00f6rv\u00e4rva internationella telefonnumren fr\u00e5n mer \u00e4n 160 l\u00e4nder.                    <\/div>\n                            <\/div>\n        <\/li>\n        <li class=\"list-block__item\">\n                            <span class=\"list-block__number\">03<\/span>\n                        <div class=\"list-block__content\">\n                                                    <div class=\"list-block__content-sub\">\n                        F\u00e5 tillg\u00e5ng till \u00e4nnu fler fantastiska funktioner f\u00f6r f\u00f6retagstelefoner, t.ex. vidarekoppling av samtal, kundh\u00e4lsningar, ringinst\u00e4llningar och samtalsstatistik.                    <\/div>\n                            <\/div>\n        <\/li>\n<\/ol><\/div><\/div><\/div><\/div><\/div><div class=\"form-reviews-hero-block__form-section\"><div class=\"form-reviews-hero-block__form-wrap\"><div class=\"wp-block-group wave\"><div class=\"wp-block-group__inner-container is-layout-constrained wp-block-group-is-layout-constrained\"><p><strong>Hall\u00e5!<\/strong>  Fyll i formul\u00e4ret, det tar bara en minut.<\/p><figure class=\"wp-block-video\"><video autoplay loop muted src=\"\/wp-content\/uploads\/2026\/01\/video-wave-hanka3.mp4\" playsinline><\/video><\/figure><\/div><\/div><div class=\"form-reviews-hero-block__form-content\">\n<div id=\"registration-form-wrapper\" class=\"registration-form-wrapper\"><\/div>\n<script>\njQuery(document).ready(function () {\ncloudtalkSignupForm(\"registration-form-wrapper\" );\n});\n<\/script>\n\n<!--[if lte IE 8]>\n<script charset=\"utf-8\" type=\"text\/javascript\" src=\"\/\/js.hsforms.net\/forms\/v2-legacy.js\"><\/script>\n<![endif]-->\n<script charset=\"utf-8\" type=\"text\/javascript\" src=\"\/\/js.hsforms.net\/forms\/v2.js\"><\/script>\n\n<div class=\"ct-referral-form\">\n<script>\n  hbspt.forms.create({\n    portalId: \"6195055\",\n    formId: \"6a618028-e42d-4ae6-bc9b-002fc38cc18a\",\n    region: \"na1\"\n  });\n<\/script>\n<\/div>\n<\/div><\/div><\/div><\/div><\/div>\n<div class=\"wp-block-cloudtalk-row\" style=\"--column-widths:minmax(0, 174px) minmax(720px, 1fr) minmax(0, 236px)\">\n<div class=\"wp-block-cloudtalk-row-column\" style=\"width:minmax(0, 280px)\"><\/div>\n\n\n\n<div class=\"wp-block-cloudtalk-row-column\" style=\"width:minmax(660px, 1fr)\">\n<h2 class=\"wp-block-heading\">Varf\u00f6r ska ni\/er skaffa ett telefonnumret i Boston?<\/h2>\n\n\n\n<h4 class=\"wp-block-heading\">#1 Etablera en lokal n\u00e4rvaro i USA. <\/h4>\n\n\n\n<p>Med en v\u00e4lfungerande ekonomi och en stor befolkning som \u00e4r villig att spendera pengar \u00e4r USA en av de mest eftertraktade marknaderna f\u00f6r f\u00f6retag som vill ut\u00f6ka sin r\u00e4ckvidd. Amerikanska medborgare \u00e4r dock vanligtvis f\u00f6rsiktiga med samtal som kommer fr\u00e5n internationella nummer eller till och med fr\u00e5n riktnummer som de inte k\u00e4nner igen.  <\/p>\n\n\n\n<p>Det \u00e4r praktiskt taget en n\u00f6dv\u00e4ndighet f\u00f6r f\u00f6retag som vill g\u00f6ra aff\u00e4rer i USA att skaffa sig ett lokalt telefonnummer. Lokala nummer \u00e4r bekanta f\u00f6r amerikanska kunder, som \u00e4r mer villiga att svara p\u00e5 ditt samtal i vetskap om att de inte kommer att debiteras orimliga internationella samtalsavgifter.  <\/p>\n\n\n\n<p>F\u00f6r f\u00f6retag som vill etablera en lokal n\u00e4rvaro i USA och vinna de amerikanska kundernas f\u00f6rtroende \u00e4r ett lokalt telefonnummer ett bra f\u00f6rsta steg.<\/p>\n\n\n\n<h4 class=\"wp-block-heading\">#2 F\u00e5 billigare internationella samtal<\/h4>\n\n\n\n<p>Med ett lokalt telefonnumret fr\u00e5n CloudTalk beh\u00f6ver du inte l\u00e4ngre betala h\u00f6ga internationella samtalsavgifter.  <\/p>\n\n\n\n<p>N\u00e4r du har byggt upp relationer med kunder i USA vill du kunna ta emot deras samtal utan att beh\u00f6va betala h\u00f6ga internationella samtalsavgifter.  <\/p>\n\n\n\n<p>Att skaffa ett lokalt nummer genom CloudTalk \u00e4r ett bra s\u00e4tt att undvika dessa avgifter och bespara dina kunder os\u00e4kerheten att ringa ett internationellt eller avgiftsfritt (800) nummer.<\/p>\n\n\n\n<h4 class=\"wp-block-heading\">#3 Ange vilka timmar ni\/er \u00e4r n\u00e5bara<\/h4>\n\n\n\n<p>Med CloudTalk kan du enkelt st\u00e4lla in \u00f6ppettider f\u00f6r dina internationella telefonnumren, s\u00e5 att det alltid \u00e4r tydligt f\u00f6r era kunder n\u00e4r de kan och inte kan n\u00e5 er.  <\/p>\n\n\n\n<p>Ni\/er kan spela in anpassade meddelanden till era kunder under lediga stunder, s\u00e5 att de vet n\u00e4r ni \u00e4r tillbaka online f\u00f6r att svara p\u00e5 deras fr\u00e5gor.<\/p>\n\n\n\n<h4 class=\"wp-block-heading\">#4 Imponera p\u00e5 dina lokala kunder med personliga kundh\u00e4lsningar<\/h4>\n\n\n\n<p>Med CloudTalks verktyg f\u00f6r personliga h\u00e4lsningar kan ni\/er spela in h\u00e4lsningsmeddelanden f\u00f6r kunder som ringer p\u00e5 obekv\u00e4m arbetstid. F\u00f6r f\u00f6retag som vill etablera en lokal n\u00e4rvaro \u00e4r detta ett gyllene tillf\u00e4lle att spela in ett meddelande som kommer att k\u00e4nnas bekant f\u00f6r dina kunder utifr\u00e5n deras plats.  <\/p>\n\n\n\n<p>I Miami \u00e4r m\u00e5nga till exempel stolta \u00f6ver sin avslappnade och j\u00e4mf\u00f6relsevis bekymmersl\u00f6sa livsstil. D\u00e4rf\u00f6r vore det logiskt att ge ditt Miami-nummer ett meddelande som l\u00e5ter avslappnat och naturligt. <\/p>\n\n\n<div class=\"wp-block-cloudtalk-cta-proof\"><div class=\"cta-proof-block\"><div class=\"cta-proof-block__content\"><h2 class=\"cta-proof-block__headline\">Kom igen, ta en andningspaus, vi har koll p\u00e5 l\u00e4get<\/h2><div class=\"cta-proof-block__description\">Din AI Voice Agent pratar, s\u00e4ljer och ger support 24\/7 &#8211; s\u00e5 att ni\/er inte beh\u00f6ver g\u00f6ra det<\/div><div class=\"cta-proof-block__button\"><a href=\"\/sv\/boka-en-demo\/\" class=\"btn btn-secondary\">Testa Voice Agents <svg width=\"20\" height=\"20\" viewBox=\"0 0 20 20\" fill=\"none\" xmlns=\"http:\/\/www.w3.org\/2000\/svg\">\n            <path d=\"M4.16666 10H15.8333M15.8333 10L10.8333 5M15.8333 10L10.8333 15\" stroke=\"currentColor\" stroke-width=\"1.67\" stroke-linecap=\"round\" stroke-linejoin=\"round\"\/>\n        <\/svg><\/a><\/div><\/div><div class=\"cta-proof-block__image\"><img decoding=\"async\" src=\"https:\/\/test-staging.cloudtalk.io\/wp-content\/uploads\/2025\/11\/AdobeStock_664213918-1.png\" alt=\"\" \/><\/div><\/div><\/div>\n\n\n<h4 class=\"wp-block-heading\">#5 Optimera arbetsfl\u00f6det i din callcenter med samtalsstatistik<\/h4>\n\n\n\n<p>Med CloudTalk kan ni\/er filtrera er samtalsstatistik efter telefonnumret. Den h\u00e4r funktionen kommer att vara s\u00e4rskilt anv\u00e4ndbar n\u00e4r ni\/er b\u00f6rjar arbeta med ert telefonnumret i Miami.   <\/p>\n\n\n\n<p>Alla platser \u00e4r naturligtvis olika, s\u00e5 genom att kunna analysera statistik som genomsnittlig samtalstid och l\u00f6sning vid f\u00f6rsta samtalet f\u00f6r ett visst lokalt telefonnumret kan ni\/er optimera arbetsfl\u00f6dena f\u00f6r just den regionen och f\u00f6rb\u00e4ttra agenternas prestationer \u00f6verlag.<\/p>\n\n\n\n<hr class=\"wp-block-separator has-alpha-channel-opacity\"\/>\n\n\n\n<h4 class=\"wp-block-heading\">S\u00e5 aktiverar du ditt Boston-nummer<\/h4>\n\n\n<div class=\"wp-block-cloudtalk-list wp-block-cloudtalk-list--lg wp-block-cloudtalk-list--numbered wp-block-cloudtalk-list\"><div class=\"list-block list-block--lg list-block--numbered\"><ol class=\"list-block__list\">        <li class=\"list-block__item\">\n                            <span class=\"list-block__number\">01<\/span>\n                        <div class=\"list-block__content\">\n                                <div class=\"list-block__content-inner\">\n                    V\u00e4lj &#8221;nytt nummer&#8221; i CloudTalks gr\u00e4nssnitt                <\/div>\n                                                    <div class=\"list-block__content-sub\">\n                        Med bara n\u00e5gra snabba klick kan ni\/er p\u00e5b\u00f6rja processen med att skaffa ett lokalt telefonnumret!                    <\/div>\n                            <\/div>\n        <\/li>\n        <li class=\"list-block__item\">\n                            <span class=\"list-block__number\">02<\/span>\n                        <div class=\"list-block__content\">\n                                <div class=\"list-block__content-inner\">\n                    Fyll i ett kort formul\u00e4r                <\/div>\n                                                    <div class=\"list-block__content-sub\">\n                        Ange n\u00e5gra uppgifter om ditt konto och om telefonnumret som du vill b\u00f6rja arbeta med.                    <\/div>\n                            <\/div>\n        <\/li>\n        <li class=\"list-block__item\">\n                            <span class=\"list-block__number\">03<\/span>\n                        <div class=\"list-block__content\">\n                                <div class=\"list-block__content-inner\">\n                    Luta dig tillbaka, koppla av och v\u00e4nta p\u00e5 att en av v\u00e5ra agenter aktiverar ditt nummer                <\/div>\n                                                    <div class=\"list-block__content-sub\">\n                        V\u00e5ra agenter arbetar h\u00e5rt f\u00f6r att uppr\u00e4tth\u00e5lla aff\u00e4rspartnerskap med telekomf\u00f6retag \u00f6ver hela v\u00e4rlden s\u00e5 att vi snabbt kan koppla upp er med det nya lokala numret.                    <\/div>\n                            <\/div>\n        <\/li>\n<\/ol><\/div><\/div>\n\n\n<hr class=\"wp-block-separator has-alpha-channel-opacity\"\/>\n\n\n\n<h2 class=\"wp-block-heading\">F\u00e5 ditt 617 riktnummer i Boston nu!<\/h2>\n\n\n\n<h4 class=\"wp-block-heading\">Lista p\u00e5 popul\u00e4ra riktnummer i nord\u00f6stra USA<\/h4>\n\n\n\n<p>Med riktnumret 617 vet dina kunder i hela New England att du \u00e4r ett lokalt f\u00f6retag som kan uppfylla deras unika behov. Om du vill konfigurera din butik i ett annat kommersiellt centrum i nord\u00f6stra USA kan du se v\u00e5r lista med riktnummeralternativ nedan.<\/p>\n\n\n<div class=\"wp-block-cloudtalk-table table-style-simple\"><div class=\"table-block\"><div class=\"table-block__table-container\"><table class=\"table-block__table\"><thead><tr><th>Stad<\/th><th>Riktnummer<\/th><\/tr><\/thead><tbody><tr><td>New York City, NY<\/td><td>718<\/td><\/tr><tr><td>Boston, MA<\/td><td>716<\/td><\/tr><tr><td>Washington, D.C.<\/td><td>202<\/td><\/tr><tr><td>Philadelphia<\/td><td>251<\/td><\/tr><\/tbody><\/table><\/div><\/div><\/div>\n\n\n<hr class=\"wp-block-separator has-alpha-channel-opacity\"\/>\n\n\n\n<h4 class=\"wp-block-heading\">Priss\u00e4ttning f\u00f6r Telefonnumer i USA<\/h4>\n\n\n\n<p>Att f\u00f6rv\u00e4rva ditt f\u00f6rsta amerikanska telefonnumret fr\u00e5n CloudTalk <strong>kostar er $3<\/strong>. Efterf\u00f6ljande amerikanska nummer kan k\u00f6pas <strong>f\u00f6r $ 6 per nummer<\/strong>.  <\/p>\n<\/div>\n\n\n\n<div class=\"wp-block-cloudtalk-row-column\" style=\"width:minmax(0, 280px)\"><div class=\"wp-block-cloudtalk-sticky-banner is-sticky wp-block-cloudtalk-sticky-banner\"><div class=\"sticky-banner\"><div class=\"sticky-banner__content\"><div class=\"sticky-banner__content-item\"><h6 class=\"sticky-banner__title\">Boka en demo<\/h6><p class=\"sticky-banner__description\">Ge ditt team verktygen f\u00f6r att minska det manuella arbetet<\/p><\/div><div class=\"sticky-banner__button\"><a href=\"\/sv\/boka-en-demo\/\" class=\"sticky-banner__button-link btn btn-secondary btn-small\">Kontakta f\u00f6rs\u00e4ljningsavdelningen<\/a><\/div><\/div><\/div><\/div><\/div>\n<\/div>\n<div class=\"wp-block-cloudtalk-faq wp-block-cloudtalk-faq--blue wp-block-cloudtalk-faq\"><div class=\"faq-block\"><div class=\"faq-block__header\"><h2 class=\"faq-block__title\">Vanliga fr\u00e5gor om telefonnummer i USA<\/h2><p class=\"faq-block__description\">V\u00e5rt s\u00e4ljteam hj\u00e4lper g\u00e4rna till med konfiguration av en prisv\u00e4rd plan f\u00f6r att ringa till USA fr\u00e5n utlandet. Om du vill tala med en representant kan du ringa +44 20 3868 0167 eller kontakta oss via e-post p\u00e5 <a href=\"mailto:hello@cloudtalk.io\">hello@cloudtalk.io<\/a> <\/p><\/div><div class=\"faq-block__items\"><div class=\"faq-item\" data-faq-item=\"0\"><div class=\"faq-item__header\"><button class=\"faq-item__question\" aria-expanded=\"false\" aria-controls=\"faq-item-0\"><h3 class=\"faq-item__question-text\">Hur mycket kostar det att ringa till USA?<\/h3><span class=\"faq-item__icon\" aria-hidden=\"true\"><\/span><\/button><\/div><div class=\"faq-item__content\" id=\"faq-item-0\"><div class=\"faq-item__answer\"><p>N\u00e4r du ringer ett amerikanskt telefonnumret m\u00e5ste du b\u00f6rja med landskoden +1, sedan riktnumret (305), f\u00f6ljt av ett 7-siffrigt telefonnummer 123-4567.<\/p><\/div><\/div><\/div><div class=\"faq-item\" data-faq-item=\"1\"><div class=\"faq-item__header\"><button class=\"faq-item__question\" aria-expanded=\"false\" aria-controls=\"faq-item-1\"><h3 class=\"faq-item__question-text\">Hur mycket kostar det att ringa till USA?<\/h3><span class=\"faq-item__icon\" aria-hidden=\"true\"><\/span><\/button><\/div><div class=\"faq-item__content\" id=\"faq-item-1\"><div class=\"faq-item__answer\"><p>Ett amerikanskt telefonnummer \u00e4r 11 siffror l\u00e5ngt. En siffra f\u00f6r landskoden, 3 siffror f\u00f6r riktnumret, och 7 siffror som utg\u00f6r sj\u00e4lva telefonnumret. <\/p><\/div><\/div><\/div><div class=\"faq-item\" data-faq-item=\"2\"><div class=\"faq-item__header\"><button class=\"faq-item__question\" aria-expanded=\"false\" aria-controls=\"faq-item-2\"><h3 class=\"faq-item__question-text\">Hur fungerar kostnadsfria provperioder?<\/h3><span class=\"faq-item__icon\" aria-hidden=\"true\"><\/span><\/button><\/div><div class=\"faq-item__content\" id=\"faq-item-2\"><div class=\"faq-item__answer\">Skicka bara dina kontaktuppgifter till oss s\u00e5 hj\u00e4lper vi dig med en kostnadsfri CloudTalk utan f\u00f6rpliktelser. Du kan b\u00f6rja ringa direkt och njuta av v\u00e5rt kompletta utbud av <a href=\"https:\/\/test-staging.cloudtalk.io\/sv\/kontaktcenter-verktyg\/\">funktioner<\/a> och <a href=\"https:\/\/test-staging.cloudtalk.io\/sv\/integrerad-callcenter-mjukvara\/\">integrationer<\/a> under tv\u00e5 roliga veckor.<\/div><\/div><\/div><div class=\"faq-item\" data-faq-item=\"3\"><div class=\"faq-item__header\"><button class=\"faq-item__question\" aria-expanded=\"false\" aria-controls=\"faq-item-3\"><h3 class=\"faq-item__question-text\">Vad \u00e4r era priser f\u00f6r utg\u00e5ende samtal?<\/h3><span class=\"faq-item__icon\" aria-hidden=\"true\"><\/span><\/button><\/div><div class=\"faq-item__content\" id=\"faq-item-3\"><div class=\"faq-item__answer\">Varje paket inkluderar ett standard lokalt eller avgiftsfritt nummer helt kostnadsfritt. Priserna f\u00f6r utg\u00e5ende samtal varierar. <a href=\"https:\/\/test-staging.cloudtalk.io\/sv\/kontakta-oss\/\">Kontakta oss<\/a> f\u00f6r mer information.<\/div><\/div><\/div><div class=\"faq-item\" data-faq-item=\"4\"><div class=\"faq-item__header\"><button class=\"faq-item__question\" aria-expanded=\"false\" aria-controls=\"faq-item-4\"><h3 class=\"faq-item__question-text\">Vem \u00e4r en anv\u00e4ndare?<\/h3><span class=\"faq-item__icon\" aria-hidden=\"true\"><\/span><\/button><\/div><div class=\"faq-item__content\" id=\"faq-item-4\"><div class=\"faq-item__answer\">Anv\u00e4ndarna arbetar f\u00f6r ditt f\u00f6retag och kommunicerar med dina befintliga och potentiella kunder. Du kan l\u00e4gga till eller ta bort anv\u00e4ndare n\u00e4r som helst och med bara n\u00e5gra f\u00e5 klick. Anv\u00e4ndare \u00e4r handl\u00e4ggare, arbetsledare, analytiker, administrat\u00f6rer etc.<\/div><\/div><\/div><div class=\"faq-item\" data-faq-item=\"5\"><div class=\"faq-item__header\"><button class=\"faq-item__question\" aria-expanded=\"false\" aria-controls=\"faq-item-5\"><h3 class=\"faq-item__question-text\">Hur ofta kan jag \u00e4ndra min faktureringsplan?<\/h3><span class=\"faq-item__icon\" aria-hidden=\"true\"><\/span><\/button><\/div><div class=\"faq-item__content\" id=\"faq-item-5\"><div class=\"faq-item__answer\">Planer som faktureras \u00e5rligen kan endast uppgraderas till en h\u00f6gre niv\u00e5 (t.ex. Fr\u00e5n Essential till Expert-planen). Det \u00e4r inte m\u00f6jligt att nedgradera till en l\u00e4gre niv\u00e5 p\u00e5 \u00e5rlig fakturering.<\/div><\/div><\/div><div class=\"faq-item\" data-faq-item=\"6\"><div class=\"faq-item__header\"><button class=\"faq-item__question\" aria-expanded=\"false\" aria-controls=\"faq-item-6\"><h3 class=\"faq-item__question-text\">Hur kan jag anv\u00e4nda CloudTalk p\u00e5 n\u00e5got annat s\u00e4tt?<\/h3><span class=\"faq-item__icon\" aria-hidden=\"true\"><\/span><\/button><\/div><div class=\"faq-item__content\" id=\"faq-item-6\"><div class=\"faq-item__answer\">CloudTalk kan anv\u00e4ndas p\u00e5 m\u00e5nga olika s\u00e4tt: f\u00f6r kundsupport, som kontaktcenter eller helt enkelt som ett allt-i-ett virtuellt telefonsystem. V\u00e5r l\u00f6sning \u00e4r ocks\u00e5 perfekt f\u00f6r f\u00f6retag som driver olika e-handelsplattformar samtidigt, eftersom m\u00f6jligheten att skapa separata kundsupportkanaler kan g\u00f6ra hela skillnaden.<\/div><\/div><\/div><div class=\"faq-item\" data-faq-item=\"7\"><div class=\"faq-item__header\"><button class=\"faq-item__question\" aria-expanded=\"false\" aria-controls=\"faq-item-7\"><h3 class=\"faq-item__question-text\">Hur \u00e4r det med datas\u00e4kerheten?<\/h3><span class=\"faq-item__icon\" aria-hidden=\"true\"><\/span><\/button><\/div><div class=\"faq-item__content\" id=\"faq-item-7\"><div class=\"faq-item__answer\">Din datas\u00e4kerhet \u00e4r v\u00e5r h\u00f6gsta prioritet. CloudTalk \u00e4r certifierat enligt ISO 27001:2013 och PCI-DSS. CloudTalk anv\u00e4nder datacenter fr\u00e5n tredje part med certifieringar enligt industristandard (Tier III+ eller IV, ISO 27001, PCI-DSS).   Alla anl\u00e4ggningar har ett fysiskt skydd. Gr\u00e4nssnittet n\u00e5s via en krypterad SSL-anslutning. Ni\/er kan l\u00e4sa mer p\u00e5 v\u00e5r s\u00e4rskilda <a href=\"https:\/\/test-staging.cloudtalk.io\/sv\/sakerhet-cloudtalk\/\">s\u00e4kerhetssida<\/a>.<\/div><\/div><\/div><\/div><div class=\"faq-block__cta\"><div class=\"faq-block__cta-image\"><img decoding=\"async\" src=\"https:\/\/test-staging.cloudtalk.io\/wp-content\/uploads\/2025\/11\/Avatar-group.png\" alt=\"CTA image\" \/><\/div><div class=\"faq-block__cta-content\"><h3 class=\"faq-block__cta-title\">Har du fortfarande fr\u00e5gor?<\/h3><p class=\"faq-block__cta-description\">Hittar du inte det svar du s\u00f6ker? Prata g\u00e4rna med v\u00e5rt v\u00e4nliga team. <\/p><div class=\"faq-block__cta-button\"><a href=\"\/sv\/boka-en-demo\/\" class=\"btn btn-secondary\">Ta kontakt<\/a><\/div><\/div><\/div><\/div><\/div>","protected":false},"excerpt":{"rendered":"","protected":false},"author":37,"featured_media":0,"parent":0,"menu_order":0,"comment_status":"closed","ping_status":"closed","template":"page-templates\/ct-evo-us_number_page.php","meta":{"_acf_changed":false,"inline_featured_image":false,"footnotes":""},"ct-post-type":[],"class_list":["post-128893","page","type-page","status-publish","hentry"],"acf":[],"_links":{"self":[{"href":"https:\/\/test-staging.cloudtalk.io\/sv\/wp-json\/wp\/v2\/pages\/128893","targetHints":{"allow":["GET"]}}],"collection":[{"href":"https:\/\/test-staging.cloudtalk.io\/sv\/wp-json\/wp\/v2\/pages"}],"about":[{"href":"https:\/\/test-staging.cloudtalk.io\/sv\/wp-json\/wp\/v2\/types\/page"}],"author":[{"embeddable":true,"href":"https:\/\/test-staging.cloudtalk.io\/sv\/wp-json\/wp\/v2\/users\/37"}],"replies":[{"embeddable":true,"href":"https:\/\/test-staging.cloudtalk.io\/sv\/wp-json\/wp\/v2\/comments?post=128893"}],"version-history":[{"count":0,"href":"https:\/\/test-staging.cloudtalk.io\/sv\/wp-json\/wp\/v2\/pages\/128893\/revisions"}],"wp:attachment":[{"href":"https:\/\/test-staging.cloudtalk.io\/sv\/wp-json\/wp\/v2\/media?parent=128893"}],"wp:term":[{"taxonomy":"ct-post-type","embeddable":true,"href":"https:\/\/test-staging.cloudtalk.io\/sv\/wp-json\/wp\/v2\/ct-post-type?post=128893"}],"curies":[{"name":"wp","href":"https:\/\/api.w.org\/{rel}","templated":true}]}}