{"id":298478,"date":"2025-06-11T15:16:39","date_gmt":"2025-06-11T13:16:39","guid":{"rendered":"https:\/\/staging.cloudtalk.io\/integracia-odoo-automatizacia-podnikovych-pracovnych-postupov\/"},"modified":"2025-06-11T15:16:39","modified_gmt":"2025-06-11T13:16:39","slug":"integracia-odoo-automatizacia-podnikovych-pracovnych-postupov","status":"publish","type":"page","link":"https:\/\/test-staging.cloudtalk.io\/sk\/odoo\/","title":{"rendered":"Integr\u00e1cia Odoo | Automatiz\u00e1cia podnikov\u00fdch pracovn\u00fdch postupov"},"content":{"rendered":"","protected":false},"excerpt":{"rendered":"","protected":false},"author":131,"featured_media":0,"parent":0,"menu_order":0,"comment_status":"closed","ping_status":"closed","template":"page-templates\/ct-evo-integration-new.php","meta":{"_acf_changed":false,"inline_featured_image":false,"footnotes":""},"ct-post-type":[],"class_list":["post-298478","page","type-page","status-publish","hentry"],"acf":[],"_links":{"self":[{"href":"https:\/\/test-staging.cloudtalk.io\/sk\/wp-json\/wp\/v2\/pages\/298478","targetHints":{"allow":["GET"]}}],"collection":[{"href":"https:\/\/test-staging.cloudtalk.io\/sk\/wp-json\/wp\/v2\/pages"}],"about":[{"href":"https:\/\/test-staging.cloudtalk.io\/sk\/wp-json\/wp\/v2\/types\/page"}],"author":[{"embeddable":true,"href":"https:\/\/test-staging.cloudtalk.io\/sk\/wp-json\/wp\/v2\/users\/131"}],"replies":[{"embeddable":true,"href":"https:\/\/test-staging.cloudtalk.io\/sk\/wp-json\/wp\/v2\/comments?post=298478"}],"version-history":[{"count":0,"href":"https:\/\/test-staging.cloudtalk.io\/sk\/wp-json\/wp\/v2\/pages\/298478\/revisions"}],"wp:attachment":[{"href":"https:\/\/test-staging.cloudtalk.io\/sk\/wp-json\/wp\/v2\/media?parent=298478"}],"wp:term":[{"taxonomy":"ct-post-type","embeddable":true,"href":"https:\/\/test-staging.cloudtalk.io\/sk\/wp-json\/wp\/v2\/ct-post-type?post=298478"}],"curies":[{"name":"wp","href":"https:\/\/api.w.org\/{rel}","templated":true}]}}