{"id":297154,"date":"2025-05-27T18:02:23","date_gmt":"2025-05-27T16:02:23","guid":{"rendered":"https:\/\/staging.cloudtalk.io\/integracia-telefonneho-systemu-keap-predtym-infusionsoft\/"},"modified":"2025-05-27T18:02:23","modified_gmt":"2025-05-27T16:02:23","slug":"integracia-telefonneho-systemu-keap-predtym-infusionsoft","status":"publish","type":"page","link":"https:\/\/test-staging.cloudtalk.io\/sk\/integracia-telefonneho-systemu-keap-predtym-infusionsoft\/","title":{"rendered":"Integr\u00e1cia telef\u00f3nneho syst\u00e9mu Keap (predt\u00fdm Infusionsoft)"},"content":{"rendered":"","protected":false},"excerpt":{"rendered":"","protected":false},"author":131,"featured_media":0,"parent":0,"menu_order":0,"comment_status":"closed","ping_status":"closed","template":"page-templates\/ct-evo-integration-new.php","meta":{"_acf_changed":false,"inline_featured_image":false,"footnotes":""},"ct-post-type":[],"class_list":["post-297154","page","type-page","status-publish","hentry"],"acf":[],"_links":{"self":[{"href":"https:\/\/test-staging.cloudtalk.io\/sk\/wp-json\/wp\/v2\/pages\/297154","targetHints":{"allow":["GET"]}}],"collection":[{"href":"https:\/\/test-staging.cloudtalk.io\/sk\/wp-json\/wp\/v2\/pages"}],"about":[{"href":"https:\/\/test-staging.cloudtalk.io\/sk\/wp-json\/wp\/v2\/types\/page"}],"author":[{"embeddable":true,"href":"https:\/\/test-staging.cloudtalk.io\/sk\/wp-json\/wp\/v2\/users\/131"}],"replies":[{"embeddable":true,"href":"https:\/\/test-staging.cloudtalk.io\/sk\/wp-json\/wp\/v2\/comments?post=297154"}],"version-history":[{"count":0,"href":"https:\/\/test-staging.cloudtalk.io\/sk\/wp-json\/wp\/v2\/pages\/297154\/revisions"}],"wp:attachment":[{"href":"https:\/\/test-staging.cloudtalk.io\/sk\/wp-json\/wp\/v2\/media?parent=297154"}],"wp:term":[{"taxonomy":"ct-post-type","embeddable":true,"href":"https:\/\/test-staging.cloudtalk.io\/sk\/wp-json\/wp\/v2\/ct-post-type?post=297154"}],"curies":[{"name":"wp","href":"https:\/\/api.w.org\/{rel}","templated":true}]}}