{"id":233149,"date":"2024-08-07T12:37:07","date_gmt":"2024-08-07T10:37:07","guid":{"rendered":"https:\/\/staging.cloudtalk.io\/softphone-vs-hardphone-vsetko-co-potrebujete-vediet\/"},"modified":"2024-08-07T12:38:38","modified_gmt":"2024-08-07T10:38:38","slug":"softphone-vs-hardphone-vsetko-co-potrebujete-vediet","status":"publish","type":"page","link":"https:\/\/test-staging.cloudtalk.io\/sk\/softphone-vs-hardphone-vsetko-co-potrebujete-vediet\/","title":{"rendered":"Softphone vs HardPhone: V\u0161etko, \u010do potrebujete vedie\u0165"},"content":{"rendered":"","protected":false},"excerpt":{"rendered":"","protected":false},"author":130,"featured_media":0,"parent":0,"menu_order":0,"comment_status":"closed","ping_status":"closed","template":"page-templates\/ct-evo-feature_vs_feature.php","meta":{"_acf_changed":false,"inline_featured_image":false,"footnotes":""},"ct-post-type":[],"class_list":["post-233149","page","type-page","status-publish","hentry"],"acf":[],"_links":{"self":[{"href":"https:\/\/test-staging.cloudtalk.io\/sk\/wp-json\/wp\/v2\/pages\/233149","targetHints":{"allow":["GET"]}}],"collection":[{"href":"https:\/\/test-staging.cloudtalk.io\/sk\/wp-json\/wp\/v2\/pages"}],"about":[{"href":"https:\/\/test-staging.cloudtalk.io\/sk\/wp-json\/wp\/v2\/types\/page"}],"author":[{"embeddable":true,"href":"https:\/\/test-staging.cloudtalk.io\/sk\/wp-json\/wp\/v2\/users\/130"}],"replies":[{"embeddable":true,"href":"https:\/\/test-staging.cloudtalk.io\/sk\/wp-json\/wp\/v2\/comments?post=233149"}],"version-history":[{"count":0,"href":"https:\/\/test-staging.cloudtalk.io\/sk\/wp-json\/wp\/v2\/pages\/233149\/revisions"}],"wp:attachment":[{"href":"https:\/\/test-staging.cloudtalk.io\/sk\/wp-json\/wp\/v2\/media?parent=233149"}],"wp:term":[{"taxonomy":"ct-post-type","embeddable":true,"href":"https:\/\/test-staging.cloudtalk.io\/sk\/wp-json\/wp\/v2\/ct-post-type?post=233149"}],"curies":[{"name":"wp","href":"https:\/\/api.w.org\/{rel}","templated":true}]}}