{"id":204938,"date":"2024-03-20T12:30:02","date_gmt":"2024-03-20T10:30:02","guid":{"rendered":"https:\/\/staging.cloudtalk.io\/call-centrum-na-stiahnutie\/"},"modified":"2024-07-16T08:55:02","modified_gmt":"2024-07-16T06:55:02","slug":"call-centrum-na-stiahnutie","status":"publish","type":"page","link":"https:\/\/test-staging.cloudtalk.io\/sk\/call-centrum-na-stiahnutie\/","title":{"rendered":"Call centrum na stiahnutie"},"content":{"rendered":"\n<div class=\"wp-block-group apps-top-section-group\"><div class=\"wp-block-group__inner-container is-layout-constrained wp-block-group-is-layout-constrained\">\n<div class=\"wp-block-group container-fluid\"><div class=\"wp-block-group__inner-container is-layout-constrained wp-block-group-is-layout-constrained\">\n<div class=\"wp-block-columns is-layout-flex wp-container-core-columns-is-layout-9d6595d7 wp-block-columns-is-layout-flex\">\n<div class=\"wp-block-column is-vertically-aligned-center is-layout-flow wp-block-column-is-layout-flow\">\n<p class=\"caption\">Stiahnite si APP e\u0161te dnes<\/p>\n\n\n\n<h1 class=\"wp-block-heading\">Aplik\u00e1cie call centra<\/h1>\n\n\n\n<p>Vyberte si sp\u00f4sob vyu\u017e\u00edvania CloudTalk kontaktn\u00e9ho centra. CloudTalk pon\u00faka v\u0161etky potrebn\u00e9 aplik\u00e1cie, tak\u017ee si pre va\u0161u firmu m\u00f4\u017eete vybra\u0165 to, \u010do v\u00e1m vyhovuje najviac.<\/p>\n<\/div>\n\n\n\n<div class=\"wp-block-column is-layout-flow wp-block-column-is-layout-flow\">\n<div class=\"wp-block-group apps-group\"><div class=\"wp-block-group__inner-container is-layout-constrained wp-block-group-is-layout-constrained\">\n<p>Vyberte si aplik\u00e1ciu<\/p>\n\n\n\n<div class=\"wp-block-ct-evo-hyperlink-group\"><a class=\"wp-block-hyperlink\"      href=\"#cloudtalk-desktop-phone\">\n<div class=\"wp-block-columns is-layout-flex wp-container-core-columns-is-layout-9d6595d7 wp-block-columns-is-layout-flex\">\n<div class=\"wp-block-column is-layout-flow wp-block-column-is-layout-flow\">\n<figure class=\"wp-block-image size-large\"><img loading=\"lazy\" decoding=\"async\" width=\"40\" height=\"40\" src=\"https:\/\/test-staging.cloudtalk.io\/wp-content\/uploads\/2024\/03\/icon-desktop-phone-dp-letters.svg\" alt=\"\" class=\"wp-image-204834\"\/><\/figure>\n<\/div>\n\n\n\n<div class=\"wp-block-column is-layout-flow wp-block-column-is-layout-flow\">\n<p>CloudTalk<br\/>Desktop Phone<\/p>\n<\/div>\n<\/div>\n<\/a><\/div>\n\n\n\n<div class=\"wp-block-ct-evo-hyperlink-group\"><a class=\"wp-block-hyperlink\"      href=\"#cloudtalk-dashboard\">\n<div class=\"wp-block-columns is-layout-flex wp-container-core-columns-is-layout-9d6595d7 wp-block-columns-is-layout-flex\">\n<div class=\"wp-block-column is-layout-flow wp-block-column-is-layout-flow\">\n<figure class=\"wp-block-image size-large\"><img loading=\"lazy\" decoding=\"async\" width=\"40\" height=\"40\" src=\"https:\/\/test-staging.cloudtalk.io\/wp-content\/uploads\/2024\/03\/icon-dashboard-db-letters.svg\" alt=\"\" class=\"wp-image-204847\"\/><\/figure>\n<\/div>\n\n\n\n<div class=\"wp-block-column is-layout-flow wp-block-column-is-layout-flow\">\n<p>CloudTalk<br\/>Dashboard<\/p>\n<\/div>\n<\/div>\n<\/a><\/div>\n\n\n\n<div class=\"wp-block-ct-evo-hyperlink-group\"><a class=\"wp-block-hyperlink\"      href=\"#cloudtalk-mobile-app\">\n<div class=\"wp-block-columns is-layout-flex wp-container-core-columns-is-layout-9d6595d7 wp-block-columns-is-layout-flex\">\n<div class=\"wp-block-column is-layout-flow wp-block-column-is-layout-flow\">\n<figure class=\"wp-block-image size-large\"><img loading=\"lazy\" decoding=\"async\" width=\"40\" height=\"40\" src=\"https:\/\/test-staging.cloudtalk.io\/wp-content\/uploads\/2024\/03\/icon-mobile-app-ma-letters.svg\" alt=\"\" class=\"wp-image-204860\"\/><\/figure>\n<\/div>\n\n\n\n<div class=\"wp-block-column is-layout-flow wp-block-column-is-layout-flow\">\n<p>CloudTalk<br\/>Mobiln\u00e1 aplik\u00e1cia<\/p>\n<\/div>\n<\/div>\n<\/a><\/div>\n<\/div><\/div>\n<\/div>\n<\/div>\n<\/div><\/div>\n<\/div><\/div>\n\n<div class=\"wp-block-group container-fluid apps-image-text\"><div class=\"wp-block-group__inner-container is-layout-constrained wp-block-group-is-layout-constrained\">\n<div class=\"wp-block-columns apps-image-text-single is-layout-flex wp-container-core-columns-is-layout-9d6595d7 wp-block-columns-is-layout-flex\" id=\"cloudtalk-desktop-phone\">\n<div class=\"wp-block-column is-layout-flow wp-block-column-is-layout-flow\">\n<figure class=\"wp-block-image size-large\"><img loading=\"lazy\" decoding=\"async\" width=\"1024\" height=\"671\" src=\"https:\/\/test-staging.cloudtalk.io\/wp-content\/uploads\/2024\/03\/illustration-cloudtalk-pohne-desktop-man-work-1024x671.png\" alt=\"\" class=\"wp-image-204912\" srcset=\"https:\/\/test-staging.cloudtalk.io\/wp-content\/uploads\/2024\/03\/illustration-cloudtalk-pohne-desktop-man-work-1024x671.png 1024w, https:\/\/test-staging.cloudtalk.io\/wp-content\/uploads\/2024\/03\/illustration-cloudtalk-pohne-desktop-man-work-300x197.png 300w, https:\/\/test-staging.cloudtalk.io\/wp-content\/uploads\/2024\/03\/illustration-cloudtalk-pohne-desktop-man-work-768x503.png 768w, https:\/\/test-staging.cloudtalk.io\/wp-content\/uploads\/2024\/03\/illustration-cloudtalk-pohne-desktop-man-work-1132x742.png 1132w, https:\/\/test-staging.cloudtalk.io\/wp-content\/uploads\/2024\/03\/illustration-cloudtalk-pohne-desktop-man-work-653x428.png 653w, https:\/\/test-staging.cloudtalk.io\/wp-content\/uploads\/2024\/03\/illustration-cloudtalk-pohne-desktop-man-work-424x278.png 424w, https:\/\/test-staging.cloudtalk.io\/wp-content\/uploads\/2024\/03\/illustration-cloudtalk-pohne-desktop-man-work-172x113.png 172w, https:\/\/test-staging.cloudtalk.io\/wp-content\/uploads\/2024\/03\/illustration-cloudtalk-pohne-desktop-man-work-88x58.png 88w, https:\/\/test-staging.cloudtalk.io\/wp-content\/uploads\/2024\/03\/illustration-cloudtalk-pohne-desktop-man-work.png 1294w\" sizes=\"auto, (max-width: 1024px) 100vw, 1024px\" \/><\/figure>\n<\/div>\n\n\n\n<div class=\"wp-block-column is-layout-flow wp-block-column-is-layout-flow\">\n<h2 class=\"wp-block-heading get-cloudtalk-phone-app\">Z\u00edskajte slu\u017ebu CloudTalk Phone<br\/>aplik\u00e1cie pre <strong>syst\u00e9m Windows<\/strong><\/h2>\n\n\n\n<p>Volajte a prij\u00edmajte hovory v\u010faka na\u0161ej skvelej desktopovej aplik\u00e1cii. CloudTalk aplik\u00e1cie zjednodu\u0161uj\u00fa va\u0161e interakcie so z\u00e1kazn\u00edkmi, a vy sa tak m\u00f4\u017eete s\u00fastredi\u0165 na svoj biznis. Vytvorte efekt\u00edvnej\u0161ie a produkt\u00edvnej\u0161ie kontaktn\u00e9 centrum.<\/p>\n\n\n\n<p>Stiahnite si bezplatn\u00fa aplik\u00e1ciu CloudTalk a zjednodu\u0161te si pr\u00e1cu v call centre.<\/p>\n\n\n\n<div class=\"wp-block-group download-phone-app\"><div class=\"wp-block-group__inner-container is-layout-constrained wp-block-group-is-layout-constrained\">\n<div class=\"wp-block-buttons is-layout-flex wp-block-buttons-is-layout-flex\">\n<div class=\"wp-block-button download-app-button btn-regular\"><a class=\"wp-block-button__link has-white-color has-orange-background-color has-text-color has-background wp-element-button\"      href=\"https:\/\/test-staging.cloudtalk.io\/download\/win\/\" style=\"border-radius:3px\">Stiahnu\u0165<\/a><\/div>\n<\/div>\n\n\n\n<p class=\"has-text-align-left tip\">H\u013ead\u00e1me <a      href=\"https:\/\/test-staging.cloudtalk.io\/download\/win\/\"><strong>Windows<\/strong><\/a>, <a      href=\"https:\/\/test-staging.cloudtalk.io\/download\/mac\/\"><strong>Mac<\/strong><\/a>, <a      href=\"https:\/\/test-staging.cloudtalk.io\/download\/linux\/\"><strong>Linux<\/strong><\/a> alebo <a href=\"https:\/\/phone.cloudtalk.io\/\" target=\"_blank\" rel=\"noreferrer noopener\"><strong>Web<\/strong><\/a> aplik\u00e1cie?<\/p>\n<\/div><\/div>\n<\/div>\n<\/div>\n\n\n\n<div class=\"wp-block-columns apps-image-text-single is-layout-flex wp-container-core-columns-is-layout-9d6595d7 wp-block-columns-is-layout-flex\" id=\"cloudtalk-dashboard\">\n<div class=\"wp-block-column is-layout-flow wp-block-column-is-layout-flow\">\n<h2 class=\"wp-block-heading\">CloudTalk Dashboard<\/h2>\n\n\n\n<p>Nastavte kontaktn\u00e9 centrum vo va\u0161om prehliada\u010di bez probl\u00e9mov u\u017e za 5 min\u00fat. Jednoducho ho prepojte s n\u00e1strojmi, ktor\u00e9 u\u017e pou\u017e\u00edvate. Spravujte v\u0161etky \u010d\u00edsla, oper\u00e1torov, smerovanie hovorov a in\u00e9 inteligentn\u00e9 funkcie na jednom mieste. Poskytujte svojim klientom \u0161pi\u010dkov\u00fa z\u00e1kazn\u00edcku podporu.<\/p>\n\n\n\n<div class=\"wp-block-buttons is-layout-flex wp-block-buttons-is-layout-flex\">\n<div class=\"wp-block-button btn-regular\"><a class=\"wp-block-button__link wp-element-button\" href=\"https:\/\/test-staging.cloudtalk.io\/sk\/14-dnova-bezplatna-skusobna-verzia-cloudtalku\/\">Vysk\u00fa\u0161a\u0165 zdarma<\/a><\/div>\n\n\n\n<div class=\"wp-block-button is-style-ghost btn-regular\"><a class=\"wp-block-button__link wp-element-button\" href=\"https:\/\/test-staging.cloudtalk.io\/sk\/nastroje-call-centra\/\">Viac o funkci\u00e1ch<\/a><\/div>\n<\/div>\n<\/div>\n\n\n\n<div class=\"wp-block-column is-layout-flow wp-block-column-is-layout-flow\">\n<figure class=\"wp-block-image size-large\"><img loading=\"lazy\" decoding=\"async\" width=\"1024\" height=\"671\" src=\"https:\/\/test-staging.cloudtalk.io\/wp-content\/uploads\/2024\/03\/illustartion-cloudtalk-dashboard-woman-work-1024x671.png\" alt=\"\" class=\"wp-image-204925\" srcset=\"https:\/\/test-staging.cloudtalk.io\/wp-content\/uploads\/2024\/03\/illustartion-cloudtalk-dashboard-woman-work-1024x671.png 1024w, https:\/\/test-staging.cloudtalk.io\/wp-content\/uploads\/2024\/03\/illustartion-cloudtalk-dashboard-woman-work-300x197.png 300w, https:\/\/test-staging.cloudtalk.io\/wp-content\/uploads\/2024\/03\/illustartion-cloudtalk-dashboard-woman-work-768x503.png 768w, https:\/\/test-staging.cloudtalk.io\/wp-content\/uploads\/2024\/03\/illustartion-cloudtalk-dashboard-woman-work-1132x742.png 1132w, https:\/\/test-staging.cloudtalk.io\/wp-content\/uploads\/2024\/03\/illustartion-cloudtalk-dashboard-woman-work-653x428.png 653w, https:\/\/test-staging.cloudtalk.io\/wp-content\/uploads\/2024\/03\/illustartion-cloudtalk-dashboard-woman-work-424x278.png 424w, https:\/\/test-staging.cloudtalk.io\/wp-content\/uploads\/2024\/03\/illustartion-cloudtalk-dashboard-woman-work-172x113.png 172w, https:\/\/test-staging.cloudtalk.io\/wp-content\/uploads\/2024\/03\/illustartion-cloudtalk-dashboard-woman-work-88x58.png 88w, https:\/\/test-staging.cloudtalk.io\/wp-content\/uploads\/2024\/03\/illustartion-cloudtalk-dashboard-woman-work.png 1294w\" sizes=\"auto, (max-width: 1024px) 100vw, 1024px\" \/><\/figure>\n<\/div>\n<\/div>\n\n\n\n<div class=\"wp-block-columns apps-image-text-single is-layout-flex wp-container-core-columns-is-layout-9d6595d7 wp-block-columns-is-layout-flex\" id=\"cloudtalk-mobile-app\">\n<div class=\"wp-block-column is-layout-flow wp-block-column-is-layout-flow\">\n<figure class=\"wp-block-image size-large\"><img loading=\"lazy\" decoding=\"async\" width=\"1024\" height=\"671\" src=\"https:\/\/test-staging.cloudtalk.io\/wp-content\/uploads\/2024\/03\/illustration-cloudtalk-go-mobile-app-man-work-1024x671.png\" alt=\"\" class=\"wp-image-204873\" srcset=\"https:\/\/test-staging.cloudtalk.io\/wp-content\/uploads\/2024\/03\/illustration-cloudtalk-go-mobile-app-man-work-1024x671.png 1024w, https:\/\/test-staging.cloudtalk.io\/wp-content\/uploads\/2024\/03\/illustration-cloudtalk-go-mobile-app-man-work-300x197.png 300w, https:\/\/test-staging.cloudtalk.io\/wp-content\/uploads\/2024\/03\/illustration-cloudtalk-go-mobile-app-man-work-768x503.png 768w, https:\/\/test-staging.cloudtalk.io\/wp-content\/uploads\/2024\/03\/illustration-cloudtalk-go-mobile-app-man-work-1132x742.png 1132w, https:\/\/test-staging.cloudtalk.io\/wp-content\/uploads\/2024\/03\/illustration-cloudtalk-go-mobile-app-man-work-653x428.png 653w, https:\/\/test-staging.cloudtalk.io\/wp-content\/uploads\/2024\/03\/illustration-cloudtalk-go-mobile-app-man-work-424x278.png 424w, https:\/\/test-staging.cloudtalk.io\/wp-content\/uploads\/2024\/03\/illustration-cloudtalk-go-mobile-app-man-work-172x113.png 172w, https:\/\/test-staging.cloudtalk.io\/wp-content\/uploads\/2024\/03\/illustration-cloudtalk-go-mobile-app-man-work-88x58.png 88w, https:\/\/test-staging.cloudtalk.io\/wp-content\/uploads\/2024\/03\/illustration-cloudtalk-go-mobile-app-man-work.png 1294w\" sizes=\"auto, (max-width: 1024px) 100vw, 1024px\" \/><\/figure>\n<\/div>\n\n\n\n<div class=\"wp-block-column is-layout-flow wp-block-column-is-layout-flow\">\n<h2 class=\"wp-block-heading\">CloudTalk Go<br\/>mobiln\u00e1 aplik\u00e1cia<\/h2>\n\n\n\n<p>Zosta\u0148te v kontakte so z\u00e1kazn\u00edkmi aj na cest\u00e1ch. CloudTalk Go v\u00e1m umo\u017en\u00ed ma\u0165 vo vrecku prvotriedne medzin\u00e1rodn\u00e9 call centrum. Vybavujte hovory a vybavujte z\u00e1le\u017eitosti kdeko\u013evek a kedyko\u013evek. Aplik\u00e1cie pre iOS aj Android s\u00fa k dispoz\u00edcii na stiahnutie ni\u017e\u0161ie<\/p>\n\n\n\n<div class=\"wp-block-columns download-buttons is-layout-flex wp-container-core-columns-is-layout-9d6595d7 wp-block-columns-is-layout-flex\">\n<div class=\"wp-block-column is-layout-flow wp-block-column-is-layout-flow\">\n<figure class=\"wp-block-image size-full is-resized\"><a href=\"https:\/\/apps.apple.com\/sk\/app\/cloudtalk-go-business-phone\/id1459369621\" target=\"_blank\" rel=\"noopener\"><img loading=\"lazy\" decoding=\"async\" width=\"299\" height=\"88\" src=\"https:\/\/test-staging.cloudtalk.io\/wp-content\/uploads\/2024\/03\/button-cta-app-store-appstore-download.png\" alt=\"\" class=\"wp-image-204899\" style=\"width:185px;height:auto\" srcset=\"https:\/\/test-staging.cloudtalk.io\/wp-content\/uploads\/2024\/03\/button-cta-app-store-appstore-download.png 299w, https:\/\/test-staging.cloudtalk.io\/wp-content\/uploads\/2024\/03\/button-cta-app-store-appstore-download-200x59.png 200w, https:\/\/test-staging.cloudtalk.io\/wp-content\/uploads\/2024\/03\/button-cta-app-store-appstore-download-88x26.png 88w\" sizes=\"auto, (max-width: 299px) 100vw, 299px\" \/><\/a><\/figure>\n<\/div>\n\n\n\n<div class=\"wp-block-column is-layout-flow wp-block-column-is-layout-flow\">\n<figure class=\"wp-block-image size-full\"><a href=\"https:\/\/play.google.com\/store\/download-app\/details?id=io.cloudtalk.go\" target=\"_blank\" rel=\"noopener\"><img loading=\"lazy\" decoding=\"async\" width=\"299\" height=\"88\" src=\"https:\/\/test-staging.cloudtalk.io\/wp-content\/uploads\/2024\/03\/button-cta-google-play-get-it.png\" alt=\"\" class=\"wp-image-204886\" srcset=\"https:\/\/test-staging.cloudtalk.io\/wp-content\/uploads\/2024\/03\/button-cta-google-play-get-it.png 299w, https:\/\/test-staging.cloudtalk.io\/wp-content\/uploads\/2024\/03\/button-cta-google-play-get-it-200x59.png 200w, https:\/\/test-staging.cloudtalk.io\/wp-content\/uploads\/2024\/03\/button-cta-google-play-get-it-88x26.png 88w\" sizes=\"auto, (max-width: 299px) 100vw, 299px\" \/><\/a><\/figure>\n<\/div>\n<\/div>\n<\/div>\n<\/div>\n<\/div><\/div>\n\n<div class=\"wp-block-cover cloudtalk-cta\"><span aria-hidden=\"true\" class=\"wp-block-cover__background has-background-dim-0 has-background-dim\"><\/span><img loading=\"lazy\" decoding=\"async\" width=\"1768\" height=\"444\" class=\"wp-block-cover__image-background wp-image-180291\" alt=\"\" src=\"https:\/\/test-staging.cloudtalk.io\/wp-content\/uploads\/2023\/08\/cs-cta-background.svg\" data-object-fit=\"cover\"\/><div class=\"wp-block-cover__inner-container is-layout-flow wp-block-cover-is-layout-flow\">\n<h2 class=\"wp-block-heading has-text-align-center has-white-color has-text-color\">CloudTalk je rie\u0161enie zalo\u017een\u00e9 na \u00fadajoch pre v\u00fdnimo\u010dn\u00fa z\u00e1kazn\u00edcku sk\u00fasenos\u0165 a inteligencia je jeho k\u013e\u00fa\u010dovou s\u00fa\u010das\u0165ou.<\/h2>\n\n\n\n<p class=\"has-text-align-center has-white-color has-text-color\">Napl\u00e1nujte si e\u0161te dnes demo a presved\u010dte sa sami.<\/p>\n\n\n\n<div class=\"wp-block-buttons is-content-justification-center is-layout-flex wp-container-core-buttons-is-layout-16018d1d wp-block-buttons-is-layout-flex\">\n<div class=\"wp-block-button btn-regular\"><a class=\"wp-block-button__link wp-element-button\" href=\"https:\/\/test-staging.cloudtalk.io\/sk\/vyskusat-demo\/\">Vysk\u00fa\u0161a\u0165 demo<\/a><\/div>\n<\/div>\n<\/div><\/div>\n","protected":false},"excerpt":{"rendered":"<p>Stiahnite si APP e\u0161te dnes Aplik\u00e1cie call centra Vyberte si sp\u00f4sob vyu\u017e\u00edvania CloudTalk kontaktn\u00e9ho centra. CloudTalk pon\u00faka v\u0161etky potrebn\u00e9 aplik\u00e1cie, tak\u017ee si pre va\u0161u firmu m\u00f4\u017eete vybra\u0165 to, \u010do v\u00e1m vyhovuje najviac. Vyberte si aplik\u00e1ciu Z\u00edskajte slu\u017ebu CloudTalk Phoneaplik\u00e1cie pre syst\u00e9m Windows Volajte a prij\u00edmajte hovory v\u010faka na\u0161ej skvelej desktopovej aplik\u00e1cii. CloudTalk aplik\u00e1cie zjednodu\u0161uj\u00fa va\u0161e [&hellip;]<\/p>\n","protected":false},"author":37,"featured_media":0,"parent":0,"menu_order":0,"comment_status":"closed","ping_status":"closed","template":"page-templates\/ct-evo-apps.php","meta":{"_acf_changed":false,"inline_featured_image":false,"footnotes":""},"ct-post-type":[],"class_list":["post-204938","page","type-page","status-publish","hentry"],"acf":[],"_links":{"self":[{"href":"https:\/\/test-staging.cloudtalk.io\/sk\/wp-json\/wp\/v2\/pages\/204938","targetHints":{"allow":["GET"]}}],"collection":[{"href":"https:\/\/test-staging.cloudtalk.io\/sk\/wp-json\/wp\/v2\/pages"}],"about":[{"href":"https:\/\/test-staging.cloudtalk.io\/sk\/wp-json\/wp\/v2\/types\/page"}],"author":[{"embeddable":true,"href":"https:\/\/test-staging.cloudtalk.io\/sk\/wp-json\/wp\/v2\/users\/37"}],"replies":[{"embeddable":true,"href":"https:\/\/test-staging.cloudtalk.io\/sk\/wp-json\/wp\/v2\/comments?post=204938"}],"version-history":[{"count":0,"href":"https:\/\/test-staging.cloudtalk.io\/sk\/wp-json\/wp\/v2\/pages\/204938\/revisions"}],"wp:attachment":[{"href":"https:\/\/test-staging.cloudtalk.io\/sk\/wp-json\/wp\/v2\/media?parent=204938"}],"wp:term":[{"taxonomy":"ct-post-type","embeddable":true,"href":"https:\/\/test-staging.cloudtalk.io\/sk\/wp-json\/wp\/v2\/ct-post-type?post=204938"}],"curies":[{"name":"wp","href":"https:\/\/api.w.org\/{rel}","templated":true}]}}