{"id":137035,"date":"2021-12-16T10:41:00","date_gmt":"2021-12-16T08:41:00","guid":{"rendered":"https:\/\/staging.cloudtalk.io\/14-dnova-bezplatna-skusobna-verzia-cloudtalku\/"},"modified":"2026-01-12T22:57:34","modified_gmt":"2026-01-12T20:57:34","slug":"signup","status":"publish","type":"page","link":"https:\/\/test-staging.cloudtalk.io\/sk\/14-dnova-bezplatna-skusobna-verzia-cloudtalku\/","title":{"rendered":"CloudTalk 14-d\u0148ov\u00e1 bezplatn\u00e1 sk\u00fa\u0161obn\u00e1 verzia"},"content":{"rendered":"\n<div class=\"wp-block-group signup-light\"><div class=\"wp-block-group__inner-container is-layout-constrained wp-block-group-is-layout-constrained\">\n<div class=\"wp-block-group container-fluid\"><div class=\"wp-block-group__inner-container is-layout-constrained wp-block-group-is-layout-constrained\">\n<figure class=\"wp-block-image size-large signup-ab-logo\"><img loading=\"lazy\" decoding=\"async\" width=\"1043\" height=\"124\" src=\"https:\/\/test-staging.cloudtalk.io\/wp-content\/uploads\/2023\/04\/cloudtalk-logo-blue.svg\" alt=\"\" class=\"wp-image-165066\"\/><\/figure>\n\n\n\n<div class=\"wp-block-group container-fluid\"><div class=\"wp-block-group__inner-container is-layout-constrained wp-block-group-is-layout-constrained\">\n<figure class=\"wp-block-image size-full signup-light-logo\"><img loading=\"lazy\" decoding=\"async\" width=\"1043\" height=\"124\" src=\"https:\/\/test-staging.cloudtalk.io\/wp-content\/uploads\/2023\/04\/cloudtalk-logo-blue.svg\" alt=\"\" class=\"wp-image-165066\"\/><\/figure>\n\n\n\n<div class=\"wp-block-group signup-light-content\"><div class=\"wp-block-group__inner-container is-layout-constrained wp-block-group-is-layout-constrained\">\n<h1 class=\"wp-block-heading\">\ud83d\udc4b 14-d\u0148ov\u00e9 bezplatn\u00e9 sk\u00fa\u0161obn\u00e9 obdobie<\/h1>\n\n\n\n<div class=\"wp-block-columns is-layout-flex wp-container-core-columns-is-layout-9d6595d7 wp-block-columns-is-layout-flex\">\n<div class=\"wp-block-column is-layout-flow wp-block-column-is-layout-flow\">\n<p>1 \u010d\u00edslo<\/p>\n<\/div>\n\n\n\n<div class=\"wp-block-column is-layout-flow wp-block-column-is-layout-flow\">\n<p>5 USD Kredit<\/p>\n<\/div>\n\n\n\n<div class=\"wp-block-column is-layout-flow wp-block-column-is-layout-flow\">\n<p>Nevy\u017eaduje sa kreditn\u00e1 karta<\/p>\n<\/div>\n<\/div>\n\n\n<div data-app=\"forms\" data-form-id=\"312916\" data-form-title=\"Signup\"><\/div>\n<\/div><\/div>\n<\/div><\/div>\n<\/div><\/div>\n<\/div><\/div>\n","protected":false},"excerpt":{"rendered":"<p>\ud83d\udc4b 14-d\u0148ov\u00e9 bezplatn\u00e9 sk\u00fa\u0161obn\u00e9 obdobie 1 \u010d\u00edslo 5 USD Kredit Nevy\u017eaduje sa kreditn\u00e1 karta<\/p>\n","protected":false},"author":37,"featured_media":0,"parent":0,"menu_order":0,"comment_status":"closed","ping_status":"closed","template":"page-templates\/ct-evo-signup.php","meta":{"_acf_changed":false,"inline_featured_image":false,"footnotes":""},"ct-post-type":[],"class_list":["post-137035","page","type-page","status-publish","hentry"],"acf":[],"_links":{"self":[{"href":"https:\/\/test-staging.cloudtalk.io\/sk\/wp-json\/wp\/v2\/pages\/137035","targetHints":{"allow":["GET"]}}],"collection":[{"href":"https:\/\/test-staging.cloudtalk.io\/sk\/wp-json\/wp\/v2\/pages"}],"about":[{"href":"https:\/\/test-staging.cloudtalk.io\/sk\/wp-json\/wp\/v2\/types\/page"}],"author":[{"embeddable":true,"href":"https:\/\/test-staging.cloudtalk.io\/sk\/wp-json\/wp\/v2\/users\/37"}],"replies":[{"embeddable":true,"href":"https:\/\/test-staging.cloudtalk.io\/sk\/wp-json\/wp\/v2\/comments?post=137035"}],"version-history":[{"count":0,"href":"https:\/\/test-staging.cloudtalk.io\/sk\/wp-json\/wp\/v2\/pages\/137035\/revisions"}],"wp:attachment":[{"href":"https:\/\/test-staging.cloudtalk.io\/sk\/wp-json\/wp\/v2\/media?parent=137035"}],"wp:term":[{"taxonomy":"ct-post-type","embeddable":true,"href":"https:\/\/test-staging.cloudtalk.io\/sk\/wp-json\/wp\/v2\/ct-post-type?post=137035"}],"curies":[{"name":"wp","href":"https:\/\/api.w.org\/{rel}","templated":true}]}}