{"id":133242,"date":"2021-12-14T17:26:54","date_gmt":"2021-12-14T15:26:54","guid":{"rendered":"https:\/\/staging.cloudtalk.io\/descarca-call-center\/"},"modified":"2024-08-06T19:18:13","modified_gmt":"2024-08-06T17:18:13","slug":"download-app","status":"publish","type":"page","link":"https:\/\/test-staging.cloudtalk.io\/ro\/descarca-call-center\/","title":{"rendered":"Descarc\u0103 Call Center"},"content":{"rendered":"\n<div class=\"wp-block-group apps-top-section-group\"><div class=\"wp-block-group__inner-container is-layout-constrained wp-block-group-is-layout-constrained\">\n<div class=\"wp-block-group container-fluid\"><div class=\"wp-block-group__inner-container is-layout-constrained wp-block-group-is-layout-constrained\">\n<div class=\"wp-block-columns is-layout-flex wp-container-core-columns-is-layout-9d6595d7 wp-block-columns-is-layout-flex\">\n<div class=\"wp-block-column is-vertically-aligned-center is-layout-flow wp-block-column-is-layout-flow\">\n<p class=\"caption\">Desc\u0103rca\u021bi APP ast\u0103zi<\/p>\n\n\n\n<h1 class=\"wp-block-heading\">Aplica\u021bii de call center<\/h1>\n\n\n\n<p>Alege\u021bi cum s\u0103 utiliza\u021bi centrul de contact CloudTalk.\nCloudTalk ofer\u0103 toate aplica\u021biile de care a\u021bi putea avea nevoie, astfel \u00eenc\u00e2t s\u0103 pute\u021bi alege ce func\u021bioneaz\u0103 cel mai bine pentru afacerea dvs. <\/p>\n<\/div>\n\n\n\n<div class=\"wp-block-column is-layout-flow wp-block-column-is-layout-flow\">\n<div class=\"wp-block-group apps-group\"><div class=\"wp-block-group__inner-container is-layout-constrained wp-block-group-is-layout-constrained\">\n<p>Alege\u021bi aplica\u021bia<\/p>\n\n\n\n<div class=\"wp-block-ct-evo-hyperlink-group\"><a class=\"wp-block-hyperlink\"      href=\"#cloudtalk-desktop-phone\">\n<div class=\"wp-block-columns is-layout-flex wp-container-core-columns-is-layout-9d6595d7 wp-block-columns-is-layout-flex\">\n<div class=\"wp-block-column is-layout-flow wp-block-column-is-layout-flow\">\n<figure class=\"wp-block-image size-large\"><img loading=\"lazy\" decoding=\"async\" width=\"40\" height=\"40\" src=\"https:\/\/test-staging.cloudtalk.io\/wp-content\/uploads\/2024\/03\/icon-desktop-phone-dp-letters.svg\" alt=\"\" class=\"wp-image-204834\"\/><\/figure>\n<\/div>\n\n\n\n<div class=\"wp-block-column is-layout-flow wp-block-column-is-layout-flow\">\n<p>CloudTalk<br\/>Telefon de birou<\/p>\n<\/div>\n<\/div>\n<\/a><\/div>\n\n\n\n<div class=\"wp-block-ct-evo-hyperlink-group\"><a class=\"wp-block-hyperlink\"      href=\"#cloudtalk-dashboard\">\n<div class=\"wp-block-columns is-layout-flex wp-container-core-columns-is-layout-9d6595d7 wp-block-columns-is-layout-flex\">\n<div class=\"wp-block-column is-layout-flow wp-block-column-is-layout-flow\">\n<figure class=\"wp-block-image size-large\"><img loading=\"lazy\" decoding=\"async\" width=\"40\" height=\"40\" src=\"https:\/\/test-staging.cloudtalk.io\/wp-content\/uploads\/2024\/03\/icon-dashboard-db-letters.svg\" alt=\"\" class=\"wp-image-204847\"\/><\/figure>\n<\/div>\n\n\n\n<div class=\"wp-block-column is-layout-flow wp-block-column-is-layout-flow\">\n<p>CloudTalk<br\/>Panou de control<\/p>\n<\/div>\n<\/div>\n<\/a><\/div>\n\n\n\n<div class=\"wp-block-ct-evo-hyperlink-group\"><a class=\"wp-block-hyperlink\"      href=\"#cloudtalk-mobile-app\">\n<div class=\"wp-block-columns is-layout-flex wp-container-core-columns-is-layout-9d6595d7 wp-block-columns-is-layout-flex\">\n<div class=\"wp-block-column is-layout-flow wp-block-column-is-layout-flow\">\n<figure class=\"wp-block-image size-large\"><img loading=\"lazy\" decoding=\"async\" width=\"40\" height=\"40\" src=\"https:\/\/test-staging.cloudtalk.io\/wp-content\/uploads\/2024\/03\/icon-mobile-app-ma-letters.svg\" alt=\"\" class=\"wp-image-204860\"\/><\/figure>\n<\/div>\n\n\n\n<div class=\"wp-block-column is-layout-flow wp-block-column-is-layout-flow\">\n<p>CloudTalk<br\/>Aplica\u021bie mobil\u0103<\/p>\n<\/div>\n<\/div>\n<\/a><\/div>\n<\/div><\/div>\n<\/div>\n<\/div>\n<\/div><\/div>\n<\/div><\/div>\n\n<div class=\"wp-block-group container-fluid apps-image-text\"><div class=\"wp-block-group__inner-container is-layout-constrained wp-block-group-is-layout-constrained\">\n<div class=\"wp-block-columns apps-image-text-single is-layout-flex wp-container-core-columns-is-layout-9d6595d7 wp-block-columns-is-layout-flex\" id=\"cloudtalk-desktop-phone\">\n<div class=\"wp-block-column is-layout-flow wp-block-column-is-layout-flow\">\n<figure class=\"wp-block-image size-large\"><img loading=\"lazy\" decoding=\"async\" width=\"1024\" height=\"671\" src=\"https:\/\/test-staging.cloudtalk.io\/wp-content\/uploads\/2024\/03\/illustration-cloudtalk-pohne-desktop-man-work-1024x671.png\" alt=\"\" class=\"wp-image-204912\" srcset=\"https:\/\/test-staging.cloudtalk.io\/wp-content\/uploads\/2024\/03\/illustration-cloudtalk-pohne-desktop-man-work-1024x671.png 1024w, https:\/\/test-staging.cloudtalk.io\/wp-content\/uploads\/2024\/03\/illustration-cloudtalk-pohne-desktop-man-work-300x197.png 300w, https:\/\/test-staging.cloudtalk.io\/wp-content\/uploads\/2024\/03\/illustration-cloudtalk-pohne-desktop-man-work-768x503.png 768w, https:\/\/test-staging.cloudtalk.io\/wp-content\/uploads\/2024\/03\/illustration-cloudtalk-pohne-desktop-man-work-1132x742.png 1132w, https:\/\/test-staging.cloudtalk.io\/wp-content\/uploads\/2024\/03\/illustration-cloudtalk-pohne-desktop-man-work-653x428.png 653w, https:\/\/test-staging.cloudtalk.io\/wp-content\/uploads\/2024\/03\/illustration-cloudtalk-pohne-desktop-man-work-424x278.png 424w, https:\/\/test-staging.cloudtalk.io\/wp-content\/uploads\/2024\/03\/illustration-cloudtalk-pohne-desktop-man-work-172x113.png 172w, https:\/\/test-staging.cloudtalk.io\/wp-content\/uploads\/2024\/03\/illustration-cloudtalk-pohne-desktop-man-work-88x58.png 88w, https:\/\/test-staging.cloudtalk.io\/wp-content\/uploads\/2024\/03\/illustration-cloudtalk-pohne-desktop-man-work.png 1294w\" sizes=\"auto, (max-width: 1024px) 100vw, 1024px\" \/><\/figure>\n<\/div>\n\n\n\n<div class=\"wp-block-column is-layout-flow wp-block-column-is-layout-flow\">\n<h2 class=\"wp-block-heading get-cloudtalk-phone-app\">Ob\u021bine\u021bi aplica\u021bia CloudTalk Phone<br\/>pentru <strong>Windows<\/strong><\/h2>\n\n\n\n<p>Efectua\u021bi \u0219i primi\u021bi apeluri utiliz\u00e2nd aplica\u021bia noastr\u0103 desktop minunat\u0103.\nAplica\u021biile CloudTalk simplific\u0103 modul \u00een care interac\u021biona\u021bi cu clien\u021bii dvs., astfel \u00eenc\u00e2t s\u0103 v\u0103 pute\u021bi concentra pe afacerea dvs.\nFace\u021bi centrul dvs. de contact mai eficient \u0219i mai productiv.  <\/p>\n\n\n\n<p>Descarc\u0103 gratuit aplica\u021bia CloudTalk \u0219i simplific\u0103 experien\u021ba ta de call center.<\/p>\n\n\n\n<div class=\"wp-block-group download-phone-app\"><div class=\"wp-block-group__inner-container is-layout-constrained wp-block-group-is-layout-constrained\">\n<div class=\"wp-block-buttons is-layout-flex wp-block-buttons-is-layout-flex\">\n<div class=\"wp-block-button download-app-button btn-regular\"><a class=\"wp-block-button__link has-white-color has-orange-background-color has-text-color has-background wp-element-button\"      href=\"https:\/\/test-staging.cloudtalk.io\/download\/win\/\" style=\"border-radius:3px\">Descarc\u0103<\/a><\/div>\n<\/div>\n\n\n\n<p class=\"has-text-align-left tip\">C\u0103uta\u021bi <a      href=\"https:\/\/test-staging.cloudtalk.io\/download\/win\/\"><strong>ferestre<\/strong><\/a>, <a      href=\"https:\/\/test-staging.cloudtalk.io\/download\/mac\/\"><strong>Mac<\/strong><\/a>, <a      href=\"https:\/\/test-staging.cloudtalk.io\/download\/linux\/\"><strong>Linux<\/strong><\/a> sau <a href=\"https:\/\/phone.cloudtalk.io\/\" target=\"_blank\" rel=\"noreferrer noopener\"><strong>Web<\/strong><\/a> aplica\u021bii?<\/p>\n<\/div><\/div>\n<\/div>\n<\/div>\n\n\n\n<div class=\"wp-block-columns apps-image-text-single is-layout-flex wp-container-core-columns-is-layout-9d6595d7 wp-block-columns-is-layout-flex\" id=\"cloudtalk-dashboard\">\n<div class=\"wp-block-column is-layout-flow wp-block-column-is-layout-flow\">\n<h2 class=\"wp-block-heading\">Panou de control CloudTalk<\/h2>\n\n\n\n<p>Configura\u021bi f\u0103r\u0103 probleme centrul dvs. de contact din browserul web \u00een doar 5 minute.\nIntegra\u021bi-l cu u\u0219urin\u021b\u0103 cu instrumentele pe care le utiliza\u021bi deja.\nGestiona\u021bi toate numerele, agen\u021bii, rutarea apelurilor \u0219i alte caracteristici inteligente \u00eentr-un singur loc.\nOferi\u021bi asisten\u021b\u0103 excep\u021bional\u0103 clien\u021bilor dvs.   <\/p>\n\n\n\n<div class=\"wp-block-buttons is-layout-flex wp-block-buttons-is-layout-flex\">\n<div class=\"wp-block-button btn-regular\"><a class=\"wp-block-button__link wp-element-button\" href=\"https:\/\/test-staging.cloudtalk.io\/ro\/perioada-de-incercare-cloudtalk-14-zile\/\">\u00cencearc\u0103 gratuit<\/a><\/div>\n\n\n\n<div class=\"wp-block-button is-style-ghost btn-regular\"><a class=\"wp-block-button__link wp-element-button\" href=\"https:\/\/test-staging.cloudtalk.io\/ro\/instrumente-de-call-center\/\">Mai multe despre caracteristici<\/a><\/div>\n<\/div>\n<\/div>\n\n\n\n<div class=\"wp-block-column is-layout-flow wp-block-column-is-layout-flow\">\n<figure class=\"wp-block-image size-large\"><img loading=\"lazy\" decoding=\"async\" width=\"1024\" height=\"671\" src=\"https:\/\/test-staging.cloudtalk.io\/wp-content\/uploads\/2024\/03\/illustartion-cloudtalk-dashboard-woman-work-1024x671.png\" alt=\"\" class=\"wp-image-204925\" srcset=\"https:\/\/test-staging.cloudtalk.io\/wp-content\/uploads\/2024\/03\/illustartion-cloudtalk-dashboard-woman-work-1024x671.png 1024w, https:\/\/test-staging.cloudtalk.io\/wp-content\/uploads\/2024\/03\/illustartion-cloudtalk-dashboard-woman-work-300x197.png 300w, https:\/\/test-staging.cloudtalk.io\/wp-content\/uploads\/2024\/03\/illustartion-cloudtalk-dashboard-woman-work-768x503.png 768w, https:\/\/test-staging.cloudtalk.io\/wp-content\/uploads\/2024\/03\/illustartion-cloudtalk-dashboard-woman-work-1132x742.png 1132w, https:\/\/test-staging.cloudtalk.io\/wp-content\/uploads\/2024\/03\/illustartion-cloudtalk-dashboard-woman-work-653x428.png 653w, https:\/\/test-staging.cloudtalk.io\/wp-content\/uploads\/2024\/03\/illustartion-cloudtalk-dashboard-woman-work-424x278.png 424w, https:\/\/test-staging.cloudtalk.io\/wp-content\/uploads\/2024\/03\/illustartion-cloudtalk-dashboard-woman-work-172x113.png 172w, https:\/\/test-staging.cloudtalk.io\/wp-content\/uploads\/2024\/03\/illustartion-cloudtalk-dashboard-woman-work-88x58.png 88w, https:\/\/test-staging.cloudtalk.io\/wp-content\/uploads\/2024\/03\/illustartion-cloudtalk-dashboard-woman-work.png 1294w\" sizes=\"auto, (max-width: 1024px) 100vw, 1024px\" \/><\/figure>\n<\/div>\n<\/div>\n\n\n\n<div class=\"wp-block-columns apps-image-text-single is-layout-flex wp-container-core-columns-is-layout-9d6595d7 wp-block-columns-is-layout-flex\" id=\"cloudtalk-mobile-app\">\n<div class=\"wp-block-column is-layout-flow wp-block-column-is-layout-flow\">\n<figure class=\"wp-block-image size-large\"><img loading=\"lazy\" decoding=\"async\" width=\"1024\" height=\"671\" src=\"https:\/\/test-staging.cloudtalk.io\/wp-content\/uploads\/2024\/03\/illustration-cloudtalk-go-mobile-app-man-work-1024x671.png\" alt=\"\" class=\"wp-image-204873\" srcset=\"https:\/\/test-staging.cloudtalk.io\/wp-content\/uploads\/2024\/03\/illustration-cloudtalk-go-mobile-app-man-work-1024x671.png 1024w, https:\/\/test-staging.cloudtalk.io\/wp-content\/uploads\/2024\/03\/illustration-cloudtalk-go-mobile-app-man-work-300x197.png 300w, https:\/\/test-staging.cloudtalk.io\/wp-content\/uploads\/2024\/03\/illustration-cloudtalk-go-mobile-app-man-work-768x503.png 768w, https:\/\/test-staging.cloudtalk.io\/wp-content\/uploads\/2024\/03\/illustration-cloudtalk-go-mobile-app-man-work-1132x742.png 1132w, https:\/\/test-staging.cloudtalk.io\/wp-content\/uploads\/2024\/03\/illustration-cloudtalk-go-mobile-app-man-work-653x428.png 653w, https:\/\/test-staging.cloudtalk.io\/wp-content\/uploads\/2024\/03\/illustration-cloudtalk-go-mobile-app-man-work-424x278.png 424w, https:\/\/test-staging.cloudtalk.io\/wp-content\/uploads\/2024\/03\/illustration-cloudtalk-go-mobile-app-man-work-172x113.png 172w, https:\/\/test-staging.cloudtalk.io\/wp-content\/uploads\/2024\/03\/illustration-cloudtalk-go-mobile-app-man-work-88x58.png 88w, https:\/\/test-staging.cloudtalk.io\/wp-content\/uploads\/2024\/03\/illustration-cloudtalk-go-mobile-app-man-work.png 1294w\" sizes=\"auto, (max-width: 1024px) 100vw, 1024px\" \/><\/figure>\n<\/div>\n\n\n\n<div class=\"wp-block-column is-layout-flow wp-block-column-is-layout-flow\">\n<h2 class=\"wp-block-heading\">CloudTalk Go<br\/>aplica\u021bie mobil\u0103<\/h2>\n\n\n\n<p>R\u0103m\u00e2ne\u021bi conectat la clien\u021bii dvs. \u00een timp ce v\u0103 deplasa\u021bi.\nCloudTalk Go v\u0103 permite s\u0103 ave\u021bi \u00een buzunar un call center interna\u021bional de prim\u0103 clas\u0103.\nGestiona\u021bi apelurile \u0219i face\u021bi afaceri oriunde, oric\u00e2nd.\nAplica\u021biile iOS \u0219i Android sunt disponibile pentru desc\u0103rcare mai jos.   <\/p>\n\n\n\n<div class=\"wp-block-columns download-buttons is-layout-flex wp-container-core-columns-is-layout-9d6595d7 wp-block-columns-is-layout-flex\">\n<div class=\"wp-block-column is-layout-flow wp-block-column-is-layout-flow\">\n<figure class=\"wp-block-image size-full is-resized\"><a href=\"https:\/\/apps.apple.com\/sk\/app\/cloudtalk-go-business-phone\/id1459369621\" target=\"_blank\" rel=\"noopener\"><img loading=\"lazy\" decoding=\"async\" width=\"299\" height=\"88\" src=\"https:\/\/test-staging.cloudtalk.io\/wp-content\/uploads\/2024\/03\/button-cta-app-store-appstore-download.png\" alt=\"\" class=\"wp-image-204899\" style=\"width:185px;height:auto\" srcset=\"https:\/\/test-staging.cloudtalk.io\/wp-content\/uploads\/2024\/03\/button-cta-app-store-appstore-download.png 299w, https:\/\/test-staging.cloudtalk.io\/wp-content\/uploads\/2024\/03\/button-cta-app-store-appstore-download-200x59.png 200w, https:\/\/test-staging.cloudtalk.io\/wp-content\/uploads\/2024\/03\/button-cta-app-store-appstore-download-88x26.png 88w\" sizes=\"auto, (max-width: 299px) 100vw, 299px\" \/><\/a><\/figure>\n<\/div>\n\n\n\n<div class=\"wp-block-column is-layout-flow wp-block-column-is-layout-flow\">\n<figure class=\"wp-block-image size-full\"><a href=\"https:\/\/play.google.com\/store\/download-app\/details?id=io.cloudtalk.go\" target=\"_blank\" rel=\"noopener\"><img loading=\"lazy\" decoding=\"async\" width=\"299\" height=\"88\" src=\"https:\/\/test-staging.cloudtalk.io\/wp-content\/uploads\/2024\/03\/button-cta-google-play-get-it.png\" alt=\"\" class=\"wp-image-204886\" srcset=\"https:\/\/test-staging.cloudtalk.io\/wp-content\/uploads\/2024\/03\/button-cta-google-play-get-it.png 299w, https:\/\/test-staging.cloudtalk.io\/wp-content\/uploads\/2024\/03\/button-cta-google-play-get-it-200x59.png 200w, https:\/\/test-staging.cloudtalk.io\/wp-content\/uploads\/2024\/03\/button-cta-google-play-get-it-88x26.png 88w\" sizes=\"auto, (max-width: 299px) 100vw, 299px\" \/><\/a><\/figure>\n<\/div>\n<\/div>\n<\/div>\n<\/div>\n<\/div><\/div>\n\n<div class=\"wp-block-cover cloudtalk-cta\"><span aria-hidden=\"true\" class=\"wp-block-cover__background has-background-dim-0 has-background-dim\"><\/span><img loading=\"lazy\" decoding=\"async\" width=\"1768\" height=\"444\" class=\"wp-block-cover__image-background wp-image-180291\" alt=\"\" src=\"https:\/\/test-staging.cloudtalk.io\/wp-content\/uploads\/2023\/08\/cs-cta-background.svg\" data-object-fit=\"cover\"\/><div class=\"wp-block-cover__inner-container is-layout-flow wp-block-cover-is-layout-flow\">\n<h2 class=\"wp-block-heading has-text-align-center has-white-color has-text-color\">CloudTalk este o solu\u021bie bazat\u0103 pe date pentru o experien\u021b\u0103 excep\u021bional\u0103 a clien\u021bilor, iar inteligen\u021ba este o parte esen\u021bial\u0103 a acesteia.<\/h2>\n\n\n\n<p class=\"has-text-align-center has-white-color has-text-color\">Programeaz\u0103 o demonstra\u021bie ast\u0103zi \u0219i descoper\u0103 singur.<\/p>\n\n\n\n<div class=\"wp-block-buttons is-content-justification-center is-layout-flex wp-container-core-buttons-is-layout-16018d1d wp-block-buttons-is-layout-flex\">\n<div class=\"wp-block-button btn-regular\"><a class=\"wp-block-button__link wp-element-button\" href=\"https:\/\/test-staging.cloudtalk.io\/ro\/programeaza-un-demo\/\">Programeaz\u0103 un demo<\/a><\/div>\n<\/div>\n<\/div><\/div>\n","protected":false},"excerpt":{"rendered":"<p>Desc\u0103rca\u021bi APP ast\u0103zi Aplica\u021bii de call center Alege\u021bi cum s\u0103 utiliza\u021bi centrul de contact CloudTalk. CloudTalk ofer\u0103 toate aplica\u021biile de care a\u021bi putea avea nevoie, astfel \u00eenc\u00e2t s\u0103 pute\u021bi alege ce func\u021bioneaz\u0103 cel mai bine pentru afacerea dvs. Alege\u021bi aplica\u021bia Ob\u021bine\u021bi aplica\u021bia CloudTalk Phonepentru Windows Efectua\u021bi \u0219i primi\u021bi apeluri utiliz\u00e2nd aplica\u021bia noastr\u0103 desktop minunat\u0103. Aplica\u021biile [&hellip;]<\/p>\n","protected":false},"author":37,"featured_media":0,"parent":0,"menu_order":0,"comment_status":"closed","ping_status":"closed","template":"page-templates\/ct-evo-apps.php","meta":{"_acf_changed":false,"inline_featured_image":false,"footnotes":""},"ct-post-type":[],"class_list":["post-133242","page","type-page","status-publish","hentry"],"acf":[],"_links":{"self":[{"href":"https:\/\/test-staging.cloudtalk.io\/ro\/wp-json\/wp\/v2\/pages\/133242","targetHints":{"allow":["GET"]}}],"collection":[{"href":"https:\/\/test-staging.cloudtalk.io\/ro\/wp-json\/wp\/v2\/pages"}],"about":[{"href":"https:\/\/test-staging.cloudtalk.io\/ro\/wp-json\/wp\/v2\/types\/page"}],"author":[{"embeddable":true,"href":"https:\/\/test-staging.cloudtalk.io\/ro\/wp-json\/wp\/v2\/users\/37"}],"replies":[{"embeddable":true,"href":"https:\/\/test-staging.cloudtalk.io\/ro\/wp-json\/wp\/v2\/comments?post=133242"}],"version-history":[{"count":0,"href":"https:\/\/test-staging.cloudtalk.io\/ro\/wp-json\/wp\/v2\/pages\/133242\/revisions"}],"wp:attachment":[{"href":"https:\/\/test-staging.cloudtalk.io\/ro\/wp-json\/wp\/v2\/media?parent=133242"}],"wp:term":[{"taxonomy":"ct-post-type","embeddable":true,"href":"https:\/\/test-staging.cloudtalk.io\/ro\/wp-json\/wp\/v2\/ct-post-type?post=133242"}],"curies":[{"name":"wp","href":"https:\/\/api.w.org\/{rel}","templated":true}]}}