{"id":133155,"date":"2021-12-16T10:41:00","date_gmt":"2021-12-16T08:41:00","guid":{"rendered":"https:\/\/staging.cloudtalk.io\/perioada-de-incercare-cloudtalk-14-zile\/"},"modified":"2026-01-12T23:55:03","modified_gmt":"2026-01-12T21:55:03","slug":"signup","status":"publish","type":"page","link":"https:\/\/test-staging.cloudtalk.io\/ro\/perioada-de-incercare-cloudtalk-14-zile\/","title":{"rendered":"CloudTalk 14 zile de \u00eencercare gratuit\u0103"},"content":{"rendered":"\n<div class=\"wp-block-group signup-light\"><div class=\"wp-block-group__inner-container is-layout-constrained wp-block-group-is-layout-constrained\">\n<div class=\"wp-block-group container-fluid\"><div class=\"wp-block-group__inner-container is-layout-constrained wp-block-group-is-layout-constrained\">\n<figure class=\"wp-block-image size-large signup-ab-logo\"><img loading=\"lazy\" decoding=\"async\" width=\"1043\" height=\"124\" src=\"https:\/\/test-staging.cloudtalk.io\/wp-content\/uploads\/2023\/04\/cloudtalk-logo-blue.svg\" alt=\"\" class=\"wp-image-165066\"\/><\/figure>\n\n\n\n<div class=\"wp-block-group container-fluid\"><div class=\"wp-block-group__inner-container is-layout-constrained wp-block-group-is-layout-constrained\">\n<figure class=\"wp-block-image size-full signup-light-logo\"><img loading=\"lazy\" decoding=\"async\" width=\"1043\" height=\"124\" src=\"https:\/\/test-staging.cloudtalk.io\/wp-content\/uploads\/2023\/04\/cloudtalk-logo-blue.svg\" alt=\"\" class=\"wp-image-165066\"\/><\/figure>\n\n\n\n<div class=\"wp-block-group signup-light-content\"><div class=\"wp-block-group__inner-container is-layout-constrained wp-block-group-is-layout-constrained\">\n<h1 class=\"wp-block-heading\">\ud83d\udc4b 14 zile de \u00eencercare gratuit\u0103<\/h1>\n\n\n\n<div class=\"wp-block-columns is-layout-flex wp-container-core-columns-is-layout-9d6595d7 wp-block-columns-is-layout-flex\">\n<div class=\"wp-block-column is-layout-flow wp-block-column-is-layout-flow\">\n<p>1 Num\u0103r<\/p>\n<\/div>\n\n\n\n<div class=\"wp-block-column is-layout-flow wp-block-column-is-layout-flow\">\n<p>Credit de 5<\/p>\n<\/div>\n\n\n\n<div class=\"wp-block-column is-layout-flow wp-block-column-is-layout-flow\">\n<p>Nu este necesar un card de credit<\/p>\n<\/div>\n<\/div>\n\n\n<div data-app=\"forms\" data-form-id=\"312928\" data-form-title=\"Signup\"><\/div>\n<\/div><\/div>\n<\/div><\/div>\n<\/div><\/div>\n<\/div><\/div>\n","protected":false},"excerpt":{"rendered":"<p>\ud83d\udc4b 14 zile de \u00eencercare gratuit\u0103 1 Num\u0103r Credit de 5 Nu este necesar un card de credit<\/p>\n","protected":false},"author":37,"featured_media":0,"parent":0,"menu_order":0,"comment_status":"closed","ping_status":"closed","template":"page-templates\/ct-evo-signup.php","meta":{"_acf_changed":false,"inline_featured_image":false,"footnotes":""},"ct-post-type":[],"class_list":["post-133155","page","type-page","status-publish","hentry"],"acf":[],"_links":{"self":[{"href":"https:\/\/test-staging.cloudtalk.io\/ro\/wp-json\/wp\/v2\/pages\/133155","targetHints":{"allow":["GET"]}}],"collection":[{"href":"https:\/\/test-staging.cloudtalk.io\/ro\/wp-json\/wp\/v2\/pages"}],"about":[{"href":"https:\/\/test-staging.cloudtalk.io\/ro\/wp-json\/wp\/v2\/types\/page"}],"author":[{"embeddable":true,"href":"https:\/\/test-staging.cloudtalk.io\/ro\/wp-json\/wp\/v2\/users\/37"}],"replies":[{"embeddable":true,"href":"https:\/\/test-staging.cloudtalk.io\/ro\/wp-json\/wp\/v2\/comments?post=133155"}],"version-history":[{"count":0,"href":"https:\/\/test-staging.cloudtalk.io\/ro\/wp-json\/wp\/v2\/pages\/133155\/revisions"}],"wp:attachment":[{"href":"https:\/\/test-staging.cloudtalk.io\/ro\/wp-json\/wp\/v2\/media?parent=133155"}],"wp:term":[{"taxonomy":"ct-post-type","embeddable":true,"href":"https:\/\/test-staging.cloudtalk.io\/ro\/wp-json\/wp\/v2\/ct-post-type?post=133155"}],"curies":[{"name":"wp","href":"https:\/\/api.w.org\/{rel}","templated":true}]}}