{"id":131349,"date":"2021-12-13T18:03:38","date_gmt":"2021-12-13T16:03:38","guid":{"rendered":"https:\/\/staging.cloudtalk.io\/contacteaza-ne\/"},"modified":"2025-09-26T19:11:18","modified_gmt":"2025-09-26T17:11:18","slug":"contact","status":"publish","type":"page","link":"https:\/\/test-staging.cloudtalk.io\/ro\/contacteaza-ne\/","title":{"rendered":"Contacteaz\u0103-ne"},"content":{"rendered":"\n<div class=\"wp-block-group contact-top-section-group\"><div class=\"wp-block-group__inner-container is-layout-constrained wp-block-group-is-layout-constrained\">\n<div class=\"wp-block-group container-fluid\"><div class=\"wp-block-group__inner-container is-layout-constrained wp-block-group-is-layout-constrained\">\n<div class=\"wp-block-columns is-layout-flex wp-container-core-columns-is-layout-9d6595d7 wp-block-columns-is-layout-flex\">\n<div class=\"wp-block-column is-vertically-aligned-center is-layout-flow wp-block-column-is-layout-flow\">\n<p class=\"caption\">Contacteaz\u0103-ne<\/p>\n\n\n\n<h1 class=\"wp-block-heading\">Toate contactele<br\/>\u00eentr-un singur loc<\/h1>\n\n\n\n<p>Lua\u021bi leg\u0103tura cu noi \u0219i \u00eentreba\u021bi-ne orice. Diferen\u021ba dintre contabilitate \u0219i eviden\u021b\u0103 contabil\u0103, cum se poate \u00eenfiin\u021ba o companie din Madagascar, ce literatur\u0103 de afaceri prefer\u0103 directorul nostru general &#8211; noi r\u0103spundem la toate. <\/p>\n<\/div>\n\n\n\n<div class=\"wp-block-column is-layout-flow wp-block-column-is-layout-flow\">\n<div class=\"wp-block-group contact-form-group\"><div class=\"wp-block-group__inner-container is-layout-constrained wp-block-group-is-layout-constrained\">\n<p>Trimite\u021bi-ne un mesaj<\/p>\n\n\n\n<!--[if lte IE 8]>\n<script charset=\"utf-8\" type=\"text\/javascript\" src=\"\/\/js.hsforms.net\/forms\/v2-legacy.js\"><\/script>\n<![endif]-->\n<script charset=\"utf-8\" type=\"text\/javascript\" src=\"\/\/js.hsforms.net\/forms\/v2.js\"><\/script>\n<script>\n  hbspt.forms.create({\n\tregion: \"na1\",\n\tportalId: \"6195055\",\n\tformId: \"1916e758-245f-409a-a0bf-64525e178972\",\n        onFormSubmit: function (form)\n                {\n window.dataLayer = window.dataLayer || [];\n                  dataLayer.push({'event': 'contactSubmit', 'email': form.find(\"[name=email]\").val()});\n                }\n});\n<\/script>\n<\/div><\/div>\n<\/div>\n<\/div>\n<\/div><\/div>\n<\/div><\/div>\n\n<div class=\"wp-block-group contact-offices\"><div class=\"wp-block-group__inner-container is-layout-constrained wp-block-group-is-layout-constrained\">\n<div class=\"wp-block-group container-fluid\"><div class=\"wp-block-group__inner-container is-layout-constrained wp-block-group-is-layout-constrained\">\n<div class=\"wp-block-columns is-layout-flex wp-container-core-columns-is-layout-9d6595d7 wp-block-columns-is-layout-flex\">\n<div class=\"wp-block-column is-layout-flow wp-block-column-is-layout-flow\">\n<figure class=\"wp-block-image size-large\"><img loading=\"lazy\" decoding=\"async\" width=\"1024\" height=\"512\" src=\"https:\/\/test-staging.cloudtalk.io\/wp-content\/uploads\/2024\/06\/globe-offices-and-representatives-contact-1024x512.png\" alt=\"\" class=\"wp-image-217493\" srcset=\"https:\/\/test-staging.cloudtalk.io\/wp-content\/uploads\/2024\/06\/globe-offices-and-representatives-contact-1024x512.png 1024w, https:\/\/test-staging.cloudtalk.io\/wp-content\/uploads\/2024\/06\/globe-offices-and-representatives-contact-300x150.png 300w, https:\/\/test-staging.cloudtalk.io\/wp-content\/uploads\/2024\/06\/globe-offices-and-representatives-contact-768x384.png 768w, https:\/\/test-staging.cloudtalk.io\/wp-content\/uploads\/2024\/06\/globe-offices-and-representatives-contact-1536x768.png 1536w, https:\/\/test-staging.cloudtalk.io\/wp-content\/uploads\/2024\/06\/globe-offices-and-representatives-contact-1320x660.png 1320w, https:\/\/test-staging.cloudtalk.io\/wp-content\/uploads\/2024\/06\/globe-offices-and-representatives-contact-760x380.png 760w, https:\/\/test-staging.cloudtalk.io\/wp-content\/uploads\/2024\/06\/globe-offices-and-representatives-contact-424x212.png 424w, https:\/\/test-staging.cloudtalk.io\/wp-content\/uploads\/2024\/06\/globe-offices-and-representatives-contact-200x100.png 200w, https:\/\/test-staging.cloudtalk.io\/wp-content\/uploads\/2024\/06\/globe-offices-and-representatives-contact-88x44.png 88w, https:\/\/test-staging.cloudtalk.io\/wp-content\/uploads\/2024\/06\/globe-offices-and-representatives-contact.png 1740w\" sizes=\"auto, (max-width: 1024px) 100vw, 1024px\" \/><\/figure>\n<\/div>\n\n\n\n<div class=\"wp-block-column is-layout-flow wp-block-column-is-layout-flow\">\n<h2 class=\"wp-block-heading\">Birouri<br\/>&amp; Reprezentan\u021bi<\/h2>\n\n\n\n<div class=\"wp-block-columns is-layout-flex wp-container-core-columns-is-layout-9d6595d7 wp-block-columns-is-layout-flex\">\n<div class=\"wp-block-column is-layout-flow wp-block-column-is-layout-flow\">\n<ul class=\"wp-block-list offices-list-first\">\n<li><span>Toronto, Canada<\/span>\n<div class=\"wp-block-group ct-tooltip\"><div class=\"wp-block-group__inner-container is-layout-constrained wp-block-group-is-layout-constrained\">\n<p><strong>Canada<\/strong><br\/><em>26 Wellington St E Suite 900,<\/em><br\/><em>Toronto, ON M5E 1S2,<\/em><br\/><em>Canada<\/em><br\/><a href=\"tel:\/\/+16477244714\" target=\"_blank\" rel=\"noreferrer noopener\">+1 647 724 4714<\/a><\/p>\n<\/div><\/div>\n<\/li>\n\n\n\n<li><span>New York, SUA<\/span>\n<div class=\"wp-block-group ct-tooltip\"><div class=\"wp-block-group__inner-container is-layout-constrained wp-block-group-is-layout-constrained\">\n<p><strong>Statele Unite<\/strong><br\/>CloudTalk.io Inc.,<br\/>150 West<br\/>25th Street, RM 403<br\/>10001, New York City,<br\/>New York, Statele Unite<br\/><a href=\"tel:\/\/+18884871675\" target=\"_blank\" rel=\"noreferrer noopener\">+1 888-487-1675<\/a><\/p>\n<\/div><\/div>\n<\/li>\n\n\n\n<li><span>Londra, Marea Britanie<\/span>\n<div class=\"wp-block-group ct-tooltip\"><div class=\"wp-block-group__inner-container is-layout-constrained wp-block-group-is-layout-constrained\">\n<p><strong>UK<\/strong><br\/>5 Merchant Sq, <br\/>Londra W2 1AY, <br\/>Regatul Unit<br\/><a href=\"tel:\/\/+442038680167\" target=\"_blank\" rel=\"noreferrer noopener\">+44 20 3868 0167<\/a><\/p>\n<\/div><\/div>\n<\/li>\n\n\n\n<li><span>Mexico City, Mexic<\/span>\n<div class=\"wp-block-group ct-tooltip\"><div class=\"wp-block-group__inner-container is-layout-constrained wp-block-group-is-layout-constrained\">\n<p><strong>Mexic<\/strong><br\/>Anillo Perif. 3720, <br\/>Jardines del Pedregal, \u00c1lvaro Obreg\u00f3n,<br\/>01900 Ciudad de M\u00e9xico, CDMX,<br\/>Mexic <br\/><a href=\"tel:\/\/+525541703698\" target=\"_blank\" rel=\"noreferrer noopener\">+52 55 4170 3698<\/a><\/p>\n<\/div><\/div>\n<\/li>\n\n\n\n<li><span>M\u00fcnchen, Germania<\/span>\n<div class=\"wp-block-group ct-tooltip\"><div class=\"wp-block-group__inner-container is-layout-constrained wp-block-group-is-layout-constrained\">\n<p><strong>Germania<\/strong><br\/>Neuturmstra\u00dfe 5, <br\/>80331 M\u00fcnchen, <br\/>Germania<br\/><a href=\"tel:\/\/+4932221099159\" target=\"_blank\" rel=\"noreferrer noopener\">+49 32 221099159<\/a><\/p>\n<\/div><\/div>\n<\/li>\n<\/ul>\n<\/div>\n\n\n\n<div class=\"wp-block-column is-layout-flow wp-block-column-is-layout-flow\">\n<ul class=\"wp-block-list offices-list-second\">\n<li><span>Barcelona, Spania<\/span>\n<div class=\"wp-block-group ct-tooltip\"><div class=\"wp-block-group__inner-container is-layout-constrained wp-block-group-is-layout-constrained\">\n<p><strong>Spania<\/strong><br\/>Pg. de Gr\u00e0cia, 17, L&#8217;Eixample, <br\/>08007 Barcelona, <br\/>Spania <br\/><a href=\"tel:\/\/+34911987928\" target=\"_blank\" rel=\"noreferrer noopener\">+34 911 98 79 28<\/a><\/p>\n<\/div><\/div>\n<\/li>\n\n\n\n<li><span>Lisabona, Portugalia<\/span>\n<div class=\"wp-block-group ct-tooltip\"><div class=\"wp-block-group__inner-container is-layout-constrained wp-block-group-is-layout-constrained\">\n<p><strong>Portugalia<\/strong><br\/>R. Alexandre Herculano 50,<br\/>1250-011 Lisabona, <br\/>Portugalia<br\/> +55<a href=\"tel:\/\/+551146802723\" target=\"_blank\" rel=\"noreferrer noopener\"> 11 4680-2723<\/a><\/p>\n<\/div><\/div>\n<\/li>\n\n\n\n<li><span>Praga, Cehia<\/span>\n<div class=\"wp-block-group ct-tooltip\"><div class=\"wp-block-group__inner-container is-layout-constrained wp-block-group-is-layout-constrained\">\n<p><strong>Biroul<\/strong> din <strong>Praga<\/strong><br\/>V\u00e1clavsk\u00e9 n\u00e1m. 47<br\/>110 00 Praga<br\/>Republica Ceh\u0103 <br\/><a href=\"tel:\/\/+442038680167\" target=\"_blank\" rel=\"noreferrer noopener\">+44 20 3868 0167<\/a><\/p>\n<\/div><\/div>\n<\/li>\n\n\n\n<li><span>Bratislava, Slovacia<\/span>\n<div class=\"wp-block-group ct-tooltip\"><div class=\"wp-block-group__inner-container is-layout-constrained wp-block-group-is-layout-constrained\">\n<p>Biroul din <strong>Bratislava<\/strong><br\/>Bottova 7939\/2A<br\/>811 09 Bratislava,<br\/>Slovacia<br\/><a href=\"tel:\/\/+442038680167\" target=\"_blank\" rel=\"noreferrer noopener\">+44 20 3868 0167<\/a><\/p>\n<\/div><\/div>\n<\/li>\n<\/ul>\n<\/div>\n<\/div>\n<\/div>\n<\/div>\n<\/div><\/div>\n<\/div><\/div>\n\n<div class=\"wp-block-group our-addresses-group\"><div class=\"wp-block-group__inner-container is-layout-constrained wp-block-group-is-layout-constrained\">\n<div class=\"wp-block-group container-fluid\"><div class=\"wp-block-group__inner-container is-layout-constrained wp-block-group-is-layout-constrained\">\n<h2 class=\"wp-block-heading has-text-align-center\">Adresele noastre<\/h2>\n\n\n\n<div class=\"wp-block-group ct-portfolio\"><div class=\"wp-block-group__inner-container is-layout-constrained wp-block-group-is-layout-constrained\">\n<div class=\"wp-block-group ct-portfolio-gallery\"><div class=\"wp-block-group__inner-container is-layout-constrained wp-block-group-is-layout-constrained\">\n<div class=\"wp-block-group ct-portfolio-item helpdesk\"><div class=\"wp-block-group__inner-container is-layout-constrained wp-block-group-is-layout-constrained\">\n<h6 class=\"wp-block-heading\">Canada HQ<\/h6>\n\n\n\n<p>26 Wellington<br\/>St E Suite 900, <br\/>Toronto, ON M5E 1S2, <br\/>Canada<\/p>\n<\/div><\/div>\n\n\n\n<div class=\"wp-block-group ct-portfolio-item ecommerce\"><div class=\"wp-block-group__inner-container is-layout-constrained wp-block-group-is-layout-constrained\">\n<h6 class=\"wp-block-heading\">America de Nord PO<\/h6>\n\n\n\n<p>CloudTalk.io Inc.,<br\/>150 West<br\/>25th Street, RM 403<br\/>10001, New York City,<br\/>New York, Statele Unite<\/p>\n<\/div><\/div>\n\n\n\n<div class=\"wp-block-group ct-portfolio-item crm\"><div class=\"wp-block-group__inner-container is-layout-constrained wp-block-group-is-layout-constrained\">\n<h6 class=\"wp-block-heading\">Slovacia, UE (facturare)<\/h6>\n\n\n\n<p>Tallerova 4,<br\/>811 02<br\/>Bratislava,<br\/>Slovacia<\/p>\n<\/div><\/div>\n\n\n\n<div class=\"wp-block-group ct-portfolio-item crm\"><div class=\"wp-block-group__inner-container is-layout-constrained wp-block-group-is-layout-constrained\">\n<h6 class=\"wp-block-heading\">Cehia, UE<\/h6>\n\n\n\n<p>N\u00e1m\u011bst\u00ed Republiky 7,<br\/>110 00 Praga,<br\/>Republica Ceh\u0103<\/p>\n<\/div><\/div>\n\n\n\n\n\n\n\n\n<\/div><\/div>\n<\/div><\/div>\n<\/div><\/div>\n<\/div><\/div>\n\n<div class=\"wp-block-group help-group\"><div class=\"wp-block-group__inner-container is-layout-constrained wp-block-group-is-layout-constrained\">\n<div class=\"wp-block-group container-fluid\"><div class=\"wp-block-group__inner-container is-layout-constrained wp-block-group-is-layout-constrained\">\n<div class=\"wp-block-columns is-layout-flex wp-container-core-columns-is-layout-9d6595d7 wp-block-columns-is-layout-flex\">\n<div class=\"wp-block-column is-vertically-aligned-center is-layout-flow wp-block-column-is-layout-flow\">\n<h2 class=\"wp-block-heading\">Suntem aici pentru a v\u0103 ajuta<\/h2>\n\n\n\n<p>Fie c\u0103 sunte\u021bi deja client CloudTalk sau sunte\u021bi pe cale s\u0103 deveni\u021bi, suntem aici pentru dumneavoastr\u0103. Selecta\u021bi departamentul potrivit \u0219i spune\u021bi-ne ce v\u0103 preocup\u0103.<\/p>\n<\/div>\n\n\n\n<div class=\"wp-block-column is-layout-flow wp-block-column-is-layout-flow\">\n<div class=\"wp-block-group email-group\"><div class=\"wp-block-group__inner-container is-layout-constrained wp-block-group-is-layout-constrained\">\n<div class=\"wp-block-ct-evo-hyperlink-group\"><a class=\"wp-block-hyperlink\" href=\"mailto:sales@cloudtalk.io\">\n<h6 class=\"wp-block-heading\">V\u00e2nz\u0103ri<\/h6>\n\n\n\n<p>C\u0103uta\u021bi o solu\u021bie? S\u0103 program\u0103m o discu\u021bie de 15 minute pentru a discuta ce poate face CloudTalk pentru dumneavoastr\u0103.<\/p>\n<\/a><\/div>\n\n\n\n<div class=\"wp-block-buttons is-layout-flex wp-block-buttons-is-layout-flex\">\n<div class=\"wp-block-button btn-small btn-ghost\"><a class=\"wp-block-button__link wp-element-button\" href=\"mailto:sales@cloudtalk.io\">V\u00e2nz\u0103ri de contact \u2192<\/a><\/div>\n<\/div>\n<\/div><\/div>\n\n\n\n<div class=\"wp-block-group email-group\"><div class=\"wp-block-group__inner-container is-layout-constrained wp-block-group-is-layout-constrained\">\n<div class=\"wp-block-ct-evo-hyperlink-group\"><a class=\"wp-block-hyperlink\" href=\"mailto:support@cloudtalk.io\">\n<h6 class=\"wp-block-heading\">Asisten\u021b\u0103 pentru clien\u021bi<\/h6>\n\n\n\n<p>Ai o perioad\u0103 dificil\u0103? Lua\u021bi leg\u0103tura cu echipa noastr\u0103 de asisten\u021b\u0103 pentru clien\u021bi \u0219i ei se vor ocupa de problema dvs. pentru dvs.<\/p>\n<\/a><\/div>\n\n\n\n<div class=\"wp-block-buttons is-layout-flex wp-block-buttons-is-layout-flex\">\n<div class=\"wp-block-button btn-small btn-ghost\"><a class=\"wp-block-button__link wp-element-button\" href=\"mailto:support@cloudtalk.io\">Contacta\u021bi serviciul de asisten\u021b\u0103 pentru clien\u021bi \u2192<\/a><\/div>\n<\/div>\n<\/div><\/div>\n<\/div>\n<\/div>\n<\/div><\/div>\n<\/div><\/div>\n\n<div class=\"wp-block-cover contact-cta\"><img decoding=\"async\" class=\"wp-block-cover__image-background wp-image-170641\" alt=\"\" src=\"https:\/\/test-staging.cloudtalk.io\/wp-content\/uploads\/2023\/08\/cs-cta-background.svg\" data-object-fit=\"cover\"\/><span aria-hidden=\"true\" class=\"wp-block-cover__background has-background-dim-0 has-background-dim\"><\/span><div class=\"wp-block-cover__inner-container is-layout-flow wp-block-cover-is-layout-flow\">\n<h2 class=\"wp-block-heading has-text-align-center has-white-color has-text-color\">CloudTalk este o solu\u021bie bazat\u0103 pe date pentru o experien\u021b\u0103 excep\u021bional\u0103 a clien\u021bilor, iar inteligen\u021ba este o parte esen\u021bial\u0103 a acesteia.<\/h2>\n\n\n\n<p class=\"has-text-align-center has-white-color has-text-color\">Programeaz\u0103 o demonstra\u021bie ast\u0103zi \u0219i descoper\u0103 singur.<\/p>\n\n\n\n<div class=\"wp-block-buttons is-content-justification-center is-layout-flex wp-container-core-buttons-is-layout-16018d1d wp-block-buttons-is-layout-flex\">\n<div class=\"wp-block-button btn-regular\"><a class=\"wp-block-button__link wp-element-button\" href=\"https:\/\/test-staging.cloudtalk.io\/ro\/programeaza-un-demo\/\">Programeaz\u0103 un demo<\/a><\/div>\n<\/div>\n<\/div><\/div>\n","protected":false},"excerpt":{"rendered":"<p>Contacteaz\u0103-ne Toate contactele\u00eentr-un singur loc Lua\u021bi leg\u0103tura cu noi \u0219i \u00eentreba\u021bi-ne orice. Diferen\u021ba dintre contabilitate \u0219i eviden\u021b\u0103 contabil\u0103, cum se poate \u00eenfiin\u021ba o companie din Madagascar, ce literatur\u0103 de afaceri prefer\u0103 directorul nostru general &#8211; noi r\u0103spundem la toate. Trimite\u021bi-ne un mesaj Birouri&amp; Reprezentan\u021bi Adresele noastre Canada HQ 26 WellingtonSt E Suite 900, Toronto, ON [&hellip;]<\/p>\n","protected":false},"author":37,"featured_media":0,"parent":0,"menu_order":0,"comment_status":"closed","ping_status":"closed","template":"page-templates\/ct-evo-contact_page.php","meta":{"_acf_changed":false,"inline_featured_image":false,"footnotes":""},"ct-post-type":[],"class_list":["post-131349","page","type-page","status-publish","hentry"],"acf":[],"_links":{"self":[{"href":"https:\/\/test-staging.cloudtalk.io\/ro\/wp-json\/wp\/v2\/pages\/131349","targetHints":{"allow":["GET"]}}],"collection":[{"href":"https:\/\/test-staging.cloudtalk.io\/ro\/wp-json\/wp\/v2\/pages"}],"about":[{"href":"https:\/\/test-staging.cloudtalk.io\/ro\/wp-json\/wp\/v2\/types\/page"}],"author":[{"embeddable":true,"href":"https:\/\/test-staging.cloudtalk.io\/ro\/wp-json\/wp\/v2\/users\/37"}],"replies":[{"embeddable":true,"href":"https:\/\/test-staging.cloudtalk.io\/ro\/wp-json\/wp\/v2\/comments?post=131349"}],"version-history":[{"count":0,"href":"https:\/\/test-staging.cloudtalk.io\/ro\/wp-json\/wp\/v2\/pages\/131349\/revisions"}],"wp:attachment":[{"href":"https:\/\/test-staging.cloudtalk.io\/ro\/wp-json\/wp\/v2\/media?parent=131349"}],"wp:term":[{"taxonomy":"ct-post-type","embeddable":true,"href":"https:\/\/test-staging.cloudtalk.io\/ro\/wp-json\/wp\/v2\/ct-post-type?post=131349"}],"curies":[{"name":"wp","href":"https:\/\/api.w.org\/{rel}","templated":true}]}}