{"id":130980,"date":"2022-06-22T23:32:51","date_gmt":"2022-06-22T21:32:51","guid":{"rendered":"https:\/\/staging.cloudtalk.io\/100-cuvinte-si-expresii-puternice-pentru-agentii-din-call-center-ul-tau\/"},"modified":"2024-08-06T18:48:39","modified_gmt":"2024-08-06T16:48:39","slug":"100-cuvinte-si-expresii-puternice-pentru-agentii-din-call-center-ul-tau","status":"publish","type":"page","link":"https:\/\/test-staging.cloudtalk.io\/ro\/100-cuvinte-si-expresii-puternice-pentru-agentii-din-call-center-ul-tau\/","title":{"rendered":"100+ cuvinte \u0219i expresii puternice pentru agen\u021bii din call center-ul t\u0103u"},"content":{"rendered":"\n<div class=\"wp-block-group ebook-atf\"><div class=\"wp-block-group__inner-container is-layout-constrained wp-block-group-is-layout-constrained\">\n<div class=\"wp-block-group container-fluid\"><div class=\"wp-block-group__inner-container is-layout-constrained wp-block-group-is-layout-constrained\">\n<div class=\"wp-block-columns is-layout-flex wp-container-core-columns-is-layout-9d6595d7 wp-block-columns-is-layout-flex\">\n<div class=\"wp-block-column is-vertically-aligned-center is-layout-flow wp-block-column-is-layout-flow\">\n<p class=\"caption has-deep-blue-sky-color has-text-color\">E-BOOK GRATUIT<\/p>\n\n\n\n<h1 class=\"wp-block-heading\">Peste 100 de cuvinte \u0219i fraze puternice pentru a \u00eembun\u0103t\u0103\u021bi experien\u021ba clien\u021bilor<\/h1>\n\n\n\n<p>O singur\u0103 fraz\u0103 poate face sau desface o rela\u021bie cu un client.\nOferi\u021bi-le reprezentan\u021bilor serviciului clien\u021bi instrumentele verbale de care au nevoie pentru a men\u021bine clien\u021bii mul\u021bumi\u021bi \u0219i compania dvs. pe verde, cu cele peste 100 de cuvinte \u0219i fraze puternice pentru a \u00eembun\u0103t\u0103\u021bi experien\u021ba clien\u021bilor. <\/p>\n\n\n\n<div class=\"wp-block-buttons is-layout-flex wp-block-buttons-is-layout-flex\">\n<div class=\"wp-block-button popmake-174550\"><a class=\"wp-block-button__link wp-element-button\">Desc\u0103rca\u021bi acum<\/a><\/div>\n<\/div>\n<\/div>\n\n\n\n<div class=\"wp-block-column is-vertically-aligned-center is-layout-flow wp-block-column-is-layout-flow\"><div class=\"wp-block-image\">\n<figure class=\"aligncenter size-large\"><img loading=\"lazy\" decoding=\"async\" width=\"725\" height=\"1024\" src=\"https:\/\/test-staging.cloudtalk.io\/wp-content\/uploads\/2023\/10\/eBook-power-words-and-phrases-725x1024.png\" alt=\"\" class=\"wp-image-185714\" srcset=\"https:\/\/test-staging.cloudtalk.io\/wp-content\/uploads\/2023\/10\/eBook-power-words-and-phrases-725x1024.png 725w, https:\/\/test-staging.cloudtalk.io\/wp-content\/uploads\/2023\/10\/eBook-power-words-and-phrases-213x300.png 213w, https:\/\/test-staging.cloudtalk.io\/wp-content\/uploads\/2023\/10\/eBook-power-words-and-phrases-768x1084.png 768w, https:\/\/test-staging.cloudtalk.io\/wp-content\/uploads\/2023\/10\/eBook-power-words-and-phrases-765x1080.png 765w, https:\/\/test-staging.cloudtalk.io\/wp-content\/uploads\/2023\/10\/eBook-power-words-and-phrases-526x742.png 526w, https:\/\/test-staging.cloudtalk.io\/wp-content\/uploads\/2023\/10\/eBook-power-words-and-phrases-303x428.png 303w, https:\/\/test-staging.cloudtalk.io\/wp-content\/uploads\/2023\/10\/eBook-power-words-and-phrases-300x424.png 300w, https:\/\/test-staging.cloudtalk.io\/wp-content\/uploads\/2023\/10\/eBook-power-words-and-phrases-80x113.png 80w, https:\/\/test-staging.cloudtalk.io\/wp-content\/uploads\/2023\/10\/eBook-power-words-and-phrases-62x88.png 62w, https:\/\/test-staging.cloudtalk.io\/wp-content\/uploads\/2023\/10\/eBook-power-words-and-phrases-288x408.png 288w, https:\/\/test-staging.cloudtalk.io\/wp-content\/uploads\/2023\/10\/eBook-power-words-and-phrases.png 899w\" sizes=\"auto, (max-width: 725px) 100vw, 725px\" \/><\/figure><\/div><\/div>\n<\/div>\n<\/div><\/div>\n<\/div><\/div>\n\n<div class=\"wp-block-group slider-text-panel\"><div class=\"wp-block-group__inner-container is-layout-constrained wp-block-group-is-layout-constrained\">\n<div class=\"wp-block-group container-fluid\"><div class=\"wp-block-group__inner-container is-layout-constrained wp-block-group-is-layout-constrained\">\n<div class=\"wp-block-columns is-layout-flex wp-container-core-columns-is-layout-9d6595d7 wp-block-columns-is-layout-flex\">\n<div class=\"wp-block-column is-layout-flow wp-block-column-is-layout-flow\"><div id='sa_invalid_postid'>Slide Anything shortcode error: A valid ID has not been provided<\/div>\n\n<\/div>\n\n\n\n<div class=\"wp-block-column is-vertically-aligned-center is-layout-flow wp-block-column-is-layout-flow\">\n<h2 class=\"wp-block-heading\"><strong><strong> <\/strong>\u00cen aceast\u0103 carte electronic\u0103, ve\u021bi g\u0103si:<\/strong><\/h2>\n\n\n\n<div class=\"wp-block-group list-group\"><div class=\"wp-block-group__inner-container is-layout-constrained wp-block-group-is-layout-constrained\">\n<ul class=\"icons-circled wp-block-list\">\n<li>Fraze pentru a \u00eent\u00e2mpina clientul, a \u00eencepe o conversa\u021bie, a pune \u00eentreb\u0103ri, a conduce un dialog eficient \u0219i a \u00eencheia interac\u021biunea.<\/li>\n\n\n\n<li>Modalit\u0103\u021bi de a da ve\u0219ti proaste, de a ar\u0103ta compasiune, de a lini\u0219ti un client furios \u0219i de a transforma aspectele negative \u00een pozitive.  <\/li>\n\n\n\n<li>Cuvintele pe care trebuie s\u0103 le evita\u021bi \u00eentotdeauna \u0219i alternativele lor prietenoase cu clien\u021bii pentru a ob\u021bine experien\u021be mai bune.<\/li>\n<\/ul>\n<\/div><\/div>\n<\/div>\n<\/div>\n<\/div><\/div>\n<\/div><\/div>\n\n<div class=\"wp-block-group ct-testimonial\"><div class=\"wp-block-group__inner-container is-layout-constrained wp-block-group-is-layout-constrained\">\n<div class=\"wp-block-group container-extended\"><div class=\"wp-block-group__inner-container is-layout-constrained wp-block-group-is-layout-constrained\"><div class='white' style='background:rgba(0,0,0,0); border:solid 0px rgba(0,0,0,0); border-radius:0px; padding:0px 0px 0px 0px;'>\n<div id='slider_174351' class='owl-carousel sa_owl_theme autohide-arrows' data-slider-id='slider_174351' style='visibility:hidden;'>\n<div id='slider_174351_slide01' class='sa_hover_container' style='padding:0% 0%; margin:0px 0%; background-image:url(&quot;https:\/\/test-staging.cloudtalk.io\/wp-content\/uploads\/2023\/10\/Nokia-testimonial.png&quot;); background-position:center center; background-size:auto; background-repeat:no-repeat; min-height:320px; '><div class=\"ct-testimonial-slide\">\r\n<div class=\"ct-testimonial-slide-text\" style=\"background: #015AFF\">\r\n<p class=\"person-text\">\"Cu ajutorul analizelor CloudTalk, acum pot s\u0103 v\u0103d fiecare pas din acest proces. Putem g\u0103si discrepan\u021be \u00eentre agen\u021bii no\u0219tri \u0219i putem ob\u021bine o \u00een\u021belegere mult mai bun\u0103 a configura\u021biei echipelor noastre.\"<\/p>\r\n<p class=\"person-role\"><strong>Nelly Donnelly<\/strong> Manager de furnizare a serviciilor<\/p>\r\n<a href=\"https:\/\/test-staging.cloudtalk.io\/nokia-customer-story\/\" class=\"nokia case-study-cta\">Vede\u021bi povestea<\/a>\r\n<img decoding=\"async\" class=\"person-bg\" src=\"\/wp-content\/uploads\/2023\/07\/testimonial-nokia-bg.svg\" alt=\"Nokia-bg\" \/><\/div>\r\n<div class=\"ct-testimonial-slide-img-desktop\"><img decoding=\"async\" title=\"Nokia\" src=\"\/wp-content\/uploads\/2023\/08\/testimonial-nokia-logo_photo-2x.png\" alt=\"Nokia\" \/><\/div>\r\n<div class=\"ct-testimonial-slide-img-mobile\"><img decoding=\"async\" title=\"Nokia\" src=\"\/wp-content\/uploads\/2023\/08\/testimonial-nokia-logo_photo-mobile-2x.png\" alt=\"Nokia\" \/><\/div>\r\n<\/div><\/div>\n<div id='slider_174351_slide02' class='sa_hover_container' style='padding:0% 0%; margin:0px 0%; background-image:url(&quot;https:\/\/test-staging.cloudtalk.io\/wp-content\/uploads\/2023\/10\/Glovo-testimonial.png&quot;); background-position:center center; background-size:auto; background-repeat:no-repeat; min-height:320px; '><div class=\"ct-testimonial-slide\">\r\n<div class=\"ct-testimonial-slide-text\" style=\"background: #00A082\">\r\n<p class=\"person-text\">\"CloudTalk a \u00eembun\u0103t\u0103\u021bit costurile \u0219i eficien\u021ba echipei noastre. Func\u021bia de script ne permite s\u0103 conducem apelurile \u00eentr-un mod mult mai sistematic, precum \u0219i toate butoanele de ac\u021biune pentru a declan\u0219a ac\u021biuni direct \u00een backend-ul nostru.\"<\/p>\r\n<p class=\"person-role\"><strong>Yohann Bensadoun<\/strong> Cre\u0219terea global\u0103 a ofertei<\/p>\r\n<a href=\"https:\/\/test-staging.cloudtalk.io\/glovo-customer-story\/\" class=\"glovo case-study-cta\">Vede\u021bi povestea<\/a>\r\n<img decoding=\"async\" class=\"person-bg\" src=\"\/wp-content\/uploads\/2023\/07\/testimonial-glovo-bg.svg\" alt=\"Glovo-bg\" \/><\/div>\r\n<div class=\"ct-testimonial-slide-img-desktop\"><img decoding=\"async\" title=\"Glovo\" src=\"\/wp-content\/uploads\/2023\/08\/testimonial-glovo-logo_photo-2x.png\" alt=\"Glovo\" \/><\/div>\r\n<div class=\"ct-testimonial-slide-img-mobile\"><img decoding=\"async\" title=\"Glovo\" src=\"\/wp-content\/uploads\/2023\/08\/testimonial-glovo-logo_photo-mobile-2x.png\" alt=\"Glovo\" \/><\/div>\r\n<\/div><\/div>\n<div id='slider_174351_slide03' class='sa_hover_container' style='padding:0% 0%; margin:0px 0%; background-image:url(&quot;https:\/\/test-staging.cloudtalk.io\/wp-content\/uploads\/2023\/10\/Discover-cars.png&quot;); background-position:center center; background-size:auto; background-repeat:no-repeat; min-height:320px; '><div class=\"ct-testimonial-slide\">\r\n<div class=\"ct-testimonial-slide-text\" style=\"background: #0A578E\">\r\n<p class=\"person-text\">\"Volumul nostru de apeluri s-a triplat \u00een doar 2 ani, de la aproximativ 10.000 de apeluri la 30.000 pe trimestru, iar cu CloudTalk, putem acum s\u0103 gestion\u0103m cu u\u0219urin\u021b\u0103 toat\u0103 aceast\u0103 comunicare. A fost o alegere excelent\u0103.\"<\/p>\r\n<p class=\"person-role\"><strong>Frederico Lopes<\/strong> \u0218eful Serviciului Clien\u021bi<\/p>\r\n<a href=\"https:\/\/test-staging.cloudtalk.io\/discovercars-customer-story\/\" class=\"discovercars case-study-cta\">Vede\u021bi povestea<\/a>\r\n<img decoding=\"async\" class=\"person-bg\" src=\"\/wp-content\/uploads\/2023\/07\/testimonial-discover_cars-bg.svg\" alt=\"Discover_cars-bg\" \/><\/div>\r\n<div class=\"ct-testimonial-slide-img-desktop\"><img decoding=\"async\" title=\"Discover Cars\" src=\"\/wp-content\/uploads\/2023\/08\/testimonial-discover_cars-logo_photo-2x.png\" alt=\"Discover Cars\" \/><\/div>\r\n<div class=\"ct-testimonial-slide-img-mobile\"><img decoding=\"async\" title=\"Discover Cars\" src=\"\/wp-content\/uploads\/2023\/08\/testimonial-discover_cars-logo_photo-mobile-2x.png\" alt=\"Discover Cars\" \/><\/div>\r\n<\/div><\/div>\n<div id='slider_174351_slide04' class='sa_hover_container' style='padding:0% 0%; margin:0px 0%; background-image:url(&quot;https:\/\/test-staging.cloudtalk.io\/wp-content\/uploads\/2023\/10\/MyHeritage-testimonial.png&quot;); background-position:center center; background-size:auto; background-repeat:no-repeat; min-height:320px; '><div class=\"ct-testimonial-slide\">\r\n<div class=\"ct-testimonial-slide-text\" style=\"background: #DC682C\">\r\n<p class=\"person-text\">\"Am \u00eenregistrat o cre\u0219tere semnificativ\u0103 a volumului de apeluri de ie\u0219ire de c\u00e2nd am \u00eenceput s\u0103 folosim CloudTalk \u0219i acum putem ajunge la mai mul\u021bi poten\u021biali clien\u021bi \u0219i clien\u021bi ca niciodat\u0103.\"<\/p>\r\n<p class=\"person-role\"><strong>Elay Sasson<\/strong> Managerul centrului de apeluri<\/p>\r\n<a href=\"https:\/\/test-staging.cloudtalk.io\/my-heritage-customer-story\/\" class=\"myheritage case-study-cta\">Vede\u021bi povestea<\/a>\r\n<img decoding=\"async\" class=\"person-bg\" src=\"\/wp-content\/uploads\/2023\/07\/testimonial-myheritage-bg.svg\" alt=\"MyHeritage-bg\" \/><\/div>\r\n<div class=\"ct-testimonial-slide-img-desktop\"><img decoding=\"async\" title=\"MyHeritage\" src=\"\/wp-content\/uploads\/2023\/08\/testimonial-myheritage-logo_photo-2x.png\" alt=\"MyHeritage\" \/><\/div>\r\n<div class=\"ct-testimonial-slide-img-mobile\"><img decoding=\"async\" title=\"MyHeritage\" src=\"\/wp-content\/uploads\/2023\/08\/testimonial-myheritage-logo_photo-mobile-2x.png\" alt=\"MyHeritage\" \/><\/div>\r\n<\/div><\/div>\n<div id='slider_174351_slide05' class='sa_hover_container' style='padding:0% 0%; margin:0px 0%; background-image:url(&quot;https:\/\/test-staging.cloudtalk.io\/wp-content\/uploads\/2024\/10\/logo-capitalo-skola-obchodovani.svg&quot;); background-position:center center; background-size:auto; background-repeat:no-repeat; min-height:320px; '><div class=\"ct-testimonial-slide\">\r\n<div class=\"ct-testimonial-slide-text\" style=\"background: #0B5253\">\r\n<p class=\"person-text\">\u201eAI de la CloudTalk ne-a redus analiza calit\u0103\u021bii apelurilor de la 2 ore la 20 de minute zilnic \u0219i a redus clien\u021bii poten\u021biali gre\u0219it direc\u021biona\u021bi cu 24%, permi\u021b\u00e2ndu-ne s\u0103 ne concentr\u0103m pe cre\u0219terea strategic\u0103.\u201d<\/p>\r\n<p class=\"person-role\"><strong>Sara Konickova<\/strong> Manager opera\u021biuni de v\u00e2nz\u0103ri<\/p>\r\n<a href=\"https:\/\/test-staging.cloudtalk.io\/customer-stories\/capitalo\/\" class=\"capitalo case-study-cta\">Vede\u021bi povestea<\/a>\r\n<img decoding=\"async\" class=\"person-bg\" src=\"\/wp-content\/uploads\/2024\/10\/testimonial-capitalo-bg.svg\" alt=\"Capitalo-bg\" \/><\/div>\r\n<div class=\"ct-testimonial-slide-img-desktop\"><img decoding=\"async\" title=\"MyHeritage\" src=\"\/wp-content\/uploads\/2024\/10\/testimonial-capitalo-logo_photo-2x.png\" alt=\"Capitalo\" \/><\/div>\r\n<div class=\"ct-testimonial-slide-img-mobile\"><img decoding=\"async\" title=\"MyHeritage\" src=\"\/wp-content\/uploads\/2024\/10\/testimonial-capitalo-logo_photo-mobile-2x.png\" alt=\"Capitalo\" \/><\/div>\r\n<\/div><\/div>\n<\/div>\n<div id='slider_174351_thumbs' class='sa_owl_thumbs_wrap sa_thumbs_outside_bottom' style=' padding:0%; padding-bottom:0px;'><div class='owl-thumbs' data-slider-id='slider_174351'><div class='owl-thumb-item' style='background-image:url(\"https:\/\/test-staging.cloudtalk.io\/wp-content\/uploads\/2023\/10\/Nokia-testimonial.png\"); width:150px; height:85px; background-position:center center; background-size:auto; background-repeat:no-repeat; opacity:0.5; border:solid 0px transparent' title='Slide 1'><\/div><div class='owl-thumb-item' style='background-image:url(\"https:\/\/test-staging.cloudtalk.io\/wp-content\/uploads\/2023\/10\/Glovo-testimonial.png\"); width:150px; height:85px; background-position:center center; background-size:auto; background-repeat:no-repeat; opacity:0.5; border:solid 0px transparent' title='Slide 2'><\/div><div class='owl-thumb-item' style='background-image:url(\"https:\/\/test-staging.cloudtalk.io\/wp-content\/uploads\/2023\/10\/Discover-cars.png\"); width:150px; height:85px; background-position:center center; background-size:auto; background-repeat:no-repeat; opacity:0.5; border:solid 0px transparent' title='Slide 3'><\/div><div class='owl-thumb-item' style='background-image:url(\"https:\/\/test-staging.cloudtalk.io\/wp-content\/uploads\/2023\/10\/MyHeritage-testimonial.png\"); width:150px; height:85px; background-position:center center; background-size:auto; background-repeat:no-repeat; opacity:0.5; border:solid 0px transparent' title='Slide 4'><\/div><div class='owl-thumb-item' style='background-image:url(\"https:\/\/test-staging.cloudtalk.io\/wp-content\/uploads\/2024\/10\/logo-capitalo-skola-obchodovani.svg\"); width:150px; height:85px; background-position:center center; background-size:auto; background-repeat:no-repeat; opacity:0.5; border:solid 0px transparent' title='Slide 5'><\/div><\/div><\/div>\n<\/div>\n<script type='text\/javascript'>\n\tjQuery(document).ready(function() {\n\t\tjQuery('#slider_174351').owlCarousel({\n\t\t\titems : 1,\n\t\t\tanimateOut : 'fadeOut',\n\t\t\tsmartSpeed : 1000,\n\t\t\tautoplay : true,\n\t\t\tautoplayTimeout : 10000,\n\t\t\tautoplayHoverPause : true,\n\t\t\tsmartSpeed : 1000,\n\t\t\tfluidSpeed : 1000,\n\t\t\tautoplaySpeed : 1000,\n\t\t\tnavSpeed : 1000,\n\t\t\tdotsSpeed : 1000,\n\t\t\tloop : true,\n\t\t\tnav : false,\n\t\t\tnavText : ['Previous','Next'],\n\t\t\tdots : false,\n\t\t\tresponsiveRefreshRate : 200,\n\t\t\tslideBy : 1,\n\t\t\tmergeFit : true,\n\t\t\tautoHeight : false,\n\t\t\tthumbs : true,\n\t\t\tthumbsPrerendered : true,\n\t\t\tmouseDrag : false,\n\t\t\ttouchDrag : false\n\t\t});\n\t\tjQuery('#slider_174351').css('visibility', 'visible');\n\t\tvar cta_203318 = jQuery('#slider_174351');\n\t\tjQuery('#slider_174351').click(function() {\n\t\t\tcta_203318.trigger('next.owl.carousel');\n\t\t});\n\t\tvar owl_goto = jQuery('#slider_174351');\n\t\tjQuery('.slider_174351_goto1').click(function(event){\n\t\t\towl_goto.trigger('to.owl.carousel', 0);\n\t\t});\n\t\tjQuery('.slider_174351_goto2').click(function(event){\n\t\t\towl_goto.trigger('to.owl.carousel', 1);\n\t\t});\n\t\tjQuery('.slider_174351_goto3').click(function(event){\n\t\t\towl_goto.trigger('to.owl.carousel', 2);\n\t\t});\n\t\tjQuery('.slider_174351_goto4').click(function(event){\n\t\t\towl_goto.trigger('to.owl.carousel', 3);\n\t\t});\n\t\tjQuery('.slider_174351_goto5').click(function(event){\n\t\t\towl_goto.trigger('to.owl.carousel', 4);\n\t\t});\n\t\tsa_resize_thumbs_slider_174351();\n\t\twindow.addEventListener('resize', sa_resize_thumbs_slider_174351);\n\t\tfunction sa_resize_thumbs_slider_174351() {\n\t\t\tvar win_width = jQuery(window).width();\n\t\t\tvar tablet_perc = parseFloat(75 \/ 100);\n\t\t\tvar mobile_perc = parseFloat(50 \/ 100);\n\t\t\tvar tablet_width = Math.round(150 * tablet_perc) + 'px';\n\t\t\tvar tablet_height = Math.round(85 * tablet_perc) + 'px';\n\t\t\tvar mobile_width = Math.round(150 * mobile_perc) + 'px';\n\t\t\tvar mobile_height = Math.round(85 * mobile_perc) + 'px';\n\t\t\tif ((mobile_perc != 0) && (win_width < 768)) {\n\t\t\t\tjQuery('#slider_174351_thumbs .owl-thumbs .owl-thumb-item').css('width', mobile_width);\n\t\t\t\tjQuery('#slider_174351_thumbs .owl-thumbs .owl-thumb-item').css('height', mobile_height);\n\t\t\t} else if ((tablet_perc != 0) && (win_width < 1000)) {\n\t\t\t\tjQuery('#slider_174351_thumbs .owl-thumbs .owl-thumb-item').css('width', tablet_width);\n\t\t\t\tjQuery('#slider_174351_thumbs .owl-thumbs .owl-thumb-item').css('height', tablet_height);\n\t\t\t} else {\n\t\t\t\tjQuery('#slider_174351_thumbs .owl-thumbs .owl-thumb-item').css('width', '150px');\n\t\t\t\tjQuery('#slider_174351_thumbs .owl-thumbs .owl-thumb-item').css('height', '85px');\n\t\t\t}\n\t\t}\n\t\tvar resize_203318 = jQuery('.owl-carousel');\n\t\tresize_203318.on('initialized.owl.carousel', function(e) {\n\t\t\tif (typeof(Event) === 'function') {\n\t\t\t\twindow.dispatchEvent(new Event('resize'));\n\t\t\t} else {\n\t\t\t\tvar evt = window.document.createEvent('UIEvents');\n\t\t\t\tevt.initUIEvent('resize', true, false, window, 0);\n\t\t\t\twindow.dispatchEvent(evt);\n\t\t\t}\n\t\t});\n\t});\n<\/script>\n\n<\/div><\/div>\n<\/div><\/div>\n\n<div class=\"wp-block-cover ebook-cta\"><span aria-hidden=\"true\" class=\"wp-block-cover__background has-background-dim\"><\/span><img decoding=\"async\" class=\"wp-block-cover__image-background wp-image-169191\" alt=\"\" src=\"https:\/\/test-staging.cloudtalk.io\/wp-content\/uploads\/2023\/07\/ebook-banner.svg\" data-object-fit=\"cover\"\/><div class=\"wp-block-cover__inner-container is-layout-flow wp-block-cover-is-layout-flow\">\n<h2 class=\"wp-block-heading has-text-align-center\"><strong>Sunte\u021bi gata s\u0103 \u00eencepe\u021bi?<\/strong><\/h2>\n\n\n\n<p class=\"has-text-align-center\">Programa\u021bi o demonstra\u021bie cu unul dintre speciali\u0219tii no\u0219tri \u0219i ob\u021bine\u021bi un control de neegalat asupra experien\u021bei clien\u021bilor dumneavoastr\u0103.<\/p>\n\n\n\n<div class=\"wp-block-buttons is-content-justification-center is-layout-flex wp-container-core-buttons-is-layout-16018d1d wp-block-buttons-is-layout-flex\">\n<div class=\"wp-block-button btn-regular\"><a class=\"wp-block-button__link wp-element-button\"      href=\"https:\/\/test-staging.cloudtalk.io\/ro\/programeaza-un-demo\/\">REZERV\u0102 UN DEMO<\/a><\/div>\n<\/div>\n<\/div><\/div>\n","protected":false},"excerpt":{"rendered":"<p>E-BOOK GRATUIT Peste 100 de cuvinte \u0219i fraze puternice pentru a \u00eembun\u0103t\u0103\u021bi experien\u021ba clien\u021bilor O singur\u0103 fraz\u0103 poate face sau desface o rela\u021bie cu un client. Oferi\u021bi-le reprezentan\u021bilor serviciului clien\u021bi instrumentele verbale de care au nevoie pentru a men\u021bine clien\u021bii mul\u021bumi\u021bi \u0219i compania dvs. pe verde, cu cele peste 100 de cuvinte \u0219i fraze puternice [&hellip;]<\/p>\n","protected":false},"author":37,"featured_media":185722,"parent":0,"menu_order":0,"comment_status":"closed","ping_status":"closed","template":"page-templates\/ct-evo-ebook.php","meta":{"_acf_changed":false,"inline_featured_image":false,"footnotes":""},"ct-post-type":[],"class_list":["post-130980","page","type-page","status-publish","has-post-thumbnail","hentry"],"acf":[],"_links":{"self":[{"href":"https:\/\/test-staging.cloudtalk.io\/ro\/wp-json\/wp\/v2\/pages\/130980","targetHints":{"allow":["GET"]}}],"collection":[{"href":"https:\/\/test-staging.cloudtalk.io\/ro\/wp-json\/wp\/v2\/pages"}],"about":[{"href":"https:\/\/test-staging.cloudtalk.io\/ro\/wp-json\/wp\/v2\/types\/page"}],"author":[{"embeddable":true,"href":"https:\/\/test-staging.cloudtalk.io\/ro\/wp-json\/wp\/v2\/users\/37"}],"replies":[{"embeddable":true,"href":"https:\/\/test-staging.cloudtalk.io\/ro\/wp-json\/wp\/v2\/comments?post=130980"}],"version-history":[{"count":0,"href":"https:\/\/test-staging.cloudtalk.io\/ro\/wp-json\/wp\/v2\/pages\/130980\/revisions"}],"wp:featuredmedia":[{"embeddable":true,"href":"https:\/\/test-staging.cloudtalk.io\/ro\/wp-json\/wp\/v2\/media\/185722"}],"wp:attachment":[{"href":"https:\/\/test-staging.cloudtalk.io\/ro\/wp-json\/wp\/v2\/media?parent=130980"}],"wp:term":[{"taxonomy":"ct-post-type","embeddable":true,"href":"https:\/\/test-staging.cloudtalk.io\/ro\/wp-json\/wp\/v2\/ct-post-type?post=130980"}],"curies":[{"name":"wp","href":"https:\/\/api.w.org\/{rel}","templated":true}]}}