{"id":130422,"date":"2022-06-21T16:44:58","date_gmt":"2022-06-21T14:44:58","guid":{"rendered":"https:\/\/staging.cloudtalk.io\/los-angeles-numar-de-telefon-local-ca-prefix-de-zona-323\/"},"modified":"2025-11-20T20:55:31","modified_gmt":"2025-11-20T18:55:31","slug":"los-angeles-numar-de-telefon-local-ca-prefix-de-zona-323","status":"publish","type":"page","link":"https:\/\/test-staging.cloudtalk.io\/ro\/los-angeles-numar-de-telefon-local-ca-prefix-de-zona-323\/","title":{"rendered":"Los Angeles, Num\u0103r de telefon local CA | Prefix de zon\u0103 323"},"content":{"rendered":"<div class=\"wp-block-cloudtalk-form-reviews-hero wp-block-cloudtalk-form-reviews-hero\"><div class=\"form-reviews-hero-block\"><div class=\"form-reviews-hero-block__hero\"><div class=\"form-reviews-hero-block__hero-content\"><div class=\"form-reviews-hero-block__reviews\"><div class=\"form-reviews-hero-block__review\"><img decoding=\"async\" src=\"\/wp-content\/uploads\/2025\/02\/G2_Logo.svg\" alt=\"\" class=\"form-reviews-hero-block__review-icon\" \/><div class=\"form-reviews-hero-block__stars\"><img decoding=\"async\" src=\"\/wp-content\/uploads\/2025\/02\/star-icon-full.svg\" alt=\"\" class=\"form-reviews-hero-block__star\" \/><img decoding=\"async\" src=\"\/wp-content\/uploads\/2025\/02\/star-icon-full.svg\" alt=\"\" class=\"form-reviews-hero-block__star\" \/><img decoding=\"async\" src=\"\/wp-content\/uploads\/2025\/02\/star-icon-full.svg\" alt=\"\" class=\"form-reviews-hero-block__star\" \/><img decoding=\"async\" src=\"\/wp-content\/uploads\/2025\/02\/star-icon-full.svg\" alt=\"\" class=\"form-reviews-hero-block__star\" \/><img decoding=\"async\" src=\"\/wp-content\/uploads\/2025\/02\/start-icon-half.svg\" alt=\"\" class=\"form-reviews-hero-block__star\" \/><\/div><span class=\"form-reviews-hero-block__review-number\">1,480  + Recenzii<\/span><\/div><div class=\"form-reviews-hero-block__review\"><img decoding=\"async\" src=\"\/wp-content\/uploads\/2025\/02\/Capterra_Logo.svg\" alt=\"\" class=\"form-reviews-hero-block__review-icon\" \/><div class=\"form-reviews-hero-block__stars\"><img decoding=\"async\" src=\"\/wp-content\/uploads\/2025\/02\/star-icon-full.svg\" alt=\"\" class=\"form-reviews-hero-block__star\" \/><img decoding=\"async\" src=\"\/wp-content\/uploads\/2025\/02\/star-icon-full.svg\" alt=\"\" class=\"form-reviews-hero-block__star\" \/><img decoding=\"async\" src=\"\/wp-content\/uploads\/2025\/02\/star-icon-full.svg\" alt=\"\" class=\"form-reviews-hero-block__star\" \/><img decoding=\"async\" src=\"\/wp-content\/uploads\/2025\/02\/star-icon-full.svg\" alt=\"\" class=\"form-reviews-hero-block__star\" \/><img decoding=\"async\" src=\"\/wp-content\/uploads\/2025\/02\/start-icon-half.svg\" alt=\"\" class=\"form-reviews-hero-block__star\" \/><\/div><span class=\"form-reviews-hero-block__review-number\">260  + Recenzii<\/span><\/div><div class=\"form-reviews-hero-block__review form-reviews-hero-block__review--mobile\">1,660  + Recenzii<\/div><\/div><h1 class=\"form-reviews-hero-block__heading\">Los Angeles, Num\u0103r de telefon local CA | Prefix de zon\u0103 323<\/h1><div class=\"form-reviews-hero-block__list-wrapper\"><div class=\"wp-block-cloudtalk-list wp-block-cloudtalk-list--lg wp-block-cloudtalk-list--numbered wp-block-cloudtalk-list\"><div class=\"list-block list-block--lg list-block--numbered\"><ol class=\"list-block__list\">        <li class=\"list-block__item\">\n                            <span class=\"list-block__number\">01<\/span>\n                        <div class=\"list-block__content\">\n                                                    <div class=\"list-block__content-sub\">\n                        Face\u021bi solu\u021bia dvs. de asisten\u021b\u0103 pentru clien\u021bi mai eficient\u0103 pentru apelurile interna\u021bionale primite.                    <\/div>\n                            <\/div>\n        <\/li>\n        <li class=\"list-block__item\">\n                            <span class=\"list-block__number\">02<\/span>\n                        <div class=\"list-block__content\">\n                                                    <div class=\"list-block__content-sub\">\n                        Achizi\u021biona\u021bi numere de telefon interna\u021bionale din mai mult de 160 \u021b\u0103ri.                    <\/div>\n                            <\/div>\n        <\/li>\n        <li class=\"list-block__item\">\n                            <span class=\"list-block__number\">03<\/span>\n                        <div class=\"list-block__content\">\n                                                    <div class=\"list-block__content-sub\">\n                        Ob\u021bine\u021bi acces la \u0219i mai multe caracteristici excelente ale telefoniei pentru afaceri, cum ar fi redirec\u021bionarea apelurilor, salutul clien\u021bilor, set\u0103rile de apel \u0219i statisticile apelurilor.                    <\/div>\n                            <\/div>\n        <\/li>\n<\/ol><\/div><\/div><\/div><\/div><\/div><div class=\"form-reviews-hero-block__form-section\"><div class=\"form-reviews-hero-block__form-wrap\"><div class=\"wp-block-group wave\"><div class=\"wp-block-group__inner-container is-layout-constrained wp-block-group-is-layout-constrained\"><p><strong>Bun\u0103 ziua!<\/strong>  Completa\u021bi formularul; dureaz\u0103 doar un minut.<\/p><figure class=\"wp-block-video\"><video autoplay loop muted src=\"\/wp-content\/uploads\/2026\/01\/video-wave-hanka3.mp4\" playsinline><\/video><\/figure><\/div><\/div><div class=\"form-reviews-hero-block__form-content\">\n<div id=\"registration-form-wrapper\" class=\"registration-form-wrapper\"><\/div>\n<script>\njQuery(document).ready(function () {\ncloudtalkSignupForm(\"registration-form-wrapper\" );\n});\n<\/script>\n\n<!--[if lte IE 8]>\n<script charset=\"utf-8\" type=\"text\/javascript\" src=\"\/\/js.hsforms.net\/forms\/v2-legacy.js\"><\/script>\n<![endif]-->\n<script charset=\"utf-8\" type=\"text\/javascript\" src=\"\/\/js.hsforms.net\/forms\/v2.js\"><\/script>\n\n<div class=\"ct-referral-form\">\n<script>\n  hbspt.forms.create({\n    portalId: \"6195055\",\n    formId: \"6a618028-e42d-4ae6-bc9b-002fc38cc18a\",\n    region: \"na1\"\n  });\n<\/script>\n<\/div>\n<\/div><\/div><\/div><\/div><\/div>\n<div class=\"wp-block-cloudtalk-row\" style=\"--column-widths:minmax(0, 174px) minmax(720px, 1fr) minmax(0, 236px)\">\n<div class=\"wp-block-cloudtalk-row-column\" style=\"width:minmax(0, 280px)\"><\/div>\n\n\n\n<div class=\"wp-block-cloudtalk-row-column\" style=\"width:minmax(660px, 1fr)\">\n<h2 class=\"wp-block-heading\">De ce ar trebui s\u0103 ob\u021bii un num\u0103r de telefon din Los Angeles?<\/h2>\n\n\n\n<h4 class=\"wp-block-heading\">#1 \u00ce\u021bi creezi o prezen\u021b\u0103 local\u0103 \u00een SUA. <\/h4>\n\n\n\n<p>Cu o economie foarte func\u021bional\u0103 \u0219i o popula\u021bie considerabil\u0103 dispus\u0103 s\u0103 cheltuiasc\u0103, Statele Unite sunt una dintre cele mai dorite pie\u021be pentru companiile care doresc s\u0103 \u00ee\u0219i extind\u0103 aria de acoperire. Cu toate acestea, cet\u0103\u021benii americani sunt, de obicei, aten\u021bi la apelurile care provin de la numere interna\u021bionale sau de la prefixe pe care nu le recunosc.  <\/p>\n\n\n\n<p>Prin urmare, este practic o necesitate pentru companiile care doresc s\u0103 fac\u0103 afaceri \u00een SUA s\u0103 achizi\u021bioneze un num\u0103r de telefon local. Numerele locale sunt cunoscute de clien\u021bii din SUA, care vor fi mai dispu\u0219i s\u0103 r\u0103spund\u0103 la apelul t\u0103u, \u0219tiind c\u0103 nu li se vor percepe taxe exorbitante pentru apeluri interna\u021bionale.  <\/p>\n\n\n\n<p>Pentru companiile care doresc s\u0103 stabileasc\u0103 o prezen\u021b\u0103 local\u0103 \u00een SUA \u0219i s\u0103 c\u00e2\u0219tige \u00eencrederea clien\u021bilor americani, un num\u0103r de telefon local este un prim pas important.<\/p>\n\n\n\n<h4 class=\"wp-block-heading\">#2 Prime\u0219ti apeluri interna\u021bionale mai ieftin<\/h4>\n\n\n\n<p>Cu un num\u0103r de telefon local de la CloudTalk, nu va mai trebui s\u0103 pl\u0103ti\u021bi taxe piperate pentru apeluri interna\u021bionale. <\/p>\n\n\n\n<p>Odat\u0103 ce ai creat rela\u021bii cu clien\u021bii din SUA, vei dori s\u0103 po\u021bi r\u0103spunde la apelurile lor f\u0103r\u0103 a fi nevoit s\u0103 pl\u0103te\u0219ti tarife ridicate pentru apeluri interna\u021bionale. <\/p>\n\n\n\n<p>Achizi\u021bionarea unui num\u0103r local prin CloudTalk este o modalitate excelent\u0103 de a evita aceste taxe \u0219i de a-i scuti pe clien\u021bii dvs. de incertitudinea de a forma un num\u0103r interna\u021bional sau gratuit (800).<\/p>\n\n\n\n<h4 class=\"wp-block-heading\">#3 Stabile\u0219ti orele la care e\u0219ti disponibil<\/h4>\n\n\n\n<p>CloudTalk \u00ee\u021bi permite s\u0103 setezi cu u\u0219urin\u021b\u0103 programul de lucru pentru numerele tale de telefon interna\u021bionale, astfel \u00eenc\u00e2t clien\u021bii t\u0103i s\u0103 \u0219tie \u00eentotdeauna cu exactitate c\u00e2nd te pot contacta \u0219i c\u00e2nd nu. <\/p>\n\n\n\n<p>Pute\u021bi pre\u00eenregistra mesaje personalizate pentru clien\u021bii dvs. \u00een timpul orelor libere, anun\u021b\u00e2ndu-i c\u00e2nd ve\u021bi fi din nou online pentru a le r\u0103spunde la \u00eentreb\u0103ri.<\/p>\n\n\n\n<h4 class=\"wp-block-heading\">#4 \u00ce\u021bi impresionezi clien\u021bii locali cu mesaje de salut personalizate pentru clien\u021bi<\/h4>\n\n\n\n<p>Instrumentul personalizat de mesaje de \u00eent\u00e2mpinare al CloudTalk \u00ee\u021bi permite s\u0103 \u00eenregistrezi \u00een prealabil mesaje de \u00eent\u00e2mpinare pentru clien\u021bii care sun\u0103 \u00een afara programului de lucru. Pentru companiile care doresc s\u0103 \u00ee\u0219i creeze o prezen\u021b\u0103 local\u0103, acest lucru reprezint\u0103 oportunitatea perfect\u0103 s\u0103 \u00eenregistrezi mesaje familiare pentru clien\u021bii t\u0103i, adaptate \u00een func\u021bie de loca\u021bia acestora.  <\/p>\n\n\n\n<p>\u00cen Miami, de exemplu, mul\u021bi oameni se m\u00e2ndresc cu un stil de via\u021b\u0103 relaxat \u0219i relativ lipsit de griji. Prin urmare, ar fi logic s\u0103 \u00eenregistrezi un mesaj de \u00eent\u00e2mpinare pentru num\u0103rul t\u0103u de telefon din Miami care s\u0103 sune natural \u0219i lini\u0219tit. <\/p>\n\n\n<div class=\"wp-block-cloudtalk-cta-proof\"><div class=\"cta-proof-block\"><div class=\"cta-proof-block__content\"><h2 class=\"cta-proof-block__headline\">Haide\u021bi, lua\u021bi o pauz\u0103, ne ocup\u0103m noi de asta<\/h2><div class=\"cta-proof-block__description\">Agentul dvs. vocal cu inteligen\u021b\u0103 artificial\u0103 vorbe\u0219te, vinde \u0219i ofer\u0103 asisten\u021b\u0103 24\/7, astfel \u00eenc\u00e2t s\u0103 nu fi\u021bi nevoit s\u0103 o face\u021bi dvs.<\/div><div class=\"cta-proof-block__button\"><a href=\"\/ro\/programeaza-un-demo\/\" class=\"btn btn-secondary\">\u00cencerca\u021bi agen\u021bii vocali <svg width=\"20\" height=\"20\" viewBox=\"0 0 20 20\" fill=\"none\" xmlns=\"http:\/\/www.w3.org\/2000\/svg\">\n            <path d=\"M4.16666 10H15.8333M15.8333 10L10.8333 5M15.8333 10L10.8333 15\" stroke=\"currentColor\" stroke-width=\"1.67\" stroke-linecap=\"round\" stroke-linejoin=\"round\"\/>\n        <\/svg><\/a><\/div><\/div><div class=\"cta-proof-block__image\"><img decoding=\"async\" src=\"https:\/\/test-staging.cloudtalk.io\/wp-content\/uploads\/2025\/11\/AdobeStock_664213918-1.png\" alt=\"\" \/><\/div><\/div><\/div>\n\n\n<h4 class=\"wp-block-heading\">#5 \u00ce\u021bi optimizezi fluxul de lucru \u00een call center-ul t\u0103u cu statisticile apelurilor<\/h4>\n\n\n\n<p>Cu CloudTalk, po\u021bi filtra statisticile apelurilor \u00een func\u021bie de num\u0103rul de telefon. Aceast\u0103 func\u021bie va fi deosebit de util\u0103 c\u00e2nd vei \u00eencepe s\u0103 lucrezi cu num\u0103rul de telefon din Miami.  <\/p>\n\n\n\n<p>Bine\u00een\u021beles c\u0103 fiecare loca\u021bie este diferit\u0103, a\u0219a c\u0103 posibilitatea de a analiza statistici precum timpul mediu de gestionare a apelurilor \u0219i solu\u021bionarea de la primul apel pentru un anumit num\u0103r de telefon local te va ajuta s\u0103 \u00ee\u021bi optimizezi fluxurile de lucru pentru acea regiune \u0219i s\u0103 \u00eembun\u0103t\u0103\u021be\u0219ti performan\u021ba agen\u021bilor, \u00een general.<\/p>\n\n\n\n<hr class=\"wp-block-separator has-alpha-channel-opacity\"\/>\n\n\n\n<h4 class=\"wp-block-heading\">Cum \u00ee\u021bi po\u021bi activa num\u0103rul de telefon din Los Angeles<\/h4>\n\n\n<div class=\"wp-block-cloudtalk-list wp-block-cloudtalk-list--lg wp-block-cloudtalk-list--numbered wp-block-cloudtalk-list\"><div class=\"list-block list-block--lg list-block--numbered\"><ol class=\"list-block__list\">        <li class=\"list-block__item\">\n                            <span class=\"list-block__number\">01<\/span>\n                        <div class=\"list-block__content\">\n                                <div class=\"list-block__content-inner\">\n                    Selecta\u021bi &#8222;num\u0103r nou&#8221; \u00een interfa\u021ba CloudTalk                <\/div>\n                                                    <div class=\"list-block__content-sub\">\n                        \u00cen doar c\u00e2teva clicuri rapide, pute\u021bi ini\u021bia procesul de ob\u021binere a unui num\u0103r de telefon local!                    <\/div>\n                            <\/div>\n        <\/li>\n        <li class=\"list-block__item\">\n                            <span class=\"list-block__number\">02<\/span>\n                        <div class=\"list-block__content\">\n                                <div class=\"list-block__content-inner\">\n                    Completa\u021bi un scurt formular                <\/div>\n                                                    <div class=\"list-block__content-sub\">\n                        Introduce\u021bi c\u00e2teva detalii despre contul dvs. \u0219i despre num\u0103rul de telefon cu care dori\u021bi s\u0103 \u00eencepe\u021bi s\u0103 lucra\u021bi.                    <\/div>\n                            <\/div>\n        <\/li>\n        <li class=\"list-block__item\">\n                            <span class=\"list-block__number\">03<\/span>\n                        <div class=\"list-block__content\">\n                                <div class=\"list-block__content-inner\">\n                    Sta\u021bi pe spate, relaxa\u021bi-v\u0103 \u0219i a\u0219tepta\u021bi ca unul dintre agen\u021bii no\u0219tri s\u0103 v\u0103 activeze num\u0103rul                <\/div>\n                                                    <div class=\"list-block__content-sub\">\n                        Agen\u021bii no\u0219tri lucreaz\u0103 din greu pentru a men\u021bine parteneriate de afaceri cu companii de telecomunica\u021bii din \u00eentreaga lume, astfel \u00eenc\u00e2t s\u0103 v\u0103 putem conecta rapid cu noul num\u0103r local.                    <\/div>\n                            <\/div>\n        <\/li>\n<\/ol><\/div><\/div>\n\n\n<hr class=\"wp-block-separator has-alpha-channel-opacity\"\/>\n\n\n\n<h2 class=\"wp-block-heading\">Ob\u021bine acum num\u0103rul cu prefixul de zon\u0103 323 pentru Los Angeles!<\/h2>\n\n\n\n<h4 class=\"wp-block-heading\">Lista prefixelor de zon\u0103 populare din Vestul SUA<\/h4>\n\n\n\n<p>Prefixul de zon\u0103 323 va permite clien\u021bilor t\u0103i din California de Sud s\u0103 \u0219tie c\u0103 reprezin\u021bi o afacere local\u0103 capabil\u0103 s\u0103 r\u0103spund\u0103 nevoilor lor unice. Dac\u0103 vrei s\u0103 te stabile\u0219ti \u00eentr-un alt centru comercial din Vestul Statelor Unite, consult\u0103 lista noastr\u0103 de op\u021biuni de prefixe de zon\u0103, de mai jos. <\/p>\n\n\n<div class=\"wp-block-cloudtalk-table table-style-simple\"><div class=\"table-block\"><div class=\"table-block__table-container\"><table class=\"table-block__table\"><thead><tr><th>Ora\u0219<\/th><th>Codul zonei<\/th><\/tr><\/thead><tbody><tr><td>Los Angeles, CA<\/td><td>323<\/td><\/tr><tr><td>San Francisco, CA<\/td><td>628<\/td><\/tr><tr><td>Seattle, WA<\/td><td>206<\/td><\/tr><tr><td>Phoenix, AZ<\/td><td>480<\/td><\/tr><tr><td>Boston, MA<\/td><td>617<\/td><\/tr><\/tbody><\/table><\/div><\/div><\/div>\n\n\n<hr class=\"wp-block-separator has-alpha-channel-opacity\"\/>\n\n\n\n<h4 class=\"wp-block-heading\">Pre\u021bul numerelor de telefon din S.U.A<\/h4>\n\n\n\n<p>Achizi\u021bionarea primului num\u0103r de telefon din SUA de la CloudTalk v\u0103 va <strong>costa 3 $<\/strong>. Numerele americane ulterioare pot fi achizi\u021bionate pentru <strong>6 $ per num\u0103r<\/strong>.  <\/p>\n<\/div>\n\n\n\n<div class=\"wp-block-cloudtalk-row-column\" style=\"width:minmax(0, 280px)\"><div class=\"wp-block-cloudtalk-sticky-banner is-sticky wp-block-cloudtalk-sticky-banner\"><div class=\"sticky-banner\"><div class=\"sticky-banner__content\"><div class=\"sticky-banner__content-item\"><h6 class=\"sticky-banner__title\">REZERV\u0102 UN DEMO<\/h6><p class=\"sticky-banner__description\">Oferi\u021bi echipei dumneavoastr\u0103 instrumentele necesare pentru a reduce munca manual\u0103<\/p><\/div><div class=\"sticky-banner__button\"><a href=\"\/ro\/programeaza-un-demo\/\" class=\"sticky-banner__button-link btn btn-secondary btn-small\">Contact V\u00e2nz\u0103ri<\/a><\/div><\/div><\/div><\/div><\/div>\n<\/div>\n<div class=\"wp-block-cloudtalk-faq wp-block-cloudtalk-faq--blue wp-block-cloudtalk-faq\"><div class=\"faq-block\"><div class=\"faq-block__header\"><h2 class=\"faq-block__title\">\u00centreb\u0103ri frecvente despre numerele de telefon de Statele Unite<\/h2><p class=\"faq-block__description\">Echipa noastr\u0103 de v\u00e2nz\u0103ri va fi bucuroas\u0103 s\u0103 te ajute s\u0103 alegi un plan accesibil pentru a suna \u00een Statele Unite din str\u0103in\u0103tate. Pentru a vorbi cu un reprezentant, te rug\u0103m s\u0103 ne suni la +44 20 3868 0167 sau s\u0103 ne trimi\u021bi un email la <a href=\"mailto:hello@cloudtalk.io\">hello@cloudtalk.io<\/a> <\/p><\/div><div class=\"faq-block__items\"><div class=\"faq-item\" data-faq-item=\"0\"><div class=\"faq-item__header\"><button class=\"faq-item__question\" aria-expanded=\"false\" aria-controls=\"faq-item-0\"><h3 class=\"faq-item__question-text\">C\u00e2t cost\u0103 s\u0103 suni \u00een Statele Unite?<\/h3><span class=\"faq-item__icon\" aria-hidden=\"true\"><\/span><\/button><\/div><div class=\"faq-item__content\" id=\"faq-item-0\"><div class=\"faq-item__answer\"><p>C\u00e2nd formezi un num\u0103r de telefon din SUA, trebuie s\u0103 \u00eencepi cu prefixul de \u021bar\u0103 +1, apoi prefixul de zon\u0103 (305), urmat de num\u0103rul de telefon format din 7 cifre 123-4567.<\/p><\/div><\/div><\/div><div class=\"faq-item\" data-faq-item=\"1\"><div class=\"faq-item__header\"><button class=\"faq-item__question\" aria-expanded=\"false\" aria-controls=\"faq-item-1\"><h3 class=\"faq-item__question-text\">C\u00e2t cost\u0103 s\u0103 suni \u00een Statele Unite?<\/h3><span class=\"faq-item__icon\" aria-hidden=\"true\"><\/span><\/button><\/div><div class=\"faq-item__content\" id=\"faq-item-1\"><div class=\"faq-item__answer\"><p>Un num\u0103r de Statele Unite are 11 cifre. O cifr\u0103 pentru prexiful \u021b\u0103rii, 3 cifre pentru prefixul zonal \u0219i 7 cifre pentru num\u0103rul \u00een sine. <\/p><\/div><\/div><\/div><div class=\"faq-item\" data-faq-item=\"2\"><div class=\"faq-item__header\"><button class=\"faq-item__question\" aria-expanded=\"false\" aria-controls=\"faq-item-2\"><h3 class=\"faq-item__question-text\">Cum func\u021bioneaz\u0103 testele gratuite?<\/h3><span class=\"faq-item__icon\" aria-hidden=\"true\"><\/span><\/button><\/div><div class=\"faq-item__content\" id=\"faq-item-2\"><div class=\"faq-item__answer\">Pur \u0219i simplu trimite\u021bi-ne datele dvs. de contact \u0219i v\u0103 vom preg\u0103ti o perioad\u0103 de prob\u0103 gratuit\u0103, f\u0103r\u0103 obliga\u021bii, pentru CloudTalk. Pute\u021bi \u00eencepe s\u0103 forma\u021bi imediat \u0219i s\u0103 v\u0103 bucura\u021bi de \u00eentreaga noastr\u0103 gam\u0103 de <a href=\"https:\/\/test-staging.cloudtalk.io\/ro\/instrumente-de-call-center\/\">func\u021bii<\/a> \u0219i <a href=\"https:\/\/test-staging.cloudtalk.io\/ro\/software-integrat-de-call-center\/\">integr\u0103ri<\/a> timp de dou\u0103 s\u0103pt\u0103m\u00e2ni pline de distrac\u021bie.<\/div><\/div><\/div><div class=\"faq-item\" data-faq-item=\"3\"><div class=\"faq-item__header\"><button class=\"faq-item__question\" aria-expanded=\"false\" aria-controls=\"faq-item-3\"><h3 class=\"faq-item__question-text\">Care sunt pre\u021burile pentru apelurile efectuate?<\/h3><span class=\"faq-item__icon\" aria-hidden=\"true\"><\/span><\/button><\/div><div class=\"faq-item__content\" id=\"faq-item-3\"><div class=\"faq-item__answer\">Fiecare pachet include gratuit un num\u0103r standard local sau gratuit. Pre\u021burile pentru apelurile de ie\u0219ire variaz\u0103. V\u0103 rug\u0103m s\u0103 <a href=\"https:\/\/test-staging.cloudtalk.io\/ro\/contacteaza-ne\/\">ne contacta\u021bi<\/a> pentru mai multe detalii.<\/div><\/div><\/div><div class=\"faq-item\" data-faq-item=\"4\"><div class=\"faq-item__header\"><button class=\"faq-item__question\" aria-expanded=\"false\" aria-controls=\"faq-item-4\"><h3 class=\"faq-item__question-text\">Cine este un utilizator?<\/h3><span class=\"faq-item__icon\" aria-hidden=\"true\"><\/span><\/button><\/div><div class=\"faq-item__content\" id=\"faq-item-4\"><div class=\"faq-item__answer\">Utilizatorii lucreaz\u0103 pentru compania dvs. \u0219i comunic\u0103 cu clien\u021bii dvs. existen\u021bi \u0219i poten\u021biali. Pute\u021bi ad\u0103uga sau elimina utilizatori \u00een orice moment \u0219i cu doar c\u00e2teva clicuri. Utilizatorii sunt agen\u021bi, supervizori, anali\u0219ti, administratori etc.<\/div><\/div><\/div><div class=\"faq-item\" data-faq-item=\"5\"><div class=\"faq-item__header\"><button class=\"faq-item__question\" aria-expanded=\"false\" aria-controls=\"faq-item-5\"><h3 class=\"faq-item__question-text\">C\u00e2t de des \u00eemi pot schimba planul de facturare?<\/h3><span class=\"faq-item__icon\" aria-hidden=\"true\"><\/span><\/button><\/div><div class=\"faq-item__content\" id=\"faq-item-5\"><div class=\"faq-item__answer\">Planurile facturate anual pot trece doar la unul de nivel superior (de exemplu, de la Esen\u021bial la Expert). Nu se poate sc\u0103dea nivelul de tarifare la facturarea anual\u0103.<\/div><\/div><\/div><div class=\"faq-item\" data-faq-item=\"6\"><div class=\"faq-item__header\"><button class=\"faq-item__question\" aria-expanded=\"false\" aria-controls=\"faq-item-6\"><h3 class=\"faq-item__question-text\">Cum mai pot folosi CloudTalk?<\/h3><span class=\"faq-item__icon\" aria-hidden=\"true\"><\/span><\/button><\/div><div class=\"faq-item__content\" id=\"faq-item-6\"><div class=\"faq-item__answer\">CloudTalk poate fi utilizat \u00een multe moduri diferite: pentru asisten\u021b\u0103 pentru clien\u021bi, ca centru de contact sau pur \u0219i simplu ca un sistem de telefonie virtual\u0103 all-in-one. Solu\u021bia noastr\u0103 este, de asemenea, perfect\u0103 pentru companiile care opereaz\u0103 \u00een acela\u0219i timp diferite platforme de comer\u021b electronic, deoarece capacitatea de a configura canale separate de asisten\u021b\u0103 pentru clien\u021bi poate face toat\u0103 diferen\u021ba.<\/div><\/div><\/div><div class=\"faq-item\" data-faq-item=\"7\"><div class=\"faq-item__header\"><button class=\"faq-item__question\" aria-expanded=\"false\" aria-controls=\"faq-item-7\"><h3 class=\"faq-item__question-text\">Cum sta\u021bi cu siguran\u021ba datelor?<\/h3><span class=\"faq-item__icon\" aria-hidden=\"true\"><\/span><\/button><\/div><div class=\"faq-item__content\" id=\"faq-item-7\"><div class=\"faq-item__answer\">Siguran\u021ba datelor tale este prioritatea noastr\u0103 num\u0103rul 1. CloudTalk este certificat ISO 27001:2013 \u0219i PCI-DSS. CloudTalk folose\u0219te centre de date de la ter\u021bi, cu certific\u0103ri standard \u00een industrie (Tier III+ sau IV, ISO 27001, PCI-DSS).   Toate unit\u0103\u021bile sunt protejate \u0219i fizic. Interfa\u021ba este accesat\u0103 printr-o conexiune SSL criptat\u0103. Pute\u021bi citi mai multe pe pagina noastr\u0103 dedicat\u0103 <a href=\"https:\/\/test-staging.cloudtalk.io\/ro\/securitate-cloudtalk\/\">securit\u0103\u021bii<\/a>.<\/div><\/div><\/div><\/div><div class=\"faq-block__cta\"><div class=\"faq-block__cta-image\"><img decoding=\"async\" src=\"https:\/\/test-staging.cloudtalk.io\/wp-content\/uploads\/2025\/11\/Avatar-group.png\" alt=\"CTA image\" \/><\/div><div class=\"faq-block__cta-content\"><h3 class=\"faq-block__cta-title\">Mai ave\u021bi \u00eentreb\u0103ri?<\/h3><p class=\"faq-block__cta-description\">Nu g\u0103si\u021bi r\u0103spunsul pe care \u00eel c\u0103uta\u021bi? V\u0103 rug\u0103m s\u0103 discuta\u021bi cu echipa noastr\u0103 prietenoas\u0103. <\/p><div class=\"faq-block__cta-button\"><a href=\"\/ro\/programeaza-un-demo\/\" class=\"btn btn-secondary\">Contacteaz\u0103-ne<\/a><\/div><\/div><\/div><\/div><\/div>","protected":false},"excerpt":{"rendered":"","protected":false},"author":37,"featured_media":0,"parent":0,"menu_order":0,"comment_status":"closed","ping_status":"closed","template":"page-templates\/ct-evo-us_number_page.php","meta":{"_acf_changed":false,"inline_featured_image":false,"footnotes":""},"ct-post-type":[],"class_list":["post-130422","page","type-page","status-publish","hentry"],"acf":[],"_links":{"self":[{"href":"https:\/\/test-staging.cloudtalk.io\/ro\/wp-json\/wp\/v2\/pages\/130422","targetHints":{"allow":["GET"]}}],"collection":[{"href":"https:\/\/test-staging.cloudtalk.io\/ro\/wp-json\/wp\/v2\/pages"}],"about":[{"href":"https:\/\/test-staging.cloudtalk.io\/ro\/wp-json\/wp\/v2\/types\/page"}],"author":[{"embeddable":true,"href":"https:\/\/test-staging.cloudtalk.io\/ro\/wp-json\/wp\/v2\/users\/37"}],"replies":[{"embeddable":true,"href":"https:\/\/test-staging.cloudtalk.io\/ro\/wp-json\/wp\/v2\/comments?post=130422"}],"version-history":[{"count":0,"href":"https:\/\/test-staging.cloudtalk.io\/ro\/wp-json\/wp\/v2\/pages\/130422\/revisions"}],"wp:attachment":[{"href":"https:\/\/test-staging.cloudtalk.io\/ro\/wp-json\/wp\/v2\/media?parent=130422"}],"wp:term":[{"taxonomy":"ct-post-type","embeddable":true,"href":"https:\/\/test-staging.cloudtalk.io\/ro\/wp-json\/wp\/v2\/ct-post-type?post=130422"}],"curies":[{"name":"wp","href":"https:\/\/api.w.org\/{rel}","templated":true}]}}