{"id":65957,"date":"2022-03-15T03:30:48","date_gmt":"2022-03-15T01:30:48","guid":{"rendered":"https:\/\/staging.cloudtalk.io\/obtenha-um-numero-de-telefone-de-los-angeles-ca\/"},"modified":"2025-11-20T20:55:27","modified_gmt":"2025-11-20T18:55:27","slug":"obtenha-um-numero-de-telefone-de-los-angeles-ca","status":"publish","type":"page","link":"https:\/\/test-staging.cloudtalk.io\/pt-br\/obtenha-um-numero-de-telefone-de-los-angeles-ca\/","title":{"rendered":"N\u00famero de telefone local de Los Angeles, CA | C\u00f3digo de \u00e1rea 323"},"content":{"rendered":"<div class=\"wp-block-cloudtalk-form-reviews-hero wp-block-cloudtalk-form-reviews-hero\"><div class=\"form-reviews-hero-block\"><div class=\"form-reviews-hero-block__hero\"><div class=\"form-reviews-hero-block__hero-content\"><div class=\"form-reviews-hero-block__reviews\"><div class=\"form-reviews-hero-block__review\"><img decoding=\"async\" src=\"\/wp-content\/uploads\/2025\/02\/G2_Logo.svg\" alt=\"\" class=\"form-reviews-hero-block__review-icon\" \/><div class=\"form-reviews-hero-block__stars\"><img decoding=\"async\" src=\"\/wp-content\/uploads\/2025\/02\/star-icon-full.svg\" alt=\"\" class=\"form-reviews-hero-block__star\" \/><img decoding=\"async\" src=\"\/wp-content\/uploads\/2025\/02\/star-icon-full.svg\" alt=\"\" class=\"form-reviews-hero-block__star\" \/><img decoding=\"async\" src=\"\/wp-content\/uploads\/2025\/02\/star-icon-full.svg\" alt=\"\" class=\"form-reviews-hero-block__star\" \/><img decoding=\"async\" src=\"\/wp-content\/uploads\/2025\/02\/star-icon-full.svg\" alt=\"\" class=\"form-reviews-hero-block__star\" \/><img decoding=\"async\" src=\"\/wp-content\/uploads\/2025\/02\/start-icon-half.svg\" alt=\"\" class=\"form-reviews-hero-block__star\" \/><\/div><span class=\"form-reviews-hero-block__review-number\">1,480  + Coment\u00e1rios<\/span><\/div><div class=\"form-reviews-hero-block__review\"><img decoding=\"async\" src=\"\/wp-content\/uploads\/2025\/02\/Capterra_Logo.svg\" alt=\"\" class=\"form-reviews-hero-block__review-icon\" \/><div class=\"form-reviews-hero-block__stars\"><img decoding=\"async\" src=\"\/wp-content\/uploads\/2025\/02\/star-icon-full.svg\" alt=\"\" class=\"form-reviews-hero-block__star\" \/><img decoding=\"async\" src=\"\/wp-content\/uploads\/2025\/02\/star-icon-full.svg\" alt=\"\" class=\"form-reviews-hero-block__star\" \/><img decoding=\"async\" src=\"\/wp-content\/uploads\/2025\/02\/star-icon-full.svg\" alt=\"\" class=\"form-reviews-hero-block__star\" \/><img decoding=\"async\" src=\"\/wp-content\/uploads\/2025\/02\/star-icon-full.svg\" alt=\"\" class=\"form-reviews-hero-block__star\" \/><img decoding=\"async\" src=\"\/wp-content\/uploads\/2025\/02\/start-icon-half.svg\" alt=\"\" class=\"form-reviews-hero-block__star\" \/><\/div><span class=\"form-reviews-hero-block__review-number\">260  + Coment\u00e1rios<\/span><\/div><div class=\"form-reviews-hero-block__review form-reviews-hero-block__review--mobile\">1,660  + Coment\u00e1rios<\/div><\/div><h1 class=\"form-reviews-hero-block__heading form-reviews-hero-block__heading--long\">N\u00famero de telefone local de Los Angeles, CA | C\u00f3digo de \u00e1rea 323<\/h1><div class=\"form-reviews-hero-block__list-wrapper\"><div class=\"wp-block-cloudtalk-list wp-block-cloudtalk-list--lg wp-block-cloudtalk-list--numbered wp-block-cloudtalk-list\"><div class=\"list-block list-block--lg list-block--numbered\"><ol class=\"list-block__list\">        <li class=\"list-block__item\">\n                            <span class=\"list-block__number\">01<\/span>\n                        <div class=\"list-block__content\">\n                                                    <div class=\"list-block__content-sub\">\n                        Torne sua solu\u00e7\u00e3o de suporte ao cliente mais eficiente para chamadas internacionais recebidas.                    <\/div>\n                            <\/div>\n        <\/li>\n        <li class=\"list-block__item\">\n                            <span class=\"list-block__number\">02<\/span>\n                        <div class=\"list-block__content\">\n                                                    <div class=\"list-block__content-sub\">\n                        Adquira n\u00fameros de telefone internacionais de mais de 160 pa\u00edses.                    <\/div>\n                            <\/div>\n        <\/li>\n        <li class=\"list-block__item\">\n                            <span class=\"list-block__number\">03<\/span>\n                        <div class=\"list-block__content\">\n                                                    <div class=\"list-block__content-sub\">\n                        Tenha acesso a ainda mais recursos excelentes de telefones comerciais, como redirecionamento de chamadas, sauda\u00e7\u00f5es de clientes, configura\u00e7\u00f5es de toque e estat\u00edsticas de chamadas.                    <\/div>\n                            <\/div>\n        <\/li>\n<\/ol><\/div><\/div><\/div><\/div><\/div><div class=\"form-reviews-hero-block__form-section\"><div class=\"form-reviews-hero-block__form-wrap\"><div class=\"wp-block-group wave\"><div class=\"wp-block-group__inner-container is-layout-constrained wp-block-group-is-layout-constrained\"><p><strong>Ol\u00e1!<\/strong>  Preencha o formul\u00e1rio; leva apenas um minuto.<\/p><figure class=\"wp-block-video\"><video autoplay loop muted src=\"\/wp-content\/uploads\/2026\/01\/video-wave-hanka3.mp4\" playsinline><\/video><\/figure><\/div><\/div><div class=\"form-reviews-hero-block__form-content\">\n<div id=\"registration-form-wrapper\" class=\"registration-form-wrapper\"><\/div>\n<script>\njQuery(document).ready(function () {\ncloudtalkSignupForm(\"registration-form-wrapper\", \"pt\" );\n});\n<\/script>\n\n<!--[if lte IE 8]>\n<script charset=\"utf-8\" type=\"text\/javascript\" src=\"\/\/js.hsforms.net\/forms\/v2-legacy.js\"><\/script>\n<![endif]-->\n<script charset=\"utf-8\" type=\"text\/javascript\" src=\"\/\/js.hsforms.net\/forms\/v2.js\"><\/script>\n\n<div class=\"ct-referral-form\">\n<script>\n  hbspt.forms.create({\n    portalId: \"6195055\",\n    formId: \"6a618028-e42d-4ae6-bc9b-002fc38cc18a\",\n    region: \"na1\"\n  });\n<\/script>\n<\/div>\n<\/div><\/div><\/div><\/div><\/div>\n<div class=\"wp-block-cloudtalk-row\" style=\"--column-widths:minmax(0, 174px) minmax(720px, 1fr) minmax(0, 236px)\">\n<div class=\"wp-block-cloudtalk-row-column\" style=\"width:minmax(0, 280px)\"><\/div>\n\n\n\n<div class=\"wp-block-cloudtalk-row-column\" style=\"width:minmax(660px, 1fr)\">\n<h2 class=\"wp-block-heading\">Por que voc\u00ea deve obter um n\u00famero de telefone de Los Angeles?<\/h2>\n\n\n\n<h4 class=\"wp-block-heading\">1 &#8211; Estabele\u00e7a uma presen\u00e7a local nos EUA <\/h4>\n\n\n\n<p>Com uma economia muito ativa e uma popula\u00e7\u00e3o consider\u00e1vel disposta a gastar, os Estados Unidos s\u00e3o um dos mercados mais desejados para empresas que procuram expandir seu alcance. Os cidad\u00e3os dos EUA, no entanto, geralmente desconfiam de chamadas provenientes de n\u00fameros internacionais ou mesmo c\u00f3digos de \u00e1rea que n\u00e3o reconhecem.  <\/p>\n\n\n\n<p>\u00c9 praticamente uma necessidade, ent\u00e3o, para as empresas que desejam fazer neg\u00f3cios nos EUA adquirir um n\u00famero de telefone local. Os n\u00fameros locais s\u00e3o familiares para os clientes dos EUA, que estar\u00e3o mais dispostos a atender sua chamada sabendo que n\u00e3o ser\u00e3o cobradas taxas exorbitantes de chamadas internacionais.  <\/p>\n\n\n\n<p>Para as empresas que desejam estabelecer uma presen\u00e7a local nos EUA e conquistar a confian\u00e7a dos clientes americanos, um n\u00famero de telefone local \u00e9 um \u00f3timo primeiro passo.<\/p>\n\n\n\n<h4 class=\"wp-block-heading\">2 &#8211; Receba chamadas internacionais mais baratas<\/h4>\n\n\n\n<p>Com um n\u00famero de telefone local do CloudTalk, voc\u00ea n\u00e3o precisar\u00e1 mais pagar altas taxas de chamadas internacionais. <\/p>\n\n\n\n<p>Depois de construir relacionamentos com clientes nos EUA, voc\u00ea desejar\u00e1 poder atender suas chamadas sem ter que pagar altas taxas de chamadas internacionais. <\/p>\n\n\n\n<p>Adquirir um n\u00famero local por meio do CloudTalk \u00e9 uma \u00f3tima maneira de evitar essas taxas e poupar seus clientes da incerteza de discar para um n\u00famero internacional ou gratuito (800).<\/p>\n\n\n\n<h4 class=\"wp-block-heading\">3 &#8211; Defina as horas em que voc\u00ea est\u00e1 acess\u00edvel<\/h4>\n\n\n\n<p>O CloudTalk permite que voc\u00ea defina facilmente o hor\u00e1rio de funcionamento para seus n\u00fameros de telefone internacionais, para que fique sempre claro para seus clientes quando eles podem ou n\u00e3o entrar em contato com voc\u00ea. <\/p>\n\n\n\n<p>Voc\u00ea pode pr\u00e9-gravar mensagens personalizadas para seus clientes durante o hor\u00e1rio de folga, informando-os quando voc\u00ea estar\u00e1 on-line novamente para responder \u00e0s perguntas deles.<\/p>\n\n\n\n<h4 class=\"wp-block-heading\">4 &#8211; Impressione seus clientes locais com sauda\u00e7\u00f5es personalizadas<\/h4>\n\n\n\n<p>A ferramenta de sauda\u00e7\u00e3o personalizada do CloudTalk permite pr\u00e9-gravar mensagens de sauda\u00e7\u00e3o para clientes que ligam fora do hor\u00e1rio de funcionamento. Para empresas que desejam estabelecer uma presen\u00e7a local, isso representa uma oportunidade de ouro para gravar uma mensagem que parecer\u00e1 familiar para seus clientes com base na localiza\u00e7\u00e3o deles.  <\/p>\n\n\n\n<p>Em Miami, por exemplo, muitas pessoas se orgulham de levar um estilo de vida descontra\u00eddo e relativamente despreocupado. Faria sentido, ent\u00e3o, gravar uma sauda\u00e7\u00e3o para o seu n\u00famero de telefone de Miami que soasse natural e \u00e0 vontade. <\/p>\n\n\n<div class=\"wp-block-cloudtalk-cta-proof\"><div class=\"cta-proof-block\"><div class=\"cta-proof-block__content\"><h2 class=\"cta-proof-block__headline\">V\u00e1 em frente, d\u00ea um tempo, n\u00f3s temos tudo sob controle<\/h2><div class=\"cta-proof-block__description\">Seu agente de voz com IA fala, vende e oferece suporte 24 horas por dia, 7 dias por semana, para que voc\u00ea n\u00e3o precise fazer isso<\/div><div class=\"cta-proof-block__button\"><a href=\"\/pt-br\/agende-uma-demo\/\" class=\"btn btn-secondary\">Experimente os agentes de voz <svg width=\"20\" height=\"20\" viewBox=\"0 0 20 20\" fill=\"none\" xmlns=\"http:\/\/www.w3.org\/2000\/svg\">\n            <path d=\"M4.16666 10H15.8333M15.8333 10L10.8333 5M15.8333 10L10.8333 15\" stroke=\"currentColor\" stroke-width=\"1.67\" stroke-linecap=\"round\" stroke-linejoin=\"round\"\/>\n        <\/svg><\/a><\/div><\/div><div class=\"cta-proof-block__image\"><img decoding=\"async\" src=\"https:\/\/test-staging.cloudtalk.io\/wp-content\/uploads\/2025\/11\/AdobeStock_664213918-1.png\" alt=\"\" \/><\/div><\/div><\/div>\n\n\n<h4 class=\"wp-block-heading\">5 &#8211; Otimize o fluxo de trabalho do seu call center com estat\u00edsticas de chamadas<\/h4>\n\n\n\n<p>Com o CloudTalk, voc\u00ea pode filtrar suas estat\u00edsticas de chamadas por n\u00famero de telefone. Esse recurso ser\u00e1 especialmente \u00fatil quando voc\u00ea come\u00e7ar a trabalhar com seu n\u00famero de telefone de Miami.  <\/p>\n\n\n\n<p>Every location is different, of course, so being able to analyze statistics like average call handle time and first call resolution for a given local phone number will help you optimize your workflows for that particular region and improve agent performance overall.<\/p>\n\n\n\n<hr class=\"wp-block-separator has-alpha-channel-opacity\"\/>\n\n\n\n<h4 class=\"wp-block-heading\">Como ativar seu n\u00famero de telefone de Los Angeles<\/h4>\n\n\n<div class=\"wp-block-cloudtalk-list wp-block-cloudtalk-list--lg wp-block-cloudtalk-list--numbered wp-block-cloudtalk-list\"><div class=\"list-block list-block--lg list-block--numbered\"><ol class=\"list-block__list\">        <li class=\"list-block__item\">\n                            <span class=\"list-block__number\">01<\/span>\n                        <div class=\"list-block__content\">\n                                <div class=\"list-block__content-inner\">\n                    Selecione &#8220;new number&#8221; (novo n\u00famero) na interface do CloudTalk                <\/div>\n                                                    <div class=\"list-block__content-sub\">\n                        Com apenas alguns cliques r\u00e1pidos, voc\u00ea pode iniciar o processo de obten\u00e7\u00e3o de um n\u00famero de telefone local!                    <\/div>\n                            <\/div>\n        <\/li>\n        <li class=\"list-block__item\">\n                            <span class=\"list-block__number\">02<\/span>\n                        <div class=\"list-block__content\">\n                                <div class=\"list-block__content-inner\">\n                    Preencha um breve formul\u00e1rio                <\/div>\n                                                    <div class=\"list-block__content-sub\">\n                        Insira alguns detalhes sobre a sua conta e sobre o n\u00famero de telefone com o qual voc\u00ea gostaria de come\u00e7ar a trabalhar.                    <\/div>\n                            <\/div>\n        <\/li>\n        <li class=\"list-block__item\">\n                            <span class=\"list-block__number\">03<\/span>\n                        <div class=\"list-block__content\">\n                                <div class=\"list-block__content-inner\">\n                    Sente-se, relaxe e espere que um de nossos agentes ative seu n\u00famero                <\/div>\n                                                    <div class=\"list-block__content-sub\">\n                        Nossos agentes trabalham arduamente para manter parcerias comerciais com empresas de telecomunica\u00e7\u00f5es em todo o mundo para que possamos conectar voc\u00ea rapidamente a esse novo n\u00famero local.                    <\/div>\n                            <\/div>\n        <\/li>\n<\/ol><\/div><\/div>\n\n\n<hr class=\"wp-block-separator has-alpha-channel-opacity\"\/>\n\n\n\n<h2 class=\"wp-block-heading\">Obtenha seu n\u00famero com c\u00f3digo de \u00e1rea 323 em Los Angeles agora!<\/h2>\n\n\n\n<h4 class=\"wp-block-heading\">Lista de c\u00f3digos de \u00e1rea populares do oeste dos EUA<\/h4>\n\n\n\n<p>Seu c\u00f3digo de \u00e1rea 323 permitir\u00e1 que seus clientes em todo o sul da Calif\u00f3rnia saibam que voc\u00ea \u00e9 uma empresa local capaz de atender \u00e0s necessidades exclusivas deles. Se voc\u00ea quiser se estabelecer em outro centro comercial no oeste americano, veja nossa lista de op\u00e7\u00f5es de c\u00f3digo de \u00e1rea abaixo. <\/p>\n\n\n<div class=\"wp-block-cloudtalk-table table-style-simple\"><div class=\"table-block\"><div class=\"table-block__table-container\"><table class=\"table-block__table\"><thead><tr><th>Cidade<\/th><th>C\u00f3digo de \u00e1rea<\/th><\/tr><\/thead><tbody><tr><td>Los Angeles, CA<\/td><td>323<\/td><\/tr><tr><td>S\u00e3o Francisco, CA<\/td><td>628<\/td><\/tr><tr><td>Seattle, WA<\/td><td>206<\/td><\/tr><tr><td>Phoenix, AZ<\/td><td>480<\/td><\/tr><tr><td>Boston, MA<\/td><td>617<\/td><\/tr><\/tbody><\/table><\/div><\/div><\/div>\n\n\n<hr class=\"wp-block-separator has-alpha-channel-opacity\"\/>\n\n\n\n<h4 class=\"wp-block-heading\">Pre\u00e7os do n\u00famero de telefone dos EUA<\/h4>\n\n\n\n<p>Adquirir seu primeiro n\u00famero de telefone nos EUA com o CloudTalk <strong>custar\u00e1 a voc\u00ea US$ 3<\/strong>. Os n\u00fameros subsequentes nos EUA podem ser adquiridos <strong>por US$ 6 por n\u00famero<\/strong>.  <\/p>\n<\/div>\n\n\n\n<div class=\"wp-block-cloudtalk-row-column\" style=\"width:minmax(0, 280px)\"><div class=\"wp-block-cloudtalk-sticky-banner is-sticky wp-block-cloudtalk-sticky-banner\"><div class=\"sticky-banner\"><div class=\"sticky-banner__content\"><div class=\"sticky-banner__content-item\"><h6 class=\"sticky-banner__title\">Agende uma demonstra\u00e7\u00e3o<\/h6><p class=\"sticky-banner__description\">D\u00ea \u00e0 sua equipe as ferramentas para reduzir o trabalho manual<\/p><\/div><div class=\"sticky-banner__button\"><a href=\"\/pt-br\/agende-uma-demo\/\" class=\"sticky-banner__button-link btn btn-secondary btn-small\">Contato com vendas<\/a><\/div><\/div><\/div><\/div><\/div>\n<\/div>\n<div class=\"wp-block-cloudtalk-faq wp-block-cloudtalk-faq--blue wp-block-cloudtalk-faq\"><div class=\"faq-block\"><div class=\"faq-block__header\"><h2 class=\"faq-block__title\">Perguntas frequentes sobre n\u00fameros de telefone dos EUA<\/h2><p class=\"faq-block__description\">Nossa equipe de vendas ter\u00e1 prazer em ajud\u00e1-lo a encontrar um plano acess\u00edvel para ligar para os Estados Unidos do exterior. Para falar com um representante, ligue para +44 20 3868 0167 ou entre em contato pelo e-mail <a href=\"mailto:hello@cloudtalk.io\">hello@cloudtalk.io<\/a> <\/p><\/div><div class=\"faq-block__items\"><div class=\"faq-item\" data-faq-item=\"0\"><div class=\"faq-item__header\"><button class=\"faq-item__question\" aria-expanded=\"false\" aria-controls=\"faq-item-0\"><h3 class=\"faq-item__question-text\">Quanto custa ligar para os EUA?<\/h3><span class=\"faq-item__icon\" aria-hidden=\"true\"><\/span><\/button><\/div><div class=\"faq-item__content\" id=\"faq-item-0\"><div class=\"faq-item__answer\"><p>Ao discar um n\u00famero de telefone dos EUA, voc\u00ea precisar\u00e1 come\u00e7ar com o c\u00f3digo do pa\u00eds +1, depois o c\u00f3digo de \u00e1rea (305), seguido por um n\u00famero de telefone de 7 d\u00edgitos 123-4567.<\/p><\/div><\/div><\/div><div class=\"faq-item\" data-faq-item=\"1\"><div class=\"faq-item__header\"><button class=\"faq-item__question\" aria-expanded=\"false\" aria-controls=\"faq-item-1\"><h3 class=\"faq-item__question-text\">Quanto custa ligar para os EUA?<\/h3><span class=\"faq-item__icon\" aria-hidden=\"true\"><\/span><\/button><\/div><div class=\"faq-item__content\" id=\"faq-item-1\"><div class=\"faq-item__answer\"><p>Um n\u00famero de telefone dos EUA tem 11 d\u00edgitos. Um d\u00edgito para o c\u00f3digo do pa\u00eds, 3 d\u00edgitos para o c\u00f3digo de \u00e1rea e 7 d\u00edgitos para o pr\u00f3prio n\u00famero. <\/p><\/div><\/div><\/div><div class=\"faq-item\" data-faq-item=\"2\"><div class=\"faq-item__header\"><button class=\"faq-item__question\" aria-expanded=\"false\" aria-controls=\"faq-item-2\"><h3 class=\"faq-item__question-text\">Como funcionam as avalia\u00e7\u00f5es gratuitas?<\/h3><span class=\"faq-item__icon\" aria-hidden=\"true\"><\/span><\/button><\/div><div class=\"faq-item__content\" id=\"faq-item-2\"><div class=\"faq-item__answer\">Basta nos enviar suas informa\u00e7\u00f5es de contato e voc\u00ea receber\u00e1 uma avalia\u00e7\u00e3o gratuita e sem compromisso do CloudTalk. Voc\u00ea pode come\u00e7ar a discar imediatamente e aproveitar toda a nossa gama de <a href=\"https:\/\/test-staging.cloudtalk.io\/pt-br\/recursos\/\">recursos<\/a> e <a href=\"https:\/\/test-staging.cloudtalk.io\/pt-br\/integracoes\/\">integra\u00e7\u00f5es<\/a> por duas semanas repletas de divers\u00e3o.<\/div><\/div><\/div><div class=\"faq-item\" data-faq-item=\"3\"><div class=\"faq-item__header\"><button class=\"faq-item__question\" aria-expanded=\"false\" aria-controls=\"faq-item-3\"><h3 class=\"faq-item__question-text\">Quais s\u00e3o os seus pre\u00e7os das chamadas ativas?<\/h3><span class=\"faq-item__icon\" aria-hidden=\"true\"><\/span><\/button><\/div><div class=\"faq-item__content\" id=\"faq-item-3\"><div class=\"faq-item__answer\">Cada pacote inclui um n\u00famero padr\u00e3o local ou de liga\u00e7\u00e3o gratuita. Os pre\u00e7os das chamadas efetuadas variam. Entre <a href=\"https:\/\/test-staging.cloudtalk.io\/pt-br\/contate-nos\/\">em contato conosco<\/a> para obter mais detalhes.<\/div><\/div><\/div><div class=\"faq-item\" data-faq-item=\"4\"><div class=\"faq-item__header\"><button class=\"faq-item__question\" aria-expanded=\"false\" aria-controls=\"faq-item-4\"><h3 class=\"faq-item__question-text\">Quem \u00e9 um usu\u00e1rio?<\/h3><span class=\"faq-item__icon\" aria-hidden=\"true\"><\/span><\/button><\/div><div class=\"faq-item__content\" id=\"faq-item-4\"><div class=\"faq-item__answer\">Os usu\u00e1rios trabalham para a sua empresa e se comunicam com seus clientes atuais e potenciais. Voc\u00ea pode adicionar ou remover usu\u00e1rios a qualquer momento e com apenas alguns cliques. Os usu\u00e1rios s\u00e3o agentes, supervisores, analistas, administradores, etc.<\/div><\/div><\/div><div class=\"faq-item\" data-faq-item=\"5\"><div class=\"faq-item__header\"><button class=\"faq-item__question\" aria-expanded=\"false\" aria-controls=\"faq-item-5\"><h3 class=\"faq-item__question-text\">Com que frequ\u00eancia posso alterar meu plano de cobran\u00e7a?<\/h3><span class=\"faq-item__icon\" aria-hidden=\"true\"><\/span><\/button><\/div><div class=\"faq-item__content\" id=\"faq-item-5\"><div class=\"faq-item__answer\">Os planos cobrados anualmente s\u00f3 podem ser atualizados para um plano de n\u00edvel superior (por exemplo, de Essential para Expert). N\u00e3o \u00e9 poss\u00edvel fazer downgrade no faturamento anual.<\/div><\/div><\/div><div class=\"faq-item\" data-faq-item=\"6\"><div class=\"faq-item__header\"><button class=\"faq-item__question\" aria-expanded=\"false\" aria-controls=\"faq-item-6\"><h3 class=\"faq-item__question-text\">De que outra forma posso usar o CloudTalk?<\/h3><span class=\"faq-item__icon\" aria-hidden=\"true\"><\/span><\/button><\/div><div class=\"faq-item__content\" id=\"faq-item-6\"><div class=\"faq-item__answer\">O CloudTalk pode ser usado de muitas maneiras diferentes: para suporte ao cliente, como um centro de contato ou simplesmente como um sistema telef\u00f4nico virtual completo. Nossa solu\u00e7\u00e3o tamb\u00e9m \u00e9 perfeita para empresas que operam diferentes plataformas de com\u00e9rcio eletr\u00f4nico ao mesmo tempo, pois a capacidade de configurar canais de suporte ao cliente separados pode fazer toda a diferen\u00e7a.<\/div><\/div><\/div><div class=\"faq-item\" data-faq-item=\"7\"><div class=\"faq-item__header\"><button class=\"faq-item__question\" aria-expanded=\"false\" aria-controls=\"faq-item-7\"><h3 class=\"faq-item__question-text\">E quanto \u00e0 seguran\u00e7a dos dados?<\/h3><span class=\"faq-item__icon\" aria-hidden=\"true\"><\/span><\/button><\/div><div class=\"faq-item__content\" id=\"faq-item-7\"><div class=\"faq-item__answer\">A seguran\u00e7a dos seus dados \u00e9 a nossa maior prioridade. O CloudTalk tem certifica\u00e7\u00e3o ISO 27001:2013 e PCI-DSS. O CloudTalk usa data centers de terceiros com certifica\u00e7\u00f5es padr\u00e3o do setor (Tier III+ ou IV, ISO 27001, PCI-DSS).   Todas as instala\u00e7\u00f5es incluem prote\u00e7\u00e3o f\u00edsica. A interface \u00e9 acessada por meio de uma conex\u00e3o SSL criptografada. Voc\u00ea pode ler mais em nossa p\u00e1gina dedicada \u00e0 <a href=\"https:\/\/test-staging.cloudtalk.io\/pt-br\/seguranca-cloudtalk\/\">seguran\u00e7a<\/a>.<\/div><\/div><\/div><\/div><div class=\"faq-block__cta\"><div class=\"faq-block__cta-image\"><img decoding=\"async\" src=\"https:\/\/test-staging.cloudtalk.io\/wp-content\/uploads\/2025\/11\/Avatar-group.png\" alt=\"CTA image\" \/><\/div><div class=\"faq-block__cta-content\"><h3 class=\"faq-block__cta-title\">Voc\u00ea ainda tem d\u00favidas?<\/h3><p class=\"faq-block__cta-description\">N\u00e3o consegue encontrar a resposta que voc\u00ea est\u00e1 procurando? Converse com nossa equipe amig\u00e1vel. <\/p><div class=\"faq-block__cta-button\"><a href=\"\/pt-br\/agende-uma-demo\/\" class=\"btn btn-secondary\">Entre em contato<\/a><\/div><\/div><\/div><\/div><\/div>","protected":false},"excerpt":{"rendered":"","protected":false},"author":37,"featured_media":0,"parent":0,"menu_order":0,"comment_status":"closed","ping_status":"closed","template":"page-templates\/ct-evo-us_number_page.php","meta":{"_acf_changed":false,"inline_featured_image":false,"footnotes":""},"ct-post-type":[],"class_list":["post-65957","page","type-page","status-publish","hentry"],"acf":[],"_links":{"self":[{"href":"https:\/\/test-staging.cloudtalk.io\/pt-br\/wp-json\/wp\/v2\/pages\/65957","targetHints":{"allow":["GET"]}}],"collection":[{"href":"https:\/\/test-staging.cloudtalk.io\/pt-br\/wp-json\/wp\/v2\/pages"}],"about":[{"href":"https:\/\/test-staging.cloudtalk.io\/pt-br\/wp-json\/wp\/v2\/types\/page"}],"author":[{"embeddable":true,"href":"https:\/\/test-staging.cloudtalk.io\/pt-br\/wp-json\/wp\/v2\/users\/37"}],"replies":[{"embeddable":true,"href":"https:\/\/test-staging.cloudtalk.io\/pt-br\/wp-json\/wp\/v2\/comments?post=65957"}],"version-history":[{"count":0,"href":"https:\/\/test-staging.cloudtalk.io\/pt-br\/wp-json\/wp\/v2\/pages\/65957\/revisions"}],"wp:attachment":[{"href":"https:\/\/test-staging.cloudtalk.io\/pt-br\/wp-json\/wp\/v2\/media?parent=65957"}],"wp:term":[{"taxonomy":"ct-post-type","embeddable":true,"href":"https:\/\/test-staging.cloudtalk.io\/pt-br\/wp-json\/wp\/v2\/ct-post-type?post=65957"}],"curies":[{"name":"wp","href":"https:\/\/api.w.org\/{rel}","templated":true}]}}