{"id":61757,"date":"2022-03-10T16:43:34","date_gmt":"2022-03-10T14:43:34","guid":{"rendered":"https:\/\/staging.cloudtalk.io\/5-melhores-solucoes-ura-para-testar-em-2021\/"},"modified":"2025-03-06T18:04:27","modified_gmt":"2025-03-06T16:04:27","slug":"5-melhores-solucoes-ura-para-testar-em-2021","status":"publish","type":"page","link":"https:\/\/test-staging.cloudtalk.io\/pt-br\/5-melhores-solucoes-ura-para-testar-em-2021\/","title":{"rendered":"5 melhores solu\u00e7\u00f5es de URA para voc\u00ea testar em 2026"},"content":{"rendered":"\n<div class=\"wp-block-group ebook-atf\"><div class=\"wp-block-group__inner-container is-layout-constrained wp-block-group-is-layout-constrained\">\n<div class=\"wp-block-group container-fluid\"><div class=\"wp-block-group__inner-container is-layout-constrained wp-block-group-is-layout-constrained\">\n<div class=\"wp-block-columns is-layout-flex wp-container-core-columns-is-layout-9d6595d7 wp-block-columns-is-layout-flex\">\n<div class=\"wp-block-column is-vertically-aligned-center is-layout-flow wp-block-column-is-layout-flow\">\n<p class=\"caption has-deep-blue-sky-color has-text-color\">E-BOOK GRATUITO<\/p>\n\n\n\n<h1 class=\"wp-block-heading\">Simplifique as chamadas, aumente o CSAT e reduza a rotatividade com as 5 melhores solu\u00e7\u00f5es de URA em 2025<\/h1>\n\n\n\n<p>Os sistemas de resposta interativa de voz (IVR) s\u00e3o ferramentas VoIP exclusivas que permitem que os autores das chamadas acessem as perguntas frequentes ou escolham diferentes op\u00e7\u00f5es de roteamento.\nAssuma o controle total das chamadas recebidas, crie fluxos de chamadas personalizados para atender ao seu p\u00fablico e ofere\u00e7a excelentes experi\u00eancias aos clientes com as 5 melhores solu\u00e7\u00f5es de URA do mercado atual. <\/p>\n\n\n\n<div class=\"wp-block-buttons is-layout-flex wp-block-buttons-is-layout-flex\">\n<div class=\"wp-block-button popmake-174589\"><a class=\"wp-block-button__link wp-element-button\">Fa\u00e7a o download agora<\/a><\/div>\n<\/div>\n<\/div>\n\n\n\n<div class=\"wp-block-column is-vertically-aligned-center is-layout-flow wp-block-column-is-layout-flow\"><div class=\"wp-block-image\">\n<figure class=\"aligncenter size-full\"><img loading=\"lazy\" decoding=\"async\" width=\"899\" height=\"1269\" src=\"https:\/\/test-staging.cloudtalk.io\/wp-content\/uploads\/2024\/06\/Book-Cover-5.png\" alt=\"\" class=\"wp-image-217330\" srcset=\"https:\/\/test-staging.cloudtalk.io\/wp-content\/uploads\/2024\/06\/Book-Cover-5.png 899w, https:\/\/test-staging.cloudtalk.io\/wp-content\/uploads\/2024\/06\/Book-Cover-5-213x300.png 213w, https:\/\/test-staging.cloudtalk.io\/wp-content\/uploads\/2024\/06\/Book-Cover-5-725x1024.png 725w, https:\/\/test-staging.cloudtalk.io\/wp-content\/uploads\/2024\/06\/Book-Cover-5-768x1084.png 768w, https:\/\/test-staging.cloudtalk.io\/wp-content\/uploads\/2024\/06\/Book-Cover-5-765x1080.png 765w, https:\/\/test-staging.cloudtalk.io\/wp-content\/uploads\/2024\/06\/Book-Cover-5-526x742.png 526w, https:\/\/test-staging.cloudtalk.io\/wp-content\/uploads\/2024\/06\/Book-Cover-5-303x428.png 303w, https:\/\/test-staging.cloudtalk.io\/wp-content\/uploads\/2024\/06\/Book-Cover-5-300x424.png 300w, https:\/\/test-staging.cloudtalk.io\/wp-content\/uploads\/2024\/06\/Book-Cover-5-80x113.png 80w, https:\/\/test-staging.cloudtalk.io\/wp-content\/uploads\/2024\/06\/Book-Cover-5-62x88.png 62w, https:\/\/test-staging.cloudtalk.io\/wp-content\/uploads\/2024\/06\/Book-Cover-5-288x408.png 288w\" sizes=\"auto, (max-width: 899px) 100vw, 899px\" \/><\/figure><\/div><\/div>\n<\/div>\n<\/div><\/div>\n<\/div><\/div>\n\n\n\n<div class=\"wp-block-group slider-text-panel\"><div class=\"wp-block-group__inner-container is-layout-constrained wp-block-group-is-layout-constrained\">\n<div class=\"wp-block-group container-fluid\"><div class=\"wp-block-group__inner-container is-layout-constrained wp-block-group-is-layout-constrained\">\n<div class=\"wp-block-columns is-layout-flex wp-container-core-columns-is-layout-9d6595d7 wp-block-columns-is-layout-flex\">\n<div class=\"wp-block-column is-layout-flow wp-block-column-is-layout-flow\"><div id='sa_invalid_postid'>Slide Anything shortcode error: A valid ID has not been provided<\/div>\n\n<\/div>\n\n\n\n<div class=\"wp-block-column is-vertically-aligned-center is-layout-flow wp-block-column-is-layout-flow\">\n<h2 class=\"wp-block-heading\">Neste eBook, voc\u00ea encontrar\u00e1:<\/h2>\n\n\n\n<div class=\"wp-block-group list-group\"><div class=\"wp-block-group__inner-container is-layout-constrained wp-block-group-is-layout-constrained\">\n<ul class=\"wp-block-list icons-circled\">\n<li>Vis\u00e3o geral abrangente do que \u00e9 um IVR e como ele funciona;<\/li>\n\n\n\n<li>Compara\u00e7\u00e3o das 5 melhores solu\u00e7\u00f5es de URA do mercado atual;<\/li>\n\n\n\n<li>Detalhamento de pre\u00e7os, recursos, integra\u00e7\u00f5es, avalia\u00e7\u00f5es de clientes e muito mais;<\/li>\n\n\n\n<li>Os pr\u00f3s, os contras e o melhor caso de uso para cada concorrente.<\/li>\n<\/ul>\n<\/div><\/div>\n<\/div>\n<\/div>\n<\/div><\/div>\n<\/div><\/div>\n\n\n\n<div class=\"wp-block-group ct-testimonial\"><div class=\"wp-block-group__inner-container is-layout-constrained wp-block-group-is-layout-constrained\">\n<div class=\"wp-block-group container-extended\"><div class=\"wp-block-group__inner-container is-layout-constrained wp-block-group-is-layout-constrained\"><div class='white' style='background:rgba(0,0,0,0); border:solid 0px rgba(0,0,0,0); border-radius:0px; padding:0px 0px 0px 0px;'>\n<div id='slider_174351' class='owl-carousel sa_owl_theme autohide-arrows' data-slider-id='slider_174351' style='visibility:hidden;'>\n<div id='slider_174351_slide01' class='sa_hover_container' style='padding:0% 0%; margin:0px 0%; background-image:url(&quot;https:\/\/test-staging.cloudtalk.io\/wp-content\/uploads\/2023\/10\/Nokia-testimonial.png&quot;); background-position:center center; background-size:auto; background-repeat:no-repeat; min-height:320px; '><div class=\"ct-testimonial-slide\">\r\n<div class=\"ct-testimonial-slide-text\" style=\"background: #015AFF\">\r\n<p class=\"person-text\">\"Com o Analytics do CloudTalk, agora posso ver cada etapa do processo. Podemos encontrar discrep\u00e2ncias entre nossos agentes e obter uma compreens\u00e3o muito melhor da configura\u00e7\u00e3o de nossas equipes.\"<\/p>\r\n<p class=\"person-role\"><strong>Nelly Donnelly<\/strong> Gerente de entrega de servi\u00e7os<\/p>\r\n<a href=\"https:\/\/test-staging.cloudtalk.io\/nokia-customer-story\/\" class=\"nokia case-study-cta\">Veja a hist\u00f3ria<\/a>\r\n<img decoding=\"async\" class=\"person-bg\" src=\"\/wp-content\/uploads\/2023\/07\/testimonial-nokia-bg.svg\" alt=\"Nokia-bg\" \/><\/div>\r\n<div class=\"ct-testimonial-slide-img-desktop\"><img decoding=\"async\" title=\"Nokia\" src=\"\/wp-content\/uploads\/2023\/08\/testimonial-nokia-logo_photo-2x.png\" alt=\"Nokia\" \/><\/div>\r\n<div class=\"ct-testimonial-slide-img-mobile\"><img decoding=\"async\" title=\"Nokia\" src=\"\/wp-content\/uploads\/2023\/08\/testimonial-nokia-logo_photo-mobile-2x.png\" alt=\"Nokia\" \/><\/div>\r\n<\/div><\/div>\n<div id='slider_174351_slide02' class='sa_hover_container' style='padding:0% 0%; margin:0px 0%; background-image:url(&quot;https:\/\/test-staging.cloudtalk.io\/wp-content\/uploads\/2023\/10\/Glovo-testimonial.png&quot;); background-position:center center; background-size:auto; background-repeat:no-repeat; min-height:320px; '><div class=\"ct-testimonial-slide\">\r\n<div class=\"ct-testimonial-slide-text\" style=\"background: #00A082\">\r\n<p class=\"person-text\">\"O CloudTalk melhorou o custo e a efici\u00eancia de nossa equipe. O recurso de script nos permite conduzir as chamadas de uma forma muito mais sistem\u00e1tica, bem como todos os bot\u00f5es de a\u00e7\u00e3o para acionar a\u00e7\u00f5es diretamente em nosso backend.\"<\/p>\r\n<p class=\"person-role\"><strong>Yohann Bensadoun<\/strong> Crescimento global de suprimentos<\/p>\r\n<a href=\"https:\/\/test-staging.cloudtalk.io\/glovo-customer-story\/\" class=\"glovo case-study-cta\">Veja a hist\u00f3ria<\/a>\r\n<img decoding=\"async\" class=\"person-bg\" src=\"\/wp-content\/uploads\/2023\/07\/testimonial-glovo-bg.svg\" alt=\"Glovo-bg\" \/><\/div>\r\n<div class=\"ct-testimonial-slide-img-desktop\"><img decoding=\"async\" title=\"Glovo\" src=\"\/wp-content\/uploads\/2023\/08\/testimonial-glovo-logo_photo-2x.png\" alt=\"Glovo\" \/><\/div>\r\n<div class=\"ct-testimonial-slide-img-mobile\"><img decoding=\"async\" title=\"Glovo\" src=\"\/wp-content\/uploads\/2023\/08\/testimonial-glovo-logo_photo-mobile-2x.png\" alt=\"Glovo\" \/><\/div>\r\n<\/div><\/div>\n<div id='slider_174351_slide03' class='sa_hover_container' style='padding:0% 0%; margin:0px 0%; background-image:url(&quot;https:\/\/test-staging.cloudtalk.io\/wp-content\/uploads\/2023\/10\/Discover-cars.png&quot;); background-position:center center; background-size:auto; background-repeat:no-repeat; min-height:320px; '><div class=\"ct-testimonial-slide\">\r\n<div class=\"ct-testimonial-slide-text\" style=\"background: #0A578E\">\r\n<p class=\"person-text\">\"Nosso volume de chamadas triplicou em apenas 2 anos, de cerca de 10.000 chamadas para 30.000 por trimestre e, com o CloudTalk, agora podemos lidar com toda essa comunica\u00e7\u00e3o facilmente. Foi uma excelente escolha.\"<\/p>\r\n<p class=\"person-role\"><strong>Frederico Lopes<\/strong> Chefe de atendimento ao cliente<\/p>\r\n<a href=\"https:\/\/test-staging.cloudtalk.io\/discovercars-customer-story\/\" class=\"discovercars case-study-cta\">Veja a hist\u00f3ria<\/a>\r\n<img decoding=\"async\" class=\"person-bg\" src=\"\/wp-content\/uploads\/2023\/07\/testimonial-discover_cars-bg.svg\" alt=\"Discover_cars-bg\" \/><\/div>\r\n<div class=\"ct-testimonial-slide-img-desktop\"><img decoding=\"async\" title=\"Discover Cars\" src=\"\/wp-content\/uploads\/2023\/08\/testimonial-discover_cars-logo_photo-2x.png\" alt=\"Discover Cars\" \/><\/div>\r\n<div class=\"ct-testimonial-slide-img-mobile\"><img decoding=\"async\" title=\"Discover Cars\" src=\"\/wp-content\/uploads\/2023\/08\/testimonial-discover_cars-logo_photo-mobile-2x.png\" alt=\"Discover Cars\" \/><\/div>\r\n<\/div><\/div>\n<div id='slider_174351_slide04' class='sa_hover_container' style='padding:0% 0%; margin:0px 0%; background-image:url(&quot;https:\/\/test-staging.cloudtalk.io\/wp-content\/uploads\/2023\/10\/MyHeritage-testimonial.png&quot;); background-position:center center; background-size:auto; background-repeat:no-repeat; min-height:320px; '><div class=\"ct-testimonial-slide\">\r\n<div class=\"ct-testimonial-slide-text\" style=\"background: #DC682C\">\r\n<p class=\"person-text\">\"Observamos um aumento significativo em nosso volume de chamadas de sa\u00edda desde que come\u00e7amos a usar o CloudTalk e agora podemos alcan\u00e7ar mais clientes potenciais e clientes do que nunca.\"<\/p>\r\n<p class=\"person-role\"><strong>Elay Sasson<\/strong> Gerente de call center<\/p>\r\n<a href=\"https:\/\/test-staging.cloudtalk.io\/my-heritage-customer-story\/\" class=\"myheritage case-study-cta\">Veja a hist\u00f3ria<\/a>\r\n<img decoding=\"async\" class=\"person-bg\" src=\"\/wp-content\/uploads\/2023\/07\/testimonial-myheritage-bg.svg\" alt=\"MyHeritage-bg\" \/><\/div>\r\n<div class=\"ct-testimonial-slide-img-desktop\"><img decoding=\"async\" title=\"MyHeritage\" src=\"\/wp-content\/uploads\/2023\/08\/testimonial-myheritage-logo_photo-2x.png\" alt=\"MyHeritage\" \/><\/div>\r\n<div class=\"ct-testimonial-slide-img-mobile\"><img decoding=\"async\" title=\"MyHeritage\" src=\"\/wp-content\/uploads\/2023\/08\/testimonial-myheritage-logo_photo-mobile-2x.png\" alt=\"MyHeritage\" \/><\/div>\r\n<\/div><\/div>\n<div id='slider_174351_slide05' class='sa_hover_container' style='padding:0% 0%; margin:0px 0%; background-image:url(&quot;https:\/\/test-staging.cloudtalk.io\/wp-content\/uploads\/2024\/10\/logo-capitalo-skola-obchodovani.svg&quot;); background-position:center center; background-size:auto; background-repeat:no-repeat; min-height:320px; '><div class=\"ct-testimonial-slide\">\r\n<div class=\"ct-testimonial-slide-text\" style=\"background: #0B5253\">\r\n<p class=\"person-text\">\"A IA da CloudTalk cortou nossa an\u00e1lise de qualidade de chamadas de 2 horas para 20 minutos di\u00e1rios e reduziu leads mal direcionados em 24%, permitindo que nos concentr\u00e1ssemos no crescimento estrat\u00e9gico.\"<\/p>\r\n<p class=\"person-role\"><strong>Sara Konickova<\/strong> Sales Ops Manager<\/p>\r\n<a href=\"https:\/\/test-staging.cloudtalk.io\/customer-stories\/capitalo\/\" class=\"capitalo case-study-cta\">Veja a hist\u00f3ria<\/a>\r\n<img decoding=\"async\" class=\"person-bg\" src=\"\/wp-content\/uploads\/2024\/10\/testimonial-capitalo-bg.svg\" alt=\"Capitalo-bg\" \/><\/div>\r\n<div class=\"ct-testimonial-slide-img-desktop\"><img decoding=\"async\" title=\"MyHeritage\" src=\"\/wp-content\/uploads\/2024\/10\/testimonial-capitalo-logo_photo-2x.png\" alt=\"Capitalo\" \/><\/div>\r\n<div class=\"ct-testimonial-slide-img-mobile\"><img decoding=\"async\" title=\"MyHeritage\" src=\"\/wp-content\/uploads\/2024\/10\/testimonial-capitalo-logo_photo-mobile-2x.png\" alt=\"Capitalo\" \/><\/div>\r\n<\/div><\/div>\n<\/div>\n<div id='slider_174351_thumbs' class='sa_owl_thumbs_wrap sa_thumbs_outside_bottom' style=' padding:0%; padding-bottom:0px;'><div class='owl-thumbs' data-slider-id='slider_174351'><div class='owl-thumb-item' style='background-image:url(\"https:\/\/test-staging.cloudtalk.io\/wp-content\/uploads\/2023\/10\/Nokia-testimonial.png\"); width:150px; height:85px; background-position:center center; background-size:auto; background-repeat:no-repeat; opacity:0.5; border:solid 0px transparent' title='Slide 1'><\/div><div class='owl-thumb-item' style='background-image:url(\"https:\/\/test-staging.cloudtalk.io\/wp-content\/uploads\/2023\/10\/Glovo-testimonial.png\"); width:150px; height:85px; background-position:center center; background-size:auto; background-repeat:no-repeat; opacity:0.5; border:solid 0px transparent' title='Slide 2'><\/div><div class='owl-thumb-item' style='background-image:url(\"https:\/\/test-staging.cloudtalk.io\/wp-content\/uploads\/2023\/10\/Discover-cars.png\"); width:150px; height:85px; background-position:center center; background-size:auto; background-repeat:no-repeat; opacity:0.5; border:solid 0px transparent' title='Slide 3'><\/div><div class='owl-thumb-item' style='background-image:url(\"https:\/\/test-staging.cloudtalk.io\/wp-content\/uploads\/2023\/10\/MyHeritage-testimonial.png\"); width:150px; height:85px; background-position:center center; background-size:auto; background-repeat:no-repeat; opacity:0.5; border:solid 0px transparent' title='Slide 4'><\/div><div class='owl-thumb-item' style='background-image:url(\"https:\/\/test-staging.cloudtalk.io\/wp-content\/uploads\/2024\/10\/logo-capitalo-skola-obchodovani.svg\"); width:150px; height:85px; background-position:center center; background-size:auto; background-repeat:no-repeat; opacity:0.5; border:solid 0px transparent' title='Slide 5'><\/div><\/div><\/div>\n<\/div>\n<script type='text\/javascript'>\n\tjQuery(document).ready(function() {\n\t\tjQuery('#slider_174351').owlCarousel({\n\t\t\titems : 1,\n\t\t\tanimateOut : 'fadeOut',\n\t\t\tsmartSpeed : 1000,\n\t\t\tautoplay : true,\n\t\t\tautoplayTimeout : 10000,\n\t\t\tautoplayHoverPause : true,\n\t\t\tsmartSpeed : 1000,\n\t\t\tfluidSpeed : 1000,\n\t\t\tautoplaySpeed : 1000,\n\t\t\tnavSpeed : 1000,\n\t\t\tdotsSpeed : 1000,\n\t\t\tloop : true,\n\t\t\tnav : false,\n\t\t\tnavText : ['Previous','Next'],\n\t\t\tdots : false,\n\t\t\tresponsiveRefreshRate : 200,\n\t\t\tslideBy : 1,\n\t\t\tmergeFit : true,\n\t\t\tautoHeight : false,\n\t\t\tthumbs : true,\n\t\t\tthumbsPrerendered : true,\n\t\t\tmouseDrag : false,\n\t\t\ttouchDrag : false\n\t\t});\n\t\tjQuery('#slider_174351').css('visibility', 'visible');\n\t\tvar cta_203315 = jQuery('#slider_174351');\n\t\tjQuery('#slider_174351').click(function() {\n\t\t\tcta_203315.trigger('next.owl.carousel');\n\t\t});\n\t\tvar owl_goto = jQuery('#slider_174351');\n\t\tjQuery('.slider_174351_goto1').click(function(event){\n\t\t\towl_goto.trigger('to.owl.carousel', 0);\n\t\t});\n\t\tjQuery('.slider_174351_goto2').click(function(event){\n\t\t\towl_goto.trigger('to.owl.carousel', 1);\n\t\t});\n\t\tjQuery('.slider_174351_goto3').click(function(event){\n\t\t\towl_goto.trigger('to.owl.carousel', 2);\n\t\t});\n\t\tjQuery('.slider_174351_goto4').click(function(event){\n\t\t\towl_goto.trigger('to.owl.carousel', 3);\n\t\t});\n\t\tjQuery('.slider_174351_goto5').click(function(event){\n\t\t\towl_goto.trigger('to.owl.carousel', 4);\n\t\t});\n\t\tsa_resize_thumbs_slider_174351();\n\t\twindow.addEventListener('resize', sa_resize_thumbs_slider_174351);\n\t\tfunction sa_resize_thumbs_slider_174351() {\n\t\t\tvar win_width = jQuery(window).width();\n\t\t\tvar tablet_perc = parseFloat(75 \/ 100);\n\t\t\tvar mobile_perc = parseFloat(50 \/ 100);\n\t\t\tvar tablet_width = Math.round(150 * tablet_perc) + 'px';\n\t\t\tvar tablet_height = Math.round(85 * tablet_perc) + 'px';\n\t\t\tvar mobile_width = Math.round(150 * mobile_perc) + 'px';\n\t\t\tvar mobile_height = Math.round(85 * mobile_perc) + 'px';\n\t\t\tif ((mobile_perc != 0) && (win_width < 768)) {\n\t\t\t\tjQuery('#slider_174351_thumbs .owl-thumbs .owl-thumb-item').css('width', mobile_width);\n\t\t\t\tjQuery('#slider_174351_thumbs .owl-thumbs .owl-thumb-item').css('height', mobile_height);\n\t\t\t} else if ((tablet_perc != 0) && (win_width < 1000)) {\n\t\t\t\tjQuery('#slider_174351_thumbs .owl-thumbs .owl-thumb-item').css('width', tablet_width);\n\t\t\t\tjQuery('#slider_174351_thumbs .owl-thumbs .owl-thumb-item').css('height', tablet_height);\n\t\t\t} else {\n\t\t\t\tjQuery('#slider_174351_thumbs .owl-thumbs .owl-thumb-item').css('width', '150px');\n\t\t\t\tjQuery('#slider_174351_thumbs .owl-thumbs .owl-thumb-item').css('height', '85px');\n\t\t\t}\n\t\t}\n\t\tvar resize_203315 = jQuery('.owl-carousel');\n\t\tresize_203315.on('initialized.owl.carousel', function(e) {\n\t\t\tif (typeof(Event) === 'function') {\n\t\t\t\twindow.dispatchEvent(new Event('resize'));\n\t\t\t} else {\n\t\t\t\tvar evt = window.document.createEvent('UIEvents');\n\t\t\t\tevt.initUIEvent('resize', true, false, window, 0);\n\t\t\t\twindow.dispatchEvent(evt);\n\t\t\t}\n\t\t});\n\t});\n<\/script>\n\n<\/div><\/div>\n<\/div><\/div>\n\n\n\n<div class=\"wp-block-cover ebook-cta\"><span aria-hidden=\"true\" class=\"wp-block-cover__background has-background-dim\"><\/span><img decoding=\"async\" class=\"wp-block-cover__image-background wp-image-169191\" alt=\"\" src=\"https:\/\/test-staging.cloudtalk.io\/wp-content\/uploads\/2023\/07\/ebook-banner.svg\" data-object-fit=\"cover\"\/><div class=\"wp-block-cover__inner-container is-layout-flow wp-block-cover-is-layout-flow\">\n<h2 class=\"wp-block-heading has-text-align-center\"><strong>Pronto para come\u00e7ar?<\/strong><\/h2>\n\n\n\n<p class=\"has-text-align-center\">Agende uma demonstra\u00e7\u00e3o com um de nossos especialistas e obtenha um controle inigual\u00e1vel sobre a experi\u00eancia do seu cliente.<\/p>\n\n\n\n<div class=\"wp-block-buttons is-content-justification-center is-layout-flex wp-container-core-buttons-is-layout-16018d1d wp-block-buttons-is-layout-flex\">\n<div class=\"wp-block-button btn-regular\"><a class=\"wp-block-button__link wp-element-button\"   href=\"https:\/\/test-staging.cloudtalk.io\/pt-br\/agende-uma-demo\/\">Agende uma demonstra\u00e7\u00e3o<\/a><\/div>\n<\/div>\n<\/div><\/div>\n","protected":false},"excerpt":{"rendered":"<p>E-BOOK GRATUITO Simplifique as chamadas, aumente o CSAT e reduza a rotatividade com as 5 melhores solu\u00e7\u00f5es de URA em 2025 Os sistemas de resposta interativa de voz (IVR) s\u00e3o ferramentas VoIP exclusivas que permitem que os autores das chamadas acessem as perguntas frequentes ou escolham diferentes op\u00e7\u00f5es de roteamento. Assuma o controle total das [&hellip;]<\/p>\n","protected":false},"author":37,"featured_media":185745,"parent":0,"menu_order":0,"comment_status":"closed","ping_status":"closed","template":"page-templates\/ct-evo-ebook.php","meta":{"_acf_changed":false,"inline_featured_image":false,"footnotes":""},"ct-post-type":[],"class_list":["post-61757","page","type-page","status-publish","has-post-thumbnail","hentry"],"acf":[],"_links":{"self":[{"href":"https:\/\/test-staging.cloudtalk.io\/pt-br\/wp-json\/wp\/v2\/pages\/61757","targetHints":{"allow":["GET"]}}],"collection":[{"href":"https:\/\/test-staging.cloudtalk.io\/pt-br\/wp-json\/wp\/v2\/pages"}],"about":[{"href":"https:\/\/test-staging.cloudtalk.io\/pt-br\/wp-json\/wp\/v2\/types\/page"}],"author":[{"embeddable":true,"href":"https:\/\/test-staging.cloudtalk.io\/pt-br\/wp-json\/wp\/v2\/users\/37"}],"replies":[{"embeddable":true,"href":"https:\/\/test-staging.cloudtalk.io\/pt-br\/wp-json\/wp\/v2\/comments?post=61757"}],"version-history":[{"count":0,"href":"https:\/\/test-staging.cloudtalk.io\/pt-br\/wp-json\/wp\/v2\/pages\/61757\/revisions"}],"wp:featuredmedia":[{"embeddable":true,"href":"https:\/\/test-staging.cloudtalk.io\/pt-br\/wp-json\/wp\/v2\/media\/185745"}],"wp:attachment":[{"href":"https:\/\/test-staging.cloudtalk.io\/pt-br\/wp-json\/wp\/v2\/media?parent=61757"}],"wp:term":[{"taxonomy":"ct-post-type","embeddable":true,"href":"https:\/\/test-staging.cloudtalk.io\/pt-br\/wp-json\/wp\/v2\/ct-post-type?post=61757"}],"curies":[{"name":"wp","href":"https:\/\/api.w.org\/{rel}","templated":true}]}}