{"id":298467,"date":"2025-06-11T15:11:56","date_gmt":"2025-06-11T13:11:56","guid":{"rendered":"https:\/\/staging.cloudtalk.io\/integracao-com-o-odoo-automacao-do-fluxo-de-trabalho-de-negocios\/"},"modified":"2025-06-11T15:17:41","modified_gmt":"2025-06-11T13:17:41","slug":"integracao-com-o-odoo-automacao-do-fluxo-de-trabalho-de-negocios","status":"publish","type":"page","link":"https:\/\/test-staging.cloudtalk.io\/pt-br\/integracao-com-o-odoo-automacao-do-fluxo-de-trabalho-de-negocios\/","title":{"rendered":"Integra\u00e7\u00e3o com o Odoo | Automa\u00e7\u00e3o do fluxo de trabalho de neg\u00f3cios"},"content":{"rendered":"","protected":false},"excerpt":{"rendered":"","protected":false},"author":131,"featured_media":0,"parent":0,"menu_order":0,"comment_status":"closed","ping_status":"closed","template":"page-templates\/ct-evo-integration-new.php","meta":{"_acf_changed":false,"inline_featured_image":false,"footnotes":""},"ct-post-type":[],"class_list":["post-298467","page","type-page","status-publish","hentry"],"acf":[],"_links":{"self":[{"href":"https:\/\/test-staging.cloudtalk.io\/pt-br\/wp-json\/wp\/v2\/pages\/298467","targetHints":{"allow":["GET"]}}],"collection":[{"href":"https:\/\/test-staging.cloudtalk.io\/pt-br\/wp-json\/wp\/v2\/pages"}],"about":[{"href":"https:\/\/test-staging.cloudtalk.io\/pt-br\/wp-json\/wp\/v2\/types\/page"}],"author":[{"embeddable":true,"href":"https:\/\/test-staging.cloudtalk.io\/pt-br\/wp-json\/wp\/v2\/users\/131"}],"replies":[{"embeddable":true,"href":"https:\/\/test-staging.cloudtalk.io\/pt-br\/wp-json\/wp\/v2\/comments?post=298467"}],"version-history":[{"count":0,"href":"https:\/\/test-staging.cloudtalk.io\/pt-br\/wp-json\/wp\/v2\/pages\/298467\/revisions"}],"wp:attachment":[{"href":"https:\/\/test-staging.cloudtalk.io\/pt-br\/wp-json\/wp\/v2\/media?parent=298467"}],"wp:term":[{"taxonomy":"ct-post-type","embeddable":true,"href":"https:\/\/test-staging.cloudtalk.io\/pt-br\/wp-json\/wp\/v2\/ct-post-type?post=298467"}],"curies":[{"name":"wp","href":"https:\/\/api.w.org\/{rel}","templated":true}]}}