{"id":297152,"date":"2025-05-27T18:00:10","date_gmt":"2025-05-27T16:00:10","guid":{"rendered":"https:\/\/staging.cloudtalk.io\/integracao-do-sistema-telefonico-keap-anteriormente-infusionsoft\/"},"modified":"2025-05-27T18:00:10","modified_gmt":"2025-05-27T16:00:10","slug":"integracao-do-sistema-telefonico-keap-anteriormente-infusionsoft","status":"publish","type":"page","link":"https:\/\/test-staging.cloudtalk.io\/pt-br\/integracao-do-sistema-telefonico-keap-anteriormente-infusionsoft\/","title":{"rendered":"Integra\u00e7\u00e3o do sistema telef\u00f4nico Keap (anteriormente Infusionsoft)"},"content":{"rendered":"","protected":false},"excerpt":{"rendered":"","protected":false},"author":131,"featured_media":0,"parent":0,"menu_order":0,"comment_status":"closed","ping_status":"closed","template":"page-templates\/ct-evo-integration-new.php","meta":{"_acf_changed":false,"inline_featured_image":false,"footnotes":""},"ct-post-type":[],"class_list":["post-297152","page","type-page","status-publish","hentry"],"acf":[],"_links":{"self":[{"href":"https:\/\/test-staging.cloudtalk.io\/pt-br\/wp-json\/wp\/v2\/pages\/297152","targetHints":{"allow":["GET"]}}],"collection":[{"href":"https:\/\/test-staging.cloudtalk.io\/pt-br\/wp-json\/wp\/v2\/pages"}],"about":[{"href":"https:\/\/test-staging.cloudtalk.io\/pt-br\/wp-json\/wp\/v2\/types\/page"}],"author":[{"embeddable":true,"href":"https:\/\/test-staging.cloudtalk.io\/pt-br\/wp-json\/wp\/v2\/users\/131"}],"replies":[{"embeddable":true,"href":"https:\/\/test-staging.cloudtalk.io\/pt-br\/wp-json\/wp\/v2\/comments?post=297152"}],"version-history":[{"count":0,"href":"https:\/\/test-staging.cloudtalk.io\/pt-br\/wp-json\/wp\/v2\/pages\/297152\/revisions"}],"wp:attachment":[{"href":"https:\/\/test-staging.cloudtalk.io\/pt-br\/wp-json\/wp\/v2\/media?parent=297152"}],"wp:term":[{"taxonomy":"ct-post-type","embeddable":true,"href":"https:\/\/test-staging.cloudtalk.io\/pt-br\/wp-json\/wp\/v2\/ct-post-type?post=297152"}],"curies":[{"name":"wp","href":"https:\/\/api.w.org\/{rel}","templated":true}]}}