{"id":239069,"date":"2024-08-22T10:47:47","date_gmt":"2024-08-22T08:47:47","guid":{"rendered":"https:\/\/staging.cloudtalk.io\/blog\/"},"modified":"2025-10-16T16:17:46","modified_gmt":"2025-10-16T14:17:46","slug":"blog","status":"publish","type":"page","link":"https:\/\/test-staging.cloudtalk.io\/pl\/blog\/","title":{"rendered":"Blog"},"content":{"rendered":"<div class=\"blog-listing blog-listing--compact\"><div class=\"blog-listing__no-posts\"><h3>No blog posts found<\/h3><p>Try adjusting your search or filter criteria.<\/p><\/div><\/div><div class=\"wp-block-cloudtalk-blog-cta\"><div class=\"blog-cta\"><div class=\"blog-cta__content\"><h2 class=\"blog-cta__title\">Rozpocznij 14-dniowy bezp\u0142atny okres pr\u00f3bny<\/h2><p class=\"blog-cta__description\">Ponad 4000 zespo\u0142\u00f3w sprzeda\u017cy i wsparcia klienta u\u017cywa CloudTalk, aby zwi\u0119kszy\u0107 wydajno\u015b\u0107 po\u0142\u0105cze\u0144.<\/p><a class=\"btn btn-primary\" href=\"https:\/\/test-staging.cloudtalk.io\/pl\/cloudtalk-14-dniowy-bezplatny-okres-probny\/\" target=\"_blank\" rel=\"noopener noreferrer\">Rozpocznij bezp\u0142atny okres pr\u00f3bny<\/a><\/div><div class=\"blog-cta__image\"><img decoding=\"async\" src=\"https:\/\/test-staging.cloudtalk.io\/wp-content\/uploads\/2025\/09\/blog_cta.png\" alt=\"Rozpocznij 14-dniowy bezp\u0142atny okres pr\u00f3bny\" class=\"blog-cta__image-img\" \/><\/div><\/div><\/div>","protected":false},"excerpt":{"rendered":"","protected":false},"author":37,"featured_media":0,"parent":0,"menu_order":0,"comment_status":"closed","ping_status":"closed","template":"page-templates\/ct-evo-no-top-padding.php","meta":{"_acf_changed":false,"inline_featured_image":false,"footnotes":""},"ct-post-type":[],"class_list":["post-239069","page","type-page","status-publish","hentry"],"acf":[],"_links":{"self":[{"href":"https:\/\/test-staging.cloudtalk.io\/pl\/wp-json\/wp\/v2\/pages\/239069","targetHints":{"allow":["GET"]}}],"collection":[{"href":"https:\/\/test-staging.cloudtalk.io\/pl\/wp-json\/wp\/v2\/pages"}],"about":[{"href":"https:\/\/test-staging.cloudtalk.io\/pl\/wp-json\/wp\/v2\/types\/page"}],"author":[{"embeddable":true,"href":"https:\/\/test-staging.cloudtalk.io\/pl\/wp-json\/wp\/v2\/users\/37"}],"replies":[{"embeddable":true,"href":"https:\/\/test-staging.cloudtalk.io\/pl\/wp-json\/wp\/v2\/comments?post=239069"}],"version-history":[{"count":0,"href":"https:\/\/test-staging.cloudtalk.io\/pl\/wp-json\/wp\/v2\/pages\/239069\/revisions"}],"wp:attachment":[{"href":"https:\/\/test-staging.cloudtalk.io\/pl\/wp-json\/wp\/v2\/media?parent=239069"}],"wp:term":[{"taxonomy":"ct-post-type","embeddable":true,"href":"https:\/\/test-staging.cloudtalk.io\/pl\/wp-json\/wp\/v2\/ct-post-type?post=239069"}],"curies":[{"name":"wp","href":"https:\/\/api.w.org\/{rel}","templated":true}]}}