{"id":66713,"date":"2022-03-16T14:16:18","date_gmt":"2022-03-16T12:16:18","guid":{"rendered":"https:\/\/staging.cloudtalk.io\/richiedi-un-numero-di-telefono-di-los-angeles-ca\/"},"modified":"2025-11-20T20:55:18","modified_gmt":"2025-11-20T18:55:18","slug":"richiedi-un-numero-di-telefono-di-los-angeles-ca","status":"publish","type":"page","link":"https:\/\/test-staging.cloudtalk.io\/it\/richiedi-un-numero-di-telefono-di-los-angeles-ca\/","title":{"rendered":"Los Angeles, CA Numero di telefono locale | Prefisso 323"},"content":{"rendered":"<div class=\"wp-block-cloudtalk-form-reviews-hero wp-block-cloudtalk-form-reviews-hero\"><div class=\"form-reviews-hero-block\"><div class=\"form-reviews-hero-block__hero\"><div class=\"form-reviews-hero-block__hero-content\"><div class=\"form-reviews-hero-block__reviews\"><div class=\"form-reviews-hero-block__review\"><img decoding=\"async\" src=\"\/wp-content\/uploads\/2025\/02\/G2_Logo.svg\" alt=\"\" class=\"form-reviews-hero-block__review-icon\" \/><div class=\"form-reviews-hero-block__stars\"><img decoding=\"async\" src=\"\/wp-content\/uploads\/2025\/02\/star-icon-full.svg\" alt=\"\" class=\"form-reviews-hero-block__star\" \/><img decoding=\"async\" src=\"\/wp-content\/uploads\/2025\/02\/star-icon-full.svg\" alt=\"\" class=\"form-reviews-hero-block__star\" \/><img decoding=\"async\" src=\"\/wp-content\/uploads\/2025\/02\/star-icon-full.svg\" alt=\"\" class=\"form-reviews-hero-block__star\" \/><img decoding=\"async\" src=\"\/wp-content\/uploads\/2025\/02\/star-icon-full.svg\" alt=\"\" class=\"form-reviews-hero-block__star\" \/><img decoding=\"async\" src=\"\/wp-content\/uploads\/2025\/02\/start-icon-half.svg\" alt=\"\" class=\"form-reviews-hero-block__star\" \/><\/div><span class=\"form-reviews-hero-block__review-number\">1,480  + Recensioni<\/span><\/div><div class=\"form-reviews-hero-block__review\"><img decoding=\"async\" src=\"\/wp-content\/uploads\/2025\/02\/Capterra_Logo.svg\" alt=\"\" class=\"form-reviews-hero-block__review-icon\" \/><div class=\"form-reviews-hero-block__stars\"><img decoding=\"async\" src=\"\/wp-content\/uploads\/2025\/02\/star-icon-full.svg\" alt=\"\" class=\"form-reviews-hero-block__star\" \/><img decoding=\"async\" src=\"\/wp-content\/uploads\/2025\/02\/star-icon-full.svg\" alt=\"\" class=\"form-reviews-hero-block__star\" \/><img decoding=\"async\" src=\"\/wp-content\/uploads\/2025\/02\/star-icon-full.svg\" alt=\"\" class=\"form-reviews-hero-block__star\" \/><img decoding=\"async\" src=\"\/wp-content\/uploads\/2025\/02\/star-icon-full.svg\" alt=\"\" class=\"form-reviews-hero-block__star\" \/><img decoding=\"async\" src=\"\/wp-content\/uploads\/2025\/02\/start-icon-half.svg\" alt=\"\" class=\"form-reviews-hero-block__star\" \/><\/div><span class=\"form-reviews-hero-block__review-number\">260  + Recensioni<\/span><\/div><div class=\"form-reviews-hero-block__review form-reviews-hero-block__review--mobile\">1,660  + Recensioni<\/div><\/div><h1 class=\"form-reviews-hero-block__heading\">Los Angeles, CA Numero di telefono locale | Prefisso 323<\/h1><div class=\"form-reviews-hero-block__list-wrapper\"><div class=\"wp-block-cloudtalk-list wp-block-cloudtalk-list--lg wp-block-cloudtalk-list--numbered wp-block-cloudtalk-list\"><div class=\"list-block list-block--lg list-block--numbered\"><ol class=\"list-block__list\">        <li class=\"list-block__item\">\n                            <span class=\"list-block__number\">01<\/span>\n                        <div class=\"list-block__content\">\n                                                    <div class=\"list-block__content-sub\">\n                        Rendi la tua soluzione di assistenza clienti pi\u00f9 efficiente per le chiamate internazionali in entrata.                    <\/div>\n                            <\/div>\n        <\/li>\n        <li class=\"list-block__item\">\n                            <span class=\"list-block__number\">02<\/span>\n                        <div class=\"list-block__content\">\n                                                    <div class=\"list-block__content-sub\">\n                        Acquisisci numeri di telefono internazionali da oltre 160 paesi.                    <\/div>\n                            <\/div>\n        <\/li>\n        <li class=\"list-block__item\">\n                            <span class=\"list-block__number\">03<\/span>\n                        <div class=\"list-block__content\">\n                                                    <div class=\"list-block__content-sub\">\n                        Ottieni l&#8217;accesso ad altre fantastiche funzioni del telefono aziendale, come il reindirizzamento delle chiamate, i saluti ai clienti, le impostazioni squillo e le statistiche sulle chiamate.                    <\/div>\n                            <\/div>\n        <\/li>\n<\/ol><\/div><\/div><\/div><\/div><\/div><div class=\"form-reviews-hero-block__form-section\"><div class=\"form-reviews-hero-block__form-wrap\"><div class=\"wp-block-group wave\"><div class=\"wp-block-group__inner-container is-layout-constrained wp-block-group-is-layout-constrained\"><p><strong>Ciao!<\/strong>  Compila il modulo; ci vuole solo un minuto.<\/p><figure class=\"wp-block-video\"><video autoplay loop muted src=\"\/wp-content\/uploads\/2026\/01\/video-wave-hanka3.mp4\" playsinline><\/video><\/figure><\/div><\/div><div class=\"form-reviews-hero-block__form-content\">\n<div id=\"registration-form-wrapper\" class=\"registration-form-wrapper\"><\/div>\n<script>\njQuery(document).ready(function () {\ncloudtalkSignupForm(\"registration-form-wrapper\" );\n});\n<\/script>\n\n<!--[if lte IE 8]>\n<script charset=\"utf-8\" type=\"text\/javascript\" src=\"\/\/js.hsforms.net\/forms\/v2-legacy.js\"><\/script>\n<![endif]-->\n<script charset=\"utf-8\" type=\"text\/javascript\" src=\"\/\/js.hsforms.net\/forms\/v2.js\"><\/script>\n\n<div class=\"ct-referral-form\">\n<script>\n  hbspt.forms.create({\n    portalId: \"6195055\",\n    formId: \"6a618028-e42d-4ae6-bc9b-002fc38cc18a\",\n    region: \"na1\"\n  });\n<\/script>\n<\/div>\n<\/div><\/div><\/div><\/div><\/div>\n<div class=\"wp-block-cloudtalk-row\" style=\"--column-widths:minmax(0, 174px) minmax(720px, 1fr) minmax(0, 236px)\">\n<div class=\"wp-block-cloudtalk-row-column\" style=\"width:minmax(0, 280px)\"><\/div>\n\n\n\n<div class=\"wp-block-cloudtalk-row-column\" style=\"width:minmax(660px, 1fr)\">\n<h2 class=\"wp-block-heading\">Perch\u00e9 dovresti avere un numero di telefono di Los Angeles?<\/h2>\n\n\n\n<h4 class=\"wp-block-heading\">#1 Per stabilire una presenza locale negli Stati Uniti. <\/h4>\n\n\n\n<p>Con un&#8217;economia che funziona bene e una popolazione considerevole che \u00e8 disposta a spendere, gli Stati Uniti sono uno dei mercati pi\u00f9 desiderabili per le aziende che cercano di espandere la loro portata. I cittadini statunitensi, tuttavia, sono tipicamente diffidenti nei confronti delle chiamate provenienti da numeri internazionali, o anche da codici di zona che non riconoscono.  <\/p>\n\n\n\n<p>\u00c8 praticamente una necessit\u00e0, quindi, per le aziende che desiderano fare affari negli Stati Uniti acquisire un numero di telefono locale. I numeri locali sono familiari ai clienti statunitensi, che saranno pi\u00f9 disposti a rispondere alla tua chiamata sapendo che non gli verranno addebitate esorbitanti tariffe internazionali.  <\/p>\n\n\n\n<p>Per le aziende che vogliono stabilire una presenza locale negli Stati Uniti e guadagnarsi la fiducia dei clienti americani, un numero di telefono locale \u00e8 un ottimo primo passo.<\/p>\n\n\n\n<h4 class=\"wp-block-heading\">#2 Per ricevere chiamate internazionali pi\u00f9 economiche<\/h4>\n\n\n\n<p>Con un numero di telefono locale di CloudTalk, non dovrai pi\u00f9 pagare costose tariffe per le chiamate internazionali. <\/p>\n\n\n\n<p>Una volta che hai costruito delle relazioni con i clienti negli Stati Uniti, vorrai essere in grado di rispondere alle loro chiamate senza dover pagare alte tariffe internazionali. <\/p>\n\n\n\n<p>L&#8217;acquisizione di un numero locale tramite CloudTalk \u00e8 un ottimo modo per evitare queste spese e per risparmiare ai tuoi clienti l&#8217;incertezza di dover comporre un numero internazionale o un numero verde (800).<\/p>\n\n\n\n<h4 class=\"wp-block-heading\">#3 Imposta le ore in cui sei raggiungibile.<\/h4>\n\n\n\n<p>CloudTalk ti permette di impostare facilmente gli orari di lavoro per i tuoi numeri di telefono internazionali, in modo che sia sempre chiaro ai tuoi clienti quando possono o non possono raggiungerti. <\/p>\n\n\n\n<p>Puoi preregistrare messaggi personalizzati per i tuoi clienti durante le ore di riposo, per far sapere loro quando sarai di nuovo online per rispondere alle loro domande.<\/p>\n\n\n\n<h4 class=\"wp-block-heading\">#4 Stupisci i tuoi clienti locali con saluti personalizzati.<\/h4>\n\n\n\n<p>Lo strumento di saluto personalizzato di CloudTalk ti permette di pre-registrare dei messaggi di benvenuto per i clienti che chiamano durante le ore di riposo. Per le aziende che cercano di stabilire una presenza locale, questo rappresenta un&#8217;opportunit\u00e0 d&#8217;oro per registrare un messaggio che risulter\u00e0 familiare ai tuoi clienti in base alla loro posizione.  <\/p>\n\n\n\n<p>A Miami, per esempio, molte persone si vantano di condurre uno stile di vita rilassato e relativamente privo di preoccupazioni. Avrebbe senso, quindi, registrare un saluto personalizzato per il tuo numero di telefono di Miami che suoni naturale e a suo agio. <\/p>\n\n\n<div class=\"wp-block-cloudtalk-cta-proof\"><div class=\"cta-proof-block\"><div class=\"cta-proof-block__content\"><h2 class=\"cta-proof-block__headline\">Vai avanti, fai una pausa, ci pensiamo noi<\/h2><div class=\"cta-proof-block__description\">Il tuo agente vocale AI parla, vende e fornisce assistenza 24 ore su 24, 7 giorni su 7, in modo che tu non debba farlo.<\/div><div class=\"cta-proof-block__button\"><a href=\"\/it\/programma-una-demo\/\" class=\"btn btn-secondary\">Prova gli agenti vocali <svg width=\"20\" height=\"20\" viewBox=\"0 0 20 20\" fill=\"none\" xmlns=\"http:\/\/www.w3.org\/2000\/svg\">\n            <path d=\"M4.16666 10H15.8333M15.8333 10L10.8333 5M15.8333 10L10.8333 15\" stroke=\"currentColor\" stroke-width=\"1.67\" stroke-linecap=\"round\" stroke-linejoin=\"round\"\/>\n        <\/svg><\/a><\/div><\/div><div class=\"cta-proof-block__image\"><img decoding=\"async\" src=\"https:\/\/test-staging.cloudtalk.io\/wp-content\/uploads\/2025\/11\/AdobeStock_664213918-1.png\" alt=\"\" \/><\/div><\/div><\/div>\n\n\n<h4 class=\"wp-block-heading\">#5 Ottimizza il flusso di lavoro del tuo call center con le statistiche delle chiamate.<\/h4>\n\n\n\n<p>Con CloudTalk, puoi filtrare le statistiche delle chiamate per numero di telefono. Questa funzione sar\u00e0 particolarmente utile quando inizierai a lavorare con il tuo numero di telefono di Miami.  <\/p>\n\n\n\n<p>Ogni luogo \u00e8 diverso, naturalmente, quindi essere in grado di analizzare le statistiche come il tempo medio di gestione delle chiamate e la risoluzione della prima chiamata per un dato numero di telefono locale ti aiuter\u00e0 a ottimizzare i flussi di lavoro per quella particolare regione e a migliorare le prestazioni generali degli agenti.<\/p>\n\n\n\n<hr class=\"wp-block-separator has-alpha-channel-opacity\"\/>\n\n\n\n<h4 class=\"wp-block-heading\">Come attivare il tuo numero di telefono di Los Angeles<\/h4>\n\n\n<div class=\"wp-block-cloudtalk-list wp-block-cloudtalk-list--lg wp-block-cloudtalk-list--numbered wp-block-cloudtalk-list\"><div class=\"list-block list-block--lg list-block--numbered\"><ol class=\"list-block__list\">        <li class=\"list-block__item\">\n                            <span class=\"list-block__number\">01<\/span>\n                        <div class=\"list-block__content\">\n                                <div class=\"list-block__content-inner\">\n                    Seleziona &#8220;Nuovo numero&#8221; nell&#8217;interfaccia di CloudTalk                <\/div>\n                                                    <div class=\"list-block__content-sub\">\n                        Con pochi e veloci clic, puoi avviare il processo di ottenimento di un numero di telefono locale!                    <\/div>\n                            <\/div>\n        <\/li>\n        <li class=\"list-block__item\">\n                            <span class=\"list-block__number\">02<\/span>\n                        <div class=\"list-block__content\">\n                                <div class=\"list-block__content-inner\">\n                    Compila un breve modulo                <\/div>\n                                                    <div class=\"list-block__content-sub\">\n                        Inserisci alcuni dettagli sul tuo account e sul numero di telefono con cui vuoi iniziare a lavorare.                    <\/div>\n                            <\/div>\n        <\/li>\n        <li class=\"list-block__item\">\n                            <span class=\"list-block__number\">03<\/span>\n                        <div class=\"list-block__content\">\n                                <div class=\"list-block__content-inner\">\n                    Siediti, rilassati e aspetta che uno dei nostri agenti attivi il tuo numero.                <\/div>\n                                                    <div class=\"list-block__content-sub\">\n                        I nostri agenti lavorano duramente per mantenere partnership commerciali con le compagnie telefoniche di tutto il mondo, in modo da poterti fornire rapidamente un nuovo numero locale.                    <\/div>\n                            <\/div>\n        <\/li>\n<\/ol><\/div><\/div>\n\n\n<hr class=\"wp-block-separator has-alpha-channel-opacity\"\/>\n\n\n\n<h2 class=\"wp-block-heading\">Ottieni subito il tuo numero con prefisso 323 a Los Angeles!<\/h2>\n\n\n\n<h4 class=\"wp-block-heading\">Elenco di prefissi popolari dell&#8217;ovest degli Stati Uniti<\/h4>\n\n\n\n<p>Il tuo prefisso 323 permetter\u00e0 ai tuoi clienti in tutta l&#8217;area della South California di sapere che sei un&#8217;azienda locale in grado di soddisfare le loro esigenze uniche. Se vuoi aprire un negozio in un altro centro commerciale nell&#8217;ovest americano, guarda la nostra lista di opzioni di prefissi qui sotto. <\/p>\n\n\n<div class=\"wp-block-cloudtalk-table table-style-simple\"><div class=\"table-block\"><div class=\"table-block__table-container\"><table class=\"table-block__table\"><thead><tr><th>Citt\u00e0<\/th><th>Codice area<\/th><\/tr><\/thead><tbody><tr><td>Los Angeles, CA<\/td><td>323<\/td><\/tr><tr><td>San Francisco, CA<\/td><td>628<\/td><\/tr><tr><td>Seattle, WA<\/td><td>206<\/td><\/tr><tr><td>Phoenix, AZ<\/td><td>480<\/td><\/tr><tr><td>Boston, MA<\/td><td>617<\/td><\/tr><\/tbody><\/table><\/div><\/div><\/div>\n\n\n<hr class=\"wp-block-separator has-alpha-channel-opacity\"\/>\n\n\n\n<h4 class=\"wp-block-heading\">Prezzi dei numeri di telefono degli Stati Uniti<\/h4>\n\n\n\n<p>L&#8217;acquisto del tuo primo numero di telefono americano da CloudTalk ti <strong>coster\u00e0 3<\/strong> dollari. I numeri successivi possono essere acquistati al costo di 6 <strong> dollari per numero<\/strong>.  <\/p>\n<\/div>\n\n\n\n<div class=\"wp-block-cloudtalk-row-column\" style=\"width:minmax(0, 280px)\"><div class=\"wp-block-cloudtalk-sticky-banner is-sticky wp-block-cloudtalk-sticky-banner\"><div class=\"sticky-banner\"><div class=\"sticky-banner__content\"><div class=\"sticky-banner__content-item\"><h6 class=\"sticky-banner__title\">Prenota una demo<\/h6><p class=\"sticky-banner__description\">Dai al tuo team gli strumenti per ridurre il lavoro manuale<\/p><\/div><div class=\"sticky-banner__button\"><a href=\"\/it\/programma-una-demo\/\" class=\"sticky-banner__button-link btn btn-secondary btn-small\">Contatto vendite<\/a><\/div><\/div><\/div><\/div><\/div>\n<\/div>\n<div class=\"wp-block-cloudtalk-faq wp-block-cloudtalk-faq--blue wp-block-cloudtalk-faq\"><div class=\"faq-block\"><div class=\"faq-block__header\"><h2 class=\"faq-block__title\">FAQ sul numero di telefono degli Stati Uniti<\/h2><p class=\"faq-block__description\">Il nostro team di vendita sar\u00e0 felice di aiutarti a impostare un piano conveniente per chiamare gli Stati Uniti dall&#8217;estero. Per parlare con un rappresentante, chiama il numero +44 20 3868 0167 o contatta via e-mail <a href=\"mailto:hello@cloudtalk.io\">hello@cloudtalk.io<\/a> <\/p><\/div><div class=\"faq-block__items\"><div class=\"faq-item\" data-faq-item=\"0\"><div class=\"faq-item__header\"><button class=\"faq-item__question\" aria-expanded=\"false\" aria-controls=\"faq-item-0\"><h3 class=\"faq-item__question-text\">Quanto costa chiamare gli Stati Uniti?<\/h3><span class=\"faq-item__icon\" aria-hidden=\"true\"><\/span><\/button><\/div><div class=\"faq-item__content\" id=\"faq-item-0\"><div class=\"faq-item__answer\"><p>Quando componi un numero di telefono statunitense, dovrai iniziare con il prefisso nazionale +1, poi il prefisso locale (305), seguito da un numero di telefono a 7 cifre 123-4567.<\/p><\/div><\/div><\/div><div class=\"faq-item\" data-faq-item=\"1\"><div class=\"faq-item__header\"><button class=\"faq-item__question\" aria-expanded=\"false\" aria-controls=\"faq-item-1\"><h3 class=\"faq-item__question-text\">Quanto costa chiamare gli Stati Uniti?<\/h3><span class=\"faq-item__icon\" aria-hidden=\"true\"><\/span><\/button><\/div><div class=\"faq-item__content\" id=\"faq-item-1\"><div class=\"faq-item__answer\"><p>Un numero di telefono statunitense ha una lunghezza di 11 cifre. Una cifra per il codice del paese, 3 cifre per il prefisso e 7 cifre per il numero stesso. <\/p><\/div><\/div><\/div><div class=\"faq-item\" data-faq-item=\"2\"><div class=\"faq-item__header\"><button class=\"faq-item__question\" aria-expanded=\"false\" aria-controls=\"faq-item-2\"><h3 class=\"faq-item__question-text\">Come funzionano le prove gratuite?<\/h3><span class=\"faq-item__icon\" aria-hidden=\"true\"><\/span><\/button><\/div><div class=\"faq-item__content\" id=\"faq-item-2\"><div class=\"faq-item__answer\">Inviateci semplicemente i vostri dati di contatto e vi faremo avere una prova gratuita e senza vincoli di CloudTalk. Potrete iniziare a chiamare immediatamente e usufruire di tutte le nostre <a href=\"https:\/\/test-staging.cloudtalk.io\/it\/funzionalita\/\">funzionalit\u00e0<\/a> e <a href=\"https:\/\/test-staging.cloudtalk.io\/it\/integrazioni\/\">integrazioni<\/a> per due settimane all&#8217;insegna del divertimento.<\/div><\/div><\/div><div class=\"faq-item\" data-faq-item=\"3\"><div class=\"faq-item__header\"><button class=\"faq-item__question\" aria-expanded=\"false\" aria-controls=\"faq-item-3\"><h3 class=\"faq-item__question-text\">Quali sono i prezzi per le chiamate in uscita?<\/h3><span class=\"faq-item__icon\" aria-hidden=\"true\"><\/span><\/button><\/div><div class=\"faq-item__content\" id=\"faq-item-3\"><div class=\"faq-item__answer\">Ogni pacchetto comprende un numero standard locale o gratuito. I prezzi delle chiamate in uscita variano. <a href=\"https:\/\/test-staging.cloudtalk.io\/it\/contattaci\/\">Contattateci<\/a> per maggiori dettagli.<\/div><\/div><\/div><div class=\"faq-item\" data-faq-item=\"4\"><div class=\"faq-item__header\"><button class=\"faq-item__question\" aria-expanded=\"false\" aria-controls=\"faq-item-4\"><h3 class=\"faq-item__question-text\">Chi \u00e8 l&#8217;utente?<\/h3><span class=\"faq-item__icon\" aria-hidden=\"true\"><\/span><\/button><\/div><div class=\"faq-item__content\" id=\"faq-item-4\"><div class=\"faq-item__answer\">Gli utenti lavorano per la vostra azienda e comunicano con i vostri clienti attuali e potenziali. \u00c8 possibile aggiungere o rimuovere utenti in qualsiasi momento e con pochi clic. Gli utenti sono agenti, supervisori, analisti, amministratori, ecc.<\/div><\/div><\/div><div class=\"faq-item\" data-faq-item=\"5\"><div class=\"faq-item__header\"><button class=\"faq-item__question\" aria-expanded=\"false\" aria-controls=\"faq-item-5\"><h3 class=\"faq-item__question-text\">Quanto spesso posso cambiare il mio piano di fatturazione?<\/h3><span class=\"faq-item__icon\" aria-hidden=\"true\"><\/span><\/button><\/div><div class=\"faq-item__content\" id=\"faq-item-5\"><div class=\"faq-item__answer\">I piani con fatturazione annuale possono solo passare a un piano di livello superiore (ad esempio, da Essential a Expert). Non \u00e8 possibile effettuare il downgrade con la fatturazione annuale.<\/div><\/div><\/div><div class=\"faq-item\" data-faq-item=\"6\"><div class=\"faq-item__header\"><button class=\"faq-item__question\" aria-expanded=\"false\" aria-controls=\"faq-item-6\"><h3 class=\"faq-item__question-text\">In che altro modo posso utilizzare CloudTalk?<\/h3><span class=\"faq-item__icon\" aria-hidden=\"true\"><\/span><\/button><\/div><div class=\"faq-item__content\" id=\"faq-item-6\"><div class=\"faq-item__answer\">CloudTalk pu\u00f2 essere utilizzato in molti modi diversi: per l&#8217;assistenza clienti, come contact center o semplicemente come sistema telefonico virtuale all-in-one. La nostra soluzione \u00e8 perfetta anche per le aziende che gestiscono contemporaneamente diverse piattaforme di e-commerce, in quanto la possibilit\u00e0 di impostare canali di assistenza clienti separati pu\u00f2 fare la differenza.<\/div><\/div><\/div><div class=\"faq-item\" data-faq-item=\"7\"><div class=\"faq-item__header\"><button class=\"faq-item__question\" aria-expanded=\"false\" aria-controls=\"faq-item-7\"><h3 class=\"faq-item__question-text\">E per quanto riguarda la sicurezza dei dati?<\/h3><span class=\"faq-item__icon\" aria-hidden=\"true\"><\/span><\/button><\/div><div class=\"faq-item__content\" id=\"faq-item-7\"><div class=\"faq-item__answer\">La sicurezza dei tuoi dati \u00e8 la nostra massima priorit\u00e0. CloudTalk \u00e8 certificata ISO 27001:2013 e PCI-DSS. CloudTalk utilizza dei data center di terzi con certificazioni standard del settore (Tier III+ o IV, ISO 27001, PCI-DSS).   Tutte le strutture includono anche una protezione fisica. Si pu\u00f2 accedere all&#8217;interfaccia solamente attraverso una connessione SSL criptata. Per saperne di pi\u00f9, consultate la nostra pagina dedicata alla <a href=\"https:\/\/test-staging.cloudtalk.io\/it\/sicurezza-cloudtalk\/\">sicurezza<\/a>.<\/div><\/div><\/div><\/div><div class=\"faq-block__cta\"><div class=\"faq-block__cta-image\"><img decoding=\"async\" src=\"https:\/\/test-staging.cloudtalk.io\/wp-content\/uploads\/2025\/11\/Avatar-group.png\" alt=\"CTA image\" \/><\/div><div class=\"faq-block__cta-content\"><h3 class=\"faq-block__cta-title\">Hai ancora domande?<\/h3><p class=\"faq-block__cta-description\">Non trovi la risposta che stai cercando? Rivolgiti al nostro cordiale team. <\/p><div class=\"faq-block__cta-button\"><a href=\"\/it\/programma-una-demo\/\" class=\"btn btn-secondary\">Mettiti in contatto<\/a><\/div><\/div><\/div><\/div><\/div>","protected":false},"excerpt":{"rendered":"","protected":false},"author":37,"featured_media":0,"parent":0,"menu_order":0,"comment_status":"closed","ping_status":"closed","template":"page-templates\/ct-evo-us_number_page.php","meta":{"_acf_changed":false,"inline_featured_image":false,"footnotes":""},"ct-post-type":[],"class_list":["post-66713","page","type-page","status-publish","hentry"],"acf":[],"_links":{"self":[{"href":"https:\/\/test-staging.cloudtalk.io\/it\/wp-json\/wp\/v2\/pages\/66713","targetHints":{"allow":["GET"]}}],"collection":[{"href":"https:\/\/test-staging.cloudtalk.io\/it\/wp-json\/wp\/v2\/pages"}],"about":[{"href":"https:\/\/test-staging.cloudtalk.io\/it\/wp-json\/wp\/v2\/types\/page"}],"author":[{"embeddable":true,"href":"https:\/\/test-staging.cloudtalk.io\/it\/wp-json\/wp\/v2\/users\/37"}],"replies":[{"embeddable":true,"href":"https:\/\/test-staging.cloudtalk.io\/it\/wp-json\/wp\/v2\/comments?post=66713"}],"version-history":[{"count":0,"href":"https:\/\/test-staging.cloudtalk.io\/it\/wp-json\/wp\/v2\/pages\/66713\/revisions"}],"wp:attachment":[{"href":"https:\/\/test-staging.cloudtalk.io\/it\/wp-json\/wp\/v2\/media?parent=66713"}],"wp:term":[{"taxonomy":"ct-post-type","embeddable":true,"href":"https:\/\/test-staging.cloudtalk.io\/it\/wp-json\/wp\/v2\/ct-post-type?post=66713"}],"curies":[{"name":"wp","href":"https:\/\/api.w.org\/{rel}","templated":true}]}}