{"id":242621,"date":"2024-08-28T15:32:35","date_gmt":"2024-08-28T13:32:35","guid":{"rendered":"https:\/\/staging.cloudtalk.io\/programma-di-referral-cloudtalk-guadagna-una-commissione-se-segnali-i-tuoi-clienti\/"},"modified":"2025-04-01T16:57:57","modified_gmt":"2025-04-01T14:57:57","slug":"programma-di-referral-cloudtalk-guadagna-una-commissione-se-segnali-i-tuoi-clienti","status":"publish","type":"page","link":"https:\/\/test-staging.cloudtalk.io\/it\/programma-di-referral-cloudtalk-guadagna-una-commissione-se-segnali-i-tuoi-clienti\/","title":{"rendered":"Programma di referral CloudTalk &#8211; Guadagna una commissione se segnali i tuoi clienti"},"content":{"rendered":"\n<div class=\"wp-block-group solutions-atf\"><div class=\"wp-block-group__inner-container is-layout-constrained wp-block-group-is-layout-constrained\">\n<div class=\"wp-block-group container-fluid\"><div class=\"wp-block-group__inner-container is-layout-constrained wp-block-group-is-layout-constrained\">\n<div class=\"wp-block-columns are-vertically-aligned-center is-layout-flex wp-container-core-columns-is-layout-9d6595d7 wp-block-columns-is-layout-flex\">\n<div class=\"wp-block-column is-vertically-aligned-center is-layout-flow wp-block-column-is-layout-flow\">\n<h1 class=\"wp-block-heading\">Entra a far parte della rete di partner CloudTalk<\/h1>\n\n\n\n<p>Consiglia i tuoi clienti e ricevi fino a 300\u20ac di ricompensa. Stiamo cercando soluzioni VoIP, di comunicazione aziendale e CRM che si integrino perfettamente nel nostro stack tecnologico, in modo da poterci aiutare a crescere.   <\/p>\n\n\n\n<div class=\"wp-block-buttons is-layout-flex wp-block-buttons-is-layout-flex\">\n<div class=\"wp-block-button\"><a class=\"wp-block-button__link wp-element-button\" href=\"https:\/\/cloudtalk1.partnerstack.com\/?group=newpartners\" target=\"_blank\" rel=\"noopener\">Inizia a guadagnare di pi\u00f9<\/a><\/div>\n<\/div>\n<\/div>\n\n\n\n<div class=\"wp-block-column is-vertically-aligned-center is-layout-flow wp-block-column-is-layout-flow\">\n<figure class=\"wp-block-image size-full mobile\"><img loading=\"lazy\" decoding=\"async\" width=\"1072\" height=\"928\" src=\"https:\/\/test-staging.cloudtalk.io\/wp-content\/uploads\/2024\/08\/Version17.png\" alt=\"\" class=\"wp-image-241328\" srcset=\"https:\/\/test-staging.cloudtalk.io\/wp-content\/uploads\/2024\/08\/Version17.png 1072w, https:\/\/test-staging.cloudtalk.io\/wp-content\/uploads\/2024\/08\/Version17-300x260.png 300w, https:\/\/test-staging.cloudtalk.io\/wp-content\/uploads\/2024\/08\/Version17-1024x886.png 1024w, https:\/\/test-staging.cloudtalk.io\/wp-content\/uploads\/2024\/08\/Version17-768x665.png 768w, https:\/\/test-staging.cloudtalk.io\/wp-content\/uploads\/2024\/08\/Version17-857x742.png 857w, https:\/\/test-staging.cloudtalk.io\/wp-content\/uploads\/2024\/08\/Version17-494x428.png 494w, https:\/\/test-staging.cloudtalk.io\/wp-content\/uploads\/2024\/08\/Version17-424x367.png 424w, https:\/\/test-staging.cloudtalk.io\/wp-content\/uploads\/2024\/08\/Version17-131x113.png 131w, https:\/\/test-staging.cloudtalk.io\/wp-content\/uploads\/2024\/08\/Version17-88x76.png 88w\" sizes=\"auto, (max-width: 1072px) 100vw, 1072px\" \/><\/figure>\n\n\n\n<figure class=\"wp-block-image size-large desktop\"><img loading=\"lazy\" decoding=\"async\" width=\"1024\" height=\"886\" src=\"https:\/\/test-staging.cloudtalk.io\/wp-content\/uploads\/2024\/08\/Version17-1-1024x886.png\" alt=\"\" class=\"wp-image-241366\" srcset=\"https:\/\/test-staging.cloudtalk.io\/wp-content\/uploads\/2024\/08\/Version17-1-1024x886.png 1024w, https:\/\/test-staging.cloudtalk.io\/wp-content\/uploads\/2024\/08\/Version17-1-300x260.png 300w, https:\/\/test-staging.cloudtalk.io\/wp-content\/uploads\/2024\/08\/Version17-1-768x665.png 768w, https:\/\/test-staging.cloudtalk.io\/wp-content\/uploads\/2024\/08\/Version17-1-857x742.png 857w, https:\/\/test-staging.cloudtalk.io\/wp-content\/uploads\/2024\/08\/Version17-1-494x428.png 494w, https:\/\/test-staging.cloudtalk.io\/wp-content\/uploads\/2024\/08\/Version17-1-424x367.png 424w, https:\/\/test-staging.cloudtalk.io\/wp-content\/uploads\/2024\/08\/Version17-1-131x113.png 131w, https:\/\/test-staging.cloudtalk.io\/wp-content\/uploads\/2024\/08\/Version17-1-88x76.png 88w, https:\/\/test-staging.cloudtalk.io\/wp-content\/uploads\/2024\/08\/Version17-1.png 1072w\" sizes=\"auto, (max-width: 1024px) 100vw, 1024px\" \/><\/figure>\n<\/div>\n<\/div>\n<\/div><\/div>\n<\/div><\/div>\n\n<div class=\"wp-block-group ds2-slider basic-carousel seven-item\"><div class=\"wp-block-group__inner-container is-layout-constrained wp-block-group-is-layout-constrained\">\n<div class=\"wp-block-group container-extended\"><div class=\"wp-block-group__inner-container is-layout-constrained wp-block-group-is-layout-constrained\">\n<p class=\"has-text-align-center\">Affidati a 4,000+ aziende in tutto il mondo<\/p>\n\n\n\n<div class=\"wp-block-group stage\"><div class=\"wp-block-group__inner-container is-layout-constrained wp-block-group-is-layout-constrained\">\n<div class=\"wp-block-group slide\"><div class=\"wp-block-group__inner-container is-layout-constrained wp-block-group-is-layout-constrained\">\n<figure class=\"wp-block-image size-full\"><img loading=\"lazy\" decoding=\"async\" width=\"109\" height=\"40\" src=\"https:\/\/test-staging.cloudtalk.io\/wp-content\/uploads\/2024\/07\/Botaround.svg\" alt=\"\" class=\"wp-image-228785\"\/><\/figure>\n<\/div><\/div>\n\n\n\n<div class=\"wp-block-group slide\"><div class=\"wp-block-group__inner-container is-layout-constrained wp-block-group-is-layout-constrained\">\n<figure class=\"wp-block-image size-full\"><img loading=\"lazy\" decoding=\"async\" width=\"98\" height=\"40\" src=\"https:\/\/test-staging.cloudtalk.io\/wp-content\/uploads\/2024\/07\/Revolut.svg\" alt=\"\" class=\"wp-image-229165\"\/><\/figure>\n<\/div><\/div>\n\n\n\n<div class=\"wp-block-group slide\"><div class=\"wp-block-group__inner-container is-layout-constrained wp-block-group-is-layout-constrained\">\n<figure class=\"wp-block-image size-full\"><img loading=\"lazy\" decoding=\"async\" width=\"86\" height=\"40\" src=\"https:\/\/test-staging.cloudtalk.io\/wp-content\/uploads\/2024\/07\/Pipedrive.svg\" alt=\"\" class=\"wp-image-229089\"\/><\/figure>\n<\/div><\/div>\n\n\n\n<div class=\"wp-block-group slide\"><div class=\"wp-block-group__inner-container is-layout-constrained wp-block-group-is-layout-constrained\">\n<figure class=\"wp-block-image size-full\"><img loading=\"lazy\" decoding=\"async\" width=\"110\" height=\"40\" src=\"https:\/\/test-staging.cloudtalk.io\/wp-content\/uploads\/2024\/08\/DHL.svg\" alt=\"\" class=\"wp-image-232759\"\/><\/figure>\n<\/div><\/div>\n\n\n\n<div class=\"wp-block-group slide\"><div class=\"wp-block-group__inner-container is-layout-constrained wp-block-group-is-layout-constrained\">\n<figure class=\"wp-block-image size-full\"><img loading=\"lazy\" decoding=\"async\" width=\"92\" height=\"40\" src=\"https:\/\/test-staging.cloudtalk.io\/wp-content\/uploads\/2024\/07\/Rakuten.svg\" alt=\"\" class=\"wp-image-229146\"\/><\/figure>\n<\/div><\/div>\n\n\n\n<div class=\"wp-block-group slide\"><div class=\"wp-block-group__inner-container is-layout-constrained wp-block-group-is-layout-constrained\">\n<figure class=\"wp-block-image size-large\"><img loading=\"lazy\" decoding=\"async\" width=\"92\" height=\"40\" src=\"https:\/\/test-staging.cloudtalk.io\/wp-content\/uploads\/2024\/12\/Uber-logo.svg\" alt=\"\" class=\"wp-image-283333\"\/><\/figure>\n<\/div><\/div>\n\n\n\n<div class=\"wp-block-group slide\"><div class=\"wp-block-group__inner-container is-layout-constrained wp-block-group-is-layout-constrained\">\n<figure class=\"wp-block-image size-full\"><img loading=\"lazy\" decoding=\"async\" width=\"92\" height=\"40\" src=\"https:\/\/test-staging.cloudtalk.io\/wp-content\/uploads\/2025\/01\/Glovo.svg\" alt=\"\" class=\"wp-image-288304\"\/><\/figure>\n<\/div><\/div>\n\n\n\n<div class=\"wp-block-group slide\"><div class=\"wp-block-group__inner-container is-layout-constrained wp-block-group-is-layout-constrained\">\n<figure class=\"wp-block-image size-full\"><img loading=\"lazy\" decoding=\"async\" width=\"320\" height=\"160\" src=\"https:\/\/test-staging.cloudtalk.io\/wp-content\/uploads\/2022\/11\/deel_logo_320x160.png\" alt=\"\" class=\"wp-image-157909\" srcset=\"https:\/\/test-staging.cloudtalk.io\/wp-content\/uploads\/2022\/11\/deel_logo_320x160.png 320w, https:\/\/test-staging.cloudtalk.io\/wp-content\/uploads\/2022\/11\/deel_logo_320x160-300x150.png 300w, https:\/\/test-staging.cloudtalk.io\/wp-content\/uploads\/2022\/11\/deel_logo_320x160-200x100.png 200w, https:\/\/test-staging.cloudtalk.io\/wp-content\/uploads\/2022\/11\/deel_logo_320x160-160x80.png 160w, https:\/\/test-staging.cloudtalk.io\/wp-content\/uploads\/2022\/11\/deel_logo_320x160-270x135.png 270w, https:\/\/test-staging.cloudtalk.io\/wp-content\/uploads\/2022\/11\/deel_logo_320x160-64x32.png 64w\" sizes=\"auto, (max-width: 320px) 100vw, 320px\" \/><\/figure>\n<\/div><\/div>\n\n\n\n<div class=\"wp-block-group slide\"><div class=\"wp-block-group__inner-container is-layout-constrained wp-block-group-is-layout-constrained\">\n<figure class=\"wp-block-image size-large\"><img loading=\"lazy\" decoding=\"async\" width=\"103\" height=\"40\" src=\"https:\/\/test-staging.cloudtalk.io\/wp-content\/uploads\/2024\/07\/Hostinger.svg\" alt=\"\" class=\"wp-image-228994\"\/><\/figure>\n<\/div><\/div>\n\n\n\n<div class=\"wp-block-group slide\"><div class=\"wp-block-group__inner-container is-layout-constrained wp-block-group-is-layout-constrained\">\n<figure class=\"wp-block-image size-full\"><img loading=\"lazy\" decoding=\"async\" width=\"160\" height=\"80\" src=\"https:\/\/test-staging.cloudtalk.io\/wp-content\/uploads\/2024\/07\/Mercedes.png\" alt=\"\" class=\"wp-image-229013\" srcset=\"https:\/\/test-staging.cloudtalk.io\/wp-content\/uploads\/2024\/07\/Mercedes.png 160w, https:\/\/test-staging.cloudtalk.io\/wp-content\/uploads\/2024\/07\/Mercedes-88x44.png 88w\" sizes=\"auto, (max-width: 160px) 100vw, 160px\" \/><\/figure>\n<\/div><\/div>\n\n\n\n<div class=\"wp-block-group slide\"><div class=\"wp-block-group__inner-container is-layout-constrained wp-block-group-is-layout-constrained\">\n<figure class=\"wp-block-image size-full\"><img loading=\"lazy\" decoding=\"async\" width=\"117\" height=\"40\" src=\"https:\/\/test-staging.cloudtalk.io\/wp-content\/uploads\/2024\/07\/CoachHub.svg\" alt=\"\" class=\"wp-image-228804\"\/><\/figure>\n<\/div><\/div>\n\n\n\n<div class=\"wp-block-group slide\"><div class=\"wp-block-group__inner-container is-layout-constrained wp-block-group-is-layout-constrained\">\n<figure class=\"wp-block-image size-full\"><img loading=\"lazy\" decoding=\"async\" width=\"320\" height=\"160\" src=\"https:\/\/test-staging.cloudtalk.io\/wp-content\/uploads\/2021\/12\/logo-TechMahindra-2x.png\" alt=\"\" class=\"wp-image-82811\" srcset=\"https:\/\/test-staging.cloudtalk.io\/wp-content\/uploads\/2021\/12\/logo-TechMahindra-2x.png 320w, https:\/\/test-staging.cloudtalk.io\/wp-content\/uploads\/2021\/12\/logo-TechMahindra-2x-300x150.png 300w, https:\/\/test-staging.cloudtalk.io\/wp-content\/uploads\/2021\/12\/logo-TechMahindra-2x-200x100.png 200w, https:\/\/test-staging.cloudtalk.io\/wp-content\/uploads\/2021\/12\/logo-TechMahindra-2x-160x80.png 160w, https:\/\/test-staging.cloudtalk.io\/wp-content\/uploads\/2021\/12\/logo-TechMahindra-2x-270x135.png 270w, https:\/\/test-staging.cloudtalk.io\/wp-content\/uploads\/2021\/12\/logo-TechMahindra-2x-64x32.png 64w\" sizes=\"auto, (max-width: 320px) 100vw, 320px\" \/><\/figure>\n<\/div><\/div>\n\n\n\n<div class=\"wp-block-group slide\"><div class=\"wp-block-group__inner-container is-layout-constrained wp-block-group-is-layout-constrained\">\n<figure class=\"wp-block-image size-full\"><img loading=\"lazy\" decoding=\"async\" width=\"234\" height=\"80\" src=\"https:\/\/test-staging.cloudtalk.io\/wp-content\/uploads\/2024\/12\/logo-greenpeace.png\" alt=\"\" class=\"wp-image-281247\" srcset=\"https:\/\/test-staging.cloudtalk.io\/wp-content\/uploads\/2024\/12\/logo-greenpeace.png 234w, https:\/\/test-staging.cloudtalk.io\/wp-content\/uploads\/2024\/12\/logo-greenpeace-200x68.png 200w, https:\/\/test-staging.cloudtalk.io\/wp-content\/uploads\/2024\/12\/logo-greenpeace-88x30.png 88w\" sizes=\"auto, (max-width: 234px) 100vw, 234px\" \/><\/figure>\n<\/div><\/div>\n\n\n\n<div class=\"wp-block-group slide\"><div class=\"wp-block-group__inner-container is-layout-constrained wp-block-group-is-layout-constrained\">\n<figure class=\"wp-block-image size-full\"><img loading=\"lazy\" decoding=\"async\" width=\"150\" height=\"80\" src=\"https:\/\/test-staging.cloudtalk.io\/wp-content\/uploads\/2024\/07\/Fujitsu.png\" alt=\"\" class=\"wp-image-228918\" srcset=\"https:\/\/test-staging.cloudtalk.io\/wp-content\/uploads\/2024\/07\/Fujitsu.png 150w, https:\/\/test-staging.cloudtalk.io\/wp-content\/uploads\/2024\/07\/Fujitsu-88x47.png 88w\" sizes=\"auto, (max-width: 150px) 100vw, 150px\" \/><\/figure>\n<\/div><\/div>\n<\/div><\/div>\n<\/div><\/div>\n<\/div><\/div>\n\n<div class=\"wp-block-group solutions-benefits\"><div class=\"wp-block-group__inner-container is-layout-constrained wp-block-group-is-layout-constrained\">\n<div class=\"wp-block-group container-fluid\"><div class=\"wp-block-group__inner-container is-layout-constrained wp-block-group-is-layout-constrained\">\n<h2 class=\"wp-block-heading has-text-align-center\">Vantaggi del programma di partnership<\/h2>\n\n\n\n<p class=\"has-text-align-center\">Vieni pagato per guadagnare, imparare e crescere. Ecco cosa otterrai. <\/p>\n\n\n\n<div class=\"wp-block-columns is-layout-flex wp-container-core-columns-is-layout-9d6595d7 wp-block-columns-is-layout-flex\">\n<div class=\"wp-block-column is-layout-flow wp-block-column-is-layout-flow\">\n<div class=\"wp-block-group benefits-grid\"><div class=\"wp-block-group__inner-container is-layout-constrained wp-block-group-is-layout-constrained\">\n<figure class=\"wp-block-image size-full is-resized\"><img loading=\"lazy\" decoding=\"async\" width=\"48\" height=\"48\" src=\"https:\/\/test-staging.cloudtalk.io\/wp-content\/uploads\/2024\/05\/NameAutomation.svg\" alt=\"\" class=\"wp-image-215222\" style=\"width:50px\"\/><\/figure>\n\n\n\n<h5 class=\"wp-block-heading\">Ottieni un facile reddito a vita<\/h5>\n\n\n\n<p>Aumenta le tue entrate con ogni cliente segnalato. Guadagna commissioni ricorrenti a vita e punta a una redditivit\u00e0 a lungo termine. Tutto ci\u00f2 che devi fare \u00e8 segnalare un cliente. CloudTalk si occuper\u00e0 di tutto il resto, dalle vendite all&#8217;implementazione.   <\/p>\n<\/div><\/div>\n<\/div>\n\n\n\n<div class=\"wp-block-column is-layout-flow wp-block-column-is-layout-flow\">\n<div class=\"wp-block-group benefits-grid\"><div class=\"wp-block-group__inner-container is-layout-constrained wp-block-group-is-layout-constrained\">\n<figure class=\"wp-block-image size-full\"><img loading=\"lazy\" decoding=\"async\" width=\"48\" height=\"48\" src=\"https:\/\/test-staging.cloudtalk.io\/wp-content\/uploads\/2024\/03\/NameFast-grow.svg\" alt=\"\" class=\"wp-image-206851\" style=\"object-fit:cover\"\/><\/figure>\n\n\n\n<h5 class=\"wp-block-heading\">Ampliare la conoscenza di SaaS<\/h5>\n\n\n\n<p>Approfondisci la conoscenza e la comprensione del nostro prodotto con sessioni di formazione dedicate. Incontra i principali stakeholder di CloudTalk e ottieni risorse complete per migliorare le vendite e aumentare la soddisfazione dei clienti.   <\/p>\n<\/div><\/div>\n<\/div>\n\n\n\n<div class=\"wp-block-column is-layout-flow wp-block-column-is-layout-flow\">\n<div class=\"wp-block-group benefits-grid\"><div class=\"wp-block-group__inner-container is-layout-constrained wp-block-group-is-layout-constrained\">\n<figure class=\"wp-block-image size-full\"><img loading=\"lazy\" decoding=\"async\" width=\"48\" height=\"48\" src=\"https:\/\/test-staging.cloudtalk.io\/wp-content\/uploads\/2024\/03\/NameFlexible.svg\" alt=\"\" class=\"wp-image-206877\" style=\"object-fit:cover\"\/><\/figure>\n\n\n\n<h5 class=\"wp-block-heading\">Espandere la base clienti<\/h5>\n\n\n\n<p>Aggiungi un software avanzato per call center al tuo portafoglio, fai crescere la tua offerta e raggiungi nuovi mercati. Converti pi\u00f9 clienti grazie alla nostra reputazione stellare. CloudTalk ti aiuter\u00e0 con design, campagne, social media ed eventi.  <\/p>\n<\/div><\/div>\n<\/div>\n<\/div>\n<\/div><\/div>\n<\/div><\/div>\n\n<div class=\"wp-block-group solutions-image-text\"><div class=\"wp-block-group__inner-container is-layout-constrained wp-block-group-is-layout-constrained\">\n<div class=\"wp-block-group solutions-image-text-single\"><div class=\"wp-block-group__inner-container is-layout-constrained wp-block-group-is-layout-constrained\">\n<div class=\"wp-block-group container-fluid\"><div class=\"wp-block-group__inner-container is-layout-constrained wp-block-group-is-layout-constrained\">\n<div class=\"wp-block-columns is-layout-flex wp-container-core-columns-is-layout-9d6595d7 wp-block-columns-is-layout-flex\" id=\"usp1\">\n<div class=\"wp-block-column is-layout-flow wp-block-column-is-layout-flow\">\n<figure class=\"wp-block-image size-large\"><img loading=\"lazy\" decoding=\"async\" width=\"1024\" height=\"670\" src=\"https:\/\/test-staging.cloudtalk.io\/wp-content\/uploads\/2024\/08\/Version08-1-1024x670.png\" alt=\"\" class=\"wp-image-237557\" srcset=\"https:\/\/test-staging.cloudtalk.io\/wp-content\/uploads\/2024\/08\/Version08-1-1024x670.png 1024w, https:\/\/test-staging.cloudtalk.io\/wp-content\/uploads\/2024\/08\/Version08-1-300x196.png 300w, https:\/\/test-staging.cloudtalk.io\/wp-content\/uploads\/2024\/08\/Version08-1-768x503.png 768w, https:\/\/test-staging.cloudtalk.io\/wp-content\/uploads\/2024\/08\/Version08-1-1134x742.png 1134w, https:\/\/test-staging.cloudtalk.io\/wp-content\/uploads\/2024\/08\/Version08-1-654x428.png 654w, https:\/\/test-staging.cloudtalk.io\/wp-content\/uploads\/2024\/08\/Version08-1-424x277.png 424w, https:\/\/test-staging.cloudtalk.io\/wp-content\/uploads\/2024\/08\/Version08-1-173x113.png 173w, https:\/\/test-staging.cloudtalk.io\/wp-content\/uploads\/2024\/08\/Version08-1-88x58.png 88w, https:\/\/test-staging.cloudtalk.io\/wp-content\/uploads\/2024\/08\/Version08-1.png 1296w\" sizes=\"auto, (max-width: 1024px) 100vw, 1024px\" \/><\/figure>\n<\/div>\n\n\n\n<div class=\"wp-block-column is-layout-flow wp-block-column-is-layout-flow\">\n<h3 class=\"wp-block-heading\">Migliora le soluzioni per i clienti<\/h3>\n\n\n\n<div style=\"height:10px\" aria-hidden=\"true\" class=\"wp-block-spacer\"><\/div>\n\n\n\n<p>Le societ\u00e0 di consulenza informatica, gli MSP e le societ\u00e0 di telecomunicazioni possono incrementare il loro portafoglio di servizi offrendo le soluzioni VoIP avanzate di CloudTalk. \u00c8 perfetto se vuoi migliorare la comunicazione e l&#8217;integrazione con i clienti.   <\/p>\n\n\n\n<div style=\"height:30px\" aria-hidden=\"true\" class=\"wp-block-spacer\"><\/div>\n\n\n\n<div class=\"wp-block-buttons is-layout-flex wp-block-buttons-is-layout-flex\">\n<div class=\"wp-block-button\"><a class=\"wp-block-button__link wp-element-button\" href=\"https:\/\/cloudtalk1.partnerstack.com\/?group=newpartners\" target=\"_blank\" rel=\"noopener\">Fai crescere la tua offerta<\/a><\/div>\n<\/div>\n<\/div>\n<\/div>\n<\/div><\/div>\n<\/div><\/div>\n\n\n\n<div class=\"wp-block-group solutions-image-text-single\"><div class=\"wp-block-group__inner-container is-layout-constrained wp-block-group-is-layout-constrained\">\n<div class=\"wp-block-group container-fluid\"><div class=\"wp-block-group__inner-container is-layout-constrained wp-block-group-is-layout-constrained\">\n<div class=\"wp-block-columns is-layout-flex wp-container-core-columns-is-layout-9d6595d7 wp-block-columns-is-layout-flex\" id=\"usp2\">\n<div class=\"wp-block-column is-vertically-aligned-center is-layout-flow wp-block-column-is-layout-flow\">\n<h3 class=\"wp-block-heading\">Guidare il coinvolgimento<\/h3>\n\n\n\n<div style=\"height:10px\" aria-hidden=\"true\" class=\"wp-block-spacer\"><\/div>\n\n\n\n<p>Le agenzie di marketing digitale e le societ\u00e0 di BPO possono migliorare le interazioni con i clienti grazie agli strumenti di CloudTalk, mentre i consulenti generici possono ottimizzare i processi con soluzioni di comunicazione avanzate.<\/p>\n\n\n\n<div style=\"height:30px\" aria-hidden=\"true\" class=\"wp-block-spacer\"><\/div>\n\n\n\n<div class=\"wp-block-buttons is-layout-flex wp-block-buttons-is-layout-flex\">\n<div class=\"wp-block-button\"><a class=\"wp-block-button__link wp-element-button\" href=\"https:\/\/cloudtalk1.partnerstack.com\/?group=newpartners\" target=\"_blank\" rel=\"noopener\">Aumenta l&#8217;efficienza<\/a><\/div>\n<\/div>\n<\/div>\n\n\n\n<div class=\"wp-block-column is-layout-flow wp-block-column-is-layout-flow\">\n<figure class=\"wp-block-image size-large\"><img loading=\"lazy\" decoding=\"async\" width=\"1024\" height=\"670\" src=\"https:\/\/test-staging.cloudtalk.io\/wp-content\/uploads\/2024\/08\/Versionw-4-1024x670.png\" alt=\"\" class=\"wp-image-237621\" srcset=\"https:\/\/test-staging.cloudtalk.io\/wp-content\/uploads\/2024\/08\/Versionw-4-1024x670.png 1024w, https:\/\/test-staging.cloudtalk.io\/wp-content\/uploads\/2024\/08\/Versionw-4-300x196.png 300w, https:\/\/test-staging.cloudtalk.io\/wp-content\/uploads\/2024\/08\/Versionw-4-768x503.png 768w, https:\/\/test-staging.cloudtalk.io\/wp-content\/uploads\/2024\/08\/Versionw-4-1134x742.png 1134w, https:\/\/test-staging.cloudtalk.io\/wp-content\/uploads\/2024\/08\/Versionw-4-654x428.png 654w, https:\/\/test-staging.cloudtalk.io\/wp-content\/uploads\/2024\/08\/Versionw-4-424x277.png 424w, https:\/\/test-staging.cloudtalk.io\/wp-content\/uploads\/2024\/08\/Versionw-4-173x113.png 173w, https:\/\/test-staging.cloudtalk.io\/wp-content\/uploads\/2024\/08\/Versionw-4-88x58.png 88w, https:\/\/test-staging.cloudtalk.io\/wp-content\/uploads\/2024\/08\/Versionw-4.png 1296w\" sizes=\"auto, (max-width: 1024px) 100vw, 1024px\" \/><\/figure>\n<\/div>\n<\/div>\n<\/div><\/div>\n<\/div><\/div>\n\n\n\n<div class=\"wp-block-group solutions-image-text-single\"><div class=\"wp-block-group__inner-container is-layout-constrained wp-block-group-is-layout-constrained\">\n<div class=\"wp-block-group container-fluid\"><div class=\"wp-block-group__inner-container is-layout-constrained wp-block-group-is-layout-constrained\">\n<div class=\"wp-block-columns is-layout-flex wp-container-core-columns-is-layout-9d6595d7 wp-block-columns-is-layout-flex\" id=\"usp3\">\n<div class=\"wp-block-column is-layout-flow wp-block-column-is-layout-flow\">\n<figure class=\"wp-block-image size-large\"><img loading=\"lazy\" decoding=\"async\" width=\"1024\" height=\"670\" src=\"https:\/\/test-staging.cloudtalk.io\/wp-content\/uploads\/2024\/08\/Version14-1-1024x670.png\" alt=\"\" class=\"wp-image-241347\" srcset=\"https:\/\/test-staging.cloudtalk.io\/wp-content\/uploads\/2024\/08\/Version14-1-1024x670.png 1024w, https:\/\/test-staging.cloudtalk.io\/wp-content\/uploads\/2024\/08\/Version14-1-300x196.png 300w, https:\/\/test-staging.cloudtalk.io\/wp-content\/uploads\/2024\/08\/Version14-1-768x503.png 768w, https:\/\/test-staging.cloudtalk.io\/wp-content\/uploads\/2024\/08\/Version14-1-1134x742.png 1134w, https:\/\/test-staging.cloudtalk.io\/wp-content\/uploads\/2024\/08\/Version14-1-654x428.png 654w, https:\/\/test-staging.cloudtalk.io\/wp-content\/uploads\/2024\/08\/Version14-1-424x277.png 424w, https:\/\/test-staging.cloudtalk.io\/wp-content\/uploads\/2024\/08\/Version14-1-173x113.png 173w, https:\/\/test-staging.cloudtalk.io\/wp-content\/uploads\/2024\/08\/Version14-1-88x58.png 88w, https:\/\/test-staging.cloudtalk.io\/wp-content\/uploads\/2024\/08\/Version14-1.png 1296w\" sizes=\"auto, (max-width: 1024px) 100vw, 1024px\" \/><\/figure>\n<\/div>\n\n\n\n<div class=\"wp-block-column is-vertically-aligned-center is-layout-flow wp-block-column-is-layout-flow\">\n<h3 class=\"wp-block-heading\">Integrazione perfetta<\/h3>\n\n\n\n<div style=\"height:10px\" aria-hidden=\"true\" class=\"wp-block-spacer\"><\/div>\n\n\n\n<p>I fornitori di CRM, ERP e gli sviluppatori di software possono migliorare le operazioni commerciali dei clienti. L&#8217;integrazione di CloudTalk ti permette di offrire funzionalit\u00e0 di comunicazione avanzate che semplificano le operazioni dei clienti. <\/p>\n\n\n\n<div style=\"height:30px\" aria-hidden=\"true\" class=\"wp-block-spacer\"><\/div>\n\n\n\n<div class=\"wp-block-buttons is-layout-flex wp-block-buttons-is-layout-flex\">\n<div class=\"wp-block-button\"><a class=\"wp-block-button__link wp-element-button\" href=\"https:\/\/cloudtalk1.partnerstack.com\/?group=newpartners\" target=\"_blank\" rel=\"noopener\">Rendi felici i clienti<\/a><\/div>\n<\/div>\n<\/div>\n<\/div>\n<\/div><\/div>\n<\/div><\/div>\n<\/div><\/div>\n\n<div class=\"wp-block-cover cloudtalk-cta\"><span aria-hidden=\"true\" class=\"wp-block-cover__background has-background-dim-0 has-background-dim\"><\/span><img decoding=\"async\" class=\"wp-block-cover__image-background wp-image-170641\" alt=\"\" src=\"https:\/\/test-staging.cloudtalk.io\/wp-content\/uploads\/2023\/08\/cs-cta-background.svg\" data-object-fit=\"cover\"\/><div class=\"wp-block-cover__inner-container is-layout-flow wp-block-cover-is-layout-flow\">\n<h2 class=\"wp-block-heading has-text-align-center has-white-color has-text-color\">CloudTalk \u00e8 una soluzione basata sui dati per un&#8217;esperienza cliente eccezionale e l&#8217;intelligenza ne \u00e8 una parte fondamentale.<\/h2>\n\n\n\n<p class=\"has-text-align-center has-white-color has-text-color\">Programmate una demo oggi stesso e scopritelo da soli.<\/p>\n\n\n\n<div class=\"wp-block-buttons is-content-justification-center is-layout-flex wp-container-core-buttons-is-layout-16018d1d wp-block-buttons-is-layout-flex\">\n<div class=\"wp-block-button btn-regular\"><a class=\"wp-block-button__link wp-element-button\" href=\"https:\/\/test-staging.cloudtalk.io\/it\/programma-una-demo\/\">Programma una demo<\/a><\/div>\n<\/div>\n<\/div><\/div>\n","protected":false},"excerpt":{"rendered":"<p>Entra a far parte della rete di partner CloudTalk Consiglia i tuoi clienti e ricevi fino a 300\u20ac di ricompensa. Stiamo cercando soluzioni VoIP, di comunicazione aziendale e CRM che si integrino perfettamente nel nostro stack tecnologico, in modo da poterci aiutare a crescere. Affidati a + aziende in tutto il mondo Vantaggi del programma [&hellip;]<\/p>\n","protected":false},"author":127,"featured_media":0,"parent":0,"menu_order":0,"comment_status":"closed","ping_status":"closed","template":"page-templates\/ct-evo-solution_page_new.php","meta":{"_acf_changed":false,"inline_featured_image":false,"footnotes":""},"ct-post-type":[],"class_list":["post-242621","page","type-page","status-publish","hentry"],"acf":[],"_links":{"self":[{"href":"https:\/\/test-staging.cloudtalk.io\/it\/wp-json\/wp\/v2\/pages\/242621","targetHints":{"allow":["GET"]}}],"collection":[{"href":"https:\/\/test-staging.cloudtalk.io\/it\/wp-json\/wp\/v2\/pages"}],"about":[{"href":"https:\/\/test-staging.cloudtalk.io\/it\/wp-json\/wp\/v2\/types\/page"}],"author":[{"embeddable":true,"href":"https:\/\/test-staging.cloudtalk.io\/it\/wp-json\/wp\/v2\/users\/127"}],"replies":[{"embeddable":true,"href":"https:\/\/test-staging.cloudtalk.io\/it\/wp-json\/wp\/v2\/comments?post=242621"}],"version-history":[{"count":0,"href":"https:\/\/test-staging.cloudtalk.io\/it\/wp-json\/wp\/v2\/pages\/242621\/revisions"}],"wp:attachment":[{"href":"https:\/\/test-staging.cloudtalk.io\/it\/wp-json\/wp\/v2\/media?parent=242621"}],"wp:term":[{"taxonomy":"ct-post-type","embeddable":true,"href":"https:\/\/test-staging.cloudtalk.io\/it\/wp-json\/wp\/v2\/ct-post-type?post=242621"}],"curies":[{"name":"wp","href":"https:\/\/api.w.org\/{rel}","templated":true}]}}