{"id":71353,"date":"2021-12-16T14:26:38","date_gmt":"2021-12-16T12:26:38","guid":{"rendered":"https:\/\/staging.cloudtalk.io\/reserver-une-demo\/"},"modified":"2026-02-24T16:15:15","modified_gmt":"2026-02-24T14:15:15","slug":"demo","status":"publish","type":"page","link":"https:\/\/test-staging.cloudtalk.io\/fr\/reserver-une-demo\/","title":{"rendered":"R\u00e9servez une d\u00e9mo"},"content":{"rendered":"<div class=\"wp-block-cloudtalk-demo-ab\"><div class=\"demo-ab-block\"><div class=\"demo-ab-block__hero\"><div class=\"demo-ab-block__hero-content\"><div class=\"demo-ab-block__logo\"><img decoding=\"async\" src=\"https:\/\/test-staging.cloudtalk.io\/wp-content\/uploads\/2026\/01\/cloudtalk-logo-demo-white.svg\" alt=\"CloudTalk Logo\" class=\"demo-ab-block__logo-image\" \/><\/div><div class=\"demo-ab-block__breadcrumb\"><div class=\"demo-ab-block__breadcrumb-icon demo-ab-block__breadcrumb-icon--image\"><img decoding=\"async\" src=\"https:\/\/test-staging.cloudtalk.io\/wp-content\/uploads\/2025\/11\/Symbol_Shape.svg\" alt=\"\" class=\"demo-ab-block__breadcrumb-icon-image\" \/><\/div><p class=\"demo-ab-block__breadcrumb-text\">D\u00e9couvrez CloudTalk en action<\/p><\/div><h1 class=\"demo-ab-block__heading\">D\u00e9couvrez comment CloudTalk<br>peut fonctionner pour vous<\/h1><div class=\"demo-ab-block__list-wrapper\"><div class=\"wp-block-cloudtalk-list wp-block-cloudtalk-list--md wp-block-cloudtalk-list--tick wp-block-cloudtalk-list\"><div class=\"list-block list-block--md list-block--tick\"><ul class=\"list-block__list list-block__tick\">        <li class=\"list-block__item\">\n                        <div class=\"list-block__content\">\n                                                    <div class=\"list-block__content-sub\">\n                        Commencez par un appel d&rsquo;alignement strat\u00e9gique                    <\/div>\n                            <\/div>\n        <\/li>\n        <li class=\"list-block__item\">\n                        <div class=\"list-block__content\">\n                                                    <div class=\"list-block__content-sub\">\n                        D\u00e9couvrez le produit lors d&rsquo;une d\u00e9mo personnalis\u00e9e                    <\/div>\n                            <\/div>\n        <\/li>\n        <li class=\"list-block__item\">\n                        <div class=\"list-block__content\">\n                                                    <div class=\"list-block__content-sub\">\n                        R\u00e9ussissez avec CloudTalk                    <\/div>\n                            <\/div>\n        <\/li>\n<\/ul><\/div><\/div><\/div><\/div><\/div><div class=\"demo-ab-block__form-section\"><div class=\"demo-ab-block__form-wrap\"><div class=\"wp-block-group wave\"><div class=\"wp-block-group__inner-container is-layout-constrained wp-block-group-is-layout-constrained\"><p><strong>Bonjour !<\/strong> Remplissez le formulaire, cela ne prend qu&rsquo;une minute.<\/p><figure class=\"wp-block-video\"><video autoplay loop muted playsinline src=\"https:\/\/test-staging.cloudtalk.io\/wp-content\/uploads\/2026\/01\/video-wave-hanka3.mp4\" style=\"max-width: 100%; height: auto;\"><\/video><\/figure><\/div><\/div><div class=\"demo-ab-block__form-content demo-form\">\n<div class=\"ct-demo-form\">\n<!--[if lte IE 8]>\n<script charset=\"utf-8\" type=\"text\/javascript\" src=\"\/\/js.hsforms.net\/forms\/v2-legacy.js\"><\/script>\n<![endif]-->\n<script charset=\"utf-8\" type=\"text\/javascript\" src=\"\/\/js.hsforms.net\/forms\/v2.js\"><\/script>\n<script>\n\nlet searchParams = new URLSearchParams(window.location.search);\nsearchParams.has('filled_email');\nlet emailVal = searchParams.get('filled_email');\n\nhbspt.forms.create({\n\tregion: \"na1\",\n\tportalId: \"6195055\",\n\tformId: \"209cca80-551b-4b65-ae93-766d7218210e\",\n    onFormReady: function($form) {\n        $form.attr(\"data-default-form-id\", \"866072\");\n        if(emailVal) {\n            $form.find('input[name=\"email\"]').val(emailVal).change(); \n        }\n    },\n    onFormSubmit: function (form) {\n        window.dataLayer = window.dataLayer || [];\t \n        dataLayer.push({\n            'event': 'demoFormSubmitted',\n            'registrationFirstName': form.find(\"[name=firstname]\").val(),\n            'registrationLastName': form.find(\"[name=lastname]\").val(),\n            'registrationEmail': form.find(\"[name=email]\").val(),\n            'registrationPhoneNumber': form.find(\"[name=phone]\").val(),\n            'registrationUserNumber': form.find(\"[name=demo__users]\").find(\":selected\").val()\n        });\n    }\n});\n<\/script>\n<\/div>\n\n<div class=\"ct-referral-form\">\n<script>\n  hbspt.forms.create({\n    portalId: \"6195055\",\n    formId: \"6a618028-e42d-4ae6-bc9b-002fc38cc18a\",\n    region: \"na1\"\n  });\n<\/script>\n<\/div>\n<\/div><\/div><\/div><div class=\"demo-ab-block__logo-paragraphs\"><div class=\"demo-ab-block__logo-paragraphs-track\"><div class=\"demo-ab-block__logo-paragraph-item\"><div class=\"demo-ab-block__logo-paragraph-logo\"><img decoding=\"async\" src=\"https:\/\/test-staging.cloudtalk.io\/wp-content\/uploads\/2026\/01\/CustomerRevolut-SizeDefault-VersionLight-BlueWhite.svg\" alt=\"\" class=\"demo-ab-block__logo-paragraph-logo-image\" \/><\/div><div class=\"demo-ab-block__logo-paragraph-stars\"><svg xmlns=\"http:\/\/www.w3.org\/2000\/svg\" width=\"20\" height=\"20\" viewBox=\"0 0 20 20\" fill=\"none\"><g clip-path=\"url(#clip0_24831_3279_0)\"><path d=\"M9.53834 1.60996C9.70914 1.19932 10.2909 1.19932 10.4617 1.60996L12.5278 6.57744C12.5998 6.75056 12.7626 6.86885 12.9495 6.88383L18.3123 7.31376C18.7556 7.3493 18.9354 7.90256 18.5976 8.19189L14.5117 11.6919C14.3693 11.8139 14.3071 12.0053 14.3506 12.1876L15.5989 17.4208C15.7021 17.8534 15.2315 18.1954 14.8519 17.9635L10.2606 15.1592C10.1006 15.0615 9.89938 15.0615 9.73937 15.1592L5.14806 17.9635C4.76851 18.1954 4.29788 17.8534 4.40108 17.4208L5.64939 12.1876C5.69289 12.0053 5.6307 11.8139 5.48831 11.6919L1.40241 8.19189C1.06464 7.90256 1.24441 7.3493 1.68773 7.31376L7.05054 6.88383C7.23744 6.86885 7.40024 6.75056 7.47225 6.57744L9.53834 1.60996Z\" fill=\"#FDB022\"\/><\/g><defs><clipPath id=\"clip0_24831_3279_0\"><rect width=\"20\" height=\"20\" fill=\"white\"\/><\/clipPath><\/defs><\/svg><svg xmlns=\"http:\/\/www.w3.org\/2000\/svg\" width=\"20\" height=\"20\" viewBox=\"0 0 20 20\" fill=\"none\"><g clip-path=\"url(#clip0_24831_3279_1)\"><path d=\"M9.53834 1.60996C9.70914 1.19932 10.2909 1.19932 10.4617 1.60996L12.5278 6.57744C12.5998 6.75056 12.7626 6.86885 12.9495 6.88383L18.3123 7.31376C18.7556 7.3493 18.9354 7.90256 18.5976 8.19189L14.5117 11.6919C14.3693 11.8139 14.3071 12.0053 14.3506 12.1876L15.5989 17.4208C15.7021 17.8534 15.2315 18.1954 14.8519 17.9635L10.2606 15.1592C10.1006 15.0615 9.89938 15.0615 9.73937 15.1592L5.14806 17.9635C4.76851 18.1954 4.29788 17.8534 4.40108 17.4208L5.64939 12.1876C5.69289 12.0053 5.6307 11.8139 5.48831 11.6919L1.40241 8.19189C1.06464 7.90256 1.24441 7.3493 1.68773 7.31376L7.05054 6.88383C7.23744 6.86885 7.40024 6.75056 7.47225 6.57744L9.53834 1.60996Z\" fill=\"#FDB022\"\/><\/g><defs><clipPath id=\"clip0_24831_3279_1\"><rect width=\"20\" height=\"20\" fill=\"white\"\/><\/clipPath><\/defs><\/svg><svg xmlns=\"http:\/\/www.w3.org\/2000\/svg\" width=\"20\" height=\"20\" viewBox=\"0 0 20 20\" fill=\"none\"><g clip-path=\"url(#clip0_24831_3279_2)\"><path d=\"M9.53834 1.60996C9.70914 1.19932 10.2909 1.19932 10.4617 1.60996L12.5278 6.57744C12.5998 6.75056 12.7626 6.86885 12.9495 6.88383L18.3123 7.31376C18.7556 7.3493 18.9354 7.90256 18.5976 8.19189L14.5117 11.6919C14.3693 11.8139 14.3071 12.0053 14.3506 12.1876L15.5989 17.4208C15.7021 17.8534 15.2315 18.1954 14.8519 17.9635L10.2606 15.1592C10.1006 15.0615 9.89938 15.0615 9.73937 15.1592L5.14806 17.9635C4.76851 18.1954 4.29788 17.8534 4.40108 17.4208L5.64939 12.1876C5.69289 12.0053 5.6307 11.8139 5.48831 11.6919L1.40241 8.19189C1.06464 7.90256 1.24441 7.3493 1.68773 7.31376L7.05054 6.88383C7.23744 6.86885 7.40024 6.75056 7.47225 6.57744L9.53834 1.60996Z\" fill=\"#FDB022\"\/><\/g><defs><clipPath id=\"clip0_24831_3279_2\"><rect width=\"20\" height=\"20\" fill=\"white\"\/><\/clipPath><\/defs><\/svg><svg xmlns=\"http:\/\/www.w3.org\/2000\/svg\" width=\"20\" height=\"20\" viewBox=\"0 0 20 20\" fill=\"none\"><g clip-path=\"url(#clip0_24831_3279_3)\"><path d=\"M9.53834 1.60996C9.70914 1.19932 10.2909 1.19932 10.4617 1.60996L12.5278 6.57744C12.5998 6.75056 12.7626 6.86885 12.9495 6.88383L18.3123 7.31376C18.7556 7.3493 18.9354 7.90256 18.5976 8.19189L14.5117 11.6919C14.3693 11.8139 14.3071 12.0053 14.3506 12.1876L15.5989 17.4208C15.7021 17.8534 15.2315 18.1954 14.8519 17.9635L10.2606 15.1592C10.1006 15.0615 9.89938 15.0615 9.73937 15.1592L5.14806 17.9635C4.76851 18.1954 4.29788 17.8534 4.40108 17.4208L5.64939 12.1876C5.69289 12.0053 5.6307 11.8139 5.48831 11.6919L1.40241 8.19189C1.06464 7.90256 1.24441 7.3493 1.68773 7.31376L7.05054 6.88383C7.23744 6.86885 7.40024 6.75056 7.47225 6.57744L9.53834 1.60996Z\" fill=\"#FDB022\"\/><\/g><defs><clipPath id=\"clip0_24831_3279_3\"><rect width=\"20\" height=\"20\" fill=\"white\"\/><\/clipPath><\/defs><\/svg><svg xmlns=\"http:\/\/www.w3.org\/2000\/svg\" width=\"20\" height=\"20\" viewBox=\"0 0 20 20\" fill=\"none\"><g clip-path=\"url(#clip0_24831_3279_4)\"><path d=\"M9.53834 1.60996C9.70914 1.19932 10.2909 1.19932 10.4617 1.60996L12.5278 6.57744C12.5998 6.75056 12.7626 6.86885 12.9495 6.88383L18.3123 7.31376C18.7556 7.3493 18.9354 7.90256 18.5976 8.19189L14.5117 11.6919C14.3693 11.8139 14.3071 12.0053 14.3506 12.1876L15.5989 17.4208C15.7021 17.8534 15.2315 18.1954 14.8519 17.9635L10.2606 15.1592C10.1006 15.0615 9.89938 15.0615 9.73937 15.1592L5.14806 17.9635C4.76851 18.1954 4.29788 17.8534 4.40108 17.4208L5.64939 12.1876C5.69289 12.0053 5.6307 11.8139 5.48831 11.6919L1.40241 8.19189C1.06464 7.90256 1.24441 7.3493 1.68773 7.31376L7.05054 6.88383C7.23744 6.86885 7.40024 6.75056 7.47225 6.57744L9.53834 1.60996Z\" fill=\"#FDB022\"\/><\/g><defs><clipPath id=\"clip0_24831_3279_4\"><rect width=\"20\" height=\"20\" fill=\"white\"\/><\/clipPath><\/defs><\/svg><\/div><div class=\"demo-ab-block__logo-paragraph-text\"><p>24 % d&rsquo;appels manqu\u00e9s en moins<\/p><\/div><\/div><div class=\"demo-ab-block__logo-paragraph-item\"><div class=\"demo-ab-block__logo-paragraph-logo\"><img decoding=\"async\" src=\"https:\/\/test-staging.cloudtalk.io\/wp-content\/uploads\/2026\/01\/CustomerGlovo-SizeDefault-VersionLight-BlueWhite.svg\" alt=\"\" class=\"demo-ab-block__logo-paragraph-logo-image\" \/><\/div><div class=\"demo-ab-block__logo-paragraph-stars\"><svg xmlns=\"http:\/\/www.w3.org\/2000\/svg\" width=\"20\" height=\"20\" viewBox=\"0 0 20 20\" fill=\"none\"><g clip-path=\"url(#clip0_24831_3279_0)\"><path d=\"M9.53834 1.60996C9.70914 1.19932 10.2909 1.19932 10.4617 1.60996L12.5278 6.57744C12.5998 6.75056 12.7626 6.86885 12.9495 6.88383L18.3123 7.31376C18.7556 7.3493 18.9354 7.90256 18.5976 8.19189L14.5117 11.6919C14.3693 11.8139 14.3071 12.0053 14.3506 12.1876L15.5989 17.4208C15.7021 17.8534 15.2315 18.1954 14.8519 17.9635L10.2606 15.1592C10.1006 15.0615 9.89938 15.0615 9.73937 15.1592L5.14806 17.9635C4.76851 18.1954 4.29788 17.8534 4.40108 17.4208L5.64939 12.1876C5.69289 12.0053 5.6307 11.8139 5.48831 11.6919L1.40241 8.19189C1.06464 7.90256 1.24441 7.3493 1.68773 7.31376L7.05054 6.88383C7.23744 6.86885 7.40024 6.75056 7.47225 6.57744L9.53834 1.60996Z\" fill=\"#FDB022\"\/><\/g><defs><clipPath id=\"clip0_24831_3279_0\"><rect width=\"20\" height=\"20\" fill=\"white\"\/><\/clipPath><\/defs><\/svg><svg xmlns=\"http:\/\/www.w3.org\/2000\/svg\" width=\"20\" height=\"20\" viewBox=\"0 0 20 20\" fill=\"none\"><g clip-path=\"url(#clip0_24831_3279_1)\"><path d=\"M9.53834 1.60996C9.70914 1.19932 10.2909 1.19932 10.4617 1.60996L12.5278 6.57744C12.5998 6.75056 12.7626 6.86885 12.9495 6.88383L18.3123 7.31376C18.7556 7.3493 18.9354 7.90256 18.5976 8.19189L14.5117 11.6919C14.3693 11.8139 14.3071 12.0053 14.3506 12.1876L15.5989 17.4208C15.7021 17.8534 15.2315 18.1954 14.8519 17.9635L10.2606 15.1592C10.1006 15.0615 9.89938 15.0615 9.73937 15.1592L5.14806 17.9635C4.76851 18.1954 4.29788 17.8534 4.40108 17.4208L5.64939 12.1876C5.69289 12.0053 5.6307 11.8139 5.48831 11.6919L1.40241 8.19189C1.06464 7.90256 1.24441 7.3493 1.68773 7.31376L7.05054 6.88383C7.23744 6.86885 7.40024 6.75056 7.47225 6.57744L9.53834 1.60996Z\" fill=\"#FDB022\"\/><\/g><defs><clipPath id=\"clip0_24831_3279_1\"><rect width=\"20\" height=\"20\" fill=\"white\"\/><\/clipPath><\/defs><\/svg><svg xmlns=\"http:\/\/www.w3.org\/2000\/svg\" width=\"20\" height=\"20\" viewBox=\"0 0 20 20\" fill=\"none\"><g clip-path=\"url(#clip0_24831_3279_2)\"><path d=\"M9.53834 1.60996C9.70914 1.19932 10.2909 1.19932 10.4617 1.60996L12.5278 6.57744C12.5998 6.75056 12.7626 6.86885 12.9495 6.88383L18.3123 7.31376C18.7556 7.3493 18.9354 7.90256 18.5976 8.19189L14.5117 11.6919C14.3693 11.8139 14.3071 12.0053 14.3506 12.1876L15.5989 17.4208C15.7021 17.8534 15.2315 18.1954 14.8519 17.9635L10.2606 15.1592C10.1006 15.0615 9.89938 15.0615 9.73937 15.1592L5.14806 17.9635C4.76851 18.1954 4.29788 17.8534 4.40108 17.4208L5.64939 12.1876C5.69289 12.0053 5.6307 11.8139 5.48831 11.6919L1.40241 8.19189C1.06464 7.90256 1.24441 7.3493 1.68773 7.31376L7.05054 6.88383C7.23744 6.86885 7.40024 6.75056 7.47225 6.57744L9.53834 1.60996Z\" fill=\"#FDB022\"\/><\/g><defs><clipPath id=\"clip0_24831_3279_2\"><rect width=\"20\" height=\"20\" fill=\"white\"\/><\/clipPath><\/defs><\/svg><svg xmlns=\"http:\/\/www.w3.org\/2000\/svg\" width=\"20\" height=\"20\" viewBox=\"0 0 20 20\" fill=\"none\"><g clip-path=\"url(#clip0_24831_3279_3)\"><path d=\"M9.53834 1.60996C9.70914 1.19932 10.2909 1.19932 10.4617 1.60996L12.5278 6.57744C12.5998 6.75056 12.7626 6.86885 12.9495 6.88383L18.3123 7.31376C18.7556 7.3493 18.9354 7.90256 18.5976 8.19189L14.5117 11.6919C14.3693 11.8139 14.3071 12.0053 14.3506 12.1876L15.5989 17.4208C15.7021 17.8534 15.2315 18.1954 14.8519 17.9635L10.2606 15.1592C10.1006 15.0615 9.89938 15.0615 9.73937 15.1592L5.14806 17.9635C4.76851 18.1954 4.29788 17.8534 4.40108 17.4208L5.64939 12.1876C5.69289 12.0053 5.6307 11.8139 5.48831 11.6919L1.40241 8.19189C1.06464 7.90256 1.24441 7.3493 1.68773 7.31376L7.05054 6.88383C7.23744 6.86885 7.40024 6.75056 7.47225 6.57744L9.53834 1.60996Z\" fill=\"#FDB022\"\/><\/g><defs><clipPath id=\"clip0_24831_3279_3\"><rect width=\"20\" height=\"20\" fill=\"white\"\/><\/clipPath><\/defs><\/svg><svg xmlns=\"http:\/\/www.w3.org\/2000\/svg\" width=\"20\" height=\"20\" viewBox=\"0 0 20 20\" fill=\"none\"><g clip-path=\"url(#clip0_24831_3279_4)\"><path d=\"M9.53834 1.60996C9.70914 1.19932 10.2909 1.19932 10.4617 1.60996L12.5278 6.57744C12.5998 6.75056 12.7626 6.86885 12.9495 6.88383L18.3123 7.31376C18.7556 7.3493 18.9354 7.90256 18.5976 8.19189L14.5117 11.6919C14.3693 11.8139 14.3071 12.0053 14.3506 12.1876L15.5989 17.4208C15.7021 17.8534 15.2315 18.1954 14.8519 17.9635L10.2606 15.1592C10.1006 15.0615 9.89938 15.0615 9.73937 15.1592L5.14806 17.9635C4.76851 18.1954 4.29788 17.8534 4.40108 17.4208L5.64939 12.1876C5.69289 12.0053 5.6307 11.8139 5.48831 11.6919L1.40241 8.19189C1.06464 7.90256 1.24441 7.3493 1.68773 7.31376L7.05054 6.88383C7.23744 6.86885 7.40024 6.75056 7.47225 6.57744L9.53834 1.60996Z\" fill=\"#FDB022\"\/><\/g><defs><clipPath id=\"clip0_24831_3279_4\"><rect width=\"20\" height=\"20\" fill=\"white\"\/><\/clipPath><\/defs><\/svg><\/div><div class=\"demo-ab-block__logo-paragraph-text\"><p>R\u00e9duction des appels li\u00e9s \u00e0 la fonctionnalit\u00e9<\/p><\/div><\/div><div class=\"demo-ab-block__logo-paragraph-item\"><div class=\"demo-ab-block__logo-paragraph-logo\"><img decoding=\"async\" src=\"https:\/\/test-staging.cloudtalk.io\/wp-content\/uploads\/2026\/01\/CustomerPipedrive-SizeDefault-VersionLight-BlueWhite.svg\" alt=\"\" class=\"demo-ab-block__logo-paragraph-logo-image\" \/><\/div><div class=\"demo-ab-block__logo-paragraph-stars\"><svg xmlns=\"http:\/\/www.w3.org\/2000\/svg\" width=\"20\" height=\"20\" viewBox=\"0 0 20 20\" fill=\"none\"><g clip-path=\"url(#clip0_24831_3279_0)\"><path d=\"M9.53834 1.60996C9.70914 1.19932 10.2909 1.19932 10.4617 1.60996L12.5278 6.57744C12.5998 6.75056 12.7626 6.86885 12.9495 6.88383L18.3123 7.31376C18.7556 7.3493 18.9354 7.90256 18.5976 8.19189L14.5117 11.6919C14.3693 11.8139 14.3071 12.0053 14.3506 12.1876L15.5989 17.4208C15.7021 17.8534 15.2315 18.1954 14.8519 17.9635L10.2606 15.1592C10.1006 15.0615 9.89938 15.0615 9.73937 15.1592L5.14806 17.9635C4.76851 18.1954 4.29788 17.8534 4.40108 17.4208L5.64939 12.1876C5.69289 12.0053 5.6307 11.8139 5.48831 11.6919L1.40241 8.19189C1.06464 7.90256 1.24441 7.3493 1.68773 7.31376L7.05054 6.88383C7.23744 6.86885 7.40024 6.75056 7.47225 6.57744L9.53834 1.60996Z\" fill=\"#FDB022\"\/><\/g><defs><clipPath id=\"clip0_24831_3279_0\"><rect width=\"20\" height=\"20\" fill=\"white\"\/><\/clipPath><\/defs><\/svg><svg xmlns=\"http:\/\/www.w3.org\/2000\/svg\" width=\"20\" height=\"20\" viewBox=\"0 0 20 20\" fill=\"none\"><g clip-path=\"url(#clip0_24831_3279_1)\"><path d=\"M9.53834 1.60996C9.70914 1.19932 10.2909 1.19932 10.4617 1.60996L12.5278 6.57744C12.5998 6.75056 12.7626 6.86885 12.9495 6.88383L18.3123 7.31376C18.7556 7.3493 18.9354 7.90256 18.5976 8.19189L14.5117 11.6919C14.3693 11.8139 14.3071 12.0053 14.3506 12.1876L15.5989 17.4208C15.7021 17.8534 15.2315 18.1954 14.8519 17.9635L10.2606 15.1592C10.1006 15.0615 9.89938 15.0615 9.73937 15.1592L5.14806 17.9635C4.76851 18.1954 4.29788 17.8534 4.40108 17.4208L5.64939 12.1876C5.69289 12.0053 5.6307 11.8139 5.48831 11.6919L1.40241 8.19189C1.06464 7.90256 1.24441 7.3493 1.68773 7.31376L7.05054 6.88383C7.23744 6.86885 7.40024 6.75056 7.47225 6.57744L9.53834 1.60996Z\" fill=\"#FDB022\"\/><\/g><defs><clipPath id=\"clip0_24831_3279_1\"><rect width=\"20\" height=\"20\" fill=\"white\"\/><\/clipPath><\/defs><\/svg><svg xmlns=\"http:\/\/www.w3.org\/2000\/svg\" width=\"20\" height=\"20\" viewBox=\"0 0 20 20\" fill=\"none\"><g clip-path=\"url(#clip0_24831_3279_2)\"><path d=\"M9.53834 1.60996C9.70914 1.19932 10.2909 1.19932 10.4617 1.60996L12.5278 6.57744C12.5998 6.75056 12.7626 6.86885 12.9495 6.88383L18.3123 7.31376C18.7556 7.3493 18.9354 7.90256 18.5976 8.19189L14.5117 11.6919C14.3693 11.8139 14.3071 12.0053 14.3506 12.1876L15.5989 17.4208C15.7021 17.8534 15.2315 18.1954 14.8519 17.9635L10.2606 15.1592C10.1006 15.0615 9.89938 15.0615 9.73937 15.1592L5.14806 17.9635C4.76851 18.1954 4.29788 17.8534 4.40108 17.4208L5.64939 12.1876C5.69289 12.0053 5.6307 11.8139 5.48831 11.6919L1.40241 8.19189C1.06464 7.90256 1.24441 7.3493 1.68773 7.31376L7.05054 6.88383C7.23744 6.86885 7.40024 6.75056 7.47225 6.57744L9.53834 1.60996Z\" fill=\"#FDB022\"\/><\/g><defs><clipPath id=\"clip0_24831_3279_2\"><rect width=\"20\" height=\"20\" fill=\"white\"\/><\/clipPath><\/defs><\/svg><svg xmlns=\"http:\/\/www.w3.org\/2000\/svg\" width=\"20\" height=\"20\" viewBox=\"0 0 20 20\" fill=\"none\"><g clip-path=\"url(#clip0_24831_3279_3)\"><path d=\"M9.53834 1.60996C9.70914 1.19932 10.2909 1.19932 10.4617 1.60996L12.5278 6.57744C12.5998 6.75056 12.7626 6.86885 12.9495 6.88383L18.3123 7.31376C18.7556 7.3493 18.9354 7.90256 18.5976 8.19189L14.5117 11.6919C14.3693 11.8139 14.3071 12.0053 14.3506 12.1876L15.5989 17.4208C15.7021 17.8534 15.2315 18.1954 14.8519 17.9635L10.2606 15.1592C10.1006 15.0615 9.89938 15.0615 9.73937 15.1592L5.14806 17.9635C4.76851 18.1954 4.29788 17.8534 4.40108 17.4208L5.64939 12.1876C5.69289 12.0053 5.6307 11.8139 5.48831 11.6919L1.40241 8.19189C1.06464 7.90256 1.24441 7.3493 1.68773 7.31376L7.05054 6.88383C7.23744 6.86885 7.40024 6.75056 7.47225 6.57744L9.53834 1.60996Z\" fill=\"#FDB022\"\/><\/g><defs><clipPath id=\"clip0_24831_3279_3\"><rect width=\"20\" height=\"20\" fill=\"white\"\/><\/clipPath><\/defs><\/svg><svg xmlns=\"http:\/\/www.w3.org\/2000\/svg\" width=\"20\" height=\"20\" viewBox=\"0 0 20 20\" fill=\"none\"><g clip-path=\"url(#clip0_24831_3279_4)\"><path d=\"M9.53834 1.60996C9.70914 1.19932 10.2909 1.19932 10.4617 1.60996L12.5278 6.57744C12.5998 6.75056 12.7626 6.86885 12.9495 6.88383L18.3123 7.31376C18.7556 7.3493 18.9354 7.90256 18.5976 8.19189L14.5117 11.6919C14.3693 11.8139 14.3071 12.0053 14.3506 12.1876L15.5989 17.4208C15.7021 17.8534 15.2315 18.1954 14.8519 17.9635L10.2606 15.1592C10.1006 15.0615 9.89938 15.0615 9.73937 15.1592L5.14806 17.9635C4.76851 18.1954 4.29788 17.8534 4.40108 17.4208L5.64939 12.1876C5.69289 12.0053 5.6307 11.8139 5.48831 11.6919L1.40241 8.19189C1.06464 7.90256 1.24441 7.3493 1.68773 7.31376L7.05054 6.88383C7.23744 6.86885 7.40024 6.75056 7.47225 6.57744L9.53834 1.60996Z\" fill=\"#FDB022\"\/><\/g><defs><clipPath id=\"clip0_24831_3279_4\"><rect width=\"20\" height=\"20\" fill=\"white\"\/><\/clipPath><\/defs><\/svg><\/div><div class=\"demo-ab-block__logo-paragraph-text\"><p>Taux de d\u00e9crochage SDR 3\u00d7 plus \u00e9lev\u00e9 pour les \u00e9quipes mondiales<\/p><\/div><\/div><\/div><\/div><\/div><\/div>","protected":false},"excerpt":{"rendered":"","protected":false},"author":37,"featured_media":0,"parent":0,"menu_order":0,"comment_status":"closed","ping_status":"closed","template":"page-templates\/ct-evo-demo.php","meta":{"_acf_changed":false,"inline_featured_image":false,"footnotes":""},"ct-post-type":[],"class_list":["post-71353","page","type-page","status-publish","hentry"],"acf":[],"_links":{"self":[{"href":"https:\/\/test-staging.cloudtalk.io\/fr\/wp-json\/wp\/v2\/pages\/71353","targetHints":{"allow":["GET"]}}],"collection":[{"href":"https:\/\/test-staging.cloudtalk.io\/fr\/wp-json\/wp\/v2\/pages"}],"about":[{"href":"https:\/\/test-staging.cloudtalk.io\/fr\/wp-json\/wp\/v2\/types\/page"}],"author":[{"embeddable":true,"href":"https:\/\/test-staging.cloudtalk.io\/fr\/wp-json\/wp\/v2\/users\/37"}],"replies":[{"embeddable":true,"href":"https:\/\/test-staging.cloudtalk.io\/fr\/wp-json\/wp\/v2\/comments?post=71353"}],"version-history":[{"count":0,"href":"https:\/\/test-staging.cloudtalk.io\/fr\/wp-json\/wp\/v2\/pages\/71353\/revisions"}],"wp:attachment":[{"href":"https:\/\/test-staging.cloudtalk.io\/fr\/wp-json\/wp\/v2\/media?parent=71353"}],"wp:term":[{"taxonomy":"ct-post-type","embeddable":true,"href":"https:\/\/test-staging.cloudtalk.io\/fr\/wp-json\/wp\/v2\/ct-post-type?post=71353"}],"curies":[{"name":"wp","href":"https:\/\/api.w.org\/{rel}","templated":true}]}}