{"id":68601,"date":"2022-03-17T19:42:40","date_gmt":"2022-03-17T17:42:40","guid":{"rendered":"https:\/\/staging.cloudtalk.io\/obtenir-un-numero-de-telephone-a-los-angeles\/"},"modified":"2025-11-20T20:55:05","modified_gmt":"2025-11-20T18:55:05","slug":"obtenir-un-numero-de-telephone-a-los-angeles","status":"publish","type":"page","link":"https:\/\/test-staging.cloudtalk.io\/fr\/obtenir-un-numero-de-telephone-a-los-angeles\/","title":{"rendered":"Los Angeles, CA Num\u00e9ro de t\u00e9l\u00e9phone local | Indicatif r\u00e9gional 323"},"content":{"rendered":"<div class=\"wp-block-cloudtalk-form-reviews-hero wp-block-cloudtalk-form-reviews-hero\"><div class=\"form-reviews-hero-block\"><div class=\"form-reviews-hero-block__hero\"><div class=\"form-reviews-hero-block__hero-content\"><div class=\"form-reviews-hero-block__reviews\"><div class=\"form-reviews-hero-block__review\"><img decoding=\"async\" src=\"\/wp-content\/uploads\/2025\/02\/G2_Logo.svg\" alt=\"\" class=\"form-reviews-hero-block__review-icon\" \/><div class=\"form-reviews-hero-block__stars\"><img decoding=\"async\" src=\"\/wp-content\/uploads\/2025\/02\/star-icon-full.svg\" alt=\"\" class=\"form-reviews-hero-block__star\" \/><img decoding=\"async\" src=\"\/wp-content\/uploads\/2025\/02\/star-icon-full.svg\" alt=\"\" class=\"form-reviews-hero-block__star\" \/><img decoding=\"async\" src=\"\/wp-content\/uploads\/2025\/02\/star-icon-full.svg\" alt=\"\" class=\"form-reviews-hero-block__star\" \/><img decoding=\"async\" src=\"\/wp-content\/uploads\/2025\/02\/star-icon-full.svg\" alt=\"\" class=\"form-reviews-hero-block__star\" \/><img decoding=\"async\" src=\"\/wp-content\/uploads\/2025\/02\/start-icon-half.svg\" alt=\"\" class=\"form-reviews-hero-block__star\" \/><\/div><span class=\"form-reviews-hero-block__review-number\">1,480  + d&rsquo;avis<\/span><\/div><div class=\"form-reviews-hero-block__review\"><img decoding=\"async\" src=\"\/wp-content\/uploads\/2025\/02\/Capterra_Logo.svg\" alt=\"\" class=\"form-reviews-hero-block__review-icon\" \/><div class=\"form-reviews-hero-block__stars\"><img decoding=\"async\" src=\"\/wp-content\/uploads\/2025\/02\/star-icon-full.svg\" alt=\"\" class=\"form-reviews-hero-block__star\" \/><img decoding=\"async\" src=\"\/wp-content\/uploads\/2025\/02\/star-icon-full.svg\" alt=\"\" class=\"form-reviews-hero-block__star\" \/><img decoding=\"async\" src=\"\/wp-content\/uploads\/2025\/02\/star-icon-full.svg\" alt=\"\" class=\"form-reviews-hero-block__star\" \/><img decoding=\"async\" src=\"\/wp-content\/uploads\/2025\/02\/star-icon-full.svg\" alt=\"\" class=\"form-reviews-hero-block__star\" \/><img decoding=\"async\" src=\"\/wp-content\/uploads\/2025\/02\/start-icon-half.svg\" alt=\"\" class=\"form-reviews-hero-block__star\" \/><\/div><span class=\"form-reviews-hero-block__review-number\">260  + d&rsquo;avis<\/span><\/div><div class=\"form-reviews-hero-block__review form-reviews-hero-block__review--mobile\">1,660  + d&rsquo;avis<\/div><\/div><h1 class=\"form-reviews-hero-block__heading form-reviews-hero-block__heading--long\">Los Angeles, CA Num\u00e9ro de t\u00e9l\u00e9phone local | Indicatif r\u00e9gional 323<\/h1><div class=\"form-reviews-hero-block__list-wrapper\"><div class=\"wp-block-cloudtalk-list wp-block-cloudtalk-list--lg wp-block-cloudtalk-list--numbered wp-block-cloudtalk-list\"><div class=\"list-block list-block--lg list-block--numbered\"><ol class=\"list-block__list\">        <li class=\"list-block__item\">\n                            <span class=\"list-block__number\">01<\/span>\n                        <div class=\"list-block__content\">\n                                                    <div class=\"list-block__content-sub\">\n                        Rendez votre solution d&rsquo;assistance \u00e0 la client\u00e8le plus efficace pour les appels internationaux entrants.                    <\/div>\n                            <\/div>\n        <\/li>\n        <li class=\"list-block__item\">\n                            <span class=\"list-block__number\">02<\/span>\n                        <div class=\"list-block__content\">\n                                                    <div class=\"list-block__content-sub\">\n                        Obtenez des num\u00e9ros de t\u00e9l\u00e9phone internationaux \u00e0 partir de plus de 160 pays.                    <\/div>\n                            <\/div>\n        <\/li>\n        <li class=\"list-block__item\">\n                            <span class=\"list-block__number\">03<\/span>\n                        <div class=\"list-block__content\">\n                                                    <div class=\"list-block__content-sub\">\n                        Acc\u00e9dez \u00e0 encore plus de fonctions de t\u00e9l\u00e9phonie professionnelle, telles que la redirection d&rsquo;appels, l&rsquo;accueil des clients, les param\u00e8tres de sonnerie et les statistiques d&rsquo;appels.                    <\/div>\n                            <\/div>\n        <\/li>\n<\/ol><\/div><\/div><\/div><\/div><\/div><div class=\"form-reviews-hero-block__form-section\"><div class=\"form-reviews-hero-block__form-wrap\"><div class=\"wp-block-group wave\"><div class=\"wp-block-group__inner-container is-layout-constrained wp-block-group-is-layout-constrained\"><p><strong>Bonjour !<\/strong>  Remplissez le formulaire, cela ne prend qu&rsquo;une minute.<\/p><figure class=\"wp-block-video\"><video autoplay loop muted src=\"\/wp-content\/uploads\/2026\/01\/video-wave-hanka3.mp4\" playsinline><\/video><\/figure><\/div><\/div><div class=\"form-reviews-hero-block__form-content\">\n<div id=\"registration-form-wrapper\" class=\"registration-form-wrapper\"><\/div>\n<script>\njQuery(document).ready(function () {\ncloudtalkSignupForm(\"registration-form-wrapper\", \"fr\" );\n});\n<\/script>\n\n<!--[if lte IE 8]>\n<script charset=\"utf-8\" type=\"text\/javascript\" src=\"\/\/js.hsforms.net\/forms\/v2-legacy.js\"><\/script>\n<![endif]-->\n<script charset=\"utf-8\" type=\"text\/javascript\" src=\"\/\/js.hsforms.net\/forms\/v2.js\"><\/script>\n\n<div class=\"ct-referral-form\">\n<script>\n  hbspt.forms.create({\n    portalId: \"6195055\",\n    formId: \"6a618028-e42d-4ae6-bc9b-002fc38cc18a\",\n    region: \"na1\"\n  });\n<\/script>\n<\/div>\n<\/div><\/div><\/div><\/div><\/div>\n<div class=\"wp-block-cloudtalk-row\" style=\"--column-widths:minmax(0, 174px) minmax(720px, 1fr) minmax(0, 236px)\">\n<div class=\"wp-block-cloudtalk-row-column\" style=\"width:minmax(0, 280px)\"><\/div>\n\n\n\n<div class=\"wp-block-cloudtalk-row-column\" style=\"width:minmax(660px, 1fr)\">\n<h2 class=\"wp-block-heading\">Pourquoi obtenir un num\u00e9ro de t\u00e9l\u00e9phone \u00e0 Los Angeles ?<\/h2>\n\n\n\n<h4 class=\"wp-block-heading\">#1 Etablissez une pr\u00e9sence locale aux USA <\/h4>\n\n\n\n<p>Avec une \u00e9conomie performante et une population importante pr\u00eate \u00e0 d\u00e9penser, les \u00c9tats-Unis sont l&rsquo;un des march\u00e9s les plus recherch\u00e9s pour les entreprises qui cherchent \u00e0 \u00e9tendre leur port\u00e9e. Toutefois, les citoyens des USA sont typiquement m\u00e9fiants des appels venant de num\u00e9ros internationaux, ou m\u00eame d&rsquo;indicatifs qu&rsquo;ils ne reconnaissent pas.  <\/p>\n\n\n\n<p>C&rsquo;est donc quasiment une n\u00e9c\u00e9ssit\u00e9 pour les compagnies souhaitant faire des affaires aux USA, d&rsquo;acqu\u00e9rir un num\u00e9ro de t\u00e9l\u00e9phone local. Les num\u00e9ros locaux sont famililers aux clients des USA, qui accepteront plus facilement de r\u00e9pondre \u00e0 votre appel, sachant qu&rsquo;ils n&rsquo;auront pas de frais excessifs pour des appels internationaux.  <\/p>\n\n\n\n<p>Pour les entreprises qui souhaitent \u00e9tablir une pr\u00e9sence locale aux \u00c9tats-Unis et gagner la confiance des clients am\u00e9ricains, un num\u00e9ro de t\u00e9l\u00e9phone local est une excellente premi\u00e8re \u00e9tape.<\/p>\n\n\n\n<h4 class=\"wp-block-heading\">#2 Recevez des appels internationaux moins chers<\/h4>\n\n\n\n<p>Avec un num\u00e9ro de t\u00e9l\u00e9phone local de CloudTalk, vous ne paierez plus de frais exorbitants pour des appels internationaux. <\/p>\n\n\n\n<p>Une fois que vous aurez \u00e9tabli des relations avec des clients aux \u00c9tats-Unis, vous voudrez pouvoir r\u00e9pondre \u00e0 leurs appels sans avoir \u00e0 payer des tarifs d&rsquo;appels internationaux \u00e9lev\u00e9s. <\/p>\n\n\n\n<p>L&rsquo;acquisition d&rsquo;un num\u00e9ro local par l&rsquo;interm\u00e9diaire de CloudTalk est un excellent moyen d&rsquo;\u00e9viter ces frais et d&rsquo;\u00e9pargner \u00e0 vos clients l&rsquo;incertitude de composer un num\u00e9ro international ou un num\u00e9ro gratuit (800).<\/p>\n\n\n\n<h4 class=\"wp-block-heading\">#3 R\u00e9glez les heures pendant lesquelles vous \u00eates joignable<\/h4>\n\n\n\n<p>CloudTalk vous permet facilement de r\u00e9gler les horaires d&rsquo;ouverture pour vos num\u00e9ros de t\u00e9l\u00e9phone internationaux, afin qu&rsquo;il soit toujours clair pour vos clients du moment o\u00f9 il peuvent vous joindre ou pas. <\/p>\n\n\n\n<p>Vous pouvez pr\u00e9enregistrer des messages personnalis\u00e9s pour vos clients pendant les heures creuses, en leur indiquant quand vous serez de nouveau en ligne pour r\u00e9pondre \u00e0 leurs questions.<\/p>\n\n\n\n<h4 class=\"wp-block-heading\">#4 Impressionnez vos clients locaux avec des messages d&rsquo;accueil personnalis\u00e9s<\/h4>\n\n\n\n<p>L&rsquo;outil de message d&rsquo;accueil personnalis\u00e9 de CloudTalk vous permet de pr\u00e9-enregistrer des messages d&rsquo;accueil pour les clients qui appellent durant les heures de fermeture. Pour les compagnies cherchant \u00e0 \u00e9tablir une pr\u00e9sence locale, cela repr\u00e9sente une occasion en or d&rsquo;enregistrer un message qui semblera familier \u00e0 vos clients selon leur situation g\u00e9ographique.  <\/p>\n\n\n\n<p>\u00c0 Miami, par exemple, de nombreuses personnes sont fi\u00e8res de mener une vie d\u00e9contract\u00e9e et relativement insouciante. Il serait donc logique d&rsquo;enregistrer un message d&rsquo;accueil pour votre num\u00e9ro de t\u00e9l\u00e9phone de Miami qui semble naturel et \u00e0 l&rsquo;aise. <\/p>\n\n\n<div class=\"wp-block-cloudtalk-cta-proof\"><div class=\"cta-proof-block\"><div class=\"cta-proof-block__content\"><h2 class=\"cta-proof-block__headline\">Allez-y, prenez une pause, nous nous occupons de tout !<\/h2><div class=\"cta-proof-block__description\">Votre agent vocal IA parle, vend et soutient 24 heures sur 24, 7 jours sur 7, pour que vous n&rsquo;ayez pas \u00e0 le faire.<\/div><div class=\"cta-proof-block__button\"><a href=\"\/fr\/reserver-une-demo\/\" class=\"btn btn-secondary\">Essayez les agents vocaux <svg width=\"20\" height=\"20\" viewBox=\"0 0 20 20\" fill=\"none\" xmlns=\"http:\/\/www.w3.org\/2000\/svg\">\n            <path d=\"M4.16666 10H15.8333M15.8333 10L10.8333 5M15.8333 10L10.8333 15\" stroke=\"currentColor\" stroke-width=\"1.67\" stroke-linecap=\"round\" stroke-linejoin=\"round\"\/>\n        <\/svg><\/a><\/div><\/div><div class=\"cta-proof-block__image\"><img decoding=\"async\" src=\"https:\/\/test-staging.cloudtalk.io\/wp-content\/uploads\/2025\/11\/AdobeStock_664213918-1.png\" alt=\"\" \/><\/div><\/div><\/div>\n\n\n<h4 class=\"wp-block-heading\">#5 Optimisez le flux de travail de votre centre d&rsquo;appels gr\u00e2ce aux statistiques d&rsquo;appels<\/h4>\n\n\n\n<p>Avec CloudTalk, vous pouvez filtrer vos statistiques d&rsquo;appels par num\u00e9ro de t\u00e9l\u00e9phone. Cette fonctionnalit\u00e9 vous sera particuli\u00e8rement utile lorsque vous commencerez \u00e0 travailler avec votre num\u00e9ro de t\u00e9l\u00e9phone de Miami.  <\/p>\n\n\n\n<p>Chaque emplacement est diff\u00e9rent, bien s\u00fbr, donc \u00eatre en mesure d&rsquo;analyser des statistiques telles que le temps moyen de traitement des appels et la r\u00e9solution du premier appel pour un num\u00e9ro de t\u00e9l\u00e9phone local donn\u00e9 vous aidera \u00e0 optimiser vos flux de travail pour cette r\u00e9gion particuli\u00e8re et \u00e0 am\u00e9liorer les performances globales des agents.<\/p>\n\n\n\n<hr class=\"wp-block-separator has-alpha-channel-opacity\"\/>\n\n\n\n<h4 class=\"wp-block-heading\">Comment activer votre num\u00e9ro de t\u00e9l\u00e9phone \u00e0 Los Angeles<\/h4>\n\n\n<div class=\"wp-block-cloudtalk-list wp-block-cloudtalk-list--lg wp-block-cloudtalk-list--numbered wp-block-cloudtalk-list\"><div class=\"list-block list-block--lg list-block--numbered\"><ol class=\"list-block__list\">        <li class=\"list-block__item\">\n                            <span class=\"list-block__number\">01<\/span>\n                        <div class=\"list-block__content\">\n                                <div class=\"list-block__content-inner\">\n                    S\u00e9lectionnez \u00ab\u00a0nouveau num\u00e9ro\u00a0\u00bb dans l&rsquo;interface de CloudTalk.                <\/div>\n                                                    <div class=\"list-block__content-sub\">\n                        En quelques clics, vous pouvez lancer le processus d&rsquo;obtention d&rsquo;un num\u00e9ro local !                    <\/div>\n                            <\/div>\n        <\/li>\n        <li class=\"list-block__item\">\n                            <span class=\"list-block__number\">02<\/span>\n                        <div class=\"list-block__content\">\n                                <div class=\"list-block__content-inner\">\n                    Remplir un bref formulaire                <\/div>\n                                                    <div class=\"list-block__content-sub\">\n                        Saisissez quelques informations sur votre compte et sur le num\u00e9ro de t\u00e9l\u00e9phone avec lequel vous souhaitez commencer \u00e0 travailler.                    <\/div>\n                            <\/div>\n        <\/li>\n        <li class=\"list-block__item\">\n                            <span class=\"list-block__number\">03<\/span>\n                        <div class=\"list-block__content\">\n                                <div class=\"list-block__content-inner\">\n                    Installez-vous confortablement, d\u00e9tendez-vous et attendez qu&rsquo;un de nos agents active votre num\u00e9ro.                <\/div>\n                                                    <div class=\"list-block__content-sub\">\n                        Nos agents s&rsquo;efforcent d&rsquo;entretenir des partenariats commerciaux avec des soci\u00e9t\u00e9s de t\u00e9l\u00e9communications du monde entier afin de pouvoir vous attribuer rapidement un nouveau num\u00e9ro local.                    <\/div>\n                            <\/div>\n        <\/li>\n<\/ol><\/div><\/div>\n\n\n<hr class=\"wp-block-separator has-alpha-channel-opacity\"\/>\n\n\n\n<h2 class=\"wp-block-heading\">Obtenez l\u2019indicatif 323 de votre num\u00e9ro \u00e0 Los Angeles d\u00e8s maintenant !<\/h2>\n\n\n\n<h4 class=\"wp-block-heading\">Liste des indicatifs r\u00e9gionaux populaires de l&rsquo;ouest des \u00c9tats-Unis<\/h4>\n\n\n\n<p>Cet indicatif 323 permettra \u00e0 vos clients de l\u2019ensemble de la r\u00e9gion de savoir que vous \u00eates une entreprise locale, capable de r\u00e9pondre \u00e0 leurs besoins particuliers. Si vous souhaitez vous installer dans un autre centre commercial de l&rsquo;Ouest am\u00e9ricain, consultez notre liste d&rsquo;options d&rsquo;indicatif r\u00e9gional ci-dessous. <\/p>\n\n\n<div class=\"wp-block-cloudtalk-table table-style-simple\"><div class=\"table-block\"><div class=\"table-block__table-container\"><table class=\"table-block__table\"><thead><tr><th>Ville<\/th><th>Indicatif r\u00e9gional<\/th><\/tr><\/thead><tbody><tr><td>Los Angeles, CA<\/td><td>323<\/td><\/tr><tr><td>San Francisco, CA<\/td><td>628<\/td><\/tr><tr><td>Seattle, WA<\/td><td>206<\/td><\/tr><tr><td>Phoenix, AZ<\/td><td>480<\/td><\/tr><tr><td>Boston, MA<\/td><td>617<\/td><\/tr><\/tbody><\/table><\/div><\/div><\/div>\n\n\n<hr class=\"wp-block-separator has-alpha-channel-opacity\"\/>\n\n\n\n<h4 class=\"wp-block-heading\">Tarification des Num\u00e9ros de T\u00e9l\u00e9phone aux \u00c9tats-Unis<\/h4>\n\n\n\n<p>L&rsquo;acquisition de votre premier num\u00e9ro de t\u00e9l\u00e9phone am\u00e9ricain aupr\u00e8s de CloudTalk <strong>vous co\u00fbtera 3 $<\/strong>. Les num\u00e9ros am\u00e9ricains suivants peuvent \u00eatre achet\u00e9s au prix de <strong>6 $ par num\u00e9ro.<\/strong>  <\/p>\n<\/div>\n\n\n\n<div class=\"wp-block-cloudtalk-row-column\" style=\"width:minmax(0, 280px)\"><div class=\"wp-block-cloudtalk-sticky-banner is-sticky wp-block-cloudtalk-sticky-banner\"><div class=\"sticky-banner\"><div class=\"sticky-banner__content\"><div class=\"sticky-banner__content-item\"><h6 class=\"sticky-banner__title\">R\u00e9servez VOTRE D\u00c9MO<\/h6><p class=\"sticky-banner__description\">Donnez \u00e0 votre \u00e9quipe les outils n\u00e9cessaires pour r\u00e9duire le travail manuel<\/p><\/div><div class=\"sticky-banner__button\"><a href=\"\/fr\/reserver-une-demo\/\" class=\"sticky-banner__button-link btn btn-secondary btn-small\">Contacter les ventes<\/a><\/div><\/div><\/div><\/div><\/div>\n<\/div>\n<div class=\"wp-block-cloudtalk-faq wp-block-cloudtalk-faq--blue wp-block-cloudtalk-faq\"><div class=\"faq-block\"><div class=\"faq-block__header\"><h2 class=\"faq-block__title\">FAQ sur les num\u00e9ros de t\u00e9l\u00e9phone aux \u00c9tats-Unis<\/h2><p class=\"faq-block__description\">Notre \u00e9quipe commerciale se fera un plaisir de vous aider \u00e0 \u00e9tablir un plan abordable pour appeler les \u00c9tats-Unis depuis l&rsquo;\u00e9tranger. Afin de discuter avec un repr\u00e9sentant, veuillez appeler le +44 20 3868 0167 ou nous joindre par email \u00e0 <a href=\"mailto:hello@cloudtalk.io\">hello@cloudtalk.io<\/a> <\/p><\/div><div class=\"faq-block__items\"><div class=\"faq-item\" data-faq-item=\"0\"><div class=\"faq-item__header\"><button class=\"faq-item__question\" aria-expanded=\"false\" aria-controls=\"faq-item-0\"><h3 class=\"faq-item__question-text\">Combien cela co\u00fbte-t-il d&rsquo;appeler les USA ?<\/h3><span class=\"faq-item__icon\" aria-hidden=\"true\"><\/span><\/button><\/div><div class=\"faq-item__content\" id=\"faq-item-0\"><div class=\"faq-item__answer\"><p>Lorsque vous composez un num\u00e9ro de t\u00e9l\u00e9phone am\u00e9ricain, vous devez commencer par l&rsquo;indicatif du pays +1, puis l&rsquo;indicatif r\u00e9gional (305), suivi d&rsquo;un num\u00e9ro de t\u00e9l\u00e9phone \u00e0 7 chiffres 123-4567.<\/p><\/div><\/div><\/div><div class=\"faq-item\" data-faq-item=\"1\"><div class=\"faq-item__header\"><button class=\"faq-item__question\" aria-expanded=\"false\" aria-controls=\"faq-item-1\"><h3 class=\"faq-item__question-text\">Combien cela co\u00fbte-t-il d&rsquo;appeler les USA ?<\/h3><span class=\"faq-item__icon\" aria-hidden=\"true\"><\/span><\/button><\/div><div class=\"faq-item__content\" id=\"faq-item-1\"><div class=\"faq-item__answer\"><p>Un num\u00e9ro de t\u00e9l\u00e9phone des USA contient 11 chiffres. Un chiffre pour le code pays, 3 chiffres pour l&rsquo;indicatif r\u00e9gional, et 7 chiffres pour le num\u00e9ro lui-m\u00eame. <\/p><\/div><\/div><\/div><div class=\"faq-item\" data-faq-item=\"2\"><div class=\"faq-item__header\"><button class=\"faq-item__question\" aria-expanded=\"false\" aria-controls=\"faq-item-2\"><h3 class=\"faq-item__question-text\">Comment fonctionnent les essais gratuits ?<\/h3><span class=\"faq-item__icon\" aria-hidden=\"true\"><\/span><\/button><\/div><div class=\"faq-item__content\" id=\"faq-item-2\"><div class=\"faq-item__answer\">Envoyez-nous simplement vos coordonn\u00e9es et nous vous proposerons un essai gratuit et sans engagement de CloudTalk. Vous pouvez commencer \u00e0 composer imm\u00e9diatement et profiter de notre gamme compl\u00e8te de <a href=\"https:\/\/test-staging.cloudtalk.io\/fr\/fonctions\/\">fonctionnalit\u00e9s<\/a> et d&rsquo;<a href=\"https:\/\/test-staging.cloudtalk.io\/fr\/integrations\/\">int\u00e9grations<\/a> pendant deux semaines pleines de plaisir.<\/div><\/div><\/div><div class=\"faq-item\" data-faq-item=\"3\"><div class=\"faq-item__header\"><button class=\"faq-item__question\" aria-expanded=\"false\" aria-controls=\"faq-item-3\"><h3 class=\"faq-item__question-text\">Quels sont vos tarifs pour les appels sortants ?<\/h3><span class=\"faq-item__icon\" aria-hidden=\"true\"><\/span><\/button><\/div><div class=\"faq-item__content\" id=\"faq-item-3\"><div class=\"faq-item__answer\">Chaque forfait inclut un num\u00e9ro standard local ou gratuit. La tarification des appels sortants varie. Veuillez <a href=\"https:\/\/test-staging.cloudtalk.io\/fr\/contactez-nous\/\">nous contacter<\/a> pour plus de d\u00e9tails.<\/div><\/div><\/div><div class=\"faq-item\" data-faq-item=\"4\"><div class=\"faq-item__header\"><button class=\"faq-item__question\" aria-expanded=\"false\" aria-controls=\"faq-item-4\"><h3 class=\"faq-item__question-text\">Qu&rsquo;est-ce qu&rsquo;un utilisateur ?<\/h3><span class=\"faq-item__icon\" aria-hidden=\"true\"><\/span><\/button><\/div><div class=\"faq-item__content\" id=\"faq-item-4\"><div class=\"faq-item__answer\">Les utilisateurs travaillent pour votre entreprise et communiquent avec vos clients existants et potentiels. Vous pouvez ajouter ou supprimer des utilisateurs \u00e0 tout moment et en quelques clics. Les utilisateurs sont des agents, des superviseurs, des analystes, des administrateurs, etc.<\/div><\/div><\/div><div class=\"faq-item\" data-faq-item=\"5\"><div class=\"faq-item__header\"><button class=\"faq-item__question\" aria-expanded=\"false\" aria-controls=\"faq-item-5\"><h3 class=\"faq-item__question-text\">\u00c0 quelle fr\u00e9quence puis-je modifier mon plan de facturation ?<\/h3><span class=\"faq-item__icon\" aria-hidden=\"true\"><\/span><\/button><\/div><div class=\"faq-item__content\" id=\"faq-item-5\"><div class=\"faq-item__answer\">Les forfaits factur\u00e9s annuellement peuvent uniquement \u00eatre mis \u00e0 niveau vers un forfait de niveau sup\u00e9rieur (par exemple, de Essential \u00e0 Expert). Il n&rsquo;est pas possible de passer \u00e0 un forfait inf\u00e9rieur en cas de facturation annuelle.<\/div><\/div><\/div><div class=\"faq-item\" data-faq-item=\"6\"><div class=\"faq-item__header\"><button class=\"faq-item__question\" aria-expanded=\"false\" aria-controls=\"faq-item-6\"><h3 class=\"faq-item__question-text\">Comment puis-je utiliser CloudTalk \u00e0 d&rsquo;autres fins ?<\/h3><span class=\"faq-item__icon\" aria-hidden=\"true\"><\/span><\/button><\/div><div class=\"faq-item__content\" id=\"faq-item-6\"><div class=\"faq-item__answer\">CloudTalk peut \u00eatre utilis\u00e9 de diff\u00e9rentes mani\u00e8res : pour l&rsquo;assistance \u00e0 la client\u00e8le, comme centre de contact ou simplement comme syst\u00e8me t\u00e9l\u00e9phonique virtuel tout-en-un. Notre solution est \u00e9galement parfaite pour les entreprises qui exploitent simultan\u00e9ment plusieurs plateformes de commerce \u00e9lectronique, car la possibilit\u00e9 de mettre en place des canaux de support client distincts peut faire toute la diff\u00e9rence.<\/div><\/div><\/div><div class=\"faq-item\" data-faq-item=\"7\"><div class=\"faq-item__header\"><button class=\"faq-item__question\" aria-expanded=\"false\" aria-controls=\"faq-item-7\"><h3 class=\"faq-item__question-text\">Qu&rsquo;en est-il de la s\u00e9curit\u00e9 des donn\u00e9es ?<\/h3><span class=\"faq-item__icon\" aria-hidden=\"true\"><\/span><\/button><\/div><div class=\"faq-item__content\" id=\"faq-item-7\"><div class=\"faq-item__answer\">La s\u00e9curit\u00e9 de vos donn\u00e9es est notre priorit\u00e9 absolue. CloudTalk est certifi\u00e9 ISO 27001:2013 et PCI-DSS. CloudTalk utilise des datacenters tiers r\u00e9pondant aux normes et certifications industrielles (Tier III+ ou IV, ISO 27001, PCI-DSS).   Toutes les installations comprennent une protection physique. L&rsquo;interface est accessible via une connexion SSL crypt\u00e9e. Vous pouvez en savoir plus sur notre page d\u00e9di\u00e9e \u00e0 la <a href=\"https:\/\/test-staging.cloudtalk.io\/fr\/securite-cloudtalk\/\">s\u00e9curit\u00e9<\/a>.<\/div><\/div><\/div><\/div><div class=\"faq-block__cta\"><div class=\"faq-block__cta-image\"><img decoding=\"async\" src=\"https:\/\/test-staging.cloudtalk.io\/wp-content\/uploads\/2025\/11\/Avatar-group.png\" alt=\"CTA image\" \/><\/div><div class=\"faq-block__cta-content\"><h3 class=\"faq-block__cta-title\">Vous avez encore des questions ?<\/h3><p class=\"faq-block__cta-description\">Vous ne trouvez pas la r\u00e9ponse que vous cherchez ? N&rsquo;h\u00e9sitez pas \u00e0 contacter notre \u00e9quipe. <\/p><div class=\"faq-block__cta-button\"><a href=\"\/fr\/reserver-une-demo\/\" class=\"btn btn-secondary\">Restons en contact<\/a><\/div><\/div><\/div><\/div><\/div>","protected":false},"excerpt":{"rendered":"","protected":false},"author":37,"featured_media":0,"parent":0,"menu_order":0,"comment_status":"closed","ping_status":"closed","template":"page-templates\/ct-evo-us_number_page.php","meta":{"_acf_changed":false,"inline_featured_image":false,"footnotes":""},"ct-post-type":[],"class_list":["post-68601","page","type-page","status-publish","hentry"],"acf":[],"_links":{"self":[{"href":"https:\/\/test-staging.cloudtalk.io\/fr\/wp-json\/wp\/v2\/pages\/68601","targetHints":{"allow":["GET"]}}],"collection":[{"href":"https:\/\/test-staging.cloudtalk.io\/fr\/wp-json\/wp\/v2\/pages"}],"about":[{"href":"https:\/\/test-staging.cloudtalk.io\/fr\/wp-json\/wp\/v2\/types\/page"}],"author":[{"embeddable":true,"href":"https:\/\/test-staging.cloudtalk.io\/fr\/wp-json\/wp\/v2\/users\/37"}],"replies":[{"embeddable":true,"href":"https:\/\/test-staging.cloudtalk.io\/fr\/wp-json\/wp\/v2\/comments?post=68601"}],"version-history":[{"count":0,"href":"https:\/\/test-staging.cloudtalk.io\/fr\/wp-json\/wp\/v2\/pages\/68601\/revisions"}],"wp:attachment":[{"href":"https:\/\/test-staging.cloudtalk.io\/fr\/wp-json\/wp\/v2\/media?parent=68601"}],"wp:term":[{"taxonomy":"ct-post-type","embeddable":true,"href":"https:\/\/test-staging.cloudtalk.io\/fr\/wp-json\/wp\/v2\/ct-post-type?post=68601"}],"curies":[{"name":"wp","href":"https:\/\/api.w.org\/{rel}","templated":true}]}}