{"id":297140,"date":"2025-05-27T17:41:49","date_gmt":"2025-05-27T15:41:49","guid":{"rendered":"https:\/\/staging.cloudtalk.io\/integration-du-systeme-telephonique-de-keap-anciennement-infusionsoft\/"},"modified":"2025-05-27T17:41:49","modified_gmt":"2025-05-27T15:41:49","slug":"integration-du-systeme-telephonique-de-keap-anciennement-infusionsoft","status":"publish","type":"page","link":"https:\/\/test-staging.cloudtalk.io\/fr\/integration-du-systeme-telephonique-de-keap-anciennement-infusionsoft\/","title":{"rendered":"Int\u00e9gration du syst\u00e8me t\u00e9l\u00e9phonique de Keap (anciennement Infusionsoft)"},"content":{"rendered":"","protected":false},"excerpt":{"rendered":"","protected":false},"author":131,"featured_media":0,"parent":0,"menu_order":0,"comment_status":"closed","ping_status":"closed","template":"page-templates\/ct-evo-integration-new.php","meta":{"_acf_changed":false,"inline_featured_image":false,"footnotes":""},"ct-post-type":[],"class_list":["post-297140","page","type-page","status-publish","hentry"],"acf":[],"_links":{"self":[{"href":"https:\/\/test-staging.cloudtalk.io\/fr\/wp-json\/wp\/v2\/pages\/297140","targetHints":{"allow":["GET"]}}],"collection":[{"href":"https:\/\/test-staging.cloudtalk.io\/fr\/wp-json\/wp\/v2\/pages"}],"about":[{"href":"https:\/\/test-staging.cloudtalk.io\/fr\/wp-json\/wp\/v2\/types\/page"}],"author":[{"embeddable":true,"href":"https:\/\/test-staging.cloudtalk.io\/fr\/wp-json\/wp\/v2\/users\/131"}],"replies":[{"embeddable":true,"href":"https:\/\/test-staging.cloudtalk.io\/fr\/wp-json\/wp\/v2\/comments?post=297140"}],"version-history":[{"count":0,"href":"https:\/\/test-staging.cloudtalk.io\/fr\/wp-json\/wp\/v2\/pages\/297140\/revisions"}],"wp:attachment":[{"href":"https:\/\/test-staging.cloudtalk.io\/fr\/wp-json\/wp\/v2\/media?parent=297140"}],"wp:term":[{"taxonomy":"ct-post-type","embeddable":true,"href":"https:\/\/test-staging.cloudtalk.io\/fr\/wp-json\/wp\/v2\/ct-post-type?post=297140"}],"curies":[{"name":"wp","href":"https:\/\/api.w.org\/{rel}","templated":true}]}}