{"id":112296,"date":"2021-12-13T18:03:38","date_gmt":"2021-12-13T16:03:38","guid":{"rendered":"https:\/\/staging.cloudtalk.io\/contactez-nous\/"},"modified":"2025-09-26T19:09:02","modified_gmt":"2025-09-26T17:09:02","slug":"contact","status":"publish","type":"page","link":"https:\/\/test-staging.cloudtalk.io\/fr\/contactez-nous\/","title":{"rendered":"Contactez-nous"},"content":{"rendered":"\n<div class=\"wp-block-group contact-top-section-group\"><div class=\"wp-block-group__inner-container is-layout-constrained wp-block-group-is-layout-constrained\">\n<div class=\"wp-block-group container-fluid\"><div class=\"wp-block-group__inner-container is-layout-constrained wp-block-group-is-layout-constrained\">\n<div class=\"wp-block-columns is-layout-flex wp-container-core-columns-is-layout-9d6595d7 wp-block-columns-is-layout-flex\">\n<div class=\"wp-block-column is-vertically-aligned-center is-layout-flow wp-block-column-is-layout-flow\">\n<p class=\"caption\">Contactez-nous<\/p>\n\n\n\n<h1 class=\"wp-block-heading\">Tous les contacts<br\/>en un seul endroit<\/h1>\n\n\n\n<p>Prenez contact avec nous et posez-nous toutes vos questions. La diff\u00e9rence entre la tenue de livres et la comptabilit\u00e9, pouvez-vous cr\u00e9er une entreprise \u00e0 partir de Madagascar, quelle est la litt\u00e9rature commerciale pr\u00e9f\u00e9r\u00e9e de notre PDG &#8211; nous r\u00e9pondons \u00e0 tout. <\/p>\n<\/div>\n\n\n\n<div class=\"wp-block-column is-layout-flow wp-block-column-is-layout-flow\">\n<div class=\"wp-block-group contact-form-group\"><div class=\"wp-block-group__inner-container is-layout-constrained wp-block-group-is-layout-constrained\">\n<p>Envoyez-nous un message<\/p>\n\n\n\n<!--[if lte IE 8]>\n<script charset=\"utf-8\" type=\"text\/javascript\" src=\"\/\/js.hsforms.net\/forms\/v2-legacy.js\"><\/script>\n<![endif]-->\n<script charset=\"utf-8\" type=\"text\/javascript\" src=\"\/\/js.hsforms.net\/forms\/v2.js\"><\/script>\n<script>\n  hbspt.forms.create({\n\tregion: \"na1\",\n\tportalId: \"6195055\",\n\tformId: \"1916e758-245f-409a-a0bf-64525e178972\",\n        onFormSubmit: function (form)\n                {\n window.dataLayer = window.dataLayer || [];\n                  dataLayer.push({'event': 'contactSubmit', 'email': form.find(\"[name=email]\").val()});\n                }\n});\n<\/script>\n<\/div><\/div>\n<\/div>\n<\/div>\n<\/div><\/div>\n<\/div><\/div>\n\n<div class=\"wp-block-group contact-offices\"><div class=\"wp-block-group__inner-container is-layout-constrained wp-block-group-is-layout-constrained\">\n<div class=\"wp-block-group container-fluid\"><div class=\"wp-block-group__inner-container is-layout-constrained wp-block-group-is-layout-constrained\">\n<div class=\"wp-block-columns is-layout-flex wp-container-core-columns-is-layout-9d6595d7 wp-block-columns-is-layout-flex\">\n<div class=\"wp-block-column is-layout-flow wp-block-column-is-layout-flow\">\n<figure class=\"wp-block-image size-large\"><img loading=\"lazy\" decoding=\"async\" width=\"1024\" height=\"512\" src=\"https:\/\/test-staging.cloudtalk.io\/wp-content\/uploads\/2024\/06\/globe-offices-and-representatives-contact-1024x512.png\" alt=\"\" class=\"wp-image-217493\" srcset=\"https:\/\/test-staging.cloudtalk.io\/wp-content\/uploads\/2024\/06\/globe-offices-and-representatives-contact-1024x512.png 1024w, https:\/\/test-staging.cloudtalk.io\/wp-content\/uploads\/2024\/06\/globe-offices-and-representatives-contact-300x150.png 300w, https:\/\/test-staging.cloudtalk.io\/wp-content\/uploads\/2024\/06\/globe-offices-and-representatives-contact-768x384.png 768w, https:\/\/test-staging.cloudtalk.io\/wp-content\/uploads\/2024\/06\/globe-offices-and-representatives-contact-1536x768.png 1536w, https:\/\/test-staging.cloudtalk.io\/wp-content\/uploads\/2024\/06\/globe-offices-and-representatives-contact-1320x660.png 1320w, https:\/\/test-staging.cloudtalk.io\/wp-content\/uploads\/2024\/06\/globe-offices-and-representatives-contact-760x380.png 760w, https:\/\/test-staging.cloudtalk.io\/wp-content\/uploads\/2024\/06\/globe-offices-and-representatives-contact-424x212.png 424w, https:\/\/test-staging.cloudtalk.io\/wp-content\/uploads\/2024\/06\/globe-offices-and-representatives-contact-200x100.png 200w, https:\/\/test-staging.cloudtalk.io\/wp-content\/uploads\/2024\/06\/globe-offices-and-representatives-contact-88x44.png 88w, https:\/\/test-staging.cloudtalk.io\/wp-content\/uploads\/2024\/06\/globe-offices-and-representatives-contact.png 1740w\" sizes=\"auto, (max-width: 1024px) 100vw, 1024px\" \/><\/figure>\n<\/div>\n\n\n\n<div class=\"wp-block-column is-layout-flow wp-block-column-is-layout-flow\">\n<h2 class=\"wp-block-heading\">Bureaux<br\/> et repr\u00e9sentants<\/h2>\n\n\n\n<div class=\"wp-block-columns is-layout-flex wp-container-core-columns-is-layout-9d6595d7 wp-block-columns-is-layout-flex\">\n<div class=\"wp-block-column is-layout-flow wp-block-column-is-layout-flow\">\n<ul class=\"wp-block-list offices-list-first\">\n<li><span>Toronto, Canada<\/span>\n<div class=\"wp-block-group ct-tooltip\"><div class=\"wp-block-group__inner-container is-layout-constrained wp-block-group-is-layout-constrained\">\n<p><strong>Canada<\/strong><br\/><em>26 Wellington St E Suite 900,<\/em><br\/><em>Toronto, ON M5E 1S2,<\/em><br\/><em>Canada<\/em><br\/><a href=\"tel:\/\/+16477244714\" target=\"_blank\" rel=\"noreferrer noopener\">+1 647 724 4714<\/a><\/p>\n<\/div><\/div>\n<\/li>\n\n\n\n<li><span>New York, \u00c9tats-Unis<\/span>\n<div class=\"wp-block-group ct-tooltip\"><div class=\"wp-block-group__inner-container is-layout-constrained wp-block-group-is-layout-constrained\">\n<p><strong>\u00c9tats-Unis<\/strong><br\/>CloudTalk.io Inc.<br\/>150 West<br\/>25th Street, RM 403<br\/>10001, New York City,<br\/>New York, \u00c9tats-Unis<br\/><a href=\"tel:\/\/+18884871675\" target=\"_blank\" rel=\"noreferrer noopener\">+1 888-487-1675<\/a><\/p>\n<\/div><\/div>\n<\/li>\n\n\n\n<li><span>Londres, Royaume-Uni<\/span>\n<div class=\"wp-block-group ct-tooltip\"><div class=\"wp-block-group__inner-container is-layout-constrained wp-block-group-is-layout-constrained\">\n<p><strong>UK<\/strong><br\/>5 Merchant Sq, <br\/>London W2 1AY, <br\/>Royaume-Uni<br\/> +44<a href=\"tel:\/\/+442038680167\" target=\"_blank\" rel=\"noreferrer noopener\"> 20 3868 0167<\/a><\/p>\n<\/div><\/div>\n<\/li>\n\n\n\n<li><span>Mexico, Mexique<\/span>\n<div class=\"wp-block-group ct-tooltip\"><div class=\"wp-block-group__inner-container is-layout-constrained wp-block-group-is-layout-constrained\">\n<p><strong>Mexique<\/strong><br\/>Anillo Perif. 3720, <br\/>Jardines del Pedregal, \u00c1lvaro Obreg\u00f3n,<br\/>01900 Ciudad de M\u00e9xico, CDMX,<br\/>Mexique <br\/><a href=\"tel:\/\/+525541703698\" target=\"_blank\" rel=\"noreferrer noopener\">+52 55 4170 3698<\/a><\/p>\n<\/div><\/div>\n<\/li>\n\n\n\n<li><span>M\u00fcnchen, Allemagne<\/span>\n<div class=\"wp-block-group ct-tooltip\"><div class=\"wp-block-group__inner-container is-layout-constrained wp-block-group-is-layout-constrained\">\n<p><strong>Allemagne<\/strong><br\/>Neuturmstra\u00dfe 5, <br\/>80331 M\u00fcnchen, <br\/>Allemagne<br\/><a href=\"tel:\/\/+4932221099159\" target=\"_blank\" rel=\"noreferrer noopener\">+49 32 221099159<\/a><\/p>\n<\/div><\/div>\n<\/li>\n<\/ul>\n<\/div>\n\n\n\n<div class=\"wp-block-column is-layout-flow wp-block-column-is-layout-flow\">\n<ul class=\"wp-block-list offices-list-second\">\n<li><span>Barcelone, Espagne<\/span>\n<div class=\"wp-block-group ct-tooltip\"><div class=\"wp-block-group__inner-container is-layout-constrained wp-block-group-is-layout-constrained\">\n<p><strong>Espagne<\/strong><br\/>Pg. de Gr\u00e0cia, 17, L&rsquo;Eixample, <br\/>08007 Barcelona, <br\/>Espagne <br\/><a href=\"tel:\/\/+34911987928\" target=\"_blank\" rel=\"noreferrer noopener\">+34 911 98 79 28<\/a><\/p>\n<\/div><\/div>\n<\/li>\n\n\n\n<li><span>Lisbonne, Portugal<\/span>\n<div class=\"wp-block-group ct-tooltip\"><div class=\"wp-block-group__inner-container is-layout-constrained wp-block-group-is-layout-constrained\">\n<p><strong>Portugal<\/strong><br\/>R. Alexandre Herculano 50,<br\/>1250-011 Lisboa, <br\/>Portugal<br\/> +55<a href=\"tel:\/\/+551146802723\" target=\"_blank\" rel=\"noreferrer noopener\"> 11 4680-2723<\/a><\/p>\n<\/div><\/div>\n<\/li>\n\n\n\n<li><span>Prague, R\u00e9publique tch\u00e8que<\/span>\n<div class=\"wp-block-group ct-tooltip\"><div class=\"wp-block-group__inner-container is-layout-constrained wp-block-group-is-layout-constrained\">\n<p><strong>Bureau de Prague<\/strong><br\/>V\u00e1clavsk\u00e9 n\u00e1m. 47<br\/>110 00 Prague<br\/>R\u00e9publique tch\u00e8que <br\/><a href=\"tel:\/\/+442038680167\" target=\"_blank\" rel=\"noreferrer noopener\">+44 20 3868 0167<\/a><\/p>\n<\/div><\/div>\n<\/li>\n\n\n\n<li><span>Bratislava, Slovaquie<\/span>\n<div class=\"wp-block-group ct-tooltip\"><div class=\"wp-block-group__inner-container is-layout-constrained wp-block-group-is-layout-constrained\">\n<p><strong>Bureau de Bratislava<\/strong><br\/>Bottova 7939\/2A<br\/>811 09 Bratislava,<br\/>Slovaquie<br\/> +44<a href=\"tel:\/\/+442038680167\" target=\"_blank\" rel=\"noreferrer noopener\"> 20 3868 0167<\/a><\/p>\n<\/div><\/div>\n<\/li>\n<\/ul>\n<\/div>\n<\/div>\n<\/div>\n<\/div>\n<\/div><\/div>\n<\/div><\/div>\n\n<div class=\"wp-block-group our-addresses-group\"><div class=\"wp-block-group__inner-container is-layout-constrained wp-block-group-is-layout-constrained\">\n<div class=\"wp-block-group container-fluid\"><div class=\"wp-block-group__inner-container is-layout-constrained wp-block-group-is-layout-constrained\">\n<h2 class=\"wp-block-heading has-text-align-center\">Nos adresses<\/h2>\n\n\n\n<div class=\"wp-block-group ct-portfolio\"><div class=\"wp-block-group__inner-container is-layout-constrained wp-block-group-is-layout-constrained\">\n<div class=\"wp-block-group ct-portfolio-gallery\"><div class=\"wp-block-group__inner-container is-layout-constrained wp-block-group-is-layout-constrained\">\n<div class=\"wp-block-group ct-portfolio-item helpdesk\"><div class=\"wp-block-group__inner-container is-layout-constrained wp-block-group-is-layout-constrained\">\n<h6 class=\"wp-block-heading\">Si\u00e8ge du Canada<\/h6>\n\n\n\n<p>26 Wellington<br\/>St E Suite 900, <br\/>Toronto, ON M5E 1S2, <br\/>Canada<\/p>\n<\/div><\/div>\n\n\n\n<div class=\"wp-block-group ct-portfolio-item ecommerce\"><div class=\"wp-block-group__inner-container is-layout-constrained wp-block-group-is-layout-constrained\">\n<h6 class=\"wp-block-heading\">Am\u00e9rique du Nord PO<\/h6>\n\n\n\n<p>CloudTalk.io Inc.<br\/>150 West<br\/>25th Street, RM 403<br\/>10001, New York City,<br\/>New York, United States<\/p>\n<\/div><\/div>\n\n\n\n<div class=\"wp-block-group ct-portfolio-item crm\"><div class=\"wp-block-group__inner-container is-layout-constrained wp-block-group-is-layout-constrained\">\n<h6 class=\"wp-block-heading\">Slovaquie, UE (Facturation)<\/h6>\n\n\n\n<p>Tallerova 4,<br\/>811 02<br\/>Bratislava,<br\/>Slovaquie<\/p>\n<\/div><\/div>\n\n\n\n<div class=\"wp-block-group ct-portfolio-item crm\"><div class=\"wp-block-group__inner-container is-layout-constrained wp-block-group-is-layout-constrained\">\n<h6 class=\"wp-block-heading\">Tch\u00e9coslovaquie, UE<\/h6>\n\n\n\n<p>N\u00e1m\u011bst\u00ed Republiky 7,<br\/>110 00 Prague,<br\/>R\u00e9publique tch\u00e8que<\/p>\n<\/div><\/div>\n\n\n\n\n\n\n\n\n<\/div><\/div>\n<\/div><\/div>\n<\/div><\/div>\n<\/div><\/div>\n\n<div class=\"wp-block-group help-group\"><div class=\"wp-block-group__inner-container is-layout-constrained wp-block-group-is-layout-constrained\">\n<div class=\"wp-block-group container-fluid\"><div class=\"wp-block-group__inner-container is-layout-constrained wp-block-group-is-layout-constrained\">\n<div class=\"wp-block-columns is-layout-flex wp-container-core-columns-is-layout-9d6595d7 wp-block-columns-is-layout-flex\">\n<div class=\"wp-block-column is-vertically-aligned-center is-layout-flow wp-block-column-is-layout-flow\">\n<h2 class=\"wp-block-heading\">Nous sommes l\u00e0 pour vous aider<\/h2>\n\n\n\n<p>Que vous soyez d\u00e9j\u00e0 client de CloudTalk ou sur le point de le devenir, nous sommes l\u00e0 pour vous. S\u00e9lectionnez le bon service et faites-nous part de vos pr\u00e9occupations.<\/p>\n<\/div>\n\n\n\n<div class=\"wp-block-column is-layout-flow wp-block-column-is-layout-flow\">\n<div class=\"wp-block-group email-group\"><div class=\"wp-block-group__inner-container is-layout-constrained wp-block-group-is-layout-constrained\">\n<div class=\"wp-block-ct-evo-hyperlink-group\"><a class=\"wp-block-hyperlink\" href=\"mailto:sales@cloudtalk.io\">\n<h6 class=\"wp-block-heading\">Vente<\/h6>\n\n\n\n<p>Vous cherchez une solution ? Fixons un rendez-vous de 15 minutes pour discuter de ce que CloudTalk peut faire pour vous.<\/p>\n<\/a><\/div>\n\n\n\n<div class=\"wp-block-buttons is-layout-flex wp-block-buttons-is-layout-flex\">\n<div class=\"wp-block-button btn-small btn-ghost\"><a class=\"wp-block-button__link wp-element-button\" href=\"mailto:sales@cloudtalk.io\">Contacter le service des ventes \u2192<\/a><\/div>\n<\/div>\n<\/div><\/div>\n\n\n\n<div class=\"wp-block-group email-group\"><div class=\"wp-block-group__inner-container is-layout-constrained wp-block-group-is-layout-constrained\">\n<div class=\"wp-block-ct-evo-hyperlink-group\"><a class=\"wp-block-hyperlink\" href=\"mailto:support@cloudtalk.io\">\n<h6 class=\"wp-block-heading\">Support client<\/h6>\n\n\n\n<p>Vous avez des difficult\u00e9s ? Prenez contact avec notre \u00e9quipe d&rsquo;assistance \u00e0 la client\u00e8le qui s&rsquo;occupera de votre probl\u00e8me.<\/p>\n<\/a><\/div>\n\n\n\n<div class=\"wp-block-buttons is-layout-flex wp-block-buttons-is-layout-flex\">\n<div class=\"wp-block-button btn-small btn-ghost\"><a class=\"wp-block-button__link wp-element-button\" href=\"mailto:support@cloudtalk.io\">Contacter le service client\u00e8le \u2192<\/a><\/div>\n<\/div>\n<\/div><\/div>\n<\/div>\n<\/div>\n<\/div><\/div>\n<\/div><\/div>\n\n<div class=\"wp-block-cover contact-cta\"><img decoding=\"async\" class=\"wp-block-cover__image-background wp-image-170641\" alt=\"\" src=\"https:\/\/test-staging.cloudtalk.io\/wp-content\/uploads\/2023\/08\/cs-cta-background.svg\" data-object-fit=\"cover\"\/><span aria-hidden=\"true\" class=\"wp-block-cover__background has-background-dim-0 has-background-dim\"><\/span><div class=\"wp-block-cover__inner-container is-layout-flow wp-block-cover-is-layout-flow\">\n<h2 class=\"wp-block-heading has-text-align-center has-white-color has-text-color\">CloudTalk est une solution ax\u00e9e sur les donn\u00e9es pour une exp\u00e9rience client exceptionnelle et l&rsquo;intelligence en est un \u00e9l\u00e9ment cl\u00e9.<\/h2>\n\n\n\n<p class=\"has-text-align-center has-white-color has-text-color\">Planifiez une d\u00e9monstration d\u00e8s aujourd&rsquo;hui et d\u00e9couvrez-le par vous-m\u00eame.<\/p>\n\n\n\n<div class=\"wp-block-buttons is-content-justification-center is-layout-flex wp-container-core-buttons-is-layout-16018d1d wp-block-buttons-is-layout-flex\">\n<div class=\"wp-block-button btn-regular\"><a class=\"wp-block-button__link wp-element-button\" href=\"https:\/\/test-staging.cloudtalk.io\/fr\/reserver-une-demo\/\">R\u00e9servez une d\u00e9mo<\/a><\/div>\n<\/div>\n<\/div><\/div>\n","protected":false},"excerpt":{"rendered":"<p>Contactez-nous Tous les contactsen un seul endroit Prenez contact avec nous et posez-nous toutes vos questions. La diff\u00e9rence entre la tenue de livres et la comptabilit\u00e9, pouvez-vous cr\u00e9er une entreprise \u00e0 partir de Madagascar, quelle est la litt\u00e9rature commerciale pr\u00e9f\u00e9r\u00e9e de notre PDG &#8211; nous r\u00e9pondons \u00e0 tout. Envoyez-nous un message Bureaux et repr\u00e9sentants Nos [&hellip;]<\/p>\n","protected":false},"author":37,"featured_media":0,"parent":0,"menu_order":0,"comment_status":"closed","ping_status":"closed","template":"page-templates\/ct-evo-contact_page.php","meta":{"_acf_changed":false,"inline_featured_image":false,"footnotes":""},"ct-post-type":[],"class_list":["post-112296","page","type-page","status-publish","hentry"],"acf":[],"_links":{"self":[{"href":"https:\/\/test-staging.cloudtalk.io\/fr\/wp-json\/wp\/v2\/pages\/112296","targetHints":{"allow":["GET"]}}],"collection":[{"href":"https:\/\/test-staging.cloudtalk.io\/fr\/wp-json\/wp\/v2\/pages"}],"about":[{"href":"https:\/\/test-staging.cloudtalk.io\/fr\/wp-json\/wp\/v2\/types\/page"}],"author":[{"embeddable":true,"href":"https:\/\/test-staging.cloudtalk.io\/fr\/wp-json\/wp\/v2\/users\/37"}],"replies":[{"embeddable":true,"href":"https:\/\/test-staging.cloudtalk.io\/fr\/wp-json\/wp\/v2\/comments?post=112296"}],"version-history":[{"count":0,"href":"https:\/\/test-staging.cloudtalk.io\/fr\/wp-json\/wp\/v2\/pages\/112296\/revisions"}],"wp:attachment":[{"href":"https:\/\/test-staging.cloudtalk.io\/fr\/wp-json\/wp\/v2\/media?parent=112296"}],"wp:term":[{"taxonomy":"ct-post-type","embeddable":true,"href":"https:\/\/test-staging.cloudtalk.io\/fr\/wp-json\/wp\/v2\/ct-post-type?post=112296"}],"curies":[{"name":"wp","href":"https:\/\/api.w.org\/{rel}","templated":true}]}}