{"id":70419,"date":"2022-03-21T18:36:02","date_gmt":"2022-03-21T16:36:02","guid":{"rendered":"https:\/\/staging.cloudtalk.io\/consigue-un-numero-de-telefono-de-los-angeles-ca\/"},"modified":"2025-11-20T21:02:19","modified_gmt":"2025-11-20T19:02:19","slug":"consigue-un-numero-de-telefono-de-los-angeles-ca","status":"publish","type":"page","link":"https:\/\/test-staging.cloudtalk.io\/es\/consigue-un-numero-de-telefono-de-los-angeles-ca\/","title":{"rendered":"N\u00famero de tel\u00e9fono de California, Los \u00c1ngeles, Estados Unidos"},"content":{"rendered":"<div class=\"wp-block-cloudtalk-form-reviews-hero wp-block-cloudtalk-form-reviews-hero\"><div class=\"form-reviews-hero-block\"><div class=\"form-reviews-hero-block__hero\"><div class=\"form-reviews-hero-block__hero-content\"><div class=\"form-reviews-hero-block__reviews\"><div class=\"form-reviews-hero-block__review\"><img decoding=\"async\" src=\"\/wp-content\/uploads\/2025\/02\/G2_Logo.svg\" alt=\"\" class=\"form-reviews-hero-block__review-icon\" \/><div class=\"form-reviews-hero-block__stars\"><img decoding=\"async\" src=\"\/wp-content\/uploads\/2025\/02\/star-icon-full.svg\" alt=\"\" class=\"form-reviews-hero-block__star\" \/><img decoding=\"async\" src=\"\/wp-content\/uploads\/2025\/02\/star-icon-full.svg\" alt=\"\" class=\"form-reviews-hero-block__star\" \/><img decoding=\"async\" src=\"\/wp-content\/uploads\/2025\/02\/star-icon-full.svg\" alt=\"\" class=\"form-reviews-hero-block__star\" \/><img decoding=\"async\" src=\"\/wp-content\/uploads\/2025\/02\/star-icon-full.svg\" alt=\"\" class=\"form-reviews-hero-block__star\" \/><img decoding=\"async\" src=\"\/wp-content\/uploads\/2025\/02\/start-icon-half.svg\" alt=\"\" class=\"form-reviews-hero-block__star\" \/><\/div><span class=\"form-reviews-hero-block__review-number\">1,480  + Rese\u00f1as<\/span><\/div><div class=\"form-reviews-hero-block__review\"><img decoding=\"async\" src=\"\/wp-content\/uploads\/2025\/02\/Capterra_Logo.svg\" alt=\"\" class=\"form-reviews-hero-block__review-icon\" \/><div class=\"form-reviews-hero-block__stars\"><img decoding=\"async\" src=\"\/wp-content\/uploads\/2025\/02\/star-icon-full.svg\" alt=\"\" class=\"form-reviews-hero-block__star\" \/><img decoding=\"async\" src=\"\/wp-content\/uploads\/2025\/02\/star-icon-full.svg\" alt=\"\" class=\"form-reviews-hero-block__star\" \/><img decoding=\"async\" src=\"\/wp-content\/uploads\/2025\/02\/star-icon-full.svg\" alt=\"\" class=\"form-reviews-hero-block__star\" \/><img decoding=\"async\" src=\"\/wp-content\/uploads\/2025\/02\/star-icon-full.svg\" alt=\"\" class=\"form-reviews-hero-block__star\" \/><img decoding=\"async\" src=\"\/wp-content\/uploads\/2025\/02\/start-icon-half.svg\" alt=\"\" class=\"form-reviews-hero-block__star\" \/><\/div><span class=\"form-reviews-hero-block__review-number\">260  + Rese\u00f1as<\/span><\/div><div class=\"form-reviews-hero-block__review form-reviews-hero-block__review--mobile\">1,660  + Rese\u00f1as<\/div><\/div><h1 class=\"form-reviews-hero-block__heading form-reviews-hero-block__heading--long\">N\u00famero de tel\u00e9fono de California, Los \u00c1ngeles, Estados Unidos<\/h1><div class=\"form-reviews-hero-block__list-wrapper\"><div class=\"wp-block-cloudtalk-list wp-block-cloudtalk-list--lg wp-block-cloudtalk-list--numbered wp-block-cloudtalk-list\"><div class=\"list-block list-block--lg list-block--numbered\"><ol class=\"list-block__list\">        <li class=\"list-block__item\">\n                            <span class=\"list-block__number\">01<\/span>\n                        <div class=\"list-block__content\">\n                                                    <div class=\"list-block__content-sub\">\n                        Mejora tu atenci\u00f3n al cliente y atiende llamadas internacionales como si estuvieras all\u00ed.                    <\/div>\n                            <\/div>\n        <\/li>\n        <li class=\"list-block__item\">\n                            <span class=\"list-block__number\">02<\/span>\n                        <div class=\"list-block__content\">\n                                                    <div class=\"list-block__content-sub\">\n                        Consigue n\u00fameros de tel\u00e9fono internacionales en m\u00e1s de 160 pa\u00edses.                    <\/div>\n                            <\/div>\n        <\/li>\n        <li class=\"list-block__item\">\n                            <span class=\"list-block__number\">03<\/span>\n                        <div class=\"list-block__content\">\n                                                    <div class=\"list-block__content-sub\">\n                        Accede a funciones avanzadas como el desv\u00edo de llamadas, los saludos a clientes, los ajustes de timbre y las estad\u00edsticas de llamadas.                    <\/div>\n                            <\/div>\n        <\/li>\n<\/ol><\/div><\/div><\/div><\/div><\/div><div class=\"form-reviews-hero-block__form-section\"><div class=\"form-reviews-hero-block__form-wrap\"><div class=\"wp-block-group wave\"><div class=\"wp-block-group__inner-container is-layout-constrained wp-block-group-is-layout-constrained\"><p><strong>\u00a1Hola!<\/strong> Rellena el formulario, solo te llevar\u00e1 un minuto.<\/p><figure class=\"wp-block-video\"><video autoplay loop muted src=\"\/wp-content\/uploads\/2026\/01\/video-wave-hanka3.mp4\" playsinline><\/video><\/figure><\/div><\/div><div class=\"form-reviews-hero-block__form-content\">\n<div id=\"registration-form-wrapper\" class=\"registration-form-wrapper\"><\/div>\n<script>\njQuery(document).ready(function () {\ncloudtalkSignupForm(\"registration-form-wrapper\", \"es\" );\n});\n<\/script>\n\n<!--[if lte IE 8]>\n<script charset=\"utf-8\" type=\"text\/javascript\" src=\"\/\/js.hsforms.net\/forms\/v2-legacy.js\"><\/script>\n<![endif]-->\n<script charset=\"utf-8\" type=\"text\/javascript\" src=\"\/\/js.hsforms.net\/forms\/v2.js\"><\/script>\n\n<div class=\"ct-referral-form\">\n<script>\n  hbspt.forms.create({\n    portalId: \"6195055\",\n    formId: \"6a618028-e42d-4ae6-bc9b-002fc38cc18a\",\n    region: \"na1\"\n  });\n<\/script>\n<\/div>\n<\/div><\/div><\/div><\/div><\/div>\n\n\n<div class=\"wp-block-cloudtalk-row\" style=\"--column-widths:minmax(0, 174px) minmax(720px, 1fr) minmax(0, 236px)\">\n<div class=\"wp-block-cloudtalk-row-column\" style=\"width:minmax(0, 280px)\"><\/div>\n\n\n\n<div class=\"wp-block-cloudtalk-row-column\" style=\"width:minmax(660px, 1fr)\">\n<h2 class=\"wp-block-heading\">\u00bfPor qu\u00e9 deber\u00edas conseguir un n\u00famero de California, Los \u00c1ngeles?<\/h2>\n\n\n\n<h4 class=\"wp-block-heading\">#1 Gana presencia local en EE. UU. y aumenta la confianza de tus clientes estadounidenses <\/h4>\n\n\n\n<p>Estados Unidos es uno de los mercados m\u00e1s atractivos del mundo gracias a su econom\u00eda s\u00f3lida y consumidores con alto poder adquisitivo. Sin embargo, muchos estadounidenses ignoran las llamadas de n\u00fameros internacionales o de c\u00f3digos desconocidos.  <\/p>\n\n\n\n<p>Por lo tanto, tener un n\u00famero local es clave para que tus llamadas sean respondidas. Los clientes conf\u00edan m\u00e1s en los n\u00fameros que reconocen y saben que no tendr\u00e1n que pagar tarifas internacionales.  <\/p>\n\n\n\n<p>Si quieres expandir tu negocio en EE. UU. y generar confianza desde el primer contacto, adquirir un n\u00famero local es el primer paso para lograrlo.<\/p>\n\n\n\n<h4 class=\"wp-block-heading\">#2 Ahorra en llamadas internacionales desde el primer d\u00eda<\/h4>\n\n\n\n<p>Con un n\u00famero de tel\u00e9fono local de CloudTalk, ya no tendr\u00e1s que pagar las elevadas tarifas de las llamadas internacionales. <\/p>\n\n\n\n<p>Una vez que empieces a trabajar con clientes estadounidenses, querr\u00e1s que puedan contactarte f\u00e1cilmente y sin costes adicionales. <\/p>\n\n\n\n<p>Conseguir un n\u00famero local no solo reduce tus gastos, tambi\u00e9n da confianza a tus clientes, que evitar\u00e1n tener que marcar n\u00fameros internacionales o l\u00edneas 800 desconocidas.<\/p>\n\n\n\n<h4 class=\"wp-block-heading\">#3 Establece tus horarios de atenci\u00f3n claramente<\/h4>\n\n\n\n<p>CloudTalk te permite establecer f\u00e1cilmente el horario comercial de tus n\u00fameros de tel\u00e9fono internacionales, para que tus clientes tengan siempre claro cu\u00e1ndo pueden y no pueden ponerse en contacto contigo. <\/p>\n\n\n\n<p>Adem\u00e1s, puedes grabar mensajes personalizados para tus clientes durante las horas de descanso, haci\u00e9ndoles saber cu\u00e1ndo volver\u00e1s a estar en l\u00ednea para responder a sus preguntas.<\/p>\n\n\n\n<h4 class=\"wp-block-heading\">#4 Impresiona a tus clientes locales con saludos personalizados<\/h4>\n\n\n\n<p>La herramienta de saludos personalizados de CloudTalk te permite grabar mensajes de bienvenida para clientes que llamen fuera del horario laboral. Esto es especialmente \u00fatil para las empresas que quieren establecer una presencia local, ya que puedes adaptar el saludo a la cultura y estilo de vida de cada ubicaci\u00f3n.  <\/p>\n\n\n\n<p>Por ejemplo, en Miami, donde la gente valora un estilo de vida relajado, puedes grabar un mensaje amigable y natural que conecte mejor con tus clientes locales. <\/p>\n\n\n<div class=\"wp-block-cloudtalk-cta-proof\"><div class=\"cta-proof-block\"><div class=\"cta-proof-block__content\"><h2 class=\"cta-proof-block__headline\">IA que atiende, vende y resuelve por ti<\/h2><div class=\"cta-proof-block__description\">Habla con tus clientes en cualquier pa\u00eds, a cualquier hora. Tu agente virtual gestiona llamadas, resuelve dudas y cierra ventas mientras t\u00fa te ocupas del negocio.<\/div><div class=\"cta-proof-block__button\"><a href=\"\/es\/programa-una-demo\/\" class=\"btn btn-secondary\">Prueba los agentes de voz <svg width=\"20\" height=\"20\" viewBox=\"0 0 20 20\" fill=\"none\" xmlns=\"http:\/\/www.w3.org\/2000\/svg\">\n            <path d=\"M4.16666 10H15.8333M15.8333 10L10.8333 5M15.8333 10L10.8333 15\" stroke=\"currentColor\" stroke-width=\"1.67\" stroke-linecap=\"round\" stroke-linejoin=\"round\"\/>\n        <\/svg><\/a><\/div><\/div><div class=\"cta-proof-block__image\"><img decoding=\"async\" src=\"https:\/\/test-staging.cloudtalk.io\/wp-content\/uploads\/2025\/11\/AdobeStock_664213918-1.png\" alt=\"\" \/><\/div><\/div><\/div>\n\n\n<h4 class=\"wp-block-heading\">#5 Mejora el proceso de trabajo de tu centro de llamadas usando las estad\u00edsticas de llamadas<\/h4>\n\n\n\n<p>Con CloudTalk puedes filtrar tus estad\u00edsticas por n\u00famero de tel\u00e9fono, lo que resulta muy \u00fatil cuando trabajas con l\u00edneas locales.<\/p>\n\n\n\n<p>Analiza m\u00e9tricas como el tiempo medio de gesti\u00f3n o la tasa de resoluci\u00f3n en la primera llamada por regi\u00f3n. As\u00ed podr\u00e1s mejorar el rendimiento de tus agentes en cada zona y mejorar tu estrategia general.<\/p>\n\n\n\n<hr class=\"wp-block-separator has-alpha-channel-opacity\"\/>\n\n\n\n<h4 class=\"wp-block-heading\">C\u00f3mo activar tu n\u00famero de tel\u00e9fono de California, Los \u00c1ngeles<\/h4>\n\n\n<div class=\"wp-block-cloudtalk-list wp-block-cloudtalk-list--lg wp-block-cloudtalk-list--numbered wp-block-cloudtalk-list\"><div class=\"list-block list-block--lg list-block--numbered\"><ol class=\"list-block__list\">        <li class=\"list-block__item\">\n                            <span class=\"list-block__number\">01<\/span>\n                        <div class=\"list-block__content\">\n                                <div class=\"list-block__content-inner\">\n                    Selecciona \u00abnuevo n\u00famero\u00bb en la interfaz de CloudTalk                <\/div>\n                                                    <div class=\"list-block__content-sub\">\n                        Con solo unos clics, puedes comenzar el proceso para obtener un n\u00famero de tel\u00e9fono local                    <\/div>\n                            <\/div>\n        <\/li>\n        <li class=\"list-block__item\">\n                            <span class=\"list-block__number\">02<\/span>\n                        <div class=\"list-block__content\">\n                                <div class=\"list-block__content-inner\">\n                    Completa un breve formulario                <\/div>\n                                                    <div class=\"list-block__content-sub\">\n                        Solo necesitas introducir algunos datos sobre tu cuenta y el tipo de n\u00famero que deseas utilizar.                    <\/div>\n                            <\/div>\n        <\/li>\n        <li class=\"list-block__item\">\n                            <span class=\"list-block__number\">03<\/span>\n                        <div class=\"list-block__content\">\n                                <div class=\"list-block__content-inner\">\n                    Rel\u00e1jate mientras activamos tu n\u00famero                <\/div>\n                                                    <div class=\"list-block__content-sub\">\n                        Nuestro equipo se encarga del resto. Gracias a nuestras alianzas globales con operadores de telecomunicaciones, activaremos tu nuevo n\u00famero local en poco tiempo.                    <\/div>\n                            <\/div>\n        <\/li>\n<\/ol><\/div><\/div>\n\n\n<hr class=\"wp-block-separator has-alpha-channel-opacity\"\/>\n\n\n\n<h2 class=\"wp-block-heading\">Consigue ahora tu n\u00famero con c\u00f3digo de \u00e1rea 323 en Los \u00c1ngeles.<\/h2>\n\n\n\n<h4 class=\"wp-block-heading\">Lista de c\u00f3digos de \u00e1rea populares del oeste de EE.UU.<\/h4>\n\n\n\n<p>Tu c\u00f3digo de \u00e1rea 323 har\u00e1 que tus clientes de todo el sur de California sepan que eres un negocio local capaz de satisfacer sus necesidades \u00fanicas. Si quieres instalarte en otro centro comercial del Oeste americano, consulta nuestra lista de opciones de c\u00f3digos de \u00e1rea m\u00e1s abajo. <\/p>\n\n\n<div class=\"wp-block-cloudtalk-table table-style-simple\"><div class=\"table-block\"><div class=\"table-block__table-container\"><table class=\"table-block__table\"><thead><tr><th>Ciudad<\/th><th>Indicativo interurbano<\/th><\/tr><\/thead><tbody><tr><td>Los Angeles, CA<\/td><td>323<\/td><\/tr><tr><td>San Francisco, CA<\/td><td>628<\/td><\/tr><tr><td>Seattle, WA<\/td><td>206<\/td><\/tr><tr><td>Phoenix, AZ<\/td><td>480<\/td><\/tr><tr><td>Boston, MA<\/td><td>617<\/td><\/tr><\/tbody><\/table><\/div><\/div><\/div>\n\n\n<hr class=\"wp-block-separator has-alpha-channel-opacity\"\/>\n\n\n\n<h4 class=\"wp-block-heading\">Precios de los n\u00fameros de tel\u00e9fono de EE.UU.<\/h4>\n\n\n\n<p>Comprar tu primer n\u00famero de tel\u00e9fono en EE. UU. con CloudTalk <strong>cuesta solo 3$<\/strong>. Los n\u00fameros adicionales est\u00e1n disponibles <strong>por 6$ cada uno<\/strong>.  <\/p>\n<\/div>\n\n\n\n<div class=\"wp-block-cloudtalk-row-column\" style=\"width:minmax(0, 280px)\"><div class=\"wp-block-cloudtalk-sticky-banner is-sticky wp-block-cloudtalk-sticky-banner\"><div class=\"sticky-banner\"><div class=\"sticky-banner__content\"><div class=\"sticky-banner__content-item\"><h6 class=\"sticky-banner__title\">Reserva una demo<\/h6><p class=\"sticky-banner__description\">Da a tu equipo las herramientas para reducir el trabajo manual<\/p><\/div><div class=\"sticky-banner__button\"><a href=\"\/es\/programa-una-demo\/\" class=\"sticky-banner__button-link btn btn-secondary btn-small\">Reserva una demo<\/a><\/div><\/div><\/div><\/div><\/div>\n<\/div>\n\n\n<div class=\"wp-block-cloudtalk-faq wp-block-cloudtalk-faq--blue wp-block-cloudtalk-faq\"><div class=\"faq-block\"><div class=\"faq-block__header\"><h2 class=\"faq-block__title\">Preguntas frecuentes sobre n\u00fameros de tel\u00e9fono de EE.UU.<\/h2><p class=\"faq-block__description\">Nuestro equipo de ventas estar\u00e1 encantado de ayudarte a establecer un plan asequible para llamar a Estados Unidos desde el extranjero. Para hablar con un representante, llama al +44 20 3868 0167 o ponte en contacto por correo electr\u00f3nico en <a href=\"mailto:hello@cloudtalk.io\">hello@cloudtalk.io<\/a> <\/p><\/div><div class=\"faq-block__items\"><div class=\"faq-item\" data-faq-item=\"0\"><div class=\"faq-item__header\"><button class=\"faq-item__question\" aria-expanded=\"false\" aria-controls=\"faq-item-0\"><h3 class=\"faq-item__question-text\">\u00bfC\u00f3mo debo marcar un n\u00famero de tel\u00e9fono en Estados Unidos desde el extranjero?<\/h3><span class=\"faq-item__icon\" aria-hidden=\"true\"><\/span><\/button><\/div><div class=\"faq-item__content\" id=\"faq-item-0\"><div class=\"faq-item__answer\"><p>Cuando marques un n\u00famero de tel\u00e9fono de EE.UU., tendr\u00e1s que empezar con el c\u00f3digo de pa\u00eds +1, luego el c\u00f3digo de \u00e1rea (305), seguido de un n\u00famero de tel\u00e9fono de 7 d\u00edgitos 123-4567.<\/p><\/div><\/div><\/div><div class=\"faq-item\" data-faq-item=\"1\"><div class=\"faq-item__header\"><button class=\"faq-item__question\" aria-expanded=\"false\" aria-controls=\"faq-item-1\"><h3 class=\"faq-item__question-text\">\u00bfC\u00f3mo debo marcar un n\u00famero de tel\u00e9fono en Estados Unidos desde el extranjero?<\/h3><span class=\"faq-item__icon\" aria-hidden=\"true\"><\/span><\/button><\/div><div class=\"faq-item__content\" id=\"faq-item-1\"><div class=\"faq-item__answer\"><p>Un n\u00famero de tel\u00e9fono estadounidense tiene 11 d\u00edgitos. Un d\u00edgito para el c\u00f3digo de pa\u00eds, 3 d\u00edgitos para el c\u00f3digo de \u00e1rea y 7 d\u00edgitos para el n\u00famero en s\u00ed. <\/p><\/div><\/div><\/div><div class=\"faq-item\" data-faq-item=\"2\"><div class=\"faq-item__header\"><button class=\"faq-item__question\" aria-expanded=\"false\" aria-controls=\"faq-item-2\"><h3 class=\"faq-item__question-text\">\u00bfC\u00f3mo funcionan las pruebas gratuitas?<\/h3><span class=\"faq-item__icon\" aria-hidden=\"true\"><\/span><\/button><\/div><div class=\"faq-item__content\" id=\"faq-item-2\"><div class=\"faq-item__answer\">Env\u00edanos tus datos de contacto y puedes comenzar con la prueba gratuita de CloudTalk. Sin compromiso. Puedes empezar a marcar inmediatamente y disfrutar de toda nuestra gama de <a href=\"https:\/\/test-staging.cloudtalk.io\/es\/funciones\/\">funciones<\/a> e <a href=\"https:\/\/test-staging.cloudtalk.io\/es\/integraciones\/\">integraciones<\/a> durante dos semanas.<\/div><\/div><\/div><div class=\"faq-item\" data-faq-item=\"3\"><div class=\"faq-item__header\"><button class=\"faq-item__question\" aria-expanded=\"false\" aria-controls=\"faq-item-3\"><h3 class=\"faq-item__question-text\">\u00bfCu\u00e1les son los precios de las llamadas salientes?<\/h3><span class=\"faq-item__icon\" aria-hidden=\"true\"><\/span><\/button><\/div><div class=\"faq-item__content\" id=\"faq-item-3\"><div class=\"faq-item__answer\">Cada paquete incluye un n\u00famero est\u00e1ndar local o gratuito. Los precios de las llamadas salientes var\u00edan. Para m\u00e1s informaci\u00f3n, <a href=\"https:\/\/test-staging.cloudtalk.io\/es\/contacta-con-nosotros\/\">contacta con nosotros<\/a>.<\/div><\/div><\/div><div class=\"faq-item\" data-faq-item=\"4\"><div class=\"faq-item__header\"><button class=\"faq-item__question\" aria-expanded=\"false\" aria-controls=\"faq-item-4\"><h3 class=\"faq-item__question-text\">\u00bfQu\u00e9 es un usuario?<\/h3><span class=\"faq-item__icon\" aria-hidden=\"true\"><\/span><\/button><\/div><div class=\"faq-item__content\" id=\"faq-item-4\"><div class=\"faq-item__answer\">Los usuarios trabajan para tu empresa y se comunican con tus clientes actuales y potenciales. Podr\u00e1s a\u00f1adir o eliminar usuarios en cualquier momento y con solo un par de clics. Los usuarios son agentes, supervisores, analistas, administradores, etc.<\/div><\/div><\/div><div class=\"faq-item\" data-faq-item=\"5\"><div class=\"faq-item__header\"><button class=\"faq-item__question\" aria-expanded=\"false\" aria-controls=\"faq-item-5\"><h3 class=\"faq-item__question-text\">\u00bfCon qu\u00e9 frecuencia puedo cambiar mi plan de facturaci\u00f3n?<\/h3><span class=\"faq-item__icon\" aria-hidden=\"true\"><\/span><\/button><\/div><div class=\"faq-item__content\" id=\"faq-item-5\"><div class=\"faq-item__answer\">Los planes facturados anualmente solo pueden cambiarse a un plan de nivel superior (por ejemplo, de Essential a Expert). No es posible bajar de categor\u00eda en la facturaci\u00f3n anual.<\/div><\/div><\/div><div class=\"faq-item\" data-faq-item=\"6\"><div class=\"faq-item__header\"><button class=\"faq-item__question\" aria-expanded=\"false\" aria-controls=\"faq-item-6\"><h3 class=\"faq-item__question-text\">\u00bfDe qu\u00e9 otra forma puedo utilizar CloudTalk?<\/h3><span class=\"faq-item__icon\" aria-hidden=\"true\"><\/span><\/button><\/div><div class=\"faq-item__content\" id=\"faq-item-6\"><div class=\"faq-item__answer\">CloudTalk se puede utilizar de muchas maneras diferentes: para la atenci\u00f3n al cliente, como centro de contacto o simplemente como un sistema telef\u00f3nico virtual todo en uno. Nuestra soluci\u00f3n es ideal para empresas que usan varias plataformas de e-commerce a la vez. Permite crear canales de atenci\u00f3n al cliente separados, lo cual puede tener muchas ventajas.<\/div><\/div><\/div><div class=\"faq-item\" data-faq-item=\"7\"><div class=\"faq-item__header\"><button class=\"faq-item__question\" aria-expanded=\"false\" aria-controls=\"faq-item-7\"><h3 class=\"faq-item__question-text\">\u00bfY la seguridad de los datos?<\/h3><span class=\"faq-item__icon\" aria-hidden=\"true\"><\/span><\/button><\/div><div class=\"faq-item__content\" id=\"faq-item-7\"><div class=\"faq-item__answer\">La seguridad de tus datos es nuestra m\u00e1xima prioridad. CloudTalk cuenta con las certificaciones ISO 27001:2013 y PCI-DSS. CloudTalk utiliza centros de datos de terceros con certificaciones est\u00e1ndar del sector (Tier III+ o IV, ISO 27001, PCI-DSS).   Todas las instalaciones incluyen protecci\u00f3n f\u00edsica. Se accede a la interfaz a trav\u00e9s de una conexi\u00f3n SSL encriptada. Puedes leer m\u00e1s en nuestra p\u00e1gina dedicada a <a href=\"https:\/\/test-staging.cloudtalk.io\/es\/seguridad-cloudtalk\/\">la seguridad.<\/a><\/div><\/div><\/div><\/div><div class=\"faq-block__cta\"><div class=\"faq-block__cta-image\"><img decoding=\"async\" src=\"https:\/\/test-staging.cloudtalk.io\/wp-content\/uploads\/2025\/11\/Avatar-group.png\" alt=\"CTA image\" \/><\/div><div class=\"faq-block__cta-content\"><h3 class=\"faq-block__cta-title\">\u00bfA\u00fan tienes preguntas?<\/h3><p class=\"faq-block__cta-description\">\u00bfNo encuentras la respuesta que buscas? Habla con nuestro equipo. <\/p><div class=\"faq-block__cta-button\"><a href=\"\/es\/programa-una-demo\/\" class=\"btn btn-secondary\">Contacta con nosotros<\/a><\/div><\/div><\/div><\/div><\/div>","protected":false},"excerpt":{"rendered":"","protected":false},"author":37,"featured_media":0,"parent":0,"menu_order":0,"comment_status":"closed","ping_status":"closed","template":"page-templates\/ct-evo-us_number_page.php","meta":{"_acf_changed":false,"inline_featured_image":false,"footnotes":""},"ct-post-type":[],"class_list":["post-70419","page","type-page","status-publish","hentry"],"acf":[],"_links":{"self":[{"href":"https:\/\/test-staging.cloudtalk.io\/es\/wp-json\/wp\/v2\/pages\/70419","targetHints":{"allow":["GET"]}}],"collection":[{"href":"https:\/\/test-staging.cloudtalk.io\/es\/wp-json\/wp\/v2\/pages"}],"about":[{"href":"https:\/\/test-staging.cloudtalk.io\/es\/wp-json\/wp\/v2\/types\/page"}],"author":[{"embeddable":true,"href":"https:\/\/test-staging.cloudtalk.io\/es\/wp-json\/wp\/v2\/users\/37"}],"replies":[{"embeddable":true,"href":"https:\/\/test-staging.cloudtalk.io\/es\/wp-json\/wp\/v2\/comments?post=70419"}],"version-history":[{"count":0,"href":"https:\/\/test-staging.cloudtalk.io\/es\/wp-json\/wp\/v2\/pages\/70419\/revisions"}],"wp:attachment":[{"href":"https:\/\/test-staging.cloudtalk.io\/es\/wp-json\/wp\/v2\/media?parent=70419"}],"wp:term":[{"taxonomy":"ct-post-type","embeddable":true,"href":"https:\/\/test-staging.cloudtalk.io\/es\/wp-json\/wp\/v2\/ct-post-type?post=70419"}],"curies":[{"name":"wp","href":"https:\/\/api.w.org\/{rel}","templated":true}]}}