{"id":60711,"date":"2021-12-14T17:26:54","date_gmt":"2021-12-14T15:26:54","guid":{"rendered":"https:\/\/staging.cloudtalk.io\/descarga-del-centro-de-llamadas\/"},"modified":"2025-02-28T13:32:54","modified_gmt":"2025-02-28T11:32:54","slug":"download-app","status":"publish","type":"page","link":"https:\/\/test-staging.cloudtalk.io\/es\/descarga-del-centro-de-llamadas\/","title":{"rendered":"Descargar CloudTalk"},"content":{"rendered":"\n<div class=\"wp-block-group apps-top-section-group\"><div class=\"wp-block-group__inner-container is-layout-constrained wp-block-group-is-layout-constrained\">\n<div class=\"wp-block-group container-fluid\"><div class=\"wp-block-group__inner-container is-layout-constrained wp-block-group-is-layout-constrained\">\n<div class=\"wp-block-columns is-layout-flex wp-container-core-columns-is-layout-9d6595d7 wp-block-columns-is-layout-flex\">\n<div class=\"wp-block-column is-vertically-aligned-center is-layout-flow wp-block-column-is-layout-flow\">\n<p class=\"caption\">DESCARGA LA APP HOY<\/p>\n\n\n\n<h1 class=\"wp-block-heading\">Descarga la app de CloudTalk<\/h1>\n\n\n\n<p>Usa el centro de llamadas de CloudTalk a tu manera. Accede a sus apps en cualquier dispositivo y mejora tu comunicaci\u00f3n con funciones que se adaptan a tu negocio. <\/p>\n<\/div>\n\n\n\n<div class=\"wp-block-column is-layout-flow wp-block-column-is-layout-flow\">\n<div class=\"wp-block-group apps-group\"><div class=\"wp-block-group__inner-container is-layout-constrained wp-block-group-is-layout-constrained\">\n<p>Elegir app<\/p>\n\n\n\n<div class=\"wp-block-ct-evo-hyperlink-group\"><a class=\"wp-block-hyperlink\"      href=\"#cloudtalk-desktop-phone\">\n<div class=\"wp-block-columns is-layout-flex wp-container-core-columns-is-layout-9d6595d7 wp-block-columns-is-layout-flex\">\n<div class=\"wp-block-column is-layout-flow wp-block-column-is-layout-flow\">\n<figure class=\"wp-block-image size-large\"><img loading=\"lazy\" decoding=\"async\" width=\"40\" height=\"40\" src=\"https:\/\/test-staging.cloudtalk.io\/wp-content\/uploads\/2024\/03\/icon-desktop-phone-dp-letters.svg\" alt=\"\" class=\"wp-image-204834\"\/><\/figure>\n<\/div>\n\n\n\n<div class=\"wp-block-column is-layout-flow wp-block-column-is-layout-flow\">\n<p>CloudTalk Desktop Phone<br\/><\/p>\n<\/div>\n<\/div>\n<\/a><\/div>\n\n\n\n<div class=\"wp-block-ct-evo-hyperlink-group\"><a class=\"wp-block-hyperlink\"      href=\"#cloudtalk-dashboard\">\n<div class=\"wp-block-columns is-layout-flex wp-container-core-columns-is-layout-9d6595d7 wp-block-columns-is-layout-flex\">\n<div class=\"wp-block-column is-layout-flow wp-block-column-is-layout-flow\">\n<figure class=\"wp-block-image size-large\"><img loading=\"lazy\" decoding=\"async\" width=\"40\" height=\"40\" src=\"https:\/\/test-staging.cloudtalk.io\/wp-content\/uploads\/2024\/03\/icon-dashboard-db-letters.svg\" alt=\"\" class=\"wp-image-204847\"\/><\/figure>\n<\/div>\n\n\n\n<div class=\"wp-block-column is-layout-flow wp-block-column-is-layout-flow\">\n<p>Panel de control <br\/>de CloudTalk<br\/><\/p>\n<\/div>\n<\/div>\n<\/a><\/div>\n\n\n\n<div class=\"wp-block-ct-evo-hyperlink-group\"><a class=\"wp-block-hyperlink\"      href=\"#cloudtalk-mobile-app\">\n<div class=\"wp-block-columns is-layout-flex wp-container-core-columns-is-layout-9d6595d7 wp-block-columns-is-layout-flex\">\n<div class=\"wp-block-column is-layout-flow wp-block-column-is-layout-flow\">\n<figure class=\"wp-block-image size-large\"><img loading=\"lazy\" decoding=\"async\" width=\"40\" height=\"40\" src=\"https:\/\/test-staging.cloudtalk.io\/wp-content\/uploads\/2024\/03\/icon-mobile-app-ma-letters.svg\" alt=\"\" class=\"wp-image-204860\"\/><\/figure>\n<\/div>\n\n\n\n<div class=\"wp-block-column is-layout-flow wp-block-column-is-layout-flow\">\n<p>CloudTalk Mobile App<br\/><br\/><\/p>\n<\/div>\n<\/div>\n<\/a><\/div>\n<\/div><\/div>\n<\/div>\n<\/div>\n<\/div><\/div>\n<\/div><\/div>\n\n<div class=\"wp-block-group container-fluid apps-image-text\"><div class=\"wp-block-group__inner-container is-layout-constrained wp-block-group-is-layout-constrained\">\n<div class=\"wp-block-columns apps-image-text-single is-layout-flex wp-container-core-columns-is-layout-9d6595d7 wp-block-columns-is-layout-flex\" id=\"cloudtalk-desktop-phone\">\n<div class=\"wp-block-column is-layout-flow wp-block-column-is-layout-flow\">\n<figure class=\"wp-block-image size-large\"><img loading=\"lazy\" decoding=\"async\" width=\"1024\" height=\"671\" src=\"https:\/\/test-staging.cloudtalk.io\/wp-content\/uploads\/2024\/03\/illustration-cloudtalk-pohne-desktop-man-work-1024x671.png\" alt=\"\" class=\"wp-image-204912\" srcset=\"https:\/\/test-staging.cloudtalk.io\/wp-content\/uploads\/2024\/03\/illustration-cloudtalk-pohne-desktop-man-work-1024x671.png 1024w, https:\/\/test-staging.cloudtalk.io\/wp-content\/uploads\/2024\/03\/illustration-cloudtalk-pohne-desktop-man-work-300x197.png 300w, https:\/\/test-staging.cloudtalk.io\/wp-content\/uploads\/2024\/03\/illustration-cloudtalk-pohne-desktop-man-work-768x503.png 768w, https:\/\/test-staging.cloudtalk.io\/wp-content\/uploads\/2024\/03\/illustration-cloudtalk-pohne-desktop-man-work-1132x742.png 1132w, https:\/\/test-staging.cloudtalk.io\/wp-content\/uploads\/2024\/03\/illustration-cloudtalk-pohne-desktop-man-work-653x428.png 653w, https:\/\/test-staging.cloudtalk.io\/wp-content\/uploads\/2024\/03\/illustration-cloudtalk-pohne-desktop-man-work-424x278.png 424w, https:\/\/test-staging.cloudtalk.io\/wp-content\/uploads\/2024\/03\/illustration-cloudtalk-pohne-desktop-man-work-172x113.png 172w, https:\/\/test-staging.cloudtalk.io\/wp-content\/uploads\/2024\/03\/illustration-cloudtalk-pohne-desktop-man-work-88x58.png 88w, https:\/\/test-staging.cloudtalk.io\/wp-content\/uploads\/2024\/03\/illustration-cloudtalk-pohne-desktop-man-work.png 1294w\" sizes=\"auto, (max-width: 1024px) 100vw, 1024px\" \/><\/figure>\n<\/div>\n\n\n\n<div class=\"wp-block-column is-layout-flow wp-block-column-is-layout-flow\">\n<h2 class=\"wp-block-heading get-cloudtalk-phone-app\">Consigue la aplicaci\u00f3n CloudTalk Phone<br\/>para <strong>Windows<\/strong><\/h2>\n\n\n\n<p>Llama y recibe llamadas f\u00e1cilmente, mejora la productividad y mejora la comunicaci\u00f3n con tus clientes. Simplifica la gesti\u00f3n de tu centro de llamadas y enf\u00f3cate en hacer crecer tu negocio.  <\/p>\n\n\n\n<p>Descarga la aplicaci\u00f3n gratuita de CloudTalk y simplifica la experiencia de tu call center.<\/p>\n\n\n\n<div class=\"wp-block-group download-phone-app\"><div class=\"wp-block-group__inner-container is-layout-constrained wp-block-group-is-layout-constrained\">\n<div class=\"wp-block-buttons is-layout-flex wp-block-buttons-is-layout-flex\">\n<div class=\"wp-block-button download-app-button btn-regular\"><a class=\"wp-block-button__link has-white-color has-orange-background-color has-text-color has-background wp-element-button\"   href=\"https:\/\/test-staging.cloudtalk.io\/download\/win\/\" style=\"border-radius:3px\">Descargar<\/a><\/div>\n<\/div>\n\n\n\n<p class=\"has-text-align-left tip\">\u00bfBuscas las aplicaciones para <a   href=\"https:\/\/test-staging.cloudtalk.io\/download\/win\/\"><strong>Windows<\/strong><\/a>, <a   href=\"https:\/\/test-staging.cloudtalk.io\/download\/mac\/\"><strong>Mac<\/strong><\/a>, <a   href=\"https:\/\/test-staging.cloudtalk.io\/download\/linux\/\"><strong>Linux<\/strong><\/a> o la <a href=\"https:\/\/phone.cloudtalk.io\/\" target=\"_blank\" rel=\"noreferrer noopener\"><strong>Web<\/strong><\/a>?<\/p>\n<\/div><\/div>\n<\/div>\n<\/div>\n\n\n\n<div class=\"wp-block-columns apps-image-text-single is-layout-flex wp-container-core-columns-is-layout-9d6595d7 wp-block-columns-is-layout-flex\" id=\"cloudtalk-dashboard\">\n<div class=\"wp-block-column is-layout-flow wp-block-column-is-layout-flow\">\n<h2 class=\"wp-block-heading\">Panel de control de CloudTalk<\/h2>\n\n\n\n<p>Configura tu centro de llamadas en solo 5 minutos desde tu navegador. Int\u00e9gralo con tus herramientas, gestiona n\u00fameros y agentes, y ofrece un servicio excepcional.   <\/p>\n\n\n\n<div class=\"wp-block-buttons is-layout-flex wp-block-buttons-is-layout-flex\">\n<div class=\"wp-block-button btn-regular\"><a class=\"wp-block-button__link wp-element-button\" href=\"https:\/\/test-staging.cloudtalk.io\/es\/cloudtalk-14-dias-de-prueba-gratuita\/\">Pru\u00e9balo gratis<\/a><\/div>\n\n\n\n<div class=\"wp-block-button is-style-ghost btn-regular\"><a class=\"wp-block-button__link wp-element-button\" href=\"https:\/\/test-staging.cloudtalk.io\/es\/funciones\/\">M\u00e1s informaci\u00f3n<\/a><\/div>\n<\/div>\n<\/div>\n\n\n\n<div class=\"wp-block-column is-layout-flow wp-block-column-is-layout-flow\">\n<figure class=\"wp-block-image size-large\"><img loading=\"lazy\" decoding=\"async\" width=\"1024\" height=\"671\" src=\"https:\/\/test-staging.cloudtalk.io\/wp-content\/uploads\/2024\/03\/illustartion-cloudtalk-dashboard-woman-work-1024x671.png\" alt=\"\" class=\"wp-image-204925\" srcset=\"https:\/\/test-staging.cloudtalk.io\/wp-content\/uploads\/2024\/03\/illustartion-cloudtalk-dashboard-woman-work-1024x671.png 1024w, https:\/\/test-staging.cloudtalk.io\/wp-content\/uploads\/2024\/03\/illustartion-cloudtalk-dashboard-woman-work-300x197.png 300w, https:\/\/test-staging.cloudtalk.io\/wp-content\/uploads\/2024\/03\/illustartion-cloudtalk-dashboard-woman-work-768x503.png 768w, https:\/\/test-staging.cloudtalk.io\/wp-content\/uploads\/2024\/03\/illustartion-cloudtalk-dashboard-woman-work-1132x742.png 1132w, https:\/\/test-staging.cloudtalk.io\/wp-content\/uploads\/2024\/03\/illustartion-cloudtalk-dashboard-woman-work-653x428.png 653w, https:\/\/test-staging.cloudtalk.io\/wp-content\/uploads\/2024\/03\/illustartion-cloudtalk-dashboard-woman-work-424x278.png 424w, https:\/\/test-staging.cloudtalk.io\/wp-content\/uploads\/2024\/03\/illustartion-cloudtalk-dashboard-woman-work-172x113.png 172w, https:\/\/test-staging.cloudtalk.io\/wp-content\/uploads\/2024\/03\/illustartion-cloudtalk-dashboard-woman-work-88x58.png 88w, https:\/\/test-staging.cloudtalk.io\/wp-content\/uploads\/2024\/03\/illustartion-cloudtalk-dashboard-woman-work.png 1294w\" sizes=\"auto, (max-width: 1024px) 100vw, 1024px\" \/><\/figure>\n<\/div>\n<\/div>\n\n\n\n<div class=\"wp-block-columns apps-image-text-single is-layout-flex wp-container-core-columns-is-layout-9d6595d7 wp-block-columns-is-layout-flex\" id=\"cloudtalk-mobile-app\">\n<div class=\"wp-block-column is-layout-flow wp-block-column-is-layout-flow\">\n<figure class=\"wp-block-image size-large\"><img loading=\"lazy\" decoding=\"async\" width=\"1024\" height=\"671\" src=\"https:\/\/test-staging.cloudtalk.io\/wp-content\/uploads\/2024\/03\/illustration-cloudtalk-go-mobile-app-man-work-1024x671.png\" alt=\"\" class=\"wp-image-204873\" srcset=\"https:\/\/test-staging.cloudtalk.io\/wp-content\/uploads\/2024\/03\/illustration-cloudtalk-go-mobile-app-man-work-1024x671.png 1024w, https:\/\/test-staging.cloudtalk.io\/wp-content\/uploads\/2024\/03\/illustration-cloudtalk-go-mobile-app-man-work-300x197.png 300w, https:\/\/test-staging.cloudtalk.io\/wp-content\/uploads\/2024\/03\/illustration-cloudtalk-go-mobile-app-man-work-768x503.png 768w, https:\/\/test-staging.cloudtalk.io\/wp-content\/uploads\/2024\/03\/illustration-cloudtalk-go-mobile-app-man-work-1132x742.png 1132w, https:\/\/test-staging.cloudtalk.io\/wp-content\/uploads\/2024\/03\/illustration-cloudtalk-go-mobile-app-man-work-653x428.png 653w, https:\/\/test-staging.cloudtalk.io\/wp-content\/uploads\/2024\/03\/illustration-cloudtalk-go-mobile-app-man-work-424x278.png 424w, https:\/\/test-staging.cloudtalk.io\/wp-content\/uploads\/2024\/03\/illustration-cloudtalk-go-mobile-app-man-work-172x113.png 172w, https:\/\/test-staging.cloudtalk.io\/wp-content\/uploads\/2024\/03\/illustration-cloudtalk-go-mobile-app-man-work-88x58.png 88w, https:\/\/test-staging.cloudtalk.io\/wp-content\/uploads\/2024\/03\/illustration-cloudtalk-go-mobile-app-man-work.png 1294w\" sizes=\"auto, (max-width: 1024px) 100vw, 1024px\" \/><\/figure>\n<\/div>\n\n\n\n<div class=\"wp-block-column is-layout-flow wp-block-column-is-layout-flow\">\n<h2 class=\"wp-block-heading\">CloudTalk Go Mobile App<\/h2>\n\n\n\n<p>Con\u00e9ctate con tus clientes est\u00e9s donde est\u00e9s. CloudTalk Go pone un centro de llamadas internacional en tu bolsillo. Gestiona llamadas y haz negocios desde cualquier lugar con nuestras apps para iOS y Android.   <\/p>\n\n\n\n<div class=\"wp-block-columns download-buttons is-layout-flex wp-container-core-columns-is-layout-9d6595d7 wp-block-columns-is-layout-flex\">\n<div class=\"wp-block-column is-layout-flow wp-block-column-is-layout-flow\">\n<figure class=\"wp-block-image size-full is-resized\"><a href=\"https:\/\/apps.apple.com\/sk\/app\/cloudtalk-go-business-phone\/id1459369621\" target=\"_blank\" rel=\"noopener\"><img loading=\"lazy\" decoding=\"async\" width=\"299\" height=\"88\" src=\"https:\/\/test-staging.cloudtalk.io\/wp-content\/uploads\/2024\/03\/button-cta-app-store-appstore-download.png\" alt=\"\" class=\"wp-image-204899\" style=\"width:185px;height:auto\" srcset=\"https:\/\/test-staging.cloudtalk.io\/wp-content\/uploads\/2024\/03\/button-cta-app-store-appstore-download.png 299w, https:\/\/test-staging.cloudtalk.io\/wp-content\/uploads\/2024\/03\/button-cta-app-store-appstore-download-200x59.png 200w, https:\/\/test-staging.cloudtalk.io\/wp-content\/uploads\/2024\/03\/button-cta-app-store-appstore-download-88x26.png 88w\" sizes=\"auto, (max-width: 299px) 100vw, 299px\" \/><\/a><\/figure>\n<\/div>\n\n\n\n<div class=\"wp-block-column is-layout-flow wp-block-column-is-layout-flow\">\n<figure class=\"wp-block-image size-full\"><a href=\"https:\/\/play.google.com\/store\/download-app\/details?id=io.cloudtalk.go\" target=\"_blank\" rel=\"noopener\"><img loading=\"lazy\" decoding=\"async\" width=\"299\" height=\"88\" src=\"https:\/\/test-staging.cloudtalk.io\/wp-content\/uploads\/2024\/03\/button-cta-google-play-get-it.png\" alt=\"\" class=\"wp-image-204886\" srcset=\"https:\/\/test-staging.cloudtalk.io\/wp-content\/uploads\/2024\/03\/button-cta-google-play-get-it.png 299w, https:\/\/test-staging.cloudtalk.io\/wp-content\/uploads\/2024\/03\/button-cta-google-play-get-it-200x59.png 200w, https:\/\/test-staging.cloudtalk.io\/wp-content\/uploads\/2024\/03\/button-cta-google-play-get-it-88x26.png 88w\" sizes=\"auto, (max-width: 299px) 100vw, 299px\" \/><\/a><\/figure>\n<\/div>\n<\/div>\n<\/div>\n<\/div>\n<\/div><\/div>\n\n<div class=\"wp-block-cover cloudtalk-cta\"><span aria-hidden=\"true\" class=\"wp-block-cover__background has-background-dim-0 has-background-dim\"><\/span><img loading=\"lazy\" decoding=\"async\" width=\"1768\" height=\"444\" class=\"wp-block-cover__image-background wp-image-180291\" alt=\"\" src=\"https:\/\/test-staging.cloudtalk.io\/wp-content\/uploads\/2023\/08\/cs-cta-background.svg\" data-object-fit=\"cover\"\/><div class=\"wp-block-cover__inner-container is-layout-flow wp-block-cover-is-layout-flow\">\n<h2 class=\"wp-block-heading has-text-align-center has-white-color has-text-color\">Convierte cada llamada en una oportunidad.<\/h2>\n\n\n\n<p class=\"has-text-align-center has-white-color has-text-color\">CloudTalk mejora tu comunicaci\u00f3n con an\u00e1lisis avanzados. Desc\u00fabrelo con una demo gratuita.<\/p>\n\n\n\n<div class=\"wp-block-buttons is-content-justification-center is-layout-flex wp-container-core-buttons-is-layout-16018d1d wp-block-buttons-is-layout-flex\">\n<div class=\"wp-block-button btn-regular\"><a class=\"wp-block-button__link wp-element-button\" href=\"https:\/\/test-staging.cloudtalk.io\/es\/programa-una-demo\/\">Reserva una demo<\/a><\/div>\n<\/div>\n<\/div><\/div>\n","protected":false},"excerpt":{"rendered":"<p>DESCARGA LA APP HOY Descarga la app de CloudTalk Usa el centro de llamadas de CloudTalk a tu manera. Accede a sus apps en cualquier dispositivo y mejora tu comunicaci\u00f3n con funciones que se adaptan a tu negocio. Elegir app Consigue la aplicaci\u00f3n CloudTalk Phonepara Windows Llama y recibe llamadas f\u00e1cilmente, mejora la productividad y [&hellip;]<\/p>\n","protected":false},"author":37,"featured_media":0,"parent":0,"menu_order":0,"comment_status":"closed","ping_status":"closed","template":"page-templates\/ct-evo-apps.php","meta":{"_acf_changed":false,"inline_featured_image":false,"footnotes":""},"ct-post-type":[],"class_list":["post-60711","page","type-page","status-publish","hentry"],"acf":[],"_links":{"self":[{"href":"https:\/\/test-staging.cloudtalk.io\/es\/wp-json\/wp\/v2\/pages\/60711","targetHints":{"allow":["GET"]}}],"collection":[{"href":"https:\/\/test-staging.cloudtalk.io\/es\/wp-json\/wp\/v2\/pages"}],"about":[{"href":"https:\/\/test-staging.cloudtalk.io\/es\/wp-json\/wp\/v2\/types\/page"}],"author":[{"embeddable":true,"href":"https:\/\/test-staging.cloudtalk.io\/es\/wp-json\/wp\/v2\/users\/37"}],"replies":[{"embeddable":true,"href":"https:\/\/test-staging.cloudtalk.io\/es\/wp-json\/wp\/v2\/comments?post=60711"}],"version-history":[{"count":0,"href":"https:\/\/test-staging.cloudtalk.io\/es\/wp-json\/wp\/v2\/pages\/60711\/revisions"}],"wp:attachment":[{"href":"https:\/\/test-staging.cloudtalk.io\/es\/wp-json\/wp\/v2\/media?parent=60711"}],"wp:term":[{"taxonomy":"ct-post-type","embeddable":true,"href":"https:\/\/test-staging.cloudtalk.io\/es\/wp-json\/wp\/v2\/ct-post-type?post=60711"}],"curies":[{"name":"wp","href":"https:\/\/api.w.org\/{rel}","templated":true}]}}