{"id":298178,"date":"2025-06-10T11:01:27","date_gmt":"2025-06-10T09:01:27","guid":{"rendered":"https:\/\/staging.cloudtalk.io\/integracion-de-xverify-para-una-verificacion-de-llamadas-mas-inteligente\/"},"modified":"2025-06-10T11:01:27","modified_gmt":"2025-06-10T09:01:27","slug":"integracion-de-xverify-para-una-verificacion-de-llamadas-mas-inteligente","status":"publish","type":"page","link":"https:\/\/test-staging.cloudtalk.io\/es\/xverificar\/","title":{"rendered":"Integraci\u00f3n de Xverify para una verificaci\u00f3n de llamadas m\u00e1s inteligente"},"content":{"rendered":"","protected":false},"excerpt":{"rendered":"","protected":false},"author":131,"featured_media":0,"parent":0,"menu_order":0,"comment_status":"closed","ping_status":"closed","template":"page-templates\/ct-evo-integration-new.php","meta":{"_acf_changed":false,"inline_featured_image":false,"footnotes":""},"ct-post-type":[],"class_list":["post-298178","page","type-page","status-publish","hentry"],"acf":[],"_links":{"self":[{"href":"https:\/\/test-staging.cloudtalk.io\/es\/wp-json\/wp\/v2\/pages\/298178","targetHints":{"allow":["GET"]}}],"collection":[{"href":"https:\/\/test-staging.cloudtalk.io\/es\/wp-json\/wp\/v2\/pages"}],"about":[{"href":"https:\/\/test-staging.cloudtalk.io\/es\/wp-json\/wp\/v2\/types\/page"}],"author":[{"embeddable":true,"href":"https:\/\/test-staging.cloudtalk.io\/es\/wp-json\/wp\/v2\/users\/131"}],"replies":[{"embeddable":true,"href":"https:\/\/test-staging.cloudtalk.io\/es\/wp-json\/wp\/v2\/comments?post=298178"}],"version-history":[{"count":0,"href":"https:\/\/test-staging.cloudtalk.io\/es\/wp-json\/wp\/v2\/pages\/298178\/revisions"}],"wp:attachment":[{"href":"https:\/\/test-staging.cloudtalk.io\/es\/wp-json\/wp\/v2\/media?parent=298178"}],"wp:term":[{"taxonomy":"ct-post-type","embeddable":true,"href":"https:\/\/test-staging.cloudtalk.io\/es\/wp-json\/wp\/v2\/ct-post-type?post=298178"}],"curies":[{"name":"wp","href":"https:\/\/api.w.org\/{rel}","templated":true}]}}