{"id":242631,"date":"2024-08-28T15:34:33","date_gmt":"2024-08-28T13:34:33","guid":{"rendered":"https:\/\/staging.cloudtalk.io\/programa-de-recomendacion-de-cloudtalk-gana-comisiones-recomendando-clientes\/"},"modified":"2025-04-01T17:03:25","modified_gmt":"2025-04-01T15:03:25","slug":"programa-de-recomendacion-de-cloudtalk-gana-comisiones-recomendando-clientes","status":"publish","type":"page","link":"https:\/\/test-staging.cloudtalk.io\/es\/programa-de-recomendacion-de-cloudtalk-gana-comisiones-recomendando-clientes\/","title":{"rendered":"Programa de recomendaci\u00f3n de CloudTalk &#8211; Gana comisiones recomendando clientes"},"content":{"rendered":"\n<div class=\"wp-block-group solutions-atf\"><div class=\"wp-block-group__inner-container is-layout-constrained wp-block-group-is-layout-constrained\">\n<div class=\"wp-block-group container-fluid\"><div class=\"wp-block-group__inner-container is-layout-constrained wp-block-group-is-layout-constrained\">\n<div class=\"wp-block-columns are-vertically-aligned-center is-layout-flex wp-container-core-columns-is-layout-9d6595d7 wp-block-columns-is-layout-flex\">\n<div class=\"wp-block-column is-vertically-aligned-center is-layout-flow wp-block-column-is-layout-flow\">\n<h1 class=\"wp-block-heading\">\u00danete a la red de socios de CloudTalk<\/h1>\n\n\n\n<p>Recomienda a tus clientes y consigue hasta 300\u20ac de recompensa. Buscamos soluciones de VoIP, comunicaci\u00f3n empresarial y CRM que se integren perfectamente en nuestra pila tecnol\u00f3gica, para que podamos ayudarnos mutuamente a crecer.   <\/p>\n\n\n\n<div class=\"wp-block-buttons is-layout-flex wp-block-buttons-is-layout-flex\">\n<div class=\"wp-block-button\"><a class=\"wp-block-button__link wp-element-button\" href=\"https:\/\/cloudtalk1.partnerstack.com\/?group=newpartners\" target=\"_blank\" rel=\"noopener\">Empieza a ganar m\u00e1s<\/a><\/div>\n<\/div>\n<\/div>\n\n\n\n<div class=\"wp-block-column is-vertically-aligned-center is-layout-flow wp-block-column-is-layout-flow\">\n<figure class=\"wp-block-image size-full mobile\"><img loading=\"lazy\" decoding=\"async\" width=\"1072\" height=\"928\" src=\"https:\/\/test-staging.cloudtalk.io\/wp-content\/uploads\/2024\/08\/Version17.png\" alt=\"\" class=\"wp-image-241328\" srcset=\"https:\/\/test-staging.cloudtalk.io\/wp-content\/uploads\/2024\/08\/Version17.png 1072w, https:\/\/test-staging.cloudtalk.io\/wp-content\/uploads\/2024\/08\/Version17-300x260.png 300w, https:\/\/test-staging.cloudtalk.io\/wp-content\/uploads\/2024\/08\/Version17-1024x886.png 1024w, https:\/\/test-staging.cloudtalk.io\/wp-content\/uploads\/2024\/08\/Version17-768x665.png 768w, https:\/\/test-staging.cloudtalk.io\/wp-content\/uploads\/2024\/08\/Version17-857x742.png 857w, https:\/\/test-staging.cloudtalk.io\/wp-content\/uploads\/2024\/08\/Version17-494x428.png 494w, https:\/\/test-staging.cloudtalk.io\/wp-content\/uploads\/2024\/08\/Version17-424x367.png 424w, https:\/\/test-staging.cloudtalk.io\/wp-content\/uploads\/2024\/08\/Version17-131x113.png 131w, https:\/\/test-staging.cloudtalk.io\/wp-content\/uploads\/2024\/08\/Version17-88x76.png 88w\" sizes=\"auto, (max-width: 1072px) 100vw, 1072px\" \/><\/figure>\n\n\n\n<figure class=\"wp-block-image size-large desktop\"><img loading=\"lazy\" decoding=\"async\" width=\"1024\" height=\"886\" src=\"https:\/\/test-staging.cloudtalk.io\/wp-content\/uploads\/2024\/08\/Version17-1-1024x886.png\" alt=\"\" class=\"wp-image-241366\" srcset=\"https:\/\/test-staging.cloudtalk.io\/wp-content\/uploads\/2024\/08\/Version17-1-1024x886.png 1024w, https:\/\/test-staging.cloudtalk.io\/wp-content\/uploads\/2024\/08\/Version17-1-300x260.png 300w, https:\/\/test-staging.cloudtalk.io\/wp-content\/uploads\/2024\/08\/Version17-1-768x665.png 768w, https:\/\/test-staging.cloudtalk.io\/wp-content\/uploads\/2024\/08\/Version17-1-857x742.png 857w, https:\/\/test-staging.cloudtalk.io\/wp-content\/uploads\/2024\/08\/Version17-1-494x428.png 494w, https:\/\/test-staging.cloudtalk.io\/wp-content\/uploads\/2024\/08\/Version17-1-424x367.png 424w, https:\/\/test-staging.cloudtalk.io\/wp-content\/uploads\/2024\/08\/Version17-1-131x113.png 131w, https:\/\/test-staging.cloudtalk.io\/wp-content\/uploads\/2024\/08\/Version17-1-88x76.png 88w, https:\/\/test-staging.cloudtalk.io\/wp-content\/uploads\/2024\/08\/Version17-1.png 1072w\" sizes=\"auto, (max-width: 1024px) 100vw, 1024px\" \/><\/figure>\n<\/div>\n<\/div>\n<\/div><\/div>\n<\/div><\/div>\n\n<div class=\"wp-block-group ds2-slider basic-carousel seven-item\"><div class=\"wp-block-group__inner-container is-layout-constrained wp-block-group-is-layout-constrained\">\n<div class=\"wp-block-group container-extended\"><div class=\"wp-block-group__inner-container is-layout-constrained wp-block-group-is-layout-constrained\">\n<p class=\"has-text-align-center\">Con la confianza de + 4,000 empresas de todo el mundo<\/p>\n\n\n\n<div class=\"wp-block-group stage\"><div class=\"wp-block-group__inner-container is-layout-constrained wp-block-group-is-layout-constrained\">\n<div class=\"wp-block-group slide\"><div class=\"wp-block-group__inner-container is-layout-constrained wp-block-group-is-layout-constrained\">\n<figure class=\"wp-block-image size-full\"><img loading=\"lazy\" decoding=\"async\" width=\"109\" height=\"40\" src=\"https:\/\/test-staging.cloudtalk.io\/wp-content\/uploads\/2024\/07\/Botaround.svg\" alt=\"\" class=\"wp-image-228785\"\/><\/figure>\n<\/div><\/div>\n\n\n\n<div class=\"wp-block-group slide\"><div class=\"wp-block-group__inner-container is-layout-constrained wp-block-group-is-layout-constrained\">\n<figure class=\"wp-block-image size-full\"><img loading=\"lazy\" decoding=\"async\" width=\"98\" height=\"40\" src=\"https:\/\/test-staging.cloudtalk.io\/wp-content\/uploads\/2024\/07\/Revolut.svg\" alt=\"\" class=\"wp-image-229165\"\/><\/figure>\n<\/div><\/div>\n\n\n\n<div class=\"wp-block-group slide\"><div class=\"wp-block-group__inner-container is-layout-constrained wp-block-group-is-layout-constrained\">\n<figure class=\"wp-block-image size-full\"><img loading=\"lazy\" decoding=\"async\" width=\"86\" height=\"40\" src=\"https:\/\/test-staging.cloudtalk.io\/wp-content\/uploads\/2024\/07\/Pipedrive.svg\" alt=\"\" class=\"wp-image-229089\"\/><\/figure>\n<\/div><\/div>\n\n\n\n<div class=\"wp-block-group slide\"><div class=\"wp-block-group__inner-container is-layout-constrained wp-block-group-is-layout-constrained\">\n<figure class=\"wp-block-image size-full\"><img loading=\"lazy\" decoding=\"async\" width=\"110\" height=\"40\" src=\"https:\/\/test-staging.cloudtalk.io\/wp-content\/uploads\/2024\/08\/DHL.svg\" alt=\"\" class=\"wp-image-232759\"\/><\/figure>\n<\/div><\/div>\n\n\n\n<div class=\"wp-block-group slide\"><div class=\"wp-block-group__inner-container is-layout-constrained wp-block-group-is-layout-constrained\">\n<figure class=\"wp-block-image size-full\"><img loading=\"lazy\" decoding=\"async\" width=\"92\" height=\"40\" src=\"https:\/\/test-staging.cloudtalk.io\/wp-content\/uploads\/2024\/07\/Rakuten.svg\" alt=\"\" class=\"wp-image-229146\"\/><\/figure>\n<\/div><\/div>\n\n\n\n<div class=\"wp-block-group slide\"><div class=\"wp-block-group__inner-container is-layout-constrained wp-block-group-is-layout-constrained\">\n<figure class=\"wp-block-image size-large\"><img loading=\"lazy\" decoding=\"async\" width=\"92\" height=\"40\" src=\"https:\/\/test-staging.cloudtalk.io\/wp-content\/uploads\/2024\/12\/Uber-logo.svg\" alt=\"\" class=\"wp-image-283333\"\/><\/figure>\n<\/div><\/div>\n\n\n\n<div class=\"wp-block-group slide\"><div class=\"wp-block-group__inner-container is-layout-constrained wp-block-group-is-layout-constrained\">\n<figure class=\"wp-block-image size-full\"><img loading=\"lazy\" decoding=\"async\" width=\"92\" height=\"40\" src=\"https:\/\/test-staging.cloudtalk.io\/wp-content\/uploads\/2025\/01\/Glovo.svg\" alt=\"\" class=\"wp-image-288304\"\/><\/figure>\n<\/div><\/div>\n\n\n\n<div class=\"wp-block-group slide\"><div class=\"wp-block-group__inner-container is-layout-constrained wp-block-group-is-layout-constrained\">\n<figure class=\"wp-block-image size-full\"><img loading=\"lazy\" decoding=\"async\" width=\"320\" height=\"160\" src=\"https:\/\/test-staging.cloudtalk.io\/wp-content\/uploads\/2022\/11\/deel_logo_320x160.png\" alt=\"\" class=\"wp-image-157909\" srcset=\"https:\/\/test-staging.cloudtalk.io\/wp-content\/uploads\/2022\/11\/deel_logo_320x160.png 320w, https:\/\/test-staging.cloudtalk.io\/wp-content\/uploads\/2022\/11\/deel_logo_320x160-300x150.png 300w, https:\/\/test-staging.cloudtalk.io\/wp-content\/uploads\/2022\/11\/deel_logo_320x160-200x100.png 200w, https:\/\/test-staging.cloudtalk.io\/wp-content\/uploads\/2022\/11\/deel_logo_320x160-160x80.png 160w, https:\/\/test-staging.cloudtalk.io\/wp-content\/uploads\/2022\/11\/deel_logo_320x160-270x135.png 270w, https:\/\/test-staging.cloudtalk.io\/wp-content\/uploads\/2022\/11\/deel_logo_320x160-64x32.png 64w\" sizes=\"auto, (max-width: 320px) 100vw, 320px\" \/><\/figure>\n<\/div><\/div>\n\n\n\n<div class=\"wp-block-group slide\"><div class=\"wp-block-group__inner-container is-layout-constrained wp-block-group-is-layout-constrained\">\n<figure class=\"wp-block-image size-large\"><img loading=\"lazy\" decoding=\"async\" width=\"103\" height=\"40\" src=\"https:\/\/test-staging.cloudtalk.io\/wp-content\/uploads\/2024\/07\/Hostinger.svg\" alt=\"\" class=\"wp-image-228994\"\/><\/figure>\n<\/div><\/div>\n\n\n\n<div class=\"wp-block-group slide\"><div class=\"wp-block-group__inner-container is-layout-constrained wp-block-group-is-layout-constrained\">\n<figure class=\"wp-block-image size-full\"><img loading=\"lazy\" decoding=\"async\" width=\"160\" height=\"80\" src=\"https:\/\/test-staging.cloudtalk.io\/wp-content\/uploads\/2024\/07\/Mercedes.png\" alt=\"\" class=\"wp-image-229013\" srcset=\"https:\/\/test-staging.cloudtalk.io\/wp-content\/uploads\/2024\/07\/Mercedes.png 160w, https:\/\/test-staging.cloudtalk.io\/wp-content\/uploads\/2024\/07\/Mercedes-88x44.png 88w\" sizes=\"auto, (max-width: 160px) 100vw, 160px\" \/><\/figure>\n<\/div><\/div>\n\n\n\n<div class=\"wp-block-group slide\"><div class=\"wp-block-group__inner-container is-layout-constrained wp-block-group-is-layout-constrained\">\n<figure class=\"wp-block-image size-full\"><img loading=\"lazy\" decoding=\"async\" width=\"117\" height=\"40\" src=\"https:\/\/test-staging.cloudtalk.io\/wp-content\/uploads\/2024\/07\/CoachHub.svg\" alt=\"\" class=\"wp-image-228804\"\/><\/figure>\n<\/div><\/div>\n\n\n\n<div class=\"wp-block-group slide\"><div class=\"wp-block-group__inner-container is-layout-constrained wp-block-group-is-layout-constrained\">\n<figure class=\"wp-block-image size-full\"><img loading=\"lazy\" decoding=\"async\" width=\"320\" height=\"160\" src=\"https:\/\/test-staging.cloudtalk.io\/wp-content\/uploads\/2021\/12\/logo-TechMahindra-2x.png\" alt=\"\" class=\"wp-image-82811\" srcset=\"https:\/\/test-staging.cloudtalk.io\/wp-content\/uploads\/2021\/12\/logo-TechMahindra-2x.png 320w, https:\/\/test-staging.cloudtalk.io\/wp-content\/uploads\/2021\/12\/logo-TechMahindra-2x-300x150.png 300w, https:\/\/test-staging.cloudtalk.io\/wp-content\/uploads\/2021\/12\/logo-TechMahindra-2x-200x100.png 200w, https:\/\/test-staging.cloudtalk.io\/wp-content\/uploads\/2021\/12\/logo-TechMahindra-2x-160x80.png 160w, https:\/\/test-staging.cloudtalk.io\/wp-content\/uploads\/2021\/12\/logo-TechMahindra-2x-270x135.png 270w, https:\/\/test-staging.cloudtalk.io\/wp-content\/uploads\/2021\/12\/logo-TechMahindra-2x-64x32.png 64w\" sizes=\"auto, (max-width: 320px) 100vw, 320px\" \/><\/figure>\n<\/div><\/div>\n\n\n\n<div class=\"wp-block-group slide\"><div class=\"wp-block-group__inner-container is-layout-constrained wp-block-group-is-layout-constrained\">\n<figure class=\"wp-block-image size-full\"><img loading=\"lazy\" decoding=\"async\" width=\"234\" height=\"80\" src=\"https:\/\/test-staging.cloudtalk.io\/wp-content\/uploads\/2024\/12\/logo-greenpeace.png\" alt=\"\" class=\"wp-image-281247\" srcset=\"https:\/\/test-staging.cloudtalk.io\/wp-content\/uploads\/2024\/12\/logo-greenpeace.png 234w, https:\/\/test-staging.cloudtalk.io\/wp-content\/uploads\/2024\/12\/logo-greenpeace-200x68.png 200w, https:\/\/test-staging.cloudtalk.io\/wp-content\/uploads\/2024\/12\/logo-greenpeace-88x30.png 88w\" sizes=\"auto, (max-width: 234px) 100vw, 234px\" \/><\/figure>\n<\/div><\/div>\n\n\n\n<div class=\"wp-block-group slide\"><div class=\"wp-block-group__inner-container is-layout-constrained wp-block-group-is-layout-constrained\">\n<figure class=\"wp-block-image size-full\"><img loading=\"lazy\" decoding=\"async\" width=\"150\" height=\"80\" src=\"https:\/\/test-staging.cloudtalk.io\/wp-content\/uploads\/2024\/07\/Fujitsu.png\" alt=\"\" class=\"wp-image-228918\" srcset=\"https:\/\/test-staging.cloudtalk.io\/wp-content\/uploads\/2024\/07\/Fujitsu.png 150w, https:\/\/test-staging.cloudtalk.io\/wp-content\/uploads\/2024\/07\/Fujitsu-88x47.png 88w\" sizes=\"auto, (max-width: 150px) 100vw, 150px\" \/><\/figure>\n<\/div><\/div>\n<\/div><\/div>\n<\/div><\/div>\n<\/div><\/div>\n\n<div class=\"wp-block-group solutions-benefits\"><div class=\"wp-block-group__inner-container is-layout-constrained wp-block-group-is-layout-constrained\">\n<div class=\"wp-block-group container-fluid\"><div class=\"wp-block-group__inner-container is-layout-constrained wp-block-group-is-layout-constrained\">\n<h2 class=\"wp-block-heading has-text-align-center\">Ventajas del programa de asociaci\u00f3n<\/h2>\n\n\n\n<p class=\"has-text-align-center\">Gana dinero por ganar, aprender y crecer. Esto es lo que ganar\u00e1s <\/p>\n\n\n\n<div class=\"wp-block-columns is-layout-flex wp-container-core-columns-is-layout-9d6595d7 wp-block-columns-is-layout-flex\">\n<div class=\"wp-block-column is-layout-flow wp-block-column-is-layout-flow\">\n<div class=\"wp-block-group benefits-grid\"><div class=\"wp-block-group__inner-container is-layout-constrained wp-block-group-is-layout-constrained\">\n<figure class=\"wp-block-image size-full is-resized\"><img loading=\"lazy\" decoding=\"async\" width=\"48\" height=\"48\" src=\"https:\/\/test-staging.cloudtalk.io\/wp-content\/uploads\/2024\/05\/NameAutomation.svg\" alt=\"\" class=\"wp-image-215222\" style=\"width:50px\"\/><\/figure>\n\n\n\n<h5 class=\"wp-block-heading\">Consigue f\u00e1cilmente ingresos vitalicios<\/h5>\n\n\n\n<p>Aumenta tus ingresos con cada cliente referido. Gana comisiones recurrentes de por vida y aspira a la rentabilidad a largo plazo. Todo lo que tienes que hacer es referir a un cliente. CloudTalk se encargar\u00e1 de todo lo dem\u00e1s, desde las ventas hasta la implementaci\u00f3n.   <\/p>\n<\/div><\/div>\n<\/div>\n\n\n\n<div class=\"wp-block-column is-layout-flow wp-block-column-is-layout-flow\">\n<div class=\"wp-block-group benefits-grid\"><div class=\"wp-block-group__inner-container is-layout-constrained wp-block-group-is-layout-constrained\">\n<figure class=\"wp-block-image size-full\"><img loading=\"lazy\" decoding=\"async\" width=\"48\" height=\"48\" src=\"https:\/\/test-staging.cloudtalk.io\/wp-content\/uploads\/2024\/03\/NameFast-grow.svg\" alt=\"\" class=\"wp-image-206851\" style=\"object-fit:cover\"\/><\/figure>\n\n\n\n<h5 class=\"wp-block-heading\">Ampl\u00eda tus conocimientos sobre SaaS<\/h5>\n\n\n\n<p>Adquiere un profundo conocimiento y comprensi\u00f3n de nuestro producto con sesiones de formaci\u00f3n dedicadas. Conoce a las principales partes interesadas de CloudTalk y obt\u00e9n recursos completos para mejorar las ventas y aumentar la satisfacci\u00f3n del cliente.   <\/p>\n<\/div><\/div>\n<\/div>\n\n\n\n<div class=\"wp-block-column is-layout-flow wp-block-column-is-layout-flow\">\n<div class=\"wp-block-group benefits-grid\"><div class=\"wp-block-group__inner-container is-layout-constrained wp-block-group-is-layout-constrained\">\n<figure class=\"wp-block-image size-full\"><img loading=\"lazy\" decoding=\"async\" width=\"48\" height=\"48\" src=\"https:\/\/test-staging.cloudtalk.io\/wp-content\/uploads\/2024\/03\/NameFlexible.svg\" alt=\"\" class=\"wp-image-206877\" style=\"object-fit:cover\"\/><\/figure>\n\n\n\n<h5 class=\"wp-block-heading\">Ampliar la base de clientes<\/h5>\n\n\n\n<p>A\u00f1ade un software avanzado de centro de llamadas a tu cartera, haz crecer tu oferta y llega a mercados totalmente nuevos. Convierte m\u00e1s clientes con nuestra reputaci\u00f3n estelar. CloudTalk te ayudar\u00e1 con dise\u00f1os, campa\u00f1as, redes sociales y eventos.  <\/p>\n<\/div><\/div>\n<\/div>\n<\/div>\n<\/div><\/div>\n<\/div><\/div>\n\n<div class=\"wp-block-group solutions-image-text\"><div class=\"wp-block-group__inner-container is-layout-constrained wp-block-group-is-layout-constrained\">\n<div class=\"wp-block-group solutions-image-text-single\"><div class=\"wp-block-group__inner-container is-layout-constrained wp-block-group-is-layout-constrained\">\n<div class=\"wp-block-group container-fluid\"><div class=\"wp-block-group__inner-container is-layout-constrained wp-block-group-is-layout-constrained\">\n<div class=\"wp-block-columns is-layout-flex wp-container-core-columns-is-layout-9d6595d7 wp-block-columns-is-layout-flex\" id=\"usp1\">\n<div class=\"wp-block-column is-layout-flow wp-block-column-is-layout-flow\">\n<figure class=\"wp-block-image size-large\"><img loading=\"lazy\" decoding=\"async\" width=\"1024\" height=\"670\" src=\"https:\/\/test-staging.cloudtalk.io\/wp-content\/uploads\/2024\/08\/Version08-1-1024x670.png\" alt=\"\" class=\"wp-image-237557\" srcset=\"https:\/\/test-staging.cloudtalk.io\/wp-content\/uploads\/2024\/08\/Version08-1-1024x670.png 1024w, https:\/\/test-staging.cloudtalk.io\/wp-content\/uploads\/2024\/08\/Version08-1-300x196.png 300w, https:\/\/test-staging.cloudtalk.io\/wp-content\/uploads\/2024\/08\/Version08-1-768x503.png 768w, https:\/\/test-staging.cloudtalk.io\/wp-content\/uploads\/2024\/08\/Version08-1-1134x742.png 1134w, https:\/\/test-staging.cloudtalk.io\/wp-content\/uploads\/2024\/08\/Version08-1-654x428.png 654w, https:\/\/test-staging.cloudtalk.io\/wp-content\/uploads\/2024\/08\/Version08-1-424x277.png 424w, https:\/\/test-staging.cloudtalk.io\/wp-content\/uploads\/2024\/08\/Version08-1-173x113.png 173w, https:\/\/test-staging.cloudtalk.io\/wp-content\/uploads\/2024\/08\/Version08-1-88x58.png 88w, https:\/\/test-staging.cloudtalk.io\/wp-content\/uploads\/2024\/08\/Version08-1.png 1296w\" sizes=\"auto, (max-width: 1024px) 100vw, 1024px\" \/><\/figure>\n<\/div>\n\n\n\n<div class=\"wp-block-column is-layout-flow wp-block-column-is-layout-flow\">\n<h3 class=\"wp-block-heading\">Mejorar las soluciones para los clientes<\/h3>\n\n\n\n<div style=\"height:10px\" aria-hidden=\"true\" class=\"wp-block-spacer\"><\/div>\n\n\n\n<p>Las consultoras inform\u00e1ticas, los MSP y las empresas de telecomunicaciones pueden potenciar su cartera de servicios ofreciendo las soluciones avanzadas de VoIP de CloudTalk. Es perfecto si buscas mejorar la comunicaci\u00f3n e integraci\u00f3n con el cliente.   <\/p>\n\n\n\n<div style=\"height:30px\" aria-hidden=\"true\" class=\"wp-block-spacer\"><\/div>\n\n\n\n<div class=\"wp-block-buttons is-layout-flex wp-block-buttons-is-layout-flex\">\n<div class=\"wp-block-button\"><a class=\"wp-block-button__link wp-element-button\" href=\"https:\/\/cloudtalk1.partnerstack.com\/?group=newpartners\" target=\"_blank\" rel=\"noopener\">Haz crecer tu oferta<\/a><\/div>\n<\/div>\n<\/div>\n<\/div>\n<\/div><\/div>\n<\/div><\/div>\n\n\n\n<div class=\"wp-block-group solutions-image-text-single\"><div class=\"wp-block-group__inner-container is-layout-constrained wp-block-group-is-layout-constrained\">\n<div class=\"wp-block-group container-fluid\"><div class=\"wp-block-group__inner-container is-layout-constrained wp-block-group-is-layout-constrained\">\n<div class=\"wp-block-columns is-layout-flex wp-container-core-columns-is-layout-9d6595d7 wp-block-columns-is-layout-flex\" id=\"usp2\">\n<div class=\"wp-block-column is-vertically-aligned-center is-layout-flow wp-block-column-is-layout-flow\">\n<h3 class=\"wp-block-heading\">Impulsa el compromiso<\/h3>\n\n\n\n<div style=\"height:10px\" aria-hidden=\"true\" class=\"wp-block-spacer\"><\/div>\n\n\n\n<p>Las agencias de marketing digital y las empresas de BPO pueden elevar las interacciones con los clientes con las herramientas de CloudTalk, mientras que los consultores generales pueden agilizar los procesos con soluciones de comunicaci\u00f3n avanzadas.<\/p>\n\n\n\n<div style=\"height:30px\" aria-hidden=\"true\" class=\"wp-block-spacer\"><\/div>\n\n\n\n<div class=\"wp-block-buttons is-layout-flex wp-block-buttons-is-layout-flex\">\n<div class=\"wp-block-button\"><a class=\"wp-block-button__link wp-element-button\" href=\"https:\/\/cloudtalk1.partnerstack.com\/?group=newpartners\" target=\"_blank\" rel=\"noopener\">Aumenta la eficacia<\/a><\/div>\n<\/div>\n<\/div>\n\n\n\n<div class=\"wp-block-column is-layout-flow wp-block-column-is-layout-flow\">\n<figure class=\"wp-block-image size-large\"><img loading=\"lazy\" decoding=\"async\" width=\"1024\" height=\"670\" src=\"https:\/\/test-staging.cloudtalk.io\/wp-content\/uploads\/2024\/08\/Versionw-4-1024x670.png\" alt=\"\" class=\"wp-image-237621\" srcset=\"https:\/\/test-staging.cloudtalk.io\/wp-content\/uploads\/2024\/08\/Versionw-4-1024x670.png 1024w, https:\/\/test-staging.cloudtalk.io\/wp-content\/uploads\/2024\/08\/Versionw-4-300x196.png 300w, https:\/\/test-staging.cloudtalk.io\/wp-content\/uploads\/2024\/08\/Versionw-4-768x503.png 768w, https:\/\/test-staging.cloudtalk.io\/wp-content\/uploads\/2024\/08\/Versionw-4-1134x742.png 1134w, https:\/\/test-staging.cloudtalk.io\/wp-content\/uploads\/2024\/08\/Versionw-4-654x428.png 654w, https:\/\/test-staging.cloudtalk.io\/wp-content\/uploads\/2024\/08\/Versionw-4-424x277.png 424w, https:\/\/test-staging.cloudtalk.io\/wp-content\/uploads\/2024\/08\/Versionw-4-173x113.png 173w, https:\/\/test-staging.cloudtalk.io\/wp-content\/uploads\/2024\/08\/Versionw-4-88x58.png 88w, https:\/\/test-staging.cloudtalk.io\/wp-content\/uploads\/2024\/08\/Versionw-4.png 1296w\" sizes=\"auto, (max-width: 1024px) 100vw, 1024px\" \/><\/figure>\n<\/div>\n<\/div>\n<\/div><\/div>\n<\/div><\/div>\n\n\n\n<div class=\"wp-block-group solutions-image-text-single\"><div class=\"wp-block-group__inner-container is-layout-constrained wp-block-group-is-layout-constrained\">\n<div class=\"wp-block-group container-fluid\"><div class=\"wp-block-group__inner-container is-layout-constrained wp-block-group-is-layout-constrained\">\n<div class=\"wp-block-columns is-layout-flex wp-container-core-columns-is-layout-9d6595d7 wp-block-columns-is-layout-flex\" id=\"usp3\">\n<div class=\"wp-block-column is-layout-flow wp-block-column-is-layout-flow\">\n<figure class=\"wp-block-image size-large\"><img loading=\"lazy\" decoding=\"async\" width=\"1024\" height=\"670\" src=\"https:\/\/test-staging.cloudtalk.io\/wp-content\/uploads\/2024\/08\/Version14-1-1024x670.png\" alt=\"\" class=\"wp-image-241347\" srcset=\"https:\/\/test-staging.cloudtalk.io\/wp-content\/uploads\/2024\/08\/Version14-1-1024x670.png 1024w, https:\/\/test-staging.cloudtalk.io\/wp-content\/uploads\/2024\/08\/Version14-1-300x196.png 300w, https:\/\/test-staging.cloudtalk.io\/wp-content\/uploads\/2024\/08\/Version14-1-768x503.png 768w, https:\/\/test-staging.cloudtalk.io\/wp-content\/uploads\/2024\/08\/Version14-1-1134x742.png 1134w, https:\/\/test-staging.cloudtalk.io\/wp-content\/uploads\/2024\/08\/Version14-1-654x428.png 654w, https:\/\/test-staging.cloudtalk.io\/wp-content\/uploads\/2024\/08\/Version14-1-424x277.png 424w, https:\/\/test-staging.cloudtalk.io\/wp-content\/uploads\/2024\/08\/Version14-1-173x113.png 173w, https:\/\/test-staging.cloudtalk.io\/wp-content\/uploads\/2024\/08\/Version14-1-88x58.png 88w, https:\/\/test-staging.cloudtalk.io\/wp-content\/uploads\/2024\/08\/Version14-1.png 1296w\" sizes=\"auto, (max-width: 1024px) 100vw, 1024px\" \/><\/figure>\n<\/div>\n\n\n\n<div class=\"wp-block-column is-vertically-aligned-center is-layout-flow wp-block-column-is-layout-flow\">\n<h3 class=\"wp-block-heading\">Conecta tus datos sin complicaciones<\/h3>\n\n\n\n<div style=\"height:10px\" aria-hidden=\"true\" class=\"wp-block-spacer\"><\/div>\n\n\n\n<p>Los proveedores de CRM, ERP y desarrolladores de software pueden mejorar las operaciones empresariales de los clientes. Integrar CloudTalk te permite ofrecer capacidades de comunicaci\u00f3n mejoradas que simplifican las operaciones de los clientes. <\/p>\n\n\n\n<div style=\"height:30px\" aria-hidden=\"true\" class=\"wp-block-spacer\"><\/div>\n\n\n\n<div class=\"wp-block-buttons is-layout-flex wp-block-buttons-is-layout-flex\">\n<div class=\"wp-block-button\"><a class=\"wp-block-button__link wp-element-button\" href=\"https:\/\/cloudtalk1.partnerstack.com\/?group=newpartners\" target=\"_blank\" rel=\"noopener\">Haz felices a los clientes<\/a><\/div>\n<\/div>\n<\/div>\n<\/div>\n<\/div><\/div>\n<\/div><\/div>\n<\/div><\/div>\n\n<div class=\"wp-block-cover cloudtalk-cta\"><span aria-hidden=\"true\" class=\"wp-block-cover__background has-background-dim-0 has-background-dim\"><\/span><img decoding=\"async\" class=\"wp-block-cover__image-background wp-image-170641\" alt=\"\" src=\"https:\/\/test-staging.cloudtalk.io\/wp-content\/uploads\/2023\/08\/cs-cta-background.svg\" data-object-fit=\"cover\"\/><div class=\"wp-block-cover__inner-container is-layout-flow wp-block-cover-is-layout-flow\">\n<h2 class=\"wp-block-heading has-text-align-center has-white-color has-text-color\">Convierte cada llamada en una oportunidad.<\/h2>\n\n\n\n<p class=\"has-text-align-center has-white-color has-text-color\">CloudTalk mejora tu comunicaci\u00f3n con an\u00e1lisis avanzados. Desc\u00fabrelo con una demo gratuita.<\/p>\n\n\n\n<div class=\"wp-block-buttons is-content-justification-center is-layout-flex wp-container-core-buttons-is-layout-16018d1d wp-block-buttons-is-layout-flex\">\n<div class=\"wp-block-button btn-regular\"><a class=\"wp-block-button__link wp-element-button\" href=\"https:\/\/test-staging.cloudtalk.io\/es\/programa-una-demo\/\">Reserva una demo<\/a><\/div>\n<\/div>\n<\/div><\/div>\n","protected":false},"excerpt":{"rendered":"<p>\u00danete a la red de socios de CloudTalk Recomienda a tus clientes y consigue hasta 300\u20ac de recompensa. Buscamos soluciones de VoIP, comunicaci\u00f3n empresarial y CRM que se integren perfectamente en nuestra pila tecnol\u00f3gica, para que podamos ayudarnos mutuamente a crecer. Con la confianza de + empresas de todo el mundo Ventajas del programa de [&hellip;]<\/p>\n","protected":false},"author":127,"featured_media":0,"parent":0,"menu_order":0,"comment_status":"closed","ping_status":"closed","template":"page-templates\/ct-evo-solution_page_new.php","meta":{"_acf_changed":false,"inline_featured_image":false,"footnotes":""},"ct-post-type":[],"class_list":["post-242631","page","type-page","status-publish","hentry"],"acf":[],"_links":{"self":[{"href":"https:\/\/test-staging.cloudtalk.io\/es\/wp-json\/wp\/v2\/pages\/242631","targetHints":{"allow":["GET"]}}],"collection":[{"href":"https:\/\/test-staging.cloudtalk.io\/es\/wp-json\/wp\/v2\/pages"}],"about":[{"href":"https:\/\/test-staging.cloudtalk.io\/es\/wp-json\/wp\/v2\/types\/page"}],"author":[{"embeddable":true,"href":"https:\/\/test-staging.cloudtalk.io\/es\/wp-json\/wp\/v2\/users\/127"}],"replies":[{"embeddable":true,"href":"https:\/\/test-staging.cloudtalk.io\/es\/wp-json\/wp\/v2\/comments?post=242631"}],"version-history":[{"count":0,"href":"https:\/\/test-staging.cloudtalk.io\/es\/wp-json\/wp\/v2\/pages\/242631\/revisions"}],"wp:attachment":[{"href":"https:\/\/test-staging.cloudtalk.io\/es\/wp-json\/wp\/v2\/media?parent=242631"}],"wp:term":[{"taxonomy":"ct-post-type","embeddable":true,"href":"https:\/\/test-staging.cloudtalk.io\/es\/wp-json\/wp\/v2\/ct-post-type?post=242631"}],"curies":[{"name":"wp","href":"https:\/\/api.w.org\/{rel}","templated":true}]}}