{"id":69661,"date":"2022-03-19T17:37:11","date_gmt":"2022-03-19T15:37:11","guid":{"rendered":"https:\/\/staging.cloudtalk.io\/sichern-sie-sich-eine-telefonnummer-aus-los-angeles-kalifornien\/"},"modified":"2025-11-20T20:54:58","modified_gmt":"2025-11-20T18:54:58","slug":"sichern-sie-sich-eine-telefonnummer-aus-los-angeles-kalifornien","status":"publish","type":"page","link":"https:\/\/test-staging.cloudtalk.io\/de\/sichern-sie-sich-eine-telefonnummer-aus-los-angeles-kalifornien\/","title":{"rendered":"Lokale Telefonnummer aus Los Angeles, Kalifornien | Ortsvorwahl 323"},"content":{"rendered":"<div class=\"wp-block-cloudtalk-form-reviews-hero wp-block-cloudtalk-form-reviews-hero\"><div class=\"form-reviews-hero-block\"><div class=\"form-reviews-hero-block__hero\"><div class=\"form-reviews-hero-block__hero-content\"><div class=\"form-reviews-hero-block__reviews\"><div class=\"form-reviews-hero-block__review\"><img decoding=\"async\" src=\"\/wp-content\/uploads\/2025\/02\/G2_Logo.svg\" alt=\"\" class=\"form-reviews-hero-block__review-icon\" \/><div class=\"form-reviews-hero-block__stars\"><img decoding=\"async\" src=\"\/wp-content\/uploads\/2025\/02\/star-icon-full.svg\" alt=\"\" class=\"form-reviews-hero-block__star\" \/><img decoding=\"async\" src=\"\/wp-content\/uploads\/2025\/02\/star-icon-full.svg\" alt=\"\" class=\"form-reviews-hero-block__star\" \/><img decoding=\"async\" src=\"\/wp-content\/uploads\/2025\/02\/star-icon-full.svg\" alt=\"\" class=\"form-reviews-hero-block__star\" \/><img decoding=\"async\" src=\"\/wp-content\/uploads\/2025\/02\/star-icon-full.svg\" alt=\"\" class=\"form-reviews-hero-block__star\" \/><img decoding=\"async\" src=\"\/wp-content\/uploads\/2025\/02\/start-icon-half.svg\" alt=\"\" class=\"form-reviews-hero-block__star\" \/><\/div><span class=\"form-reviews-hero-block__review-number\">1,480  + Bewertungen<\/span><\/div><div class=\"form-reviews-hero-block__review\"><img decoding=\"async\" src=\"\/wp-content\/uploads\/2025\/02\/Capterra_Logo.svg\" alt=\"\" class=\"form-reviews-hero-block__review-icon\" \/><div class=\"form-reviews-hero-block__stars\"><img decoding=\"async\" src=\"\/wp-content\/uploads\/2025\/02\/star-icon-full.svg\" alt=\"\" class=\"form-reviews-hero-block__star\" \/><img decoding=\"async\" src=\"\/wp-content\/uploads\/2025\/02\/star-icon-full.svg\" alt=\"\" class=\"form-reviews-hero-block__star\" \/><img decoding=\"async\" src=\"\/wp-content\/uploads\/2025\/02\/star-icon-full.svg\" alt=\"\" class=\"form-reviews-hero-block__star\" \/><img decoding=\"async\" src=\"\/wp-content\/uploads\/2025\/02\/star-icon-full.svg\" alt=\"\" class=\"form-reviews-hero-block__star\" \/><img decoding=\"async\" src=\"\/wp-content\/uploads\/2025\/02\/start-icon-half.svg\" alt=\"\" class=\"form-reviews-hero-block__star\" \/><\/div><span class=\"form-reviews-hero-block__review-number\">260  + Bewertungen<\/span><\/div><div class=\"form-reviews-hero-block__review form-reviews-hero-block__review--mobile\">1,660  + Bewertungen<\/div><\/div><h1 class=\"form-reviews-hero-block__heading form-reviews-hero-block__heading--long\">Lokale Telefonnummer aus Los Angeles, Kalifornien | Ortsvorwahl 323<\/h1><div class=\"form-reviews-hero-block__list-wrapper\"><div class=\"wp-block-cloudtalk-list wp-block-cloudtalk-list--lg wp-block-cloudtalk-list--numbered wp-block-cloudtalk-list\"><div class=\"list-block list-block--lg list-block--numbered\"><ol class=\"list-block__list\">        <li class=\"list-block__item\">\n                            <span class=\"list-block__number\">01<\/span>\n                        <div class=\"list-block__content\">\n                                                    <div class=\"list-block__content-sub\">\n                        Gestalten Sie Ihre Kundensupportl\u00f6sung effizienter f\u00fcr internationale eingehende Anrufe.                    <\/div>\n                            <\/div>\n        <\/li>\n        <li class=\"list-block__item\">\n                            <span class=\"list-block__number\">02<\/span>\n                        <div class=\"list-block__content\">\n                                                    <div class=\"list-block__content-sub\">\n                        Erwerben Sie internationale Telefonnummern aus mehr als 160 L\u00e4ndern.                    <\/div>\n                            <\/div>\n        <\/li>\n        <li class=\"list-block__item\">\n                            <span class=\"list-block__number\">03<\/span>\n                        <div class=\"list-block__content\">\n                                                    <div class=\"list-block__content-sub\">\n                        Sie erhalten Zugriff auf noch mehr gro\u00dfartige Funktionen f\u00fcr Gesch\u00e4ftstelefone, wie z. B. Anrufumleitung, Kundenansagen, Klingeltoneinstellungen und Anrufstatistiken.                    <\/div>\n                            <\/div>\n        <\/li>\n<\/ol><\/div><\/div><\/div><\/div><\/div><div class=\"form-reviews-hero-block__form-section\"><div class=\"form-reviews-hero-block__form-wrap\"><div class=\"wp-block-group wave\"><div class=\"wp-block-group__inner-container is-layout-constrained wp-block-group-is-layout-constrained\"><p><strong>Hallo!<\/strong>  F\u00fcllen Sie das Formular aus; es dauert nur eine Minute.<\/p><figure class=\"wp-block-video\"><video autoplay loop muted src=\"\/wp-content\/uploads\/2026\/01\/video-wave-hanka3.mp4\" playsinline><\/video><\/figure><\/div><\/div><div class=\"form-reviews-hero-block__form-content\">\n<div id=\"registration-form-wrapper\" class=\"registration-form-wrapper\"><\/div>\n<script>\njQuery(document).ready(function () {\ncloudtalkSignupForm(\"registration-form-wrapper\", \"de\" );\n});\n<\/script>\n\n<!--[if lte IE 8]>\n<script charset=\"utf-8\" type=\"text\/javascript\" src=\"\/\/js.hsforms.net\/forms\/v2-legacy.js\"><\/script>\n<![endif]-->\n<script charset=\"utf-8\" type=\"text\/javascript\" src=\"\/\/js.hsforms.net\/forms\/v2.js\"><\/script>\n\n<div class=\"ct-referral-form\">\n<script>\n  hbspt.forms.create({\n    portalId: \"6195055\",\n    formId: \"6a618028-e42d-4ae6-bc9b-002fc38cc18a\",\n    region: \"na1\"\n  });\n<\/script>\n<\/div>\n<\/div><\/div><\/div><\/div><\/div>\n<div class=\"wp-block-cloudtalk-row\" style=\"--column-widths:minmax(0, 174px) minmax(720px, 1fr) minmax(0, 236px)\">\n<div class=\"wp-block-cloudtalk-row-column\" style=\"width:minmax(0, 280px)\"><\/div>\n\n\n\n<div class=\"wp-block-cloudtalk-row-column\" style=\"width:minmax(660px, 1fr)\">\n<h2 class=\"wp-block-heading\">Warum sollten Sie sich eine Telefonnummer aus Los Angeles besorgen?<\/h2>\n\n\n\n<h4 class=\"wp-block-heading\">#1 Lokale Pr\u00e4senz in den USA aufbauen <\/h4>\n\n\n\n<p>Mit einer florierenden Wirtschaft und einer gro\u00dfen, kaufkr\u00e4ftigen Bev\u00f6lkerung sind die USA einer der begehrtesten M\u00e4rkte f\u00fcr Unternehmen, die ihren Gesch\u00e4ftsbereich erweitern m\u00f6chten. US-B\u00fcrger\/innen sind gegen\u00fcber internationalen Nummern oder sogar Ortsvorwahlen, die sie nicht kennen, oft misstrauisch.  <\/p>\n\n\n\n<p>Es ist also praktisch eine Notwendigkeit, dass Unternehmen, die in den USA Gesch\u00e4fte durchf\u00fchren m\u00f6chten, \u00fcber eine lokale Telefonnummer verf\u00fcgen. Lokale Nummern sind den US-Kunden vertraut, die eher bereit sind, Ihren Anruf entgegenzunehmen, wenn sie wissen, dass ihnen keine teuren internationalen Telefongeb\u00fchren berechnet werden.  <\/p>\n\n\n\n<p>F\u00fcr Unternehmen, die eine lokale Pr\u00e4senz in den USA aufbauen und das Vertrauen der amerikanischen Kunden gewinnen m\u00f6chten, ist eine lokale Telefonnummer ein guter erster Schritt.<\/p>\n\n\n\n<h4 class=\"wp-block-heading\">#2 G\u00fcnstigere Auslandsgespr\u00e4che erhalten<\/h4>\n\n\n\n<p>Mit einer lokalen US Telefonnummer von CloudTalk bezahlen Sie keine hohen internationalen Anrufgeb\u00fchren. <\/p>\n\n\n\n<p>Sobald Sie Beziehungen zu Kunden in den USA aufgebaut haben, m\u00f6chten Sie deren Anrufe entgegennehmen k\u00f6nnen, ohne hohe internationale Tarife zahlen zu m\u00fcssen. <\/p>\n\n\n\n<p>Der Erwerb einer lokalen Nummer \u00fcber CloudTalk ist eine gute M\u00f6glichkeit, diese Geb\u00fchren zu vermeiden und Ihren Kunden die Unsicherheit zu ersparen, eine internationale oder geb\u00fchrenfreie (800) Nummer zu w\u00e4hlen.<\/p>\n\n\n\n<h4 class=\"wp-block-heading\">#3 Legen Sie die Uhrzeiten fest, zu denen Sie erreichbar sind<\/h4>\n\n\n\n<p>Mit CloudTalk k\u00f6nnen Sie problemlos Gesch\u00e4ftszeiten f\u00fcr Ihre internationalen Telefonnummern festlegen, damit Ihre Kunden immer wissen, wann sie Sie erreichen k\u00f6nnen und wann nicht. <\/p>\n\n\n\n<p>Sie k\u00f6nnen f\u00fcr Ihre Kunden au\u00dferhalb der Gesch\u00e4ftszeiten individuelle Nachrichten aufzeichnen, um sie wissen zu lassen, wann Sie wieder online sind, um ihre Fragen zu beantworten.<\/p>\n\n\n\n<h4 class=\"wp-block-heading\">#4 Beeindrucken Sie Ihre Kunden vor Ort mit individuellen Begr\u00fc\u00dfungen<\/h4>\n\n\n\n<p>CloudTalk&#8217;s personalisiertes Begr\u00fc\u00dfungstool erm\u00f6glicht es, vorher aufgezeichnete Begr\u00fc\u00dfungsnachrichten f\u00fcr Kunden aufzuzeichnen, die au\u00dferhalb der Gesch\u00e4ftszeiten anrufen. F\u00fcr Unternehmen, die eine lokale Repr\u00e4sentanz aufbauen wollen, ist dies eine hervorragende Gelegenheit, eine Botschaft aufzunehmen, die Ihren Kunden aufgrund ihres Standorts vertraut ist.  <\/p>\n\n\n\n<p>In Miami sind beispielsweise viele Menschen stolz auf ihre entspannte, relativ sorgenfreie Lebensweise. Es w\u00fcrde Sinn machen, eine Begr\u00fc\u00dfung f\u00fcr Ihre Miami-Telefonnummer aufzunehmen, die sich nat\u00fcrlich und entspannt anh\u00f6rt. <\/p>\n\n\n<div class=\"wp-block-cloudtalk-cta-proof\"><div class=\"cta-proof-block\"><div class=\"cta-proof-block__content\"><h2 class=\"cta-proof-block__headline\">Nur zu, machen Sie eine Pause, wir haben das im Griff<\/h2><div class=\"cta-proof-block__description\">Ihr KI-Sprachassistent spricht, verkauft und unterst\u00fctzt 24\/7 &#8211; damit Sie es nicht m\u00fcssen<\/div><div class=\"cta-proof-block__button\"><a href=\"\/de\/demo-vereinbaren\/\" class=\"btn btn-secondary\">Versuchen Sie Voice Agents <svg width=\"20\" height=\"20\" viewBox=\"0 0 20 20\" fill=\"none\" xmlns=\"http:\/\/www.w3.org\/2000\/svg\">\n            <path d=\"M4.16666 10H15.8333M15.8333 10L10.8333 5M15.8333 10L10.8333 15\" stroke=\"currentColor\" stroke-width=\"1.67\" stroke-linecap=\"round\" stroke-linejoin=\"round\"\/>\n        <\/svg><\/a><\/div><\/div><div class=\"cta-proof-block__image\"><img decoding=\"async\" src=\"https:\/\/test-staging.cloudtalk.io\/wp-content\/uploads\/2025\/11\/AdobeStock_664213918-1.png\" alt=\"\" \/><\/div><\/div><\/div>\n\n\n<h4 class=\"wp-block-heading\">#5 Optimieren Sie Ihren Callcenter-Workflow mit Anrufstatistiken<\/h4>\n\n\n\n<p>Bei CloudTalk k\u00f6nnen Sie Ihre Anrufstatistiken nach Telefonnummer filtern. Diese Funktion ist besonders hilfreich, wenn Sie mit einer Telefonnummer aus Miami zu arbeiten beginnen.  <\/p>\n\n\n\n<p>Jeder Ort ist nat\u00fcrlich anders, weshalb es hilfreich sein kann, Statistiken wie die durchschnittliche Anrufbearbeitungszeit und L\u00f6sung bei Erstanruf f\u00fcr eine bestimmte lokale Telefonnummer zu analysieren, um Ihre Workflows f\u00fcr eine bestimmte Region zu optimieren und die Angestelltenleistung allgemein zu verbessern.<\/p>\n\n\n\n<hr class=\"wp-block-separator has-alpha-channel-opacity\"\/>\n\n\n\n<h4 class=\"wp-block-heading\">Wie man eine Telefonnummer aus Los Angeles aktiviert<\/h4>\n\n\n<div class=\"wp-block-cloudtalk-list wp-block-cloudtalk-list--lg wp-block-cloudtalk-list--numbered wp-block-cloudtalk-list\"><div class=\"list-block list-block--lg list-block--numbered\"><ol class=\"list-block__list\">        <li class=\"list-block__item\">\n                            <span class=\"list-block__number\">01<\/span>\n                        <div class=\"list-block__content\">\n                                <div class=\"list-block__content-inner\">\n                    W\u00e4hlen Sie &#8222;neue Nummer&#8220; in der CloudTalk-Schnittstelle                <\/div>\n                                                    <div class=\"list-block__content-sub\">\n                        Mit nur wenigen Mausklicks k\u00f6nnen Sie den Prozess der Beantragung einer lokalen Telefonnummer einleiten!                    <\/div>\n                            <\/div>\n        <\/li>\n        <li class=\"list-block__item\">\n                            <span class=\"list-block__number\">02<\/span>\n                        <div class=\"list-block__content\">\n                                <div class=\"list-block__content-inner\">\n                    F\u00fcllen Sie ein kurzes Formular aus                <\/div>\n                                                    <div class=\"list-block__content-sub\">\n                        Geben Sie ein paar Details zu Ihrem Konto und zu der Telefonnummer ein, mit der Sie arbeiten m\u00f6chten.                    <\/div>\n                            <\/div>\n        <\/li>\n        <li class=\"list-block__item\">\n                            <span class=\"list-block__number\">03<\/span>\n                        <div class=\"list-block__content\">\n                                <div class=\"list-block__content-inner\">\n                    Lehnen Sie sich zur\u00fcck, entspannen Sie sich und warten Sie auf einen unserer Agenten, der Ihre Nummer aktiviert.                <\/div>\n                                                    <div class=\"list-block__content-sub\">\n                        Unsere Agenten arbeiten hart daran, Gesch\u00e4ftspartnerschaften mit Telekommunikationsunternehmen auf der ganzen Welt zu pflegen, damit wir Ihnen schnell eine neue lokale Nummer zuteilen k\u00f6nnen.                    <\/div>\n                            <\/div>\n        <\/li>\n<\/ol><\/div><\/div>\n\n\n<hr class=\"wp-block-separator has-alpha-channel-opacity\"\/>\n\n\n\n<h2 class=\"wp-block-heading\">Sichern Sie sich jetzt Ihre Nummer mit einer 323-Vorwahl aus Los Angeles!<\/h2>\n\n\n\n<h4 class=\"wp-block-heading\">Liste beliebter Vorwahlnummern in dem Westen der USA<\/h4>\n\n\n\n<p>Ihre 323-Vorwahl l\u00e4sst Ihre Kunden aus S\u00fcdkalifornien wissen, dass Sie ein lokales Unternehmen sind, das ihre einzigartigen Bed\u00fcrfnisse erf\u00fcllen kann. Wenn Sie Gesch\u00e4fte in einem anderen Handelszentrum im Westen Amerikas abschlie\u00dfen m\u00f6chten, sehen Sie sich bitte unsere unten stehende Liste der Vorwahloptionen an. <\/p>\n\n\n<div class=\"wp-block-cloudtalk-table table-style-simple\"><div class=\"table-block\"><div class=\"table-block__table-container\"><table class=\"table-block__table\"><thead><tr><th>Stadt<\/th><th>Vorwahl<\/th><\/tr><\/thead><tbody><tr><td>Los Angeles, CA<\/td><td>323<\/td><\/tr><tr><td>San Francisco, CA<\/td><td>628<\/td><\/tr><tr><td>Seattle, WA<\/td><td>206<\/td><\/tr><tr><td>Phoenix, AZ<\/td><td>480<\/td><\/tr><tr><td>Boston, MA<\/td><td>617<\/td><\/tr><\/tbody><\/table><\/div><\/div><\/div>\n\n\n<hr class=\"wp-block-separator has-alpha-channel-opacity\"\/>\n\n\n\n<h4 class=\"wp-block-heading\">Preise der US-Telefonnummern<\/h4>\n\n\n\n<p>Der Erwerb Ihrer ersten US-Telefonnummer bei CloudTalk <strong>kostet Sie $3<\/strong>. Weitere US-Nummern k\u00f6nnen f\u00fcr <strong>$6 pro Nummer erworben werden<\/strong>.  <\/p>\n<\/div>\n\n\n\n<div class=\"wp-block-cloudtalk-row-column\" style=\"width:minmax(0, 280px)\"><div class=\"wp-block-cloudtalk-sticky-banner is-sticky wp-block-cloudtalk-sticky-banner\"><div class=\"sticky-banner\"><div class=\"sticky-banner__content\"><div class=\"sticky-banner__content-item\"><h6 class=\"sticky-banner__title\">Demo buchen<\/h6><p class=\"sticky-banner__description\">Geben Sie Ihrem Team die Werkzeuge, um die manuelle Arbeit zu reduzieren<\/p><\/div><div class=\"sticky-banner__button\"><a href=\"\/de\/demo-vereinbaren\/\" class=\"sticky-banner__button-link btn btn-secondary btn-small\">Kontakt Vertrieb<\/a><\/div><\/div><\/div><\/div><\/div>\n<\/div>\n<div class=\"wp-block-cloudtalk-faq wp-block-cloudtalk-faq--blue wp-block-cloudtalk-faq\"><div class=\"faq-block\"><div class=\"faq-block__header\"><h2 class=\"faq-block__title\">H\u00e4ufig gestellte Fragen \u00fcber US-Telefonnummern<\/h2><p class=\"faq-block__description\">Unser Verkaufsteam hilft Ihnen gerne dabei, einen erschwinglichen Tarif f\u00fcr Anrufe aus dem Ausland in die Vereinigten Staaten abzuschlie\u00dfen. Um mit einem Betreuer zu sprechen, rufen Sie bitte unter +44 20 3868 0167 an oder senden Sie uns eine E-Mail an <a href=\"mailto:hello@cloudtalk.io\">hello@cloudtalk.io<\/a> <\/p><\/div><div class=\"faq-block__items\"><div class=\"faq-item\" data-faq-item=\"0\"><div class=\"faq-item__header\"><button class=\"faq-item__question\" aria-expanded=\"false\" aria-controls=\"faq-item-0\"><h3 class=\"faq-item__question-text\">Wie viel kostet es, in die USA anzurufen?<\/h3><span class=\"faq-item__icon\" aria-hidden=\"true\"><\/span><\/button><\/div><div class=\"faq-item__content\" id=\"faq-item-0\"><div class=\"faq-item__answer\"><p>Wenn Sie eine US-Telefonnummer anw\u00e4hlen, m\u00fcssen Sie mit der L\u00e4ndervorwahl +1 beginnen, dann die Ortsvorwahl (305), gefolgt von einer 7-stelligen Telefonnummer eingeben: 123-4567.<\/p><\/div><\/div><\/div><div class=\"faq-item\" data-faq-item=\"1\"><div class=\"faq-item__header\"><button class=\"faq-item__question\" aria-expanded=\"false\" aria-controls=\"faq-item-1\"><h3 class=\"faq-item__question-text\">Wie viel kostet es, in die USA anzurufen?<\/h3><span class=\"faq-item__icon\" aria-hidden=\"true\"><\/span><\/button><\/div><div class=\"faq-item__content\" id=\"faq-item-1\"><div class=\"faq-item__answer\"><p>Eine US-Telefonnummer hat 11 Ziffern. Eine Ziffer f\u00fcr die L\u00e4ndervorwahl, 3 Ziffern f\u00fcr die Ortsvorwahl und 7 Ziffern f\u00fcr die Nummer selbst. <\/p><\/div><\/div><\/div><div class=\"faq-item\" data-faq-item=\"2\"><div class=\"faq-item__header\"><button class=\"faq-item__question\" aria-expanded=\"false\" aria-controls=\"faq-item-2\"><h3 class=\"faq-item__question-text\">Wie funktionieren die kostenlosen Testversionen?<\/h3><span class=\"faq-item__icon\" aria-hidden=\"true\"><\/span><\/button><\/div><div class=\"faq-item__content\" id=\"faq-item-2\"><div class=\"faq-item__answer\">Senden Sie uns einfach Ihre Kontaktdaten und wir richten Ihnen eine kostenlose und unverbindliche CloudTalk-Testversion ein. Sie k\u00f6nnen sofort mit der Einwahl beginnen und zwei Wochen lang alle unsere <a href=\"https:\/\/test-staging.cloudtalk.io\/de\/funktionen\/\">Funktionen<\/a> und <a href=\"https:\/\/test-staging.cloudtalk.io\/de\/integrationen\/\">Integrationen<\/a> nutzen.<\/div><\/div><\/div><div class=\"faq-item\" data-faq-item=\"3\"><div class=\"faq-item__header\"><button class=\"faq-item__question\" aria-expanded=\"false\" aria-controls=\"faq-item-3\"><h3 class=\"faq-item__question-text\">Was sind die Preise f\u00fcr ausgehende Anrufe?<\/h3><span class=\"faq-item__icon\" aria-hidden=\"true\"><\/span><\/button><\/div><div class=\"faq-item__content\" id=\"faq-item-3\"><div class=\"faq-item__answer\">Jedes Paket enth\u00e4lt standardm\u00e4\u00dfig eine lokale oder geb\u00fchrenfreie Nummer kostenlos. Die Preise f\u00fcr ausgehende Anrufe variieren. Bitte <a href=\"https:\/\/test-staging.cloudtalk.io\/de\/kontakt\/\">kontaktieren Sie uns<\/a> f\u00fcr weitere Details.<\/div><\/div><\/div><div class=\"faq-item\" data-faq-item=\"4\"><div class=\"faq-item__header\"><button class=\"faq-item__question\" aria-expanded=\"false\" aria-controls=\"faq-item-4\"><h3 class=\"faq-item__question-text\">Wer ist ein Nutzer?<\/h3><span class=\"faq-item__icon\" aria-hidden=\"true\"><\/span><\/button><\/div><div class=\"faq-item__content\" id=\"faq-item-4\"><div class=\"faq-item__answer\">Benutzer arbeiten f\u00fcr Ihr Unternehmen und kommunizieren mit Ihren bestehenden und potenziellen Kunden. Sie k\u00f6nnen jederzeit und mit nur wenigen Klicks Benutzer hinzuf\u00fcgen oder entfernen. Benutzer sind Agenten, Vorgesetzte, Analysten, Administratoren, usw.<\/div><\/div><\/div><div class=\"faq-item\" data-faq-item=\"5\"><div class=\"faq-item__header\"><button class=\"faq-item__question\" aria-expanded=\"false\" aria-controls=\"faq-item-5\"><h3 class=\"faq-item__question-text\">Wie oft kann ich meinen Zahlungsplan \u00e4ndern?<\/h3><span class=\"faq-item__icon\" aria-hidden=\"true\"><\/span><\/button><\/div><div class=\"faq-item__content\" id=\"faq-item-5\"><div class=\"faq-item__answer\">Pl\u00e4ne mit j\u00e4hrlicher Abrechnung k\u00f6nnen nur zu h\u00f6heren Pl\u00e4nen upgegraded werden (z.B. von dem Essential- zu dem Expert-Plan). Es ist nicht m\u00f6glich, bei j\u00e4hrlicher Bezahlung downzugraden.<\/div><\/div><\/div><div class=\"faq-item\" data-faq-item=\"6\"><div class=\"faq-item__header\"><button class=\"faq-item__question\" aria-expanded=\"false\" aria-controls=\"faq-item-6\"><h3 class=\"faq-item__question-text\">Wie kann ich CloudTalk sonst noch nutzen?<\/h3><span class=\"faq-item__icon\" aria-hidden=\"true\"><\/span><\/button><\/div><div class=\"faq-item__content\" id=\"faq-item-6\"><div class=\"faq-item__answer\">CloudTalk kann auf viele verschiedene Arten eingesetzt werden: f\u00fcr den Kundensupport, als Kontakt-Center oder einfach als virtuelles All-in-One-Telefonsystem. Unsere L\u00f6sung eignet sich auch hervorragend f\u00fcr Unternehmen, die gleichzeitig verschiedene E-Commerce-Plattformen betreiben, denn die M\u00f6glichkeit, getrennte Kundensupportkan\u00e4le einzurichten, kann den entscheidenden Unterschied ausmachen.<\/div><\/div><\/div><div class=\"faq-item\" data-faq-item=\"7\"><div class=\"faq-item__header\"><button class=\"faq-item__question\" aria-expanded=\"false\" aria-controls=\"faq-item-7\"><h3 class=\"faq-item__question-text\">Wie sieht es mit der Datensicherheit aus?<\/h3><span class=\"faq-item__icon\" aria-hidden=\"true\"><\/span><\/button><\/div><div class=\"faq-item__content\" id=\"faq-item-7\"><div class=\"faq-item__answer\">Die Sicherheit Ihrer Daten ist unsere h\u00f6chste Priorit\u00e4t. CloudTalk ist nach ISO 27001:2013 und PCI-DSS zertifiziert. CloudTalk nutzt Drittanbieter-Datenzentren mit Zertifizierungen nach Industriestandard (Stufe III+ oder IV, ISO 27001, PCI-DSS).   Alle Einrichtungen umfassen einen physischen Schutz. Die Interface ist \u00fcber eine verschl\u00fcsselte SSL-Verbindung zug\u00e4nglich. Weitere Informationen finden Sie auf unserer speziellen <a href=\"https:\/\/test-staging.cloudtalk.io\/de\/sicherheit-cloudtalk\/\">Sicherheitsseite<\/a>.<\/div><\/div><\/div><\/div><div class=\"faq-block__cta\"><div class=\"faq-block__cta-image\"><img decoding=\"async\" src=\"https:\/\/test-staging.cloudtalk.io\/wp-content\/uploads\/2025\/11\/Avatar-group.png\" alt=\"CTA image\" \/><\/div><div class=\"faq-block__cta-content\"><h3 class=\"faq-block__cta-title\">Haben Sie noch Fragen?<\/h3><p class=\"faq-block__cta-description\">Sie k\u00f6nnen die Antwort nicht finden, die Sie suchen? Bitte sprechen Sie mit unserem freundlichen Team. <\/p><div class=\"faq-block__cta-button\"><a href=\"\/de\/demo-vereinbaren\/\" class=\"btn btn-secondary\">Sprechen Sie mit uns<\/a><\/div><\/div><\/div><\/div><\/div>","protected":false},"excerpt":{"rendered":"","protected":false},"author":37,"featured_media":0,"parent":0,"menu_order":0,"comment_status":"closed","ping_status":"closed","template":"page-templates\/ct-evo-us_number_page.php","meta":{"_acf_changed":false,"inline_featured_image":false,"footnotes":""},"ct-post-type":[],"class_list":["post-69661","page","type-page","status-publish","hentry"],"acf":[],"_links":{"self":[{"href":"https:\/\/test-staging.cloudtalk.io\/de\/wp-json\/wp\/v2\/pages\/69661","targetHints":{"allow":["GET"]}}],"collection":[{"href":"https:\/\/test-staging.cloudtalk.io\/de\/wp-json\/wp\/v2\/pages"}],"about":[{"href":"https:\/\/test-staging.cloudtalk.io\/de\/wp-json\/wp\/v2\/types\/page"}],"author":[{"embeddable":true,"href":"https:\/\/test-staging.cloudtalk.io\/de\/wp-json\/wp\/v2\/users\/37"}],"replies":[{"embeddable":true,"href":"https:\/\/test-staging.cloudtalk.io\/de\/wp-json\/wp\/v2\/comments?post=69661"}],"version-history":[{"count":0,"href":"https:\/\/test-staging.cloudtalk.io\/de\/wp-json\/wp\/v2\/pages\/69661\/revisions"}],"wp:attachment":[{"href":"https:\/\/test-staging.cloudtalk.io\/de\/wp-json\/wp\/v2\/media?parent=69661"}],"wp:term":[{"taxonomy":"ct-post-type","embeddable":true,"href":"https:\/\/test-staging.cloudtalk.io\/de\/wp-json\/wp\/v2\/ct-post-type?post=69661"}],"curies":[{"name":"wp","href":"https:\/\/api.w.org\/{rel}","templated":true}]}}