{"id":59087,"date":"2021-12-14T17:26:54","date_gmt":"2021-12-14T15:26:54","guid":{"rendered":"https:\/\/staging.cloudtalk.io\/callcenter-download\/"},"modified":"2025-10-03T18:13:47","modified_gmt":"2025-10-03T16:13:47","slug":"download-app","status":"publish","type":"page","link":"https:\/\/test-staging.cloudtalk.io\/de\/callcenter-download\/","title":{"rendered":"Callcenter-Download"},"content":{"rendered":"\n<div class=\"wp-block-group apps-top-section-group\"><div class=\"wp-block-group__inner-container is-layout-constrained wp-block-group-is-layout-constrained\">\n<div class=\"wp-block-group container-fluid\"><div class=\"wp-block-group__inner-container is-layout-constrained wp-block-group-is-layout-constrained\">\n<div class=\"wp-block-columns is-layout-flex wp-container-core-columns-is-layout-9d6595d7 wp-block-columns-is-layout-flex\">\n<div class=\"wp-block-column is-vertically-aligned-center is-layout-flow wp-block-column-is-layout-flow\">\n<p class=\"caption\">APP Noch Heute Herunterladen<\/p>\n\n\n\n<h1 class=\"wp-block-heading\">Callcenter-Apps<\/h1>\n\n\n\n<p>Entscheiden Sie selbst, wie Sie das Contact Center von CloudTalk nutzen m\u00f6chten. CloudTalk bietet Ihnen alle notwendigen Anwendungen, so dass Sie w\u00e4hlen k\u00f6nnen, welche f\u00fcr Ihr Unternehmen am besten geeignet sind. <\/p>\n<\/div>\n\n\n\n<div class=\"wp-block-column is-layout-flow wp-block-column-is-layout-flow\">\n<div class=\"wp-block-group apps-group\"><div class=\"wp-block-group__inner-container is-layout-constrained wp-block-group-is-layout-constrained\">\n<p>App w\u00e4hlen<\/p>\n\n\n\n<div class=\"wp-block-ct-evo-hyperlink-group\"><a class=\"wp-block-hyperlink\" href=\"#cloudtalk-desktop-phone\">\n<div class=\"wp-block-columns is-layout-flex wp-container-core-columns-is-layout-9d6595d7 wp-block-columns-is-layout-flex\">\n<div class=\"wp-block-column is-layout-flow wp-block-column-is-layout-flow\">\n<figure class=\"wp-block-image size-large\"><img loading=\"lazy\" decoding=\"async\" width=\"40\" height=\"40\" src=\"https:\/\/test-staging.cloudtalk.io\/wp-content\/uploads\/2024\/03\/icon-desktop-phone-dp-letters.svg\" alt=\"\" class=\"wp-image-204834\"\/><\/figure>\n<\/div>\n\n\n\n<div class=\"wp-block-column is-layout-flow wp-block-column-is-layout-flow\">\n<p>CloudTalk<br>Desktop Phone<\/p>\n<\/div>\n<\/div>\n<\/a><\/div>\n\n\n\n<div class=\"wp-block-ct-evo-hyperlink-group\"><a class=\"wp-block-hyperlink\" href=\"#cloudtalk-dashboard\">\n<div class=\"wp-block-columns is-layout-flex wp-container-core-columns-is-layout-9d6595d7 wp-block-columns-is-layout-flex\">\n<div class=\"wp-block-column is-layout-flow wp-block-column-is-layout-flow\">\n<figure class=\"wp-block-image size-large\"><img loading=\"lazy\" decoding=\"async\" width=\"40\" height=\"40\" src=\"https:\/\/test-staging.cloudtalk.io\/wp-content\/uploads\/2024\/03\/icon-dashboard-db-letters.svg\" alt=\"\" class=\"wp-image-204847\"\/><\/figure>\n<\/div>\n\n\n\n<div class=\"wp-block-column is-layout-flow wp-block-column-is-layout-flow\">\n<p>CloudTalk<br>Dashboard<\/p>\n<\/div>\n<\/div>\n<\/a><\/div>\n\n\n\n<div class=\"wp-block-ct-evo-hyperlink-group\"><a class=\"wp-block-hyperlink\" href=\"#cloudtalk-mobile-app\">\n<div class=\"wp-block-columns is-layout-flex wp-container-core-columns-is-layout-9d6595d7 wp-block-columns-is-layout-flex\">\n<div class=\"wp-block-column is-layout-flow wp-block-column-is-layout-flow\">\n<figure class=\"wp-block-image size-large\"><img loading=\"lazy\" decoding=\"async\" width=\"40\" height=\"40\" src=\"https:\/\/test-staging.cloudtalk.io\/wp-content\/uploads\/2024\/03\/icon-mobile-app-ma-letters.svg\" alt=\"\" class=\"wp-image-204860\"\/><\/figure>\n<\/div>\n\n\n\n<div class=\"wp-block-column is-layout-flow wp-block-column-is-layout-flow\">\n<p>CloudTalk<br>Mobile Anwendung<\/p>\n<\/div>\n<\/div>\n<\/a><\/div>\n<\/div><\/div>\n<\/div>\n<\/div>\n<\/div><\/div>\n<\/div><\/div>\n\n\n\n<div class=\"wp-block-group container-fluid apps-image-text\"><div class=\"wp-block-group__inner-container is-layout-constrained wp-block-group-is-layout-constrained\">\n<div class=\"wp-block-columns apps-image-text-single is-layout-flex wp-container-core-columns-is-layout-9d6595d7 wp-block-columns-is-layout-flex\" id=\"cloudtalk-desktop-phone\">\n<div class=\"wp-block-column is-layout-flow wp-block-column-is-layout-flow\">\n<figure class=\"wp-block-image size-large\"><img loading=\"lazy\" decoding=\"async\" width=\"1024\" height=\"671\" src=\"https:\/\/test-staging.cloudtalk.io\/wp-content\/uploads\/2024\/03\/illustration-cloudtalk-pohne-desktop-man-work-1024x671.png\" alt=\"\" class=\"wp-image-204912\" srcset=\"https:\/\/test-staging.cloudtalk.io\/wp-content\/uploads\/2024\/03\/illustration-cloudtalk-pohne-desktop-man-work-1024x671.png 1024w, https:\/\/test-staging.cloudtalk.io\/wp-content\/uploads\/2024\/03\/illustration-cloudtalk-pohne-desktop-man-work-300x197.png 300w, https:\/\/test-staging.cloudtalk.io\/wp-content\/uploads\/2024\/03\/illustration-cloudtalk-pohne-desktop-man-work-768x503.png 768w, https:\/\/test-staging.cloudtalk.io\/wp-content\/uploads\/2024\/03\/illustration-cloudtalk-pohne-desktop-man-work-1132x742.png 1132w, https:\/\/test-staging.cloudtalk.io\/wp-content\/uploads\/2024\/03\/illustration-cloudtalk-pohne-desktop-man-work-653x428.png 653w, https:\/\/test-staging.cloudtalk.io\/wp-content\/uploads\/2024\/03\/illustration-cloudtalk-pohne-desktop-man-work-424x278.png 424w, https:\/\/test-staging.cloudtalk.io\/wp-content\/uploads\/2024\/03\/illustration-cloudtalk-pohne-desktop-man-work-172x113.png 172w, https:\/\/test-staging.cloudtalk.io\/wp-content\/uploads\/2024\/03\/illustration-cloudtalk-pohne-desktop-man-work-88x58.png 88w, https:\/\/test-staging.cloudtalk.io\/wp-content\/uploads\/2024\/03\/illustration-cloudtalk-pohne-desktop-man-work.png 1294w\" sizes=\"auto, (max-width: 1024px) 100vw, 1024px\" \/><\/figure>\n<\/div>\n\n\n\n<div class=\"wp-block-column is-layout-flow wp-block-column-is-layout-flow\">\n<h2 class=\"wp-block-heading get-cloudtalk-phone-app\">Holen Sie sich CloudTalk Phone<br>App f\u00fcr Ihren <strong>Windows<\/strong><\/h2>\n\n\n\n<p>F\u00fchren und empfangen Sie Anrufe mit unserer praktischen Desktop-App. CloudTalk Apps vereinfacht die Kommunikation mit Ihren Kunden, damit Sie sich auf Ihr Gesch\u00e4ft konzentrieren k\u00f6nnen. Machen Sie Ihr Contact Center effizienter und produktiver.  <\/p>\n\n\n\n<p>Laden Sie sich die kostenlose CloudTalk-App herunter und optimieren Sie Ihre Contact Center-Aktivit\u00e4ten.<\/p>\n\n\n\n<div class=\"wp-block-group download-phone-app\"><div class=\"wp-block-group__inner-container is-layout-constrained wp-block-group-is-layout-constrained\">\n<div class=\"wp-block-buttons is-layout-flex wp-block-buttons-is-layout-flex\">\n<div class=\"wp-block-button download-app-button btn-regular\"><a class=\"wp-block-button__link has-white-color has-orange-background-color has-text-color has-background wp-element-button\" href=\"https:\/\/test-staging.cloudtalk.io\/download\/win\/\" style=\"border-radius:3px\">Herunterladen<\/a><\/div>\n<\/div>\n\n\n\n<p class=\"has-text-align-left tip\">Looking for the&nbsp;<a href=\"https:\/\/test-staging.cloudtalk.io\/download\/win\/\"><strong>Windows<\/strong><\/a>,&nbsp;<a href=\"https:\/\/test-staging.cloudtalk.io\/download\/mac\/\" data-type=\"link\" data-id=\"https:\/\/cloudtalk-phone-distribution.s3.amazonaws.com\/CloudTalk-Phone-3.2.7-mac.dmg\"><strong>Mac<\/strong><\/a>,&nbsp;<a href=\"https:\/\/test-staging.cloudtalk.io\/download\/linux\/\" data-type=\"link\" data-id=\"https:\/\/test-staging.cloudtalk.io\/wp-content\/themes\/cloudtalk\/download-app\/download-app.php\"><strong>Linux<\/strong><\/a>&nbsp;or&nbsp;<a href=\"https:\/\/phone.cloudtalk.io\/\" target=\"_blank\" rel=\"noreferrer noopener\"><strong>Web<\/strong><\/a>&nbsp;apps?<\/p>\n<\/div><\/div>\n<\/div>\n<\/div>\n\n\n\n<div class=\"wp-block-columns apps-image-text-single is-layout-flex wp-container-core-columns-is-layout-9d6595d7 wp-block-columns-is-layout-flex\" id=\"cloudtalk-dashboard\">\n<div class=\"wp-block-column is-layout-flow wp-block-column-is-layout-flow\">\n<h2 class=\"wp-block-heading\">CloudTalk Dashboard<\/h2>\n\n\n\n<p>Richten Sie Ihr Kontakt-Center in nur 5 Minuten problemlos \u00fcber einen Webbrowser ein. Integrieren Sie das System m\u00fchelos in bereits vorhandene Tools. Verwalten Sie alle Nummern, Agenten, Anrufweiterleitungen und andere intelligente Funktionen an einem Ort. Bieten Sie Ihren Kunden einen au\u00dfergew\u00f6hnlichen Support.   <\/p>\n\n\n\n<div class=\"wp-block-buttons is-layout-flex wp-block-buttons-is-layout-flex\">\n<div class=\"wp-block-button btn-regular\"><a class=\"wp-block-button__link wp-element-button\" href=\"https:\/\/test-staging.cloudtalk.io\/de\/14-taegige-kostenlose-cloudtalk-probephase\/\">Kostenlos ausprobieren<\/a><\/div>\n\n\n\n<div class=\"wp-block-button is-style-ghost btn-regular\"><a class=\"wp-block-button__link wp-element-button\" href=\"https:\/\/test-staging.cloudtalk.io\/de\/funktionen\/\">Mehr \u00fcber Funktionen<\/a><\/div>\n<\/div>\n<\/div>\n\n\n\n<div class=\"wp-block-column is-layout-flow wp-block-column-is-layout-flow\">\n<figure class=\"wp-block-image size-large\"><img loading=\"lazy\" decoding=\"async\" width=\"1024\" height=\"671\" src=\"https:\/\/test-staging.cloudtalk.io\/wp-content\/uploads\/2024\/03\/illustartion-cloudtalk-dashboard-woman-work-1024x671.png\" alt=\"\" class=\"wp-image-204925\" srcset=\"https:\/\/test-staging.cloudtalk.io\/wp-content\/uploads\/2024\/03\/illustartion-cloudtalk-dashboard-woman-work-1024x671.png 1024w, https:\/\/test-staging.cloudtalk.io\/wp-content\/uploads\/2024\/03\/illustartion-cloudtalk-dashboard-woman-work-300x197.png 300w, https:\/\/test-staging.cloudtalk.io\/wp-content\/uploads\/2024\/03\/illustartion-cloudtalk-dashboard-woman-work-768x503.png 768w, https:\/\/test-staging.cloudtalk.io\/wp-content\/uploads\/2024\/03\/illustartion-cloudtalk-dashboard-woman-work-1132x742.png 1132w, https:\/\/test-staging.cloudtalk.io\/wp-content\/uploads\/2024\/03\/illustartion-cloudtalk-dashboard-woman-work-653x428.png 653w, https:\/\/test-staging.cloudtalk.io\/wp-content\/uploads\/2024\/03\/illustartion-cloudtalk-dashboard-woman-work-424x278.png 424w, https:\/\/test-staging.cloudtalk.io\/wp-content\/uploads\/2024\/03\/illustartion-cloudtalk-dashboard-woman-work-172x113.png 172w, https:\/\/test-staging.cloudtalk.io\/wp-content\/uploads\/2024\/03\/illustartion-cloudtalk-dashboard-woman-work-88x58.png 88w, https:\/\/test-staging.cloudtalk.io\/wp-content\/uploads\/2024\/03\/illustartion-cloudtalk-dashboard-woman-work.png 1294w\" sizes=\"auto, (max-width: 1024px) 100vw, 1024px\" \/><\/figure>\n<\/div>\n<\/div>\n\n\n\n<div class=\"wp-block-columns apps-image-text-single is-layout-flex wp-container-core-columns-is-layout-9d6595d7 wp-block-columns-is-layout-flex\" id=\"cloudtalk-mobile-app\">\n<div class=\"wp-block-column is-layout-flow wp-block-column-is-layout-flow\">\n<figure class=\"wp-block-image size-large\"><img loading=\"lazy\" decoding=\"async\" width=\"1024\" height=\"671\" src=\"https:\/\/test-staging.cloudtalk.io\/wp-content\/uploads\/2024\/03\/illustration-cloudtalk-go-mobile-app-man-work-1024x671.png\" alt=\"\" class=\"wp-image-204873\" srcset=\"https:\/\/test-staging.cloudtalk.io\/wp-content\/uploads\/2024\/03\/illustration-cloudtalk-go-mobile-app-man-work-1024x671.png 1024w, https:\/\/test-staging.cloudtalk.io\/wp-content\/uploads\/2024\/03\/illustration-cloudtalk-go-mobile-app-man-work-300x197.png 300w, https:\/\/test-staging.cloudtalk.io\/wp-content\/uploads\/2024\/03\/illustration-cloudtalk-go-mobile-app-man-work-768x503.png 768w, https:\/\/test-staging.cloudtalk.io\/wp-content\/uploads\/2024\/03\/illustration-cloudtalk-go-mobile-app-man-work-1132x742.png 1132w, https:\/\/test-staging.cloudtalk.io\/wp-content\/uploads\/2024\/03\/illustration-cloudtalk-go-mobile-app-man-work-653x428.png 653w, https:\/\/test-staging.cloudtalk.io\/wp-content\/uploads\/2024\/03\/illustration-cloudtalk-go-mobile-app-man-work-424x278.png 424w, https:\/\/test-staging.cloudtalk.io\/wp-content\/uploads\/2024\/03\/illustration-cloudtalk-go-mobile-app-man-work-172x113.png 172w, https:\/\/test-staging.cloudtalk.io\/wp-content\/uploads\/2024\/03\/illustration-cloudtalk-go-mobile-app-man-work-88x58.png 88w, https:\/\/test-staging.cloudtalk.io\/wp-content\/uploads\/2024\/03\/illustration-cloudtalk-go-mobile-app-man-work.png 1294w\" sizes=\"auto, (max-width: 1024px) 100vw, 1024px\" \/><\/figure>\n<\/div>\n\n\n\n<div class=\"wp-block-column is-layout-flow wp-block-column-is-layout-flow\">\n<h2 class=\"wp-block-heading\">CloudTalk Go<br>mobile app<\/h2>\n\n\n\n<p>Bleiben Sie auch von unterwegs mit Ihren Kunden in Verbindung. Mit CloudTalk Go haben Sie ein erstklassiges internationales Callcenter in Ihrer Tasche. Bearbeiten Sie Anrufe und t\u00e4tigen Sie Gesch\u00e4fte jederzeit und \u00fcberall. Sowohl die iOS- als auch die Android-App k\u00f6nnen Sie hier herunterladen.   <\/p>\n\n\n\n<div class=\"wp-block-columns download-buttons is-layout-flex wp-container-core-columns-is-layout-9d6595d7 wp-block-columns-is-layout-flex\">\n<div class=\"wp-block-column is-layout-flow wp-block-column-is-layout-flow\">\n<figure class=\"wp-block-image size-full is-resized\"><a href=\"https:\/\/apps.apple.com\/sk\/app\/cloudtalk-go-business-phone\/id1459369621\" target=\"_blank\" rel=\"noopener\"><img loading=\"lazy\" decoding=\"async\" width=\"299\" height=\"88\" src=\"https:\/\/test-staging.cloudtalk.io\/wp-content\/uploads\/2024\/03\/button-cta-app-store-appstore-download.png\" alt=\"\" class=\"wp-image-204899\" style=\"width:185px;height:auto\" srcset=\"https:\/\/test-staging.cloudtalk.io\/wp-content\/uploads\/2024\/03\/button-cta-app-store-appstore-download.png 299w, https:\/\/test-staging.cloudtalk.io\/wp-content\/uploads\/2024\/03\/button-cta-app-store-appstore-download-200x59.png 200w, https:\/\/test-staging.cloudtalk.io\/wp-content\/uploads\/2024\/03\/button-cta-app-store-appstore-download-88x26.png 88w\" sizes=\"auto, (max-width: 299px) 100vw, 299px\" \/><\/a><\/figure>\n<\/div>\n\n\n\n<div class=\"wp-block-column is-layout-flow wp-block-column-is-layout-flow\">\n<figure class=\"wp-block-image size-full\"><a href=\"https:\/\/play.google.com\/store\/download-app\/details?id=io.cloudtalk.go\" target=\"_blank\" rel=\"noopener\"><img loading=\"lazy\" decoding=\"async\" width=\"299\" height=\"88\" src=\"https:\/\/test-staging.cloudtalk.io\/wp-content\/uploads\/2024\/03\/button-cta-google-play-get-it.png\" alt=\"\" class=\"wp-image-204886\" srcset=\"https:\/\/test-staging.cloudtalk.io\/wp-content\/uploads\/2024\/03\/button-cta-google-play-get-it.png 299w, https:\/\/test-staging.cloudtalk.io\/wp-content\/uploads\/2024\/03\/button-cta-google-play-get-it-200x59.png 200w, https:\/\/test-staging.cloudtalk.io\/wp-content\/uploads\/2024\/03\/button-cta-google-play-get-it-88x26.png 88w\" sizes=\"auto, (max-width: 299px) 100vw, 299px\" \/><\/a><\/figure>\n<\/div>\n<\/div>\n<\/div>\n<\/div>\n<\/div><\/div>\n\n\n\n<div class=\"wp-block-cover cloudtalk-cta\"><img loading=\"lazy\" decoding=\"async\" width=\"1768\" height=\"444\" class=\"wp-block-cover__image-background wp-image-180291\" alt=\"\" src=\"https:\/\/test-staging.cloudtalk.io\/wp-content\/uploads\/2023\/08\/cs-cta-background.svg\" data-object-fit=\"cover\"\/><span aria-hidden=\"true\" class=\"wp-block-cover__background has-background-dim-0 has-background-dim\"><\/span><div class=\"wp-block-cover__inner-container is-layout-flow wp-block-cover-is-layout-flow\">\n<h2 class=\"wp-block-heading has-text-align-center has-white-color has-text-color\">CloudTalk ist eine datengesteuerte L\u00f6sung f\u00fcr ein herausragendes Nutzererlebnis und Intelligenz ist ein wichtiger Bestandteil davon.<\/h2>\n\n\n\n<p class=\"has-text-align-center has-white-color has-text-color\">Vereinbaren Sie noch heute einen Termin f\u00fcr eine Demo und \u00fcberzeugen Sie sich selbst.<\/p>\n\n\n\n<div class=\"wp-block-buttons is-content-justification-center is-layout-flex wp-container-core-buttons-is-layout-16018d1d wp-block-buttons-is-layout-flex\">\n<div class=\"wp-block-button btn-regular\"><a class=\"wp-block-button__link wp-element-button\" href=\"https:\/\/test-staging.cloudtalk.io\/de\/demo-vereinbaren\/\">Demo vereinbaren<\/a><\/div>\n<\/div>\n<\/div><\/div>\n","protected":false},"excerpt":{"rendered":"<p>APP Noch Heute Herunterladen Callcenter-Apps Entscheiden Sie selbst, wie Sie das Contact Center von CloudTalk nutzen m\u00f6chten. CloudTalk bietet Ihnen alle notwendigen Anwendungen, so dass Sie w\u00e4hlen k\u00f6nnen, welche f\u00fcr Ihr Unternehmen am besten geeignet sind. App w\u00e4hlen Holen Sie sich CloudTalk PhoneApp f\u00fcr Ihren Windows F\u00fchren und empfangen Sie Anrufe mit unserer praktischen Desktop-App. [&hellip;]<\/p>\n","protected":false},"author":37,"featured_media":0,"parent":0,"menu_order":0,"comment_status":"closed","ping_status":"closed","template":"page-templates\/ct-evo-apps.php","meta":{"_acf_changed":false,"inline_featured_image":false,"footnotes":""},"ct-post-type":[],"class_list":["post-59087","page","type-page","status-publish","hentry"],"acf":[],"_links":{"self":[{"href":"https:\/\/test-staging.cloudtalk.io\/de\/wp-json\/wp\/v2\/pages\/59087","targetHints":{"allow":["GET"]}}],"collection":[{"href":"https:\/\/test-staging.cloudtalk.io\/de\/wp-json\/wp\/v2\/pages"}],"about":[{"href":"https:\/\/test-staging.cloudtalk.io\/de\/wp-json\/wp\/v2\/types\/page"}],"author":[{"embeddable":true,"href":"https:\/\/test-staging.cloudtalk.io\/de\/wp-json\/wp\/v2\/users\/37"}],"replies":[{"embeddable":true,"href":"https:\/\/test-staging.cloudtalk.io\/de\/wp-json\/wp\/v2\/comments?post=59087"}],"version-history":[{"count":0,"href":"https:\/\/test-staging.cloudtalk.io\/de\/wp-json\/wp\/v2\/pages\/59087\/revisions"}],"wp:attachment":[{"href":"https:\/\/test-staging.cloudtalk.io\/de\/wp-json\/wp\/v2\/media?parent=59087"}],"wp:term":[{"taxonomy":"ct-post-type","embeddable":true,"href":"https:\/\/test-staging.cloudtalk.io\/de\/wp-json\/wp\/v2\/ct-post-type?post=59087"}],"curies":[{"name":"wp","href":"https:\/\/api.w.org\/{rel}","templated":true}]}}