{"id":298169,"date":"2025-06-10T10:53:05","date_gmt":"2025-06-10T08:53:05","guid":{"rendered":"https:\/\/staging.cloudtalk.io\/xverify-integration-fuer-eine-intelligentere-anrufueberpruefung\/"},"modified":"2025-06-10T10:53:05","modified_gmt":"2025-06-10T08:53:05","slug":"xverify-integration-fuer-eine-intelligentere-anrufueberpruefung","status":"publish","type":"page","link":"https:\/\/test-staging.cloudtalk.io\/de\/xverify-integration-fuer-eine-intelligentere-anrufueberpruefung\/","title":{"rendered":"Xverify-Integration f\u00fcr eine intelligentere Anruf\u00fcberpr\u00fcfung"},"content":{"rendered":"","protected":false},"excerpt":{"rendered":"","protected":false},"author":131,"featured_media":0,"parent":0,"menu_order":0,"comment_status":"closed","ping_status":"closed","template":"page-templates\/ct-evo-integration-new.php","meta":{"_acf_changed":false,"inline_featured_image":false,"footnotes":""},"ct-post-type":[],"class_list":["post-298169","page","type-page","status-publish","hentry"],"acf":[],"_links":{"self":[{"href":"https:\/\/test-staging.cloudtalk.io\/de\/wp-json\/wp\/v2\/pages\/298169","targetHints":{"allow":["GET"]}}],"collection":[{"href":"https:\/\/test-staging.cloudtalk.io\/de\/wp-json\/wp\/v2\/pages"}],"about":[{"href":"https:\/\/test-staging.cloudtalk.io\/de\/wp-json\/wp\/v2\/types\/page"}],"author":[{"embeddable":true,"href":"https:\/\/test-staging.cloudtalk.io\/de\/wp-json\/wp\/v2\/users\/131"}],"replies":[{"embeddable":true,"href":"https:\/\/test-staging.cloudtalk.io\/de\/wp-json\/wp\/v2\/comments?post=298169"}],"version-history":[{"count":0,"href":"https:\/\/test-staging.cloudtalk.io\/de\/wp-json\/wp\/v2\/pages\/298169\/revisions"}],"wp:attachment":[{"href":"https:\/\/test-staging.cloudtalk.io\/de\/wp-json\/wp\/v2\/media?parent=298169"}],"wp:term":[{"taxonomy":"ct-post-type","embeddable":true,"href":"https:\/\/test-staging.cloudtalk.io\/de\/wp-json\/wp\/v2\/ct-post-type?post=298169"}],"curies":[{"name":"wp","href":"https:\/\/api.w.org\/{rel}","templated":true}]}}