{"id":140856,"date":"2021-12-13T18:03:38","date_gmt":"2021-12-13T16:03:38","guid":{"rendered":"https:\/\/staging.cloudtalk.io\/%d8%a7%d8%aa%d8%b5%d9%84-%d8%a8%d9%86%d8%a7\/"},"modified":"2025-09-26T19:09:16","modified_gmt":"2025-09-26T17:09:16","slug":"contact","status":"publish","type":"page","link":"https:\/\/test-staging.cloudtalk.io\/ar\/%D8%A7%D8%AA%D8%B5%D9%84-%D8%A8%D9%86%D8%A7\/","title":{"rendered":"\u0627\u062a\u0635\u0644 \u0628\u0646\u0627"},"content":{"rendered":"\n<div class=\"wp-block-group contact-top-section-group\"><div class=\"wp-block-group__inner-container is-layout-constrained wp-block-group-is-layout-constrained\">\n<div class=\"wp-block-group container-fluid\"><div class=\"wp-block-group__inner-container is-layout-constrained wp-block-group-is-layout-constrained\">\n<div class=\"wp-block-columns is-layout-flex wp-container-core-columns-is-layout-9d6595d7 wp-block-columns-is-layout-flex\">\n<div class=\"wp-block-column is-vertically-aligned-center is-layout-flow wp-block-column-is-layout-flow\">\n<p class=\"caption\">\u0627\u062a\u0635\u0644 \u0628\u0646\u0627<\/p>\n\n\n\n<h1 class=\"wp-block-heading\">\u062c\u0645\u064a\u0639 \u062c\u0647\u0627\u062a \u0627\u0644\u0627\u062a\u0635\u0627\u0644<br\/>\u0641\u064a \u0645\u0643\u0627\u0646 \u0648\u0627\u062d\u062f <\/h1>\n\n\n\n<p>\u062a\u0648\u0627\u0635\u0644 \u0645\u0639\u0646\u0627 \u0648\u0627\u0633\u0623\u0644\u0646\u0627 \u0639\u0646 \u0623\u064a \u0634\u064a\u0621. \u0627\u0644\u0641\u0631\u0642 \u0628\u064a\u0646 \u0645\u0633\u0643 \u0627\u0644\u062f\u0641\u0627\u062a\u0631 \u0648\u0627\u0644\u0645\u062d\u0627\u0633\u0628\u0629\u060c \u0647\u0644 \u064a\u0645\u0643\u0646\u0643 \u062a\u0623\u0633\u064a\u0633 \u0634\u0631\u0643\u0629 \u0645\u0646 \u0645\u062f\u063a\u0634\u0642\u0631\u060c \u0645\u0627 \u0647\u064a \u0623\u062f\u0628\u064a\u0627\u062a \u0627\u0644\u0639\u0645\u0644 \u0627\u0644\u062a\u064a \u064a\u0641\u0636\u0644\u0647\u0627 \u0631\u0626\u064a\u0633\u0646\u0627 \u0627\u0644\u062a\u0646\u0641\u064a\u0630\u064a &#8211; \u0646\u062c\u064a\u0628 \u0639\u0644\u0649 \u0643\u0644 \u0630\u0644\u0643. <\/p>\n<\/div>\n\n\n\n<div class=\"wp-block-column is-layout-flow wp-block-column-is-layout-flow\">\n<div class=\"wp-block-group contact-form-group\"><div class=\"wp-block-group__inner-container is-layout-constrained wp-block-group-is-layout-constrained\">\n<p>\u0623\u0631\u0633\u0644 \u0644\u0646\u0627 \u0631\u0633\u0627\u0644\u0629<\/p>\n\n\n\n<!--[if lte IE 8]>\n<script charset=\"utf-8\" type=\"text\/javascript\" src=\"\/\/js.hsforms.net\/forms\/v2-legacy.js\"><\/script>\n<![endif]-->\n<script charset=\"utf-8\" type=\"text\/javascript\" src=\"\/\/js.hsforms.net\/forms\/v2.js\"><\/script>\n<script>\n  hbspt.forms.create({\n\tregion: \"na1\",\n\tportalId: \"6195055\",\n\tformId: \"1916e758-245f-409a-a0bf-64525e178972\",\n        onFormSubmit: function (form)\n                {\n window.dataLayer = window.dataLayer || [];\n                  dataLayer.push({'event': 'contactSubmit', 'email': form.find(\"[name=email]\").val()});\n                }\n});\n<\/script>\n<\/div><\/div>\n<\/div>\n<\/div>\n<\/div><\/div>\n<\/div><\/div>\n\n<div class=\"wp-block-group contact-offices\"><div class=\"wp-block-group__inner-container is-layout-constrained wp-block-group-is-layout-constrained\">\n<div class=\"wp-block-group container-fluid\"><div class=\"wp-block-group__inner-container is-layout-constrained wp-block-group-is-layout-constrained\">\n<div class=\"wp-block-columns is-layout-flex wp-container-core-columns-is-layout-9d6595d7 wp-block-columns-is-layout-flex\">\n<div class=\"wp-block-column is-layout-flow wp-block-column-is-layout-flow\">\n<figure class=\"wp-block-image size-large\"><img loading=\"lazy\" decoding=\"async\" width=\"1024\" height=\"512\" src=\"https:\/\/test-staging.cloudtalk.io\/wp-content\/uploads\/2024\/06\/globe-offices-and-representatives-contact-1024x512.png\" alt=\"\" class=\"wp-image-217493\" srcset=\"https:\/\/test-staging.cloudtalk.io\/wp-content\/uploads\/2024\/06\/globe-offices-and-representatives-contact-1024x512.png 1024w, https:\/\/test-staging.cloudtalk.io\/wp-content\/uploads\/2024\/06\/globe-offices-and-representatives-contact-300x150.png 300w, https:\/\/test-staging.cloudtalk.io\/wp-content\/uploads\/2024\/06\/globe-offices-and-representatives-contact-768x384.png 768w, https:\/\/test-staging.cloudtalk.io\/wp-content\/uploads\/2024\/06\/globe-offices-and-representatives-contact-1536x768.png 1536w, https:\/\/test-staging.cloudtalk.io\/wp-content\/uploads\/2024\/06\/globe-offices-and-representatives-contact-1320x660.png 1320w, https:\/\/test-staging.cloudtalk.io\/wp-content\/uploads\/2024\/06\/globe-offices-and-representatives-contact-760x380.png 760w, https:\/\/test-staging.cloudtalk.io\/wp-content\/uploads\/2024\/06\/globe-offices-and-representatives-contact-424x212.png 424w, https:\/\/test-staging.cloudtalk.io\/wp-content\/uploads\/2024\/06\/globe-offices-and-representatives-contact-200x100.png 200w, https:\/\/test-staging.cloudtalk.io\/wp-content\/uploads\/2024\/06\/globe-offices-and-representatives-contact-88x44.png 88w, https:\/\/test-staging.cloudtalk.io\/wp-content\/uploads\/2024\/06\/globe-offices-and-representatives-contact.png 1740w\" sizes=\"auto, (max-width: 1024px) 100vw, 1024px\" \/><\/figure>\n<\/div>\n\n\n\n<div class=\"wp-block-column is-layout-flow wp-block-column-is-layout-flow\">\n<h2 class=\"wp-block-heading\">\u0627\u0644\u0645\u0643\u0627\u062a\u0628<br\/> \u0648\u0627\u0644\u0646\u0648\u0627\u0628<\/h2>\n\n\n\n<div class=\"wp-block-columns is-layout-flex wp-container-core-columns-is-layout-9d6595d7 wp-block-columns-is-layout-flex\">\n<div class=\"wp-block-column is-layout-flow wp-block-column-is-layout-flow\">\n<ul class=\"wp-block-list offices-list-first\">\n<li><span>\u062a\u0648\u0631\u0648\u0646\u062a\u0648\u060c \u0643\u0646\u062f\u0627<\/span>\n<div class=\"wp-block-group ct-tooltip\"><div class=\"wp-block-group__inner-container is-layout-constrained wp-block-group-is-layout-constrained\">\n<p><strong>\u0643\u0646\u062f\u0627<\/strong><br\/><em>26 \u0634\u0627\u0631\u0639 \u0648\u064a\u0644\u064a\u0646\u062c\u062a\u0648\u0646 \u0625\u064a \u062c\u0646\u0627\u062d 900<\/em><br\/><em>\u062a\u0648\u0631\u0646\u062a\u0648\u060c \u0623\u0648\u0646\u062a\u0627\u0631\u064a\u0648 M5E 1S2<\/em><br\/><em>\u0643\u0646\u062f\u0627<\/em><br\/><a href=\"&#x627;&#x644;&#x647;&#x627;&#x62A;&#x641;:\/\/+16477244714\" target=\"_blank\" rel=\"noreferrer noopener\">+1 647 724 4714<\/a><\/p>\n<\/div><\/div>\n<\/li>\n\n\n\n<li><span>\u0646\u064a\u0648\u064a\u0648\u0631\u0643\u060c \u0627\u0644\u0648\u0644\u0627\u064a\u0627\u062a \u0627\u0644\u0645\u062a\u062d\u062f\u0629 \u0627\u0644\u0623\u0645\u0631\u064a\u0643\u064a\u0629<\/span>\n<div class=\"wp-block-group ct-tooltip\"><div class=\"wp-block-group__inner-container is-layout-constrained wp-block-group-is-layout-constrained\">\n<p><strong>\u0627\u0644\u0648\u0644\u0627\u064a\u0627\u062a \u0627\u0644\u0645\u062a\u062d\u062f\u0629<\/strong> \u0627\u0644\u0623\u0645\u0631\u064a\u0643\u064a\u0629<br\/>CloudTalk.io Inc.,<br\/>150 West<br\/>25 Street 25, RM 403<br\/> 10001\u060c \u0645\u062f\u064a\u0646\u0629 \u0646\u064a\u0648\u064a\u0648\u0631\u0643\u060c<br\/>\u0646\u064a\u0648\u064a\u0648\u0631\u0643\u060c \u0627\u0644\u0648\u0644\u0627\u064a\u0627\u062a \u0627\u0644\u0645\u062a\u062d\u062f\u0629 \u0627\u0644\u0623\u0645\u0631\u064a\u0643\u064a\u0629<br\/><a href=\"&#x627;&#x644;&#x647;&#x627;&#x62A;&#x641;:\/\/+18884871675\" target=\"_blank\" rel=\"noreferrer noopener\">+1 888-487-1675<\/a><\/p>\n<\/div><\/div>\n<\/li>\n\n\n\n<li><span>\u0644\u0646\u062f\u0646\u060c \u0627\u0644\u0645\u0645\u0644\u0643\u0629 \u0627\u0644\u0645\u062a\u062d\u062f\u0629<\/span>\n<div class=\"wp-block-group ct-tooltip\"><div class=\"wp-block-group__inner-container is-layout-constrained wp-block-group-is-layout-constrained\">\n<p><strong>\u0627\u0644\u0645\u0645\u0644\u0643\u0629 \u0627\u0644\u0645\u062a\u062d\u062f\u0629<\/strong><br\/>5 Merchant Sq, <br\/>London W2 1AY, <br\/>United Kingdom<br\/> +44<a href=\"&#x627;&#x644;&#x647;&#x627;&#x62A;&#x641;:\/\/+442038680167\" target=\"_blank\" rel=\"noreferrer noopener\"> 20 20 3868 0167<\/a><\/p>\n<\/div><\/div>\n<\/li>\n\n\n\n<li><span>\u0645\u0643\u0633\u064a\u0643\u0648 \u0633\u064a\u062a\u064a\u060c \u0627\u0644\u0645\u0643\u0633\u064a\u0643<\/span>\n<div class=\"wp-block-group ct-tooltip\"><div class=\"wp-block-group__inner-container is-layout-constrained wp-block-group-is-layout-constrained\">\n<p><strong>Mexico<\/strong><br\/>Anillo Perif. 3720, <br\/>Jardines del Pedregal, \u00c1lvaro Obreg\u00f3n,<br\/>01900 Ciudad de M\u00e9xico, CDMX,<br\/>Mexico <br\/><a href=\"&#x627;&#x644;&#x647;&#x627;&#x62A;&#x641;:\/\/+525541703698\" target=\"_blank\" rel=\"noreferrer noopener\">+52 55 4170 3698<\/a><\/p>\n<\/div><\/div>\n<\/li>\n\n\n\n<li><span>\u0645\u064a\u0648\u0646\u064a\u062e\u060c \u0623\u0644\u0645\u0627\u0646\u064a\u0627<\/span>\n<div class=\"wp-block-group ct-tooltip\"><div class=\"wp-block-group__inner-container is-layout-constrained wp-block-group-is-layout-constrained\">\n<p><strong>\u0623\u0644\u0645\u0627\u0646\u064a\u0627<\/strong><br\/>Neuturmstra\u00dfe 5, <br\/><a href=\"&#x627;&#x644;&#x647;&#x627;&#x62A;&#x641;:\/\/+4932221099159\" target=\"_blank\" rel=\"noreferrer noopener\"> 80331 M\u00fcnchen, <br\/><\/a> \u0623\u0644\u0645\u0627\u0646\u064a\u0627<br\/> +49 32 + 221099159<\/p>\n<\/div><\/div>\n<\/li>\n<\/ul>\n<\/div>\n\n\n\n<div class=\"wp-block-column is-layout-flow wp-block-column-is-layout-flow\">\n<ul class=\"wp-block-list offices-list-second\">\n<li><span>\u0628\u0631\u0634\u0644\u0648\u0646\u0629\u060c \u0625\u0633\u0628\u0627\u0646\u064a\u0627<\/span>\n<div class=\"wp-block-group ct-tooltip\"><div class=\"wp-block-group__inner-container is-layout-constrained wp-block-group-is-layout-constrained\">\n<p><strong>\u0625\u0633\u0628\u0627\u0646\u064a\u0627<\/strong><br\/>\u0625\u0633\u0628\u0627\u0646\u064a\u0627 Pg. de Gr\u00e0cia, 17, L&#8217;Eixample, <br\/>08007 \u0628\u0631\u0634\u0644\u0648\u0646\u0629\u060c <br\/>\u0625\u0633\u0628\u0627\u0646\u064a\u0627 <br\/><a href=\"&#x627;&#x644;&#x647;&#x627;&#x62A;&#x641;:\/\/+34911987928\" target=\"_blank\" rel=\"noreferrer noopener\">+34 911 98 79 28<\/a><\/p>\n<\/div><\/div>\n<\/li>\n\n\n\n<li><span>\u0644\u0634\u0628\u0648\u0646\u0629\u060c \u0627\u0644\u0628\u0631\u062a\u063a\u0627\u0644<\/span>\n<div class=\"wp-block-group ct-tooltip\"><div class=\"wp-block-group__inner-container is-layout-constrained wp-block-group-is-layout-constrained\">\n<p><strong>\u0627\u0644\u0628\u0631\u062a\u063a\u0627\u0644<\/strong><br\/>R. Alexanderre Herculano 50,<br\/>1250-011 Lisboa, <br\/>Portugal<br\/> +55<a href=\"&#x627;&#x644;&#x647;&#x627;&#x62A;&#x641;:\/\/+551146802723\" target=\"_blank\" rel=\"noreferrer noopener\"> 11 4680-2723<\/a><\/p>\n<\/div><\/div>\n<\/li>\n\n\n\n<li><span>\u0628\u0631\u0627\u063a\u060c \u0627\u0644\u062a\u0634\u064a\u0643<\/span>\n<div class=\"wp-block-group ct-tooltip\"><div class=\"wp-block-group__inner-container is-layout-constrained wp-block-group-is-layout-constrained\">\n<p><strong>\u0645\u0643\u062a\u0628 \u0628\u0631\u0627\u063a<\/strong><br\/>V\u00e1clavsk\u00e9 n\u00e1m. 47<br\/>110 00 110 00 \u0628\u0631\u0627\u063a<br\/>\u062c\u0645\u0647\u0648\u0631\u064a\u0629 \u0627\u0644\u062a\u0634\u064a\u0643 <br\/><a href=\"&#x627;&#x644;&#x647;&#x627;&#x62A;&#x641;:\/\/+442038680167\" target=\"_blank\" rel=\"noreferrer noopener\">+44 20 3868 0167<\/a><\/p>\n<\/div><\/div>\n<\/li>\n\n\n\n<li><span>\u0628\u0631\u0627\u062a\u064a\u0633\u0644\u0627\u0641\u0627\u060c \u0633\u0644\u0648\u0641\u0627\u0643\u064a\u0627<\/span>\n<div class=\"wp-block-group ct-tooltip\"><div class=\"wp-block-group__inner-container is-layout-constrained wp-block-group-is-layout-constrained\">\n<p><strong>\u0645\u0643\u062a\u0628 \u0628\u0631\u0627\u062a\u064a\u0633\u0644\u0627\u0641\u0627<\/strong><br\/>Bottova 7939\/2A<br\/>811 09 \u0628\u0631\u0627\u062a\u064a\u0633\u0644\u0627\u0641\u0627\u060c<br\/>\u0633\u0644\u0648\u0641\u0627\u0643\u064a\u0627<br\/> +44<a href=\"&#x627;&#x644;&#x647;&#x627;&#x62A;&#x641;:\/\/+442038680167\" target=\"_blank\" rel=\"noreferrer noopener\"> 20 3868 0167<\/a><\/p>\n<\/div><\/div>\n<\/li>\n<\/ul>\n<\/div>\n<\/div>\n<\/div>\n<\/div>\n<\/div><\/div>\n<\/div><\/div>\n\n<div class=\"wp-block-group our-addresses-group\"><div class=\"wp-block-group__inner-container is-layout-constrained wp-block-group-is-layout-constrained\">\n<div class=\"wp-block-group container-fluid\"><div class=\"wp-block-group__inner-container is-layout-constrained wp-block-group-is-layout-constrained\">\n<h2 class=\"wp-block-heading has-text-align-center\">\u0639\u0646\u0627\u0648\u064a\u0646\u0646\u0627<\/h2>\n\n\n\n<div class=\"wp-block-group ct-portfolio\"><div class=\"wp-block-group__inner-container is-layout-constrained wp-block-group-is-layout-constrained\">\n<div class=\"wp-block-group ct-portfolio-gallery\"><div class=\"wp-block-group__inner-container is-layout-constrained wp-block-group-is-layout-constrained\">\n<div class=\"wp-block-group ct-portfolio-item helpdesk\"><div class=\"wp-block-group__inner-container is-layout-constrained wp-block-group-is-layout-constrained\">\n<h6 class=\"wp-block-heading\">\u0627\u0644\u0645\u0642\u0631 \u0627\u0644\u0631\u0626\u064a\u0633\u064a \u0644\u0643\u0646\u062f\u0627<\/h6>\n\n\n\n<p>26 Wellington<br\/>St E Suite 900, <br\/>Toronto, ON M5E 1S2, <br\/>\u0643\u0646\u062f\u0627<\/p>\n<\/div><\/div>\n\n\n\n<div class=\"wp-block-group ct-portfolio-item ecommerce\"><div class=\"wp-block-group__inner-container is-layout-constrained wp-block-group-is-layout-constrained\">\n<h6 class=\"wp-block-heading\">\u0635\u0646\u062f\u0648\u0642 \u0628\u0631\u064a\u062f \u0623\u0645\u0631\u064a\u0643\u0627 \u0627\u0644\u0634\u0645\u0627\u0644\u064a\u0629<\/h6>\n\n\n\n<p>CloudTalk.io Inc.,<br\/>150 150 West<br\/>25th Street, RM 403<br\/>10001, New York City,<br\/>New York, United States<\/p>\n<\/div><\/div>\n\n\n\n<div class=\"wp-block-group ct-portfolio-item crm\"><div class=\"wp-block-group__inner-container is-layout-constrained wp-block-group-is-layout-constrained\">\n<h6 class=\"wp-block-heading\">\u0633\u0644\u0648\u0641\u0627\u0643\u064a\u0627\u060c \u0627\u0644\u0627\u062a\u062d\u0627\u062f \u0627\u0644\u0623\u0648\u0631\u0648\u0628\u064a (\u0627\u0644\u0641\u0648\u0627\u062a\u064a\u0631)<\/h6>\n\n\n\n<p>\u062a\u0627\u0644\u064a\u0631\u0648\u0641\u0627 4,<br\/>811 02<br\/>\u0628\u0631\u0627\u062a\u064a\u0633\u0644\u0627\u0641\u0627\u060c<br\/>\u0633\u0644\u0648\u0641\u0627\u0643\u064a\u0627<\/p>\n<\/div><\/div>\n\n\n\n<div class=\"wp-block-group ct-portfolio-item crm\"><div class=\"wp-block-group__inner-container is-layout-constrained wp-block-group-is-layout-constrained\">\n<h6 class=\"wp-block-heading\">\u0627\u0644\u062a\u0634\u064a\u0643\u060c \u0627\u0644\u0627\u062a\u062d\u0627\u062f \u0627\u0644\u0623\u0648\u0631\u0648\u0628\u064a<\/h6>\n\n\n\n<p>N\u00e1m\u011bst\u00ed Republiky 7,<br\/>110 00 Prague,<br\/>Czech Republic<\/p>\n<\/div><\/div>\n\n\n\n\n\n\n\n\n<\/div><\/div>\n<\/div><\/div>\n<\/div><\/div>\n<\/div><\/div>\n\n<div class=\"wp-block-group help-group\"><div class=\"wp-block-group__inner-container is-layout-constrained wp-block-group-is-layout-constrained\">\n<div class=\"wp-block-group container-fluid\"><div class=\"wp-block-group__inner-container is-layout-constrained wp-block-group-is-layout-constrained\">\n<div class=\"wp-block-columns is-layout-flex wp-container-core-columns-is-layout-9d6595d7 wp-block-columns-is-layout-flex\">\n<div class=\"wp-block-column is-vertically-aligned-center is-layout-flow wp-block-column-is-layout-flow\">\n<h2 class=\"wp-block-heading\">\u0646\u062d\u0646 \u0647\u0646\u0627 \u0644\u0645\u0633\u0627\u0639\u062f\u062a\u0643<\/h2>\n\n\n\n<p>\u0633\u0648\u0627\u0621 \u0643\u0646\u062a \u0623\u062d\u062f \u0639\u0645\u0644\u0627\u0621 CloudTalk \u0628\u0627\u0644\u0641\u0639\u0644 \u0623\u0648 \u0639\u0644\u0649 \u0648\u0634\u0643 \u0623\u0646 \u062a\u0635\u0628\u062d \u0623\u062d\u062f \u0639\u0645\u0644\u0627\u0621 CloudTalk\u060c \u0641\u0646\u062d\u0646 \u0647\u0646\u0627 \u0645\u0646 \u0623\u062c\u0644\u0643. \u0627\u062e\u062a\u0631 \u0627\u0644\u0642\u0633\u0645 \u0627\u0644\u0645\u0646\u0627\u0633\u0628 \u0648\u0623\u062e\u0628\u0631\u0646\u0627 \u0628\u0645\u0627 \u064a\u062f\u0648\u0631 \u0641\u064a \u0630\u0647\u0646\u0643.<\/p>\n<\/div>\n\n\n\n<div class=\"wp-block-column is-layout-flow wp-block-column-is-layout-flow\">\n<div class=\"wp-block-group email-group\"><div class=\"wp-block-group__inner-container is-layout-constrained wp-block-group-is-layout-constrained\">\n<div class=\"wp-block-ct-evo-hyperlink-group\"><a class=\"wp-block-hyperlink\" href=\"mailto:sales@cloudtalk.io\">\n<h6 class=\"wp-block-heading\">\u0627\u0644\u0645\u0628\u064a\u0639\u0627\u062a<\/h6>\n\n\n\n<p>\u0647\u0644 \u062a\u0628\u062d\u062b \u0639\u0646 \u062d\u0644\u061f \u062f\u0639\u0646\u0627 \u0646\u062d\u062f\u062f \u0645\u0648\u0639\u062f\u064b\u0627 \u0644\u0645\u062d\u0627\u062f\u062b\u0629 \u0645\u062f\u062a\u0647\u0627 15 \u062f\u0642\u064a\u0642\u0629 \u0644\u0645\u0646\u0627\u0642\u0634\u0629 \u0645\u0627 \u064a\u0645\u0643\u0646 \u0623\u0646 \u064a\u0642\u062f\u0645\u0647 \u0644\u0643 CloudTalk.<\/p>\n<\/a><\/div>\n\n\n\n<div class=\"wp-block-buttons is-layout-flex wp-block-buttons-is-layout-flex\">\n<div class=\"wp-block-button btn-small btn-ghost\"><a class=\"wp-block-button__link wp-element-button\" href=\"mailto:sales@cloudtalk.io\">\u0627\u0644\u0627\u062a\u0635\u0627\u0644 \u0628\u0627\u0644\u0645\u0628\u064a\u0639\u0627\u062a \u2192<\/a><\/div>\n<\/div>\n<\/div><\/div>\n\n\n\n<div class=\"wp-block-group email-group\"><div class=\"wp-block-group__inner-container is-layout-constrained wp-block-group-is-layout-constrained\">\n<div class=\"wp-block-ct-evo-hyperlink-group\"><a class=\"wp-block-hyperlink\" href=\"mailto:support@cloudtalk.io\">\n<h6 class=\"wp-block-heading\">\u062f\u0639\u0645 \u0627\u0644\u0639\u0645\u0644\u0627\u0621<\/h6>\n\n\n\n<p>\u0647\u0644 \u062a\u0645\u0631 \u0628\u0648\u0642\u062a \u0639\u0635\u064a\u0628\u061f \u062a\u0648\u0627\u0635\u0644 \u0645\u0639 \u0641\u0631\u064a\u0642 \u062f\u0639\u0645 \u0627\u0644\u0639\u0645\u0644\u0627\u0621 \u0644\u062f\u064a\u0646\u0627 \u0648\u0633\u064a\u0647\u062a\u0645\u0648\u0646 \u0628\u0645\u0634\u0643\u0644\u062a\u0643 \u0645\u0646 \u0623\u062c\u0644\u0643.<\/p>\n<\/a><\/div>\n\n\n\n<div class=\"wp-block-buttons is-layout-flex wp-block-buttons-is-layout-flex\">\n<div class=\"wp-block-button btn-small btn-ghost\"><a class=\"wp-block-button__link wp-element-button\" href=\"mailto:support@cloudtalk.io\">\u0627\u062a\u0635\u0644 \u0628\u062f\u0639\u0645 \u0627\u0644\u0639\u0645\u0644\u0627\u0621 \u2192<\/a><\/div>\n<\/div>\n<\/div><\/div>\n<\/div>\n<\/div>\n<\/div><\/div>\n<\/div><\/div>\n\n<div class=\"wp-block-cover contact-cta\"><img decoding=\"async\" class=\"wp-block-cover__image-background wp-image-170641\" alt=\"\" src=\"https:\/\/test-staging.cloudtalk.io\/wp-content\/uploads\/2023\/08\/cs-cta-background.svg\" data-object-fit=\"cover\"\/><span aria-hidden=\"true\" class=\"wp-block-cover__background has-background-dim-0 has-background-dim\"><\/span><div class=\"wp-block-cover__inner-container is-layout-flow wp-block-cover-is-layout-flow\">\n<h2 class=\"wp-block-heading has-text-align-center has-white-color has-text-color\">CloudTalk \u0647\u0648 \u062d\u0644 \u0642\u0627\u0626\u0645 \u0639\u0644\u0649 \u0627\u0644\u0628\u064a\u0627\u0646\u0627\u062a \u0644\u062a\u0648\u0641\u064a\u0631 \u062a\u062c\u0631\u0628\u0629 \u0627\u0633\u062a\u062b\u0646\u0627\u0626\u064a\u0629 \u0644\u0644\u0639\u0645\u0644\u0627\u0621 \u0648\u064a\u0639\u062a\u0628\u0631 \u0627\u0644\u0630\u0643\u0627\u0621 \u062c\u0632\u0621\u064b\u0627 \u0623\u0633\u0627\u0633\u064a\u064b\u0627 \u0645\u0646\u0647.<\/h2>\n\n\n\n<p class=\"has-text-align-center has-white-color has-text-color\">\u0642\u0645 \u0628\u062c\u062f\u0648\u0644\u0629 \u0627\u0644\u0639\u0631\u0636 \u0627\u0644\u062a\u0648\u0636\u064a\u062d\u064a \u0627\u0644\u064a\u0648\u0645 \u0648\u0627\u0643\u062a\u0634\u0641 \u0630\u0644\u0643 \u0628\u0646\u0641\u0633\u0643.<\/p>\n\n\n\n<div class=\"wp-block-buttons is-content-justification-center is-layout-flex wp-container-core-buttons-is-layout-16018d1d wp-block-buttons-is-layout-flex\">\n<div class=\"wp-block-button btn-regular\"><a class=\"wp-block-button__link wp-element-button\" href=\"https:\/\/test-staging.cloudtalk.io\/ar\/%D8%AC%D8%AF%D9%88%D9%84%D8%A9-%D8%B9%D8%B1%D8%B6-%D8%AA%D9%88%D8%B6%D9%8A%D8%AD%D9%8A\/\">\u062c\u062f\u0648\u0644\u0629 \u0639\u0631\u0636 \u062a\u0648\u0636\u064a\u062d\u064a<\/a><\/div>\n<\/div>\n<\/div><\/div>\n","protected":false},"excerpt":{"rendered":"<p>\u0627\u062a\u0635\u0644 \u0628\u0646\u0627 \u062c\u0645\u064a\u0639 \u062c\u0647\u0627\u062a \u0627\u0644\u0627\u062a\u0635\u0627\u0644\u0641\u064a \u0645\u0643\u0627\u0646 \u0648\u0627\u062d\u062f \u062a\u0648\u0627\u0635\u0644 \u0645\u0639\u0646\u0627 \u0648\u0627\u0633\u0623\u0644\u0646\u0627 \u0639\u0646 \u0623\u064a \u0634\u064a\u0621. \u0627\u0644\u0641\u0631\u0642 \u0628\u064a\u0646 \u0645\u0633\u0643 \u0627\u0644\u062f\u0641\u0627\u062a\u0631 \u0648\u0627\u0644\u0645\u062d\u0627\u0633\u0628\u0629\u060c \u0647\u0644 \u064a\u0645\u0643\u0646\u0643 \u062a\u0623\u0633\u064a\u0633 \u0634\u0631\u0643\u0629 \u0645\u0646 \u0645\u062f\u063a\u0634\u0642\u0631\u060c \u0645\u0627 \u0647\u064a \u0623\u062f\u0628\u064a\u0627\u062a \u0627\u0644\u0639\u0645\u0644 \u0627\u0644\u062a\u064a \u064a\u0641\u0636\u0644\u0647\u0627 \u0631\u0626\u064a\u0633\u0646\u0627 \u0627\u0644\u062a\u0646\u0641\u064a\u0630\u064a &#8211; \u0646\u062c\u064a\u0628 \u0639\u0644\u0649 \u0643\u0644 \u0630\u0644\u0643. \u0623\u0631\u0633\u0644 \u0644\u0646\u0627 \u0631\u0633\u0627\u0644\u0629 \u0627\u0644\u0645\u0643\u0627\u062a\u0628 \u0648\u0627\u0644\u0646\u0648\u0627\u0628 \u0639\u0646\u0627\u0648\u064a\u0646\u0646\u0627 \u0627\u0644\u0645\u0642\u0631 \u0627\u0644\u0631\u0626\u064a\u0633\u064a \u0644\u0643\u0646\u062f\u0627 26 WellingtonSt E Suite 900, Toronto, ON M5E 1S2, [&hellip;]<\/p>\n","protected":false},"author":37,"featured_media":0,"parent":0,"menu_order":0,"comment_status":"closed","ping_status":"closed","template":"page-templates\/ct-evo-contact_page.php","meta":{"_acf_changed":false,"inline_featured_image":false,"footnotes":""},"ct-post-type":[],"class_list":["post-140856","page","type-page","status-publish","hentry"],"acf":[],"_links":{"self":[{"href":"https:\/\/test-staging.cloudtalk.io\/ar\/wp-json\/wp\/v2\/pages\/140856","targetHints":{"allow":["GET"]}}],"collection":[{"href":"https:\/\/test-staging.cloudtalk.io\/ar\/wp-json\/wp\/v2\/pages"}],"about":[{"href":"https:\/\/test-staging.cloudtalk.io\/ar\/wp-json\/wp\/v2\/types\/page"}],"author":[{"embeddable":true,"href":"https:\/\/test-staging.cloudtalk.io\/ar\/wp-json\/wp\/v2\/users\/37"}],"replies":[{"embeddable":true,"href":"https:\/\/test-staging.cloudtalk.io\/ar\/wp-json\/wp\/v2\/comments?post=140856"}],"version-history":[{"count":0,"href":"https:\/\/test-staging.cloudtalk.io\/ar\/wp-json\/wp\/v2\/pages\/140856\/revisions"}],"wp:attachment":[{"href":"https:\/\/test-staging.cloudtalk.io\/ar\/wp-json\/wp\/v2\/media?parent=140856"}],"wp:term":[{"taxonomy":"ct-post-type","embeddable":true,"href":"https:\/\/test-staging.cloudtalk.io\/ar\/wp-json\/wp\/v2\/ct-post-type?post=140856"}],"curies":[{"name":"wp","href":"https:\/\/api.w.org\/{rel}","templated":true}]}}